{"id":3291,"date":"2013-05-11T17:36:21","date_gmt":"2013-05-11T15:36:21","guid":{"rendered":"http:\/\/www.auditsi.eu\/?page_id=3291"},"modified":"2022-03-05T10:48:17","modified_gmt":"2022-03-05T09:48:17","slug":"la-smart-swatch-une-invention-des-annees-80","status":"publish","type":"page","link":"https:\/\/www.auditsi.eu\/?page_id=3291","title":{"rendered":"La Smart Watch, une invention des ann\u00e9es 80"},"content":{"rendered":"<p style=\"text-align: justify;\">A l&#8217;heure o\u00f9 les grands constructeurs informatiques rivalisent d&#8217;ing\u00e9niosit\u00e9 pour nous sortir la meilleure montre connect\u00e9e ou, en langage geek, <em>smart watch <\/em>(iWatch pour <a title=\"Apple a croqu\u00e9 la pomme !\" href=\"http:\/\/www.auditsi.eu\/?page_id=3629\">Apple<\/a>, SmartWatch pour Sony, Galaxy Gear pour Samsung&#8230;), rappelons-nous que la montre intelligente, v\u00e9ritable couteau suisse, est n\u00e9e dans les ann\u00e9es 80.<\/p>\n<div id=\"attachment_3293\" style=\"width: 495px\" class=\"wp-caption aligncenter\"><a href=\"https:\/\/www.auditsi.eu\/wp-content\/uploads\/2013\/05\/SVM-12-MONTRE-SEIKO.png\"><img loading=\"lazy\" decoding=\"async\" aria-describedby=\"caption-attachment-3293\" class=\"size-full wp-image-3293\" src=\"https:\/\/www.auditsi.eu\/wp-content\/uploads\/2013\/05\/SVM-12-MONTRE-SEIKO.png\" alt=\"La montre intelligente SEIKO DATA 2000 (Science &amp; Vie Micro n\u00b0 12, d\u00e9cembre 1984)\" width=\"485\" height=\"480\" srcset=\"https:\/\/www.auditsi.eu\/wp-content\/uploads\/2013\/05\/SVM-12-MONTRE-SEIKO.png 485w, https:\/\/www.auditsi.eu\/wp-content\/uploads\/2013\/05\/SVM-12-MONTRE-SEIKO-300x296.png 300w\" sizes=\"auto, (max-width: 485px) 100vw, 485px\" \/><\/a><p id=\"caption-attachment-3293\" class=\"wp-caption-text\">La montre intelligente SEIKO DATA 2000 (Science &amp; Vie Micro n\u00b0 12, d\u00e9cembre 1984)<\/p><\/div>\n<p style=\"text-align: justify;\">Calculatrice, agenda, m\u00e9mos&#8230; Les premi\u00e8res montres intelligentes \u00e9taient dot\u00e9es des fonctions de base comblant l&#8217;homme d&#8217;affaires technophile (ou <em>geek<\/em>) des ann\u00e9es 80. Il faut bien avouer qu&#8217;elles tenaient plus du gadget (James Bond n&#8217;a qu&#8217;\u00e0 bien se tenir) : capacit\u00e9 de stockage limit\u00e9e, lenteur&#8230; mais elles ont ouvert la voie !<\/p>\n<div id=\"attachment_3305\" style=\"width: 477px\" class=\"wp-caption aligncenter\"><a href=\"https:\/\/www.auditsi.eu\/wp-content\/uploads\/2013\/05\/Rolex-Submariner-James-Bond1.jpg\"><img loading=\"lazy\" decoding=\"async\" aria-describedby=\"caption-attachment-3305\" class=\"size-full wp-image-3305\" src=\"https:\/\/www.auditsi.eu\/wp-content\/uploads\/2013\/05\/Rolex-Submariner-James-Bond1.jpg\" alt=\"La Rolex Submariner de James Bond dans Vivre et Laisser Mourir : un petit bijou de technologie multi-fonctions... au cin\u00e9ma seulement !\" width=\"467\" height=\"300\" srcset=\"https:\/\/www.auditsi.eu\/wp-content\/uploads\/2013\/05\/Rolex-Submariner-James-Bond1.jpg 467w, https:\/\/www.auditsi.eu\/wp-content\/uploads\/2013\/05\/Rolex-Submariner-James-Bond1-300x192.jpg 300w\" sizes=\"auto, (max-width: 467px) 100vw, 467px\" \/><\/a><p id=\"caption-attachment-3305\" class=\"wp-caption-text\">La Rolex Submariner de James Bond dans Vivre et Laisser Mourir : un petit bijou de technologie multi-fonctions&#8230; au cin\u00e9ma seulement !<\/p><\/div>\n<div id=\"attachment_3301\" style=\"width: 484px\" class=\"wp-caption aligncenter\"><a href=\"https:\/\/www.auditsi.eu\/wp-content\/uploads\/2013\/05\/JS-13-1982-PUB-MONTRE-BULER.jpg\"><img loading=\"lazy\" decoding=\"async\" aria-describedby=\"caption-attachment-3301\" class=\"size-full wp-image-3301\" src=\"https:\/\/www.auditsi.eu\/wp-content\/uploads\/2013\/05\/JS-13-1982-PUB-MONTRE-BULER.jpg\" alt=\"Publicit\u00e9 pour la montre multi-fonctions BULER (1982)\" width=\"474\" height=\"640\" srcset=\"https:\/\/www.auditsi.eu\/wp-content\/uploads\/2013\/05\/JS-13-1982-PUB-MONTRE-BULER.jpg 474w, https:\/\/www.auditsi.eu\/wp-content\/uploads\/2013\/05\/JS-13-1982-PUB-MONTRE-BULER-222x300.jpg 222w\" sizes=\"auto, (max-width: 474px) 100vw, 474px\" \/><\/a><p id=\"caption-attachment-3301\" class=\"wp-caption-text\">Publicit\u00e9 pour la montre multi-fonctions BULER (1982)<\/p><\/div>\n<p>Ces bijoux de technologie n&#8217;ont d\u00e9cid\u00e9ment rien \u00e0 envier de la iWatch d&#8217;Apple&#8230;<\/p>\n<div id=\"attachment_5143\" style=\"width: 493px\" class=\"wp-caption aligncenter\"><a href=\"https:\/\/www.auditsi.eu\/wp-content\/uploads\/2013\/05\/MONTRE-JEUX-MS-30.jpg\"><img loading=\"lazy\" decoding=\"async\" aria-describedby=\"caption-attachment-5143\" class=\" wp-image-5143\" src=\"https:\/\/www.auditsi.eu\/wp-content\/uploads\/2013\/05\/MONTRE-JEUX-MS-30.jpg\" alt=\"Pac-Man dans sa montre... (Micro-Syst\u00e8mes n\u00b0 30, avril 1983)\" width=\"483\" height=\"1244\" srcset=\"https:\/\/www.auditsi.eu\/wp-content\/uploads\/2013\/05\/MONTRE-JEUX-MS-30.jpg 496w, https:\/\/www.auditsi.eu\/wp-content\/uploads\/2013\/05\/MONTRE-JEUX-MS-30-116x300.jpg 116w, https:\/\/www.auditsi.eu\/wp-content\/uploads\/2013\/05\/MONTRE-JEUX-MS-30-397x1024.jpg 397w\" sizes=\"auto, (max-width: 483px) 100vw, 483px\" \/><\/a><p id=\"caption-attachment-5143\" class=\"wp-caption-text\">Pac-Man dans sa montre&#8230; (Micro-Syst\u00e8mes n\u00b0 30, avril 1983)<\/p><\/div>\n<div id=\"attachment_5648\" style=\"width: 195px\" class=\"wp-caption aligncenter\"><a href=\"https:\/\/www.auditsi.eu\/wp-content\/uploads\/2013\/05\/MONTRE-TELEPHONE-SVM-38-P156-1987-04.jpg\"><img loading=\"lazy\" decoding=\"async\" aria-describedby=\"caption-attachment-5648\" class=\"size-full wp-image-5648\" src=\"https:\/\/www.auditsi.eu\/wp-content\/uploads\/2013\/05\/MONTRE-TELEPHONE-SVM-38-P156-1987-04.jpg\" alt=\"Le premier t\u00e9l\u00e9phone-montre, Science &amp; Vie Micro n\u00b0 38 (avril 1987) p. 156\" width=\"185\" height=\"800\"><\/a><p id=\"caption-attachment-5648\" class=\"wp-caption-text\">Le premier t\u00e9l\u00e9phone-montre, Science &amp; Vie Micro n\u00b0 38 (avril 1987) p. 156<\/p><\/div>\n<div id=\"attachment_7815\" style=\"width: 616px\" class=\"wp-caption aligncenter\"><a href=\"https:\/\/www.auditsi.eu\/?attachment_id=7815\" rel=\"attachment wp-att-7815\"><img loading=\"lazy\" decoding=\"async\" aria-describedby=\"caption-attachment-7815\" class=\"size-full wp-image-7815\" src=\"https:\/\/www.auditsi.eu\/wp-content\/uploads\/2018\/12\/BYTE-Couverture-vol-6-n-4-04-1981.png\" alt=\"L'ordinateur du futur ? (Couverture du BYTE volume 6 n\u00b0 4, avril 1981)\" width=\"606\" height=\"814\" srcset=\"https:\/\/www.auditsi.eu\/wp-content\/uploads\/2018\/12\/BYTE-Couverture-vol-6-n-4-04-1981.png 606w, https:\/\/www.auditsi.eu\/wp-content\/uploads\/2018\/12\/BYTE-Couverture-vol-6-n-4-04-1981-223x300.png 223w\" sizes=\"auto, (max-width: 606px) 100vw, 606px\" \/><\/a><p id=\"caption-attachment-7815\" class=\"wp-caption-text\">L&#8217;ordinateur du futur ? (Couverture du BYTE volume 6 n\u00b0 4, avril 1981)<\/p><\/div>\n<p>Quelques articles d\u2019\u00e9poque :<\/p>\n<ul>\n<li>Publicit\u00e9 pour la montre multi-fonctions BULER (1982)<\/li>\n<li>Des montres&#8230; multi-fonctions !, Micro-Syst\u00e8mes n\u00b0 42 (mai 1984) p. 35 : cette montre stocke jusqu&#8217;\u00e0 2 000 caract\u00e8res ! Capacit\u00e9 d\u00e9j\u00e0 extraordinaire pour l&#8217;\u00e9poque. Distribu\u00e9e par Seiko, 11 rue Tronchet, 75008 PARIS.<\/li>\n<li>Seiko Data 2000, un cadeau pour les cancres, Science &amp; Vie Micro n\u00b0 12 (d\u00e9cembre 1984) p. 172 : les hommes d&#8217;affaires, cibles de Seiko pour ce produit, ont d\u00fb \u00eatre rebut\u00e9s par la lenteur de la montre&#8230; Par contre les \u00e9tudiants hi-tech et fortun\u00e9s ont d\u00fb \u00eatre s\u00e9duits par cette montre pour tenir leurs antis\u00e8ches.<\/li>\n<li>Le premier t\u00e9l\u00e9phone-montre, Science &amp; Vie Micro n\u00b0 38 (avril 1987) p. 156<\/li>\n<\/ul>\n<p><em>Les documents reproduits ci-dessus sont issus de ma <a title=\"Ma collection\" href=\"http:\/\/www.auditsi.eu\/?page_id=1983\">collection personnelle<\/a>.<\/em><\/p>\n<p>Les technologies invent\u00e9es dans les ann\u00e9es 80 : <a href=\"https:\/\/www.auditsi.eu\/?p=6593\">la voiture autonome<\/a> \/ <a href=\"https:\/\/www.auditsi.eu\/?page_id=3291\">la smart watch<\/a> \/ <a href=\"https:\/\/www.auditsi.eu\/?page_id=5594\">la tablette<\/a><\/p>\n<p style=\"text-align: justify;\">Approfondir le sujet :<br \/>\n<a title=\"L'informatique des ann\u00e9es 80\" href=\"http:\/\/www.auditsi.eu\/?page_id=2119\">L\u2019informatique des ann\u00e9es 80<\/a> \/ <a title=\"Ma collection\" href=\"http:\/\/www.auditsi.eu\/?page_id=1983\">Ma collection<\/a> \/ <a title=\"Ma documentation\" href=\"http:\/\/www.auditsi.eu\/?page_id=3930\">Ma documentation<\/a> \/ <a title=\"Quelques id\u00e9es de lecture pour en savoir plus\" href=\"http:\/\/www.auditsi.eu\/?page_id=4631\">Quelques id\u00e9es de lecture<\/a><\/p>\n<div id=\"sconnect-is-installed\" style=\"display: none;\">2.13.0.0<\/div>\n<div style=\"padding-bottom:20px; padding-top:10px;\" class=\"hupso-share-buttons\"><!-- Hupso Share Buttons - https:\/\/www.hupso.com\/share\/ --><a class=\"hupso_counters\" href=\"https:\/\/www.hupso.com\/share\/\"><img decoding=\"async\" src=\"https:\/\/static.hupso.com\/share\/buttons\/lang\/fr\/share-small.png\" style=\"border:0px; padding-top:2px; float:left;\" alt=\"Share Button\"\/><\/a><script type=\"text\/javascript\">var hupso_services_c=new Array(\"twitter\",\"facebook_like\",\"facebook_send\",\"email\",\"print\",\"linkedin\");var hupso_counters_lang = \"fr_FR\";var hupso_image_folder_url = \"\";var hupso_twitter_via=\"BenoitRiviere14\";var hupso_url_c=\"\";var hupso_title_c=\"La%20Smart%20Watch%2C%20une%20invention%20des%20ann%C3%A9es%2080\";<\/script><script type=\"text\/javascript\" src=\"https:\/\/static.hupso.com\/share\/js\/counters.js\"><\/script><!-- Hupso Share Buttons --><\/div>","protected":false},"excerpt":{"rendered":"<p>A l&#8217;heure o\u00f9 les grands constructeurs informatiques rivalisent d&#8217;ing\u00e9niosit\u00e9 pour nous sortir la meilleure montre connect\u00e9e ou, en langage geek, smart watch (iWatch pour Apple, SmartWatch pour Sony, Galaxy Gear pour Samsung&#8230;), rappelons-nous que la montre intelligente, v\u00e9ritable couteau suisse, est n\u00e9e dans les ann\u00e9es 80. Calculatrice, agenda, m\u00e9mos&#8230; Les premi\u00e8res montres intelligentes \u00e9taient dot\u00e9es &#8230;<\/p>\n<p><a href=\"https:\/\/www.auditsi.eu\/?page_id=3291\" class=\"more-link\">Continue reading &lsquo;La Smart Watch, une invention des ann\u00e9es 80&rsquo; &raquo;<\/a><\/p>\n<div style=\"padding-bottom:20px; padding-top:10px;\" class=\"hupso-share-buttons\"><!-- Hupso Share Buttons - https:\/\/www.hupso.com\/share\/ --><a class=\"hupso_counters\" href=\"https:\/\/www.hupso.com\/share\/\"><img src=\"https:\/\/static.hupso.com\/share\/buttons\/lang\/fr\/share-small.png\" style=\"border:0px; padding-top:2px; float:left;\" alt=\"Share Button\"\/><\/a><script type=\"text\/javascript\">var hupso_services_c=new Array(\"twitter\",\"facebook_like\",\"facebook_send\",\"email\",\"print\",\"linkedin\");var hupso_counters_lang = \"fr_FR\";var hupso_image_folder_url = \"\";var hupso_twitter_via=\"BenoitRiviere14\";var hupso_url_c=\"\";var hupso_title_c=\"La%20Smart%20Watch%2C%20une%20invention%20des%20ann%C3%A9es%2080\";<\/script><script type=\"text\/javascript\" src=\"https:\/\/static.hupso.com\/share\/js\/counters.js\"><\/script><!-- Hupso Share Buttons --><\/div>","protected":false},"author":1,"featured_media":0,"parent":0,"menu_order":0,"comment_status":"open","ping_status":"open","template":"","meta":{"advanced_seo_description":"","jetpack_seo_html_title":"","jetpack_seo_noindex":false,"ngg_post_thumbnail":0,"footnotes":"","_links_to":"","_links_to_target":""},"class_list":["post-3291","page","type-page","status-publish","hentry"],"jetpack_sharing_enabled":true,"jetpack_likes_enabled":false,"_links":{"self":[{"href":"https:\/\/www.auditsi.eu\/index.php?rest_route=\/wp\/v2\/pages\/3291","targetHints":{"allow":["GET"]}}],"collection":[{"href":"https:\/\/www.auditsi.eu\/index.php?rest_route=\/wp\/v2\/pages"}],"about":[{"href":"https:\/\/www.auditsi.eu\/index.php?rest_route=\/wp\/v2\/types\/page"}],"author":[{"embeddable":true,"href":"https:\/\/www.auditsi.eu\/index.php?rest_route=\/wp\/v2\/users\/1"}],"replies":[{"embeddable":true,"href":"https:\/\/www.auditsi.eu\/index.php?rest_route=%2Fwp%2Fv2%2Fcomments&post=3291"}],"version-history":[{"count":21,"href":"https:\/\/www.auditsi.eu\/index.php?rest_route=\/wp\/v2\/pages\/3291\/revisions"}],"predecessor-version":[{"id":3295,"href":"https:\/\/www.auditsi.eu\/index.php?rest_route=\/wp\/v2\/pages\/3291\/revisions\/3295"}],"wp:attachment":[{"href":"https:\/\/www.auditsi.eu\/index.php?rest_route=%2Fwp%2Fv2%2Fmedia&parent=3291"}],"curies":[{"name":"wp","href":"https:\/\/api.w.org\/{rel}","templated":true}]}}