{"id":3267,"date":"2013-08-09T23:31:29","date_gmt":"2013-08-09T21:31:29","guid":{"rendered":"http:\/\/www.auditsi.eu\/?page_id=3267"},"modified":"2015-08-16T12:25:24","modified_gmt":"2015-08-16T10:25:24","slug":"les-supports-de-stockage","status":"publish","type":"page","link":"https:\/\/www.auditsi.eu\/?page_id=3267","title":{"rendered":"Les supports de stockage et de m\u00e9morisation"},"content":{"rendered":"<p style=\"text-align: justify;\">L&#8217;informatique n\u00e9cessite des supports de m\u00e9morisation et de stockage pour contenir toutes les donn\u00e9es qu&#8217;elle g\u00e9n\u00e8re. De la carte perfor\u00e9e des ann\u00e9es 60 au cloud actuel, les progr\u00e8s r\u00e9alis\u00e9s sont extraordinaires.<\/p>\n<p style=\"text-align: justify;\"><a href=\"https:\/\/www.auditsi.eu\/wp-content\/uploads\/2013\/08\/M\u00e9moire-bulles-Intel.bmp\"><img decoding=\"async\" class=\"aligncenter size-full wp-image-4622\" src=\"https:\/\/www.auditsi.eu\/wp-content\/uploads\/2013\/08\/M\u00e9moire-bulles-Intel.bmp\" alt=\"M\u00e9moire \u00e0 bulles d'Intel\" \/><\/a>Les principaux types de supports :<\/p>\n<table border=\"0\">\n<tbody>\n<tr>\n<td>Bandes magn\u00e9tiques<\/td>\n<td>Cassette<\/td>\n<\/tr>\n<tr>\n<td>Disquettes<\/td>\n<td>8&#8243; (1971, IBM, 80Ko),5.25&#8243; (1976, 110 Ko),<\/p>\n<p>3.5&#8243; (1980, Sony, 400 Ko),<\/p>\n<p>3&#8243;,<\/p>\n<p>QDD<\/td>\n<\/tr>\n<tr>\n<td>Cartouches<\/td>\n<td><\/td>\n<\/tr>\n<tr>\n<td>Disques durs<\/td>\n<td>Winchester 3340 (IBM, 1973)<\/td>\n<\/tr>\n<tr>\n<td>Disques optiques<\/td>\n<td>CD, DVD<\/td>\n<\/tr>\n<\/tbody>\n<\/table>\n<div id=\"attachment_4579\" style=\"width: 500px\" class=\"wp-caption aligncenter\"><a href=\"https:\/\/www.auditsi.eu\/wp-content\/uploads\/2013\/08\/Structure-dune-disquette.png\"><img loading=\"lazy\" decoding=\"async\" aria-describedby=\"caption-attachment-4579\" class=\"size-full wp-image-4579\" src=\"https:\/\/www.auditsi.eu\/wp-content\/uploads\/2013\/08\/Structure-dune-disquette.png\" alt=\"Structure d'une disquette Flexette fabriqu\u00e9e par Rh\u00f4ne-Poulenc\" width=\"490\" height=\"290\" srcset=\"https:\/\/www.auditsi.eu\/wp-content\/uploads\/2013\/08\/Structure-dune-disquette.png 490w, https:\/\/www.auditsi.eu\/wp-content\/uploads\/2013\/08\/Structure-dune-disquette-300x177.png 300w\" sizes=\"auto, (max-width: 490px) 100vw, 490px\" \/><\/a><p id=\"caption-attachment-4579\" class=\"wp-caption-text\">Structure d&#8217;une disquette Flexette fabriqu\u00e9e par Rh\u00f4ne-Poulenc<\/p><\/div>\n<p>Un support de stockage original : <a title=\"Un format de support de stockage original : le disque \u00e0 microsillon\" href=\"http:\/\/www.auditsi.eu\/?page_id=3413\">le disque vinyle \u00e0 micro-sillon<\/a>.<\/p>\n<div id=\"attachment_3339\" style=\"width: 442px\" class=\"wp-caption aligncenter\"><a href=\"https:\/\/www.auditsi.eu\/wp-content\/uploads\/2013\/05\/SVM-1-DISQUETTES-COULEUR.jpg\"><img loading=\"lazy\" decoding=\"async\" aria-describedby=\"caption-attachment-3339\" class=\"size-full wp-image-3339\" src=\"https:\/\/www.auditsi.eu\/wp-content\/uploads\/2013\/05\/SVM-1-DISQUETTES-COULEUR.jpg\" alt=\"La disquette quitte le deuil : enfin la couleur ! (Science &amp; Vie Micro n\u00b0 1, d\u00e9cembre 1983, p. 8)\" width=\"432\" height=\"318\" srcset=\"https:\/\/www.auditsi.eu\/wp-content\/uploads\/2013\/05\/SVM-1-DISQUETTES-COULEUR.jpg 432w, https:\/\/www.auditsi.eu\/wp-content\/uploads\/2013\/05\/SVM-1-DISQUETTES-COULEUR-300x220.jpg 300w\" sizes=\"auto, (max-width: 432px) 100vw, 432px\" \/><\/a><p id=\"caption-attachment-3339\" class=\"wp-caption-text\">La disquette quitte le deuil : enfin la couleur ! (Science &amp; Vie Micro n\u00b0 1, d\u00e9cembre 1983, p. 8)<\/p><\/div>\n<div id=\"attachment_2375\" style=\"width: 346px\" class=\"wp-caption aligncenter\"><a href=\"https:\/\/www.auditsi.eu\/wp-content\/uploads\/2012\/11\/DSCN7675.jpg\"><img loading=\"lazy\" decoding=\"async\" aria-describedby=\"caption-attachment-2375\" class=\"size-full wp-image-2375\" src=\"https:\/\/www.auditsi.eu\/wp-content\/uploads\/2012\/11\/DSCN7675.jpg\" alt=\"La cartouche Basic du THOMSON TO7\/70 (BASIC MICROSOFT v1, 1982)\" width=\"336\" height=\"387\" srcset=\"https:\/\/www.auditsi.eu\/wp-content\/uploads\/2012\/11\/DSCN7675.jpg 336w, https:\/\/www.auditsi.eu\/wp-content\/uploads\/2012\/11\/DSCN7675-260x300.jpg 260w\" sizes=\"auto, (max-width: 336px) 100vw, 336px\" \/><\/a><p id=\"caption-attachment-2375\" class=\"wp-caption-text\">La cartouche Basic du THOMSON TO7\/70 (BASIC MICROSOFT v1, 1982)<\/p><\/div>\n<div id=\"attachment_6189\" style=\"width: 327px\" class=\"wp-caption aligncenter\"><a href=\"https:\/\/www.auditsi.eu\/wp-content\/uploads\/2013\/08\/Sony-disque-optique-r\u00e9inscriptible-SVM-15-03-1985-p11.jpg\"><img loading=\"lazy\" decoding=\"async\" aria-describedby=\"caption-attachment-6189\" class=\" wp-image-6189\" src=\"https:\/\/www.auditsi.eu\/wp-content\/uploads\/2013\/08\/Sony-disque-optique-r\u00e9inscriptible-SVM-15-03-1985-p11.jpg\" alt=\"Sony : le visage du futur, SVM n\u00b0 15 (mars 1985), p. 11 : \u00e0 l'\u00e8re de la disquette magn\u00e9tique, Sony pr\u00e9pare l'avenir avec son disque optique num\u00e9rique r\u00e9inscriptible\" width=\"317\" height=\"1077\" srcset=\"https:\/\/www.auditsi.eu\/wp-content\/uploads\/2013\/08\/Sony-disque-optique-r\u00e9inscriptible-SVM-15-03-1985-p11.jpg 360w, https:\/\/www.auditsi.eu\/wp-content\/uploads\/2013\/08\/Sony-disque-optique-r\u00e9inscriptible-SVM-15-03-1985-p11-88x300.jpg 88w, https:\/\/www.auditsi.eu\/wp-content\/uploads\/2013\/08\/Sony-disque-optique-r\u00e9inscriptible-SVM-15-03-1985-p11-301x1024.jpg 301w\" sizes=\"auto, (max-width: 317px) 100vw, 317px\" \/><\/a><p id=\"caption-attachment-6189\" class=\"wp-caption-text\">Sony : le visage du futur, SVM n\u00b0 15 (mars 1985), p. 11 : \u00e0 l&#8217;\u00e8re de la disquette magn\u00e9tique, Sony pr\u00e9pare l&#8217;avenir avec son disque optique num\u00e9rique r\u00e9inscriptible<\/p><\/div>\n<p>S\u00e9lection d\u2019articles sur le sujet :<\/p>\n<ul>\n<li>Les m\u00e9moires \u00e0 bulles magn\u00e9tiques, Micro-Syst\u00e8mes n\u00b0 6 (juillet-ao\u00fbt 1979), p. 35<\/li>\n<li>Programmateur d&#8217;EPROM, Micro-Syst\u00e8mes n\u00b0 7 (septembre-octobre 1979), p. 37<\/li>\n<li>Les unit\u00e9s m\u00e9moires \u00e0 disque souple, Micro-Syst\u00e8mes n\u00b0 11 (mai-juin 1980), p. 67 : historique, description (t\u00eate c\u00e9ramique, simple ou double, densit\u00e9 simple ou double), \u00e9volution probable&#8230;<\/li>\n<li>R\u00e9alisation d&#8217;une carte de m\u00e9moire dynamique, Micro-Syst\u00e8mes n\u00b0 11 (mai-juin 1980), p. 101<\/li>\n<li>Vid\u00e9odisques et \u00e9crans plats : deux p\u00e9riph\u00e9riques du futur, Micro-Syst\u00e8mes n\u00b0 18 (juillet-ao\u00fbt 1981), p. 96<\/li>\n<li>Les m\u00e9moires \u00e0 bulles Fujitsu, Micro-Syst\u00e8mes n\u00b0 21 (janvier-f\u00e9vrier 1982), p. 145 : \u00e0 l&#8217;heure o\u00f9 la grande majorit\u00e9 des constructeurs de m\u00e9moires \u00e0 bulles abandonnent la fabrication de ces composants, estimant le cr\u00e9neau &#8220;peu porteur&#8221;, la firme Fujitsu reste tr\u00e8s confiante en ce qui concerne leur avenir et propose une gamme compl\u00e8te de produits<\/li>\n<li>Les m\u00e9moires \u00e0 semi-conducteurs : les dispositifs \u00e0 lecture seule, Micro-Syst\u00e8mes n\u00b0 24 (juillet-ao\u00fbt 1982), p. 45<\/li>\n<li>Les m\u00e9moires \u00e0 semi-conducteurs : les dispositifs \u00e0 lecture \/ \u00e9criture, Micro-Syst\u00e8mes n\u00b0 25 (septembre-octobre 1982), p. 81<\/li>\n<li>Les m\u00e9moires magn\u00e9tiques \u00e0 disques rigides, Micro-Syst\u00e8mes n\u00b0 35 (octobre 1983), p. 100 : la g\u00e9n\u00e9ralisation des disques durs en micro-informatique<\/li>\n<li>Guide PC : les m\u00e9moires de masse, Soft &amp; Micro n\u00b0 20 (juin 1986), p. 103 : bandes magn\u00e9tiques, m\u00e9moires optiques, m\u00e9moires \u00e0 bulles&#8230;<\/li>\n<li>QDD, m\u00e9moire d&#8217;avenir ?, Th\u00e9ophile n\u00b0 1 (d\u00e9cembre 1986), p. 32<\/li>\n<\/ul>\n<p><em>Les photos d\u2019illustration sont issues de ma <a title=\"Ma collection\" href=\"http:\/\/www.auditsi.eu\/?page_id=1983\">collection personnelle<\/a>.<\/em><\/p>\n<p>Approfondir le sujet :<br \/>\n<a title=\"L'informatique des ann\u00e9es 80\" href=\"http:\/\/www.auditsi.eu\/?page_id=2119\">L\u2019informatique des ann\u00e9es 80<\/a> \/ <a title=\"Ma collection\" href=\"http:\/\/www.auditsi.eu\/?page_id=1983\">Ma collection<\/a> \/ <a title=\"Ma documentation\" href=\"http:\/\/www.auditsi.eu\/?page_id=3930\">Ma documentation<\/a> \/ <a title=\"Quelques id\u00e9es de lecture pour en savoir plus\" href=\"http:\/\/www.auditsi.eu\/?page_id=4631\">Quelques id\u00e9es de lecture<\/a><\/p>\n<div style=\"padding-bottom:20px; padding-top:10px;\" class=\"hupso-share-buttons\"><!-- Hupso Share Buttons - https:\/\/www.hupso.com\/share\/ --><a class=\"hupso_counters\" href=\"https:\/\/www.hupso.com\/share\/\"><img decoding=\"async\" src=\"https:\/\/static.hupso.com\/share\/buttons\/lang\/fr\/share-small.png\" style=\"border:0px; padding-top:2px; float:left;\" alt=\"Share Button\"\/><\/a><script type=\"text\/javascript\">var hupso_services_c=new Array(\"twitter\",\"facebook_like\",\"facebook_send\",\"email\",\"print\",\"linkedin\");var hupso_counters_lang = \"fr_FR\";var hupso_image_folder_url = \"\";var hupso_twitter_via=\"BenoitRiviere14\";var hupso_url_c=\"\";var hupso_title_c=\"Les%20supports%20de%20stockage%20et%20de%20m%C3%A9morisation\";<\/script><script type=\"text\/javascript\" src=\"https:\/\/static.hupso.com\/share\/js\/counters.js\"><\/script><!-- Hupso Share Buttons --><\/div>","protected":false},"excerpt":{"rendered":"<p>L&#8217;informatique n\u00e9cessite des supports de m\u00e9morisation et de stockage pour contenir toutes les donn\u00e9es qu&#8217;elle g\u00e9n\u00e8re. De la carte perfor\u00e9e des ann\u00e9es 60 au cloud actuel, les progr\u00e8s r\u00e9alis\u00e9s sont extraordinaires. Les principaux types de supports : Bandes magn\u00e9tiques Cassette Disquettes 8&#8243; (1971, IBM, 80Ko),5.25&#8243; (1976, 110 Ko), 3.5&#8243; (1980, Sony, 400 Ko), 3&#8243;, QDD &#8230;<\/p>\n<p><a href=\"https:\/\/www.auditsi.eu\/?page_id=3267\" class=\"more-link\">Continue reading &lsquo;Les supports de stockage et de m\u00e9morisation&rsquo; &raquo;<\/a><\/p>\n<div style=\"padding-bottom:20px; padding-top:10px;\" class=\"hupso-share-buttons\"><!-- Hupso Share Buttons - https:\/\/www.hupso.com\/share\/ --><a class=\"hupso_counters\" href=\"https:\/\/www.hupso.com\/share\/\"><img src=\"https:\/\/static.hupso.com\/share\/buttons\/lang\/fr\/share-small.png\" style=\"border:0px; padding-top:2px; float:left;\" alt=\"Share Button\"\/><\/a><script type=\"text\/javascript\">var hupso_services_c=new Array(\"twitter\",\"facebook_like\",\"facebook_send\",\"email\",\"print\",\"linkedin\");var hupso_counters_lang = \"fr_FR\";var hupso_image_folder_url = \"\";var hupso_twitter_via=\"BenoitRiviere14\";var hupso_url_c=\"\";var hupso_title_c=\"Les%20supports%20de%20stockage%20et%20de%20m%C3%A9morisation\";<\/script><script type=\"text\/javascript\" src=\"https:\/\/static.hupso.com\/share\/js\/counters.js\"><\/script><!-- Hupso Share Buttons --><\/div>","protected":false},"author":1,"featured_media":0,"parent":0,"menu_order":0,"comment_status":"open","ping_status":"open","template":"","meta":{"advanced_seo_description":"","jetpack_seo_html_title":"","jetpack_seo_noindex":false,"ngg_post_thumbnail":0,"footnotes":"","_links_to":"","_links_to_target":""},"class_list":["post-3267","page","type-page","status-publish","hentry"],"jetpack_sharing_enabled":true,"jetpack_likes_enabled":false,"_links":{"self":[{"href":"https:\/\/www.auditsi.eu\/index.php?rest_route=\/wp\/v2\/pages\/3267","targetHints":{"allow":["GET"]}}],"collection":[{"href":"https:\/\/www.auditsi.eu\/index.php?rest_route=\/wp\/v2\/pages"}],"about":[{"href":"https:\/\/www.auditsi.eu\/index.php?rest_route=\/wp\/v2\/types\/page"}],"author":[{"embeddable":true,"href":"https:\/\/www.auditsi.eu\/index.php?rest_route=\/wp\/v2\/users\/1"}],"replies":[{"embeddable":true,"href":"https:\/\/www.auditsi.eu\/index.php?rest_route=%2Fwp%2Fv2%2Fcomments&post=3267"}],"version-history":[{"count":23,"href":"https:\/\/www.auditsi.eu\/index.php?rest_route=\/wp\/v2\/pages\/3267\/revisions"}],"predecessor-version":[{"id":5183,"href":"https:\/\/www.auditsi.eu\/index.php?rest_route=\/wp\/v2\/pages\/3267\/revisions\/5183"}],"wp:attachment":[{"href":"https:\/\/www.auditsi.eu\/index.php?rest_route=%2Fwp%2Fv2%2Fmedia&parent=3267"}],"curies":[{"name":"wp","href":"https:\/\/api.w.org\/{rel}","templated":true}]}}