{"id":3198,"date":"2013-05-02T00:56:50","date_gmt":"2013-05-01T22:56:50","guid":{"rendered":"http:\/\/www.auditsi.eu\/?page_id=3198"},"modified":"2014-07-12T15:59:23","modified_gmt":"2014-07-12T13:59:23","slug":"mes-consoles-de-jeu","status":"publish","type":"page","link":"https:\/\/www.auditsi.eu\/?page_id=3198","title":{"rendered":"Mes consoles de jeux"},"content":{"rendered":"<p style=\"text-align: justify;\">Les consoles de jeux ne tiennent pas une place centrale dans ma collection. Toutefois de par leurs caract\u00e9ristiques techniques, les consoles de jeux ressemblent pour beaucoup \u00e0 un ordinateur : carte m\u00e8re, chipset graphique, processeur sonore&#8230; D&#8217;o\u00f9 cette page. Visuellement, ce qui diff\u00e9rencie g\u00e9n\u00e9ralement une console d&#8217;un ordinateur, c&#8217;est leur sp\u00e9cialisation pour les activit\u00e9s ludiques et l&#8217;absence de clavier (bien que ce ne soit pas toujours le cas).<\/p>\n<p style=\"text-align: justify;\">Les ordinateurs de jeu Videopac et autres jeux \u00e9lectroniques <a title=\"Game &amp; Watch de Nintendo\" href=\"http:\/\/www.auditsi.eu\/?page_id=3496\">Nintendo Game &amp; Watch<\/a> sont des anc\u00eatres respectivement des consoles de salon et des consoles portables.<\/p>\n<div id=\"attachment_3469\" style=\"width: 458px\" class=\"wp-caption aligncenter\"><a href=\"https:\/\/www.auditsi.eu\/wp-content\/uploads\/2013\/05\/DSCN8786.jpg\"><img loading=\"lazy\" decoding=\"async\" aria-describedby=\"caption-attachment-3469\" class=\"size-full wp-image-3469\" src=\"https:\/\/www.auditsi.eu\/wp-content\/uploads\/2013\/05\/DSCN8786.jpg\" alt=\"Console de jeux Intervision 3001 Home Video Centre (1982) avec deux manettes d\u00e9tachables\" width=\"448\" height=\"286\" srcset=\"https:\/\/www.auditsi.eu\/wp-content\/uploads\/2013\/05\/DSCN8786.jpg 448w, https:\/\/www.auditsi.eu\/wp-content\/uploads\/2013\/05\/DSCN8786-300x191.jpg 300w\" sizes=\"auto, (max-width: 448px) 100vw, 448px\" \/><\/a><p id=\"caption-attachment-3469\" class=\"wp-caption-text\">Console de jeux Intervision 3001 Home Video Centre (1982) avec deux manettes d\u00e9tachables<\/p><\/div>\n<div id=\"attachment_2180\" style=\"width: 458px\" class=\"wp-caption aligncenter\"><a href=\"https:\/\/www.auditsi.eu\/wp-content\/uploads\/2012\/10\/DSCN6511-mini.jpg\"><img loading=\"lazy\" decoding=\"async\" aria-describedby=\"caption-attachment-2180\" class=\"size-full wp-image-2180\" src=\"https:\/\/www.auditsi.eu\/wp-content\/uploads\/2012\/10\/DSCN6511-mini.jpg\" alt=\"Console de jeux JOPAC JO7400 de Brandt\" width=\"448\" height=\"280\" srcset=\"https:\/\/www.auditsi.eu\/wp-content\/uploads\/2012\/10\/DSCN6511-mini.jpg 448w, https:\/\/www.auditsi.eu\/wp-content\/uploads\/2012\/10\/DSCN6511-mini-300x187.jpg 300w, https:\/\/www.auditsi.eu\/wp-content\/uploads\/2012\/10\/DSCN6511-mini-320x200.jpg 320w\" sizes=\"auto, (max-width: 448px) 100vw, 448px\" \/><\/a><p id=\"caption-attachment-2180\" class=\"wp-caption-text\">Console de jeux JOPAC JO7400 de Brandt (1983)<\/p><\/div>\n<div id=\"attachment_3229\" style=\"width: 431px\" class=\"wp-caption aligncenter\"><a href=\"https:\/\/www.auditsi.eu\/wp-content\/uploads\/2013\/05\/JS-26-JOPAC-BRANDT-7400.jpg\"><img loading=\"lazy\" decoding=\"async\" aria-describedby=\"caption-attachment-3229\" class=\"size-full wp-image-3229\" src=\"https:\/\/www.auditsi.eu\/wp-content\/uploads\/2013\/05\/JS-26-JOPAC-BRANDT-7400.jpg\" alt=\"L'ordinateur de jeu Brandt JOPAC 7400 \u00e0 1595 francs (Jeux &amp; Strat\u00e9gie n\u00b0 26, avril-mai 1984, page 42)\" width=\"421\" height=\"503\" srcset=\"https:\/\/www.auditsi.eu\/wp-content\/uploads\/2013\/05\/JS-26-JOPAC-BRANDT-7400.jpg 421w, https:\/\/www.auditsi.eu\/wp-content\/uploads\/2013\/05\/JS-26-JOPAC-BRANDT-7400-251x300.jpg 251w\" sizes=\"auto, (max-width: 421px) 100vw, 421px\" \/><\/a><p id=\"caption-attachment-3229\" class=\"wp-caption-text\">L&#8217;ordinateur de jeu Brandt JOPAC 7400 \u00e0 1595 francs (Jeux &amp; Strat\u00e9gie n\u00b0 26, avril-mai 1984, page 42)<\/p><\/div>\n<div id=\"attachment_3204\" style=\"width: 458px\" class=\"wp-caption aligncenter\"><a href=\"https:\/\/www.auditsi.eu\/wp-content\/uploads\/2013\/05\/DSCN7689.jpg\"><img loading=\"lazy\" decoding=\"async\" aria-describedby=\"caption-attachment-3204\" class=\"size-full wp-image-3204\" src=\"https:\/\/www.auditsi.eu\/wp-content\/uploads\/2013\/05\/DSCN7689.jpg\" alt=\"Console de jeux Videopac Philips C52 (1979)\" width=\"448\" height=\"329\" srcset=\"https:\/\/www.auditsi.eu\/wp-content\/uploads\/2013\/05\/DSCN7689.jpg 448w, https:\/\/www.auditsi.eu\/wp-content\/uploads\/2013\/05\/DSCN7689-300x220.jpg 300w\" sizes=\"auto, (max-width: 448px) 100vw, 448px\" \/><\/a><p id=\"caption-attachment-3204\" class=\"wp-caption-text\">Console de jeux Videopac Philips C52 (1979)<\/p><\/div>\n<div id=\"attachment_5127\" style=\"width: 477px\" class=\"wp-caption aligncenter\"><a href=\"https:\/\/www.auditsi.eu\/wp-content\/uploads\/2013\/05\/DSCN0326.jpg\"><img loading=\"lazy\" decoding=\"async\" aria-describedby=\"caption-attachment-5127\" class=\" wp-image-5127\" src=\"https:\/\/www.auditsi.eu\/wp-content\/uploads\/2013\/05\/DSCN0326.jpg\" alt=\"Console de jeux Video Secam System 4\/303 (1983)\" width=\"467\" height=\"324\" srcset=\"https:\/\/www.auditsi.eu\/wp-content\/uploads\/2013\/05\/DSCN0326.jpg 640w, https:\/\/www.auditsi.eu\/wp-content\/uploads\/2013\/05\/DSCN0326-300x208.jpg 300w\" sizes=\"auto, (max-width: 467px) 100vw, 467px\" \/><\/a><p id=\"caption-attachment-5127\" class=\"wp-caption-text\">Console de jeux Video Secam System 4\/303 (1983)<\/p><\/div>\n<p style=\"text-align: justify;\">Les consoles de type SD050 se pr\u00e9sentent comme des concurrentes des Vid\u00e9opac de Philips. De la m\u00eame mani\u00e8re que les Vid\u00e9opac, elles sont produites par plusieurs constructeurs \u00e0 l&#8217;image de la 4\/303 Video Secam System de Rollet (France).<\/p>\n<div id=\"attachment_5173\" style=\"width: 465px\" class=\"wp-caption aligncenter\"><a href=\"https:\/\/www.auditsi.eu\/wp-content\/uploads\/2013\/05\/CARTOUCHES-JEUX-ROLLET-SUPER-SPORT-HANIMEX-MASSACRE.jpg\"><img loading=\"lazy\" decoding=\"async\" aria-describedby=\"caption-attachment-5173\" class=\"size-full wp-image-5173\" src=\"https:\/\/www.auditsi.eu\/wp-content\/uploads\/2013\/05\/CARTOUCHES-JEUX-ROLLET-SUPER-SPORT-HANIMEX-MASSACRE.jpg\" alt=\"Cartouches de jeux Super Sport 4\/305 (ROLLET) et Jeu de Massacre PC-506 (HANIMEX)\" width=\"455\" height=\"800\" srcset=\"https:\/\/www.auditsi.eu\/wp-content\/uploads\/2013\/05\/CARTOUCHES-JEUX-ROLLET-SUPER-SPORT-HANIMEX-MASSACRE.jpg 455w, https:\/\/www.auditsi.eu\/wp-content\/uploads\/2013\/05\/CARTOUCHES-JEUX-ROLLET-SUPER-SPORT-HANIMEX-MASSACRE-170x300.jpg 170w\" sizes=\"auto, (max-width: 455px) 100vw, 455px\" \/><\/a><p id=\"caption-attachment-5173\" class=\"wp-caption-text\">Cartouches de jeux Super Sport 4\/305 (ROLLET) et Jeu de Massacre PC-506 (HANIMEX)<\/p><\/div>\n<div id=\"attachment_3205\" style=\"width: 490px\" class=\"wp-caption aligncenter\"><a href=\"https:\/\/www.auditsi.eu\/wp-content\/uploads\/2013\/05\/DSCN8650.jpg\"><img loading=\"lazy\" decoding=\"async\" aria-describedby=\"caption-attachment-3205\" class=\"size-full wp-image-3205\" src=\"https:\/\/www.auditsi.eu\/wp-content\/uploads\/2013\/05\/DSCN8650.jpg\" alt=\"Console de jeux &quot;Game &amp; Watch&quot; de Nintendo : Donkey Kong (1982)\" width=\"480\" height=\"577\" srcset=\"https:\/\/www.auditsi.eu\/wp-content\/uploads\/2013\/05\/DSCN8650.jpg 480w, https:\/\/www.auditsi.eu\/wp-content\/uploads\/2013\/05\/DSCN8650-249x300.jpg 249w\" sizes=\"auto, (max-width: 480px) 100vw, 480px\" \/><\/a><p id=\"caption-attachment-3205\" class=\"wp-caption-text\">Console de jeux &#8220;Game &amp; Watch&#8221; de Nintendo : Donkey Kong (1982)<\/p><\/div>\n<div id=\"attachment_5155\" style=\"width: 410px\" class=\"wp-caption aligncenter\"><a href=\"https:\/\/www.auditsi.eu\/wp-content\/uploads\/2013\/05\/MICRO-JX-BANDAI-SOLAIRES-MS-32-06-1983-p17.jpg\"><img loading=\"lazy\" decoding=\"async\" aria-describedby=\"caption-attachment-5155\" class=\"size-full wp-image-5155\" src=\"https:\/\/www.auditsi.eu\/wp-content\/uploads\/2013\/05\/MICRO-JX-BANDAI-SOLAIRES-MS-32-06-1983-p17.jpg\" alt=\"Aventures de poche : jeux miniatures solaires de Banda\u00ef, Micro-Syst\u00e8mes n\u00b0 32 (juin 1983) p. 17\" width=\"400\" height=\"977\" \/><\/a><p id=\"caption-attachment-5155\" class=\"wp-caption-text\">Aventures de poche : jeux miniatures solaires de Banda\u00ef, Micro-Syst\u00e8mes n\u00b0 32 (juin 1983) p. 17<\/p><\/div>\n<div id=\"attachment_3206\" style=\"width: 418px\" class=\"wp-caption aligncenter\"><a href=\"https:\/\/www.auditsi.eu\/wp-content\/uploads\/2013\/05\/DSCN8651.jpg\"><img loading=\"lazy\" decoding=\"async\" aria-describedby=\"caption-attachment-3206\" class=\"size-full wp-image-3206\" src=\"https:\/\/www.auditsi.eu\/wp-content\/uploads\/2013\/05\/DSCN8651.jpg\" alt=\"Console de jeux GAME BOY POCKET de Nintendo (1996)\" width=\"408\" height=\"640\" srcset=\"https:\/\/www.auditsi.eu\/wp-content\/uploads\/2013\/05\/DSCN8651.jpg 408w, https:\/\/www.auditsi.eu\/wp-content\/uploads\/2013\/05\/DSCN8651-191x300.jpg 191w\" sizes=\"auto, (max-width: 408px) 100vw, 408px\" \/><\/a><p id=\"caption-attachment-3206\" class=\"wp-caption-text\">Console de jeux GAME BOY POCKET de Nintendo (1996)<\/p><\/div>\n<div id=\"attachment_2113\" style=\"width: 458px\" class=\"wp-caption aligncenter\"><a href=\"https:\/\/www.auditsi.eu\/wp-content\/uploads\/2012\/09\/DSCN7436.jpg\"><img loading=\"lazy\" decoding=\"async\" aria-describedby=\"caption-attachment-2113\" class=\"size-full wp-image-2113\" src=\"https:\/\/www.auditsi.eu\/wp-content\/uploads\/2012\/09\/DSCN7436.jpg\" alt=\"Diff\u00e9rents formats de cartouches de jeux (de 1979 \u00e0 1993)\" width=\"448\" height=\"222\" srcset=\"https:\/\/www.auditsi.eu\/wp-content\/uploads\/2012\/09\/DSCN7436.jpg 448w, https:\/\/www.auditsi.eu\/wp-content\/uploads\/2012\/09\/DSCN7436-300x148.jpg 300w\" sizes=\"auto, (max-width: 448px) 100vw, 448px\" \/><\/a><p id=\"caption-attachment-2113\" class=\"wp-caption-text\">Diff\u00e9rents formats de cartouches de jeux (de 1979 \u00e0 1993)<\/p><\/div>\n<p style=\"text-align: justify;\">Plus d&#8217;informations sur les consoles de jeux des ann\u00e9es 80, consulter la page : <a title=\"Les consoles de jeux : des micros\u2026 ludiques\" href=\"http:\/\/www.auditsi.eu\/?page_id=2179\">Les consoles de jeux : des micros\u2026 ludiques<\/a>.<\/p>\n<p>Quelques articles d\u2019\u00e9poque :<\/p>\n<ul>\n<li>La guerre des jeux vid\u00e9o, Jeux &amp; Strat\u00e9gie n\u00b0 17 (octobre-novembre 1982) p. 38 : le principe est tentant : votre t\u00e9l\u00e9vision, un &#8220;ordinateur&#8221; qui co\u00fbte moins de deux mille francs et une impressionnante collection de programmes de jeux. Pourtant, quand on y regarde de plus pr\u00e8s le verdict comporte bien des points noirs&#8230; Comparatif : Intellivision de Mattel Electronics, VCS d&#8217;Atari et Videopac C52 de Philips.<\/li>\n<\/ul>\n<p><em>Les photos d\u2019illustration sont issues de ma <a title=\"Ma collection\" href=\"http:\/\/www.auditsi.eu\/?page_id=1983\">collection personnelle<\/a>.<\/em><\/p>\n<p>Approfondir le sujet :<br \/>\n<a title=\"L'informatique des ann\u00e9es 80\" href=\"http:\/\/www.auditsi.eu\/?page_id=2119\">L\u2019informatique des ann\u00e9es 80<\/a> \/ <a title=\"Ma collection\" href=\"http:\/\/www.auditsi.eu\/?page_id=1983\">Ma collection<\/a> \/ <a title=\"Ma documentation\" href=\"http:\/\/www.auditsi.eu\/?page_id=3930\">Ma documentation<\/a><\/p>\n<div style=\"padding-bottom:20px; padding-top:10px;\" class=\"hupso-share-buttons\"><!-- Hupso Share Buttons - https:\/\/www.hupso.com\/share\/ --><a class=\"hupso_counters\" href=\"https:\/\/www.hupso.com\/share\/\"><img decoding=\"async\" src=\"https:\/\/static.hupso.com\/share\/buttons\/lang\/fr\/share-small.png\" style=\"border:0px; padding-top:2px; float:left;\" alt=\"Share Button\"\/><\/a><script type=\"text\/javascript\">var hupso_services_c=new Array(\"twitter\",\"facebook_like\",\"facebook_send\",\"email\",\"print\",\"linkedin\");var hupso_counters_lang = \"fr_FR\";var hupso_image_folder_url = \"\";var hupso_twitter_via=\"BenoitRiviere14\";var hupso_url_c=\"\";var hupso_title_c=\"Mes%20consoles%20de%20jeux\";<\/script><script type=\"text\/javascript\" src=\"https:\/\/static.hupso.com\/share\/js\/counters.js\"><\/script><!-- Hupso Share Buttons --><\/div>","protected":false},"excerpt":{"rendered":"<p>Les consoles de jeux ne tiennent pas une place centrale dans ma collection. Toutefois de par leurs caract\u00e9ristiques techniques, les consoles de jeux ressemblent pour beaucoup \u00e0 un ordinateur : carte m\u00e8re, chipset graphique, processeur sonore&#8230; D&#8217;o\u00f9 cette page. Visuellement, ce qui diff\u00e9rencie g\u00e9n\u00e9ralement une console d&#8217;un ordinateur, c&#8217;est leur sp\u00e9cialisation pour les activit\u00e9s ludiques &#8230;<\/p>\n<p><a href=\"https:\/\/www.auditsi.eu\/?page_id=3198\" class=\"more-link\">Continue reading &lsquo;Mes consoles de jeux&rsquo; &raquo;<\/a><\/p>\n<div style=\"padding-bottom:20px; padding-top:10px;\" class=\"hupso-share-buttons\"><!-- Hupso Share Buttons - https:\/\/www.hupso.com\/share\/ --><a class=\"hupso_counters\" href=\"https:\/\/www.hupso.com\/share\/\"><img src=\"https:\/\/static.hupso.com\/share\/buttons\/lang\/fr\/share-small.png\" style=\"border:0px; padding-top:2px; float:left;\" alt=\"Share Button\"\/><\/a><script type=\"text\/javascript\">var hupso_services_c=new Array(\"twitter\",\"facebook_like\",\"facebook_send\",\"email\",\"print\",\"linkedin\");var hupso_counters_lang = \"fr_FR\";var hupso_image_folder_url = \"\";var hupso_twitter_via=\"BenoitRiviere14\";var hupso_url_c=\"\";var hupso_title_c=\"Mes%20consoles%20de%20jeux\";<\/script><script type=\"text\/javascript\" src=\"https:\/\/static.hupso.com\/share\/js\/counters.js\"><\/script><!-- Hupso Share Buttons --><\/div>","protected":false},"author":1,"featured_media":0,"parent":0,"menu_order":0,"comment_status":"open","ping_status":"open","template":"","meta":{"advanced_seo_description":"","jetpack_seo_html_title":"","jetpack_seo_noindex":false,"ngg_post_thumbnail":0,"footnotes":"","_links_to":"","_links_to_target":""},"class_list":["post-3198","page","type-page","status-publish","hentry"],"jetpack_sharing_enabled":true,"jetpack_likes_enabled":false,"_links":{"self":[{"href":"https:\/\/www.auditsi.eu\/index.php?rest_route=\/wp\/v2\/pages\/3198","targetHints":{"allow":["GET"]}}],"collection":[{"href":"https:\/\/www.auditsi.eu\/index.php?rest_route=\/wp\/v2\/pages"}],"about":[{"href":"https:\/\/www.auditsi.eu\/index.php?rest_route=\/wp\/v2\/types\/page"}],"author":[{"embeddable":true,"href":"https:\/\/www.auditsi.eu\/index.php?rest_route=\/wp\/v2\/users\/1"}],"replies":[{"embeddable":true,"href":"https:\/\/www.auditsi.eu\/index.php?rest_route=%2Fwp%2Fv2%2Fcomments&post=3198"}],"version-history":[{"count":20,"href":"https:\/\/www.auditsi.eu\/index.php?rest_route=\/wp\/v2\/pages\/3198\/revisions"}],"predecessor-version":[{"id":5174,"href":"https:\/\/www.auditsi.eu\/index.php?rest_route=\/wp\/v2\/pages\/3198\/revisions\/5174"}],"wp:attachment":[{"href":"https:\/\/www.auditsi.eu\/index.php?rest_route=%2Fwp%2Fv2%2Fmedia&parent=3198"}],"curies":[{"name":"wp","href":"https:\/\/api.w.org\/{rel}","templated":true}]}}