{"id":3122,"date":"2013-04-21T00:02:40","date_gmt":"2013-04-20T22:02:40","guid":{"rendered":"http:\/\/www.auditsi.eu\/?page_id=3122"},"modified":"2013-04-21T00:10:53","modified_gmt":"2013-04-20T22:10:53","slug":"formater-une-disquette-sous-windows","status":"publish","type":"page","link":"https:\/\/www.auditsi.eu\/?page_id=3122","title":{"rendered":"Formater une disquette sous Windows"},"content":{"rendered":"<p style=\"text-align: justify;\">Formater une disquette 3,5&#8243; sous Windows ne pr\u00e9sente pas de difficult\u00e9 majeure. Un clic droit sur l&#8217;ic\u00f4ne du lecteur de disquette puis Formater. La disquette sera format\u00e9e en 1,44Mo (disquette HD pour Haute Densit\u00e9). Toutefois pour formater une disquette dans un format diff\u00e9rent, il faudra jouer avec l&#8217;interpr\u00e9teur de commandes MS\/DOS. Ceci s&#8217;av\u00e8re n\u00e9cessaire sur certains syst\u00e8mes anciens.<\/p>\n<p style=\"text-align: justify;\">A partir de l&#8217;interpr\u00e9teur de commande (Menu D\u00e9marrer, Ex\u00e9cuter&#8230;, taper &#8216;cmd&#8217; puis Entr\u00e9e), entrer la commande : format a: \/N:9\/T:80 \/V pour formater la disquette en 720 Ko (disquette Simple Densit\u00e9, SD).<\/p>\n<div id=\"attachment_3126\" style=\"width: 420px\" class=\"wp-caption aligncenter\"><a href=\"https:\/\/www.auditsi.eu\/wp-content\/uploads\/2013\/04\/Formatage-disquette-720ko.png\"><img loading=\"lazy\" decoding=\"async\" aria-describedby=\"caption-attachment-3126\" class=\"size-full wp-image-3126\" alt=\"Formatage d\u2019une disquette 3,5\u2033 en 720 Ko (SD)\" src=\"https:\/\/www.auditsi.eu\/wp-content\/uploads\/2013\/04\/Formatage-disquette-720ko.png\" width=\"410\" height=\"323\" srcset=\"https:\/\/www.auditsi.eu\/wp-content\/uploads\/2013\/04\/Formatage-disquette-720ko.png 410w, https:\/\/www.auditsi.eu\/wp-content\/uploads\/2013\/04\/Formatage-disquette-720ko-300x236.png 300w\" sizes=\"auto, (max-width: 410px) 100vw, 410px\" \/><\/a><p id=\"caption-attachment-3126\" class=\"wp-caption-text\">Formatage d\u2019une disquette 3,5\u2033 en 720 Ko (SD)<\/p><\/div>\n<div style=\"padding-bottom:20px; padding-top:10px;\" class=\"hupso-share-buttons\"><!-- Hupso Share Buttons - https:\/\/www.hupso.com\/share\/ --><a class=\"hupso_counters\" href=\"https:\/\/www.hupso.com\/share\/\"><img decoding=\"async\" src=\"https:\/\/static.hupso.com\/share\/buttons\/lang\/fr\/share-small.png\" style=\"border:0px; padding-top:2px; float:left;\" alt=\"Share Button\"\/><\/a><script type=\"text\/javascript\">var hupso_services_c=new Array(\"twitter\",\"facebook_like\",\"facebook_send\",\"email\",\"print\",\"linkedin\");var hupso_counters_lang = \"fr_FR\";var hupso_image_folder_url = \"\";var hupso_twitter_via=\"BenoitRiviere14\";var hupso_url_c=\"\";var hupso_title_c=\"Formater%20une%20disquette%20sous%20Windows\";<\/script><script type=\"text\/javascript\" src=\"https:\/\/static.hupso.com\/share\/js\/counters.js\"><\/script><!-- Hupso Share Buttons --><\/div>","protected":false},"excerpt":{"rendered":"<p>Formater une disquette 3,5&#8243; sous Windows ne pr\u00e9sente pas de difficult\u00e9 majeure. Un clic droit sur l&#8217;ic\u00f4ne du lecteur de disquette puis Formater. La disquette sera format\u00e9e en 1,44Mo (disquette HD pour Haute Densit\u00e9). Toutefois pour formater une disquette dans un format diff\u00e9rent, il faudra jouer avec l&#8217;interpr\u00e9teur de commandes MS\/DOS. Ceci s&#8217;av\u00e8re n\u00e9cessaire sur &#8230;<\/p>\n<p><a href=\"https:\/\/www.auditsi.eu\/?page_id=3122\" class=\"more-link\">Continue reading &lsquo;Formater une disquette sous Windows&rsquo; &raquo;<\/a><\/p>\n<div style=\"padding-bottom:20px; padding-top:10px;\" class=\"hupso-share-buttons\"><!-- Hupso Share Buttons - https:\/\/www.hupso.com\/share\/ --><a class=\"hupso_counters\" href=\"https:\/\/www.hupso.com\/share\/\"><img src=\"https:\/\/static.hupso.com\/share\/buttons\/lang\/fr\/share-small.png\" style=\"border:0px; padding-top:2px; float:left;\" alt=\"Share Button\"\/><\/a><script type=\"text\/javascript\">var hupso_services_c=new Array(\"twitter\",\"facebook_like\",\"facebook_send\",\"email\",\"print\",\"linkedin\");var hupso_counters_lang = \"fr_FR\";var hupso_image_folder_url = \"\";var hupso_twitter_via=\"BenoitRiviere14\";var hupso_url_c=\"\";var hupso_title_c=\"Formater%20une%20disquette%20sous%20Windows\";<\/script><script type=\"text\/javascript\" src=\"https:\/\/static.hupso.com\/share\/js\/counters.js\"><\/script><!-- Hupso Share Buttons --><\/div>","protected":false},"author":1,"featured_media":0,"parent":0,"menu_order":0,"comment_status":"open","ping_status":"open","template":"","meta":{"advanced_seo_description":"","jetpack_seo_html_title":"","jetpack_seo_noindex":false,"ngg_post_thumbnail":0,"footnotes":"","_links_to":"","_links_to_target":""},"class_list":["post-3122","page","type-page","status-publish","hentry"],"jetpack_sharing_enabled":true,"jetpack_likes_enabled":false,"_links":{"self":[{"href":"https:\/\/www.auditsi.eu\/index.php?rest_route=\/wp\/v2\/pages\/3122","targetHints":{"allow":["GET"]}}],"collection":[{"href":"https:\/\/www.auditsi.eu\/index.php?rest_route=\/wp\/v2\/pages"}],"about":[{"href":"https:\/\/www.auditsi.eu\/index.php?rest_route=\/wp\/v2\/types\/page"}],"author":[{"embeddable":true,"href":"https:\/\/www.auditsi.eu\/index.php?rest_route=\/wp\/v2\/users\/1"}],"replies":[{"embeddable":true,"href":"https:\/\/www.auditsi.eu\/index.php?rest_route=%2Fwp%2Fv2%2Fcomments&post=3122"}],"version-history":[{"count":5,"href":"https:\/\/www.auditsi.eu\/index.php?rest_route=\/wp\/v2\/pages\/3122\/revisions"}],"predecessor-version":[{"id":3125,"href":"https:\/\/www.auditsi.eu\/index.php?rest_route=\/wp\/v2\/pages\/3122\/revisions\/3125"}],"wp:attachment":[{"href":"https:\/\/www.auditsi.eu\/index.php?rest_route=%2Fwp%2Fv2%2Fmedia&parent=3122"}],"curies":[{"name":"wp","href":"https:\/\/api.w.org\/{rel}","templated":true}]}}