{"id":3109,"date":"2013-04-20T22:45:11","date_gmt":"2013-04-20T20:45:11","guid":{"rendered":"http:\/\/www.auditsi.eu\/?page_id=3109"},"modified":"2014-06-27T22:25:19","modified_gmt":"2014-06-27T20:25:19","slug":"amstrad-ppc","status":"publish","type":"page","link":"https:\/\/www.auditsi.eu\/?page_id=3109","title":{"rendered":"AMSTRAD PPC"},"content":{"rendered":"<p style=\"text-align: justify;\">Apr\u00e8s avoir dynamit\u00e9 le march\u00e9 de la micro familiale avec ses <a title=\"AMSTRAD CPC\" href=\"http:\/\/www.auditsi.eu\/?page_id=2981\">CPC<\/a> et s&#8217;\u00eatre introduit \u00e0 grand fracas sur le march\u00e9 naissant du PC avec ses PC 1512, <a title=\"AMSTRAD\" href=\"http:\/\/www.auditsi.eu\/?page_id=2543\">AMSTRAD<\/a> sort ses portables PPC (Personal Portable Computer) en 1988. D&#8217;un poids de 6 kg, d\u00e9clin\u00e9es en deux versions, PPC 512 et PPC 640, ces deux machines sont dot\u00e9es respectivement de 512Ko et 640 Ko de m\u00e9moire vive, de deux lecteurs de disquette 3,5&#8243; SD (720ko), d&#8217;un clavier m\u00e9canique de bonne qualit\u00e9, d&#8217;un modem. Le microprocesseur, un NEC V30 compatible avec le 8086 d&#8217;Intel, est cadenc\u00e9 \u00e0 8 Mhz.<\/p>\n<div id=\"attachment_3114\" style=\"width: 431px\" class=\"wp-caption aligncenter\"><a href=\"https:\/\/www.auditsi.eu\/wp-content\/uploads\/2013\/04\/DSCN8431.jpg\"><img loading=\"lazy\" decoding=\"async\" aria-describedby=\"caption-attachment-3114\" class=\"size-full wp-image-3114\" src=\"https:\/\/www.auditsi.eu\/wp-content\/uploads\/2013\/04\/DSCN8431.jpg\" alt=\"Le PPC 640 une fois ouvert\" width=\"421\" height=\"336\" srcset=\"https:\/\/www.auditsi.eu\/wp-content\/uploads\/2013\/04\/DSCN8431.jpg 421w, https:\/\/www.auditsi.eu\/wp-content\/uploads\/2013\/04\/DSCN8431-300x239.jpg 300w\" sizes=\"auto, (max-width: 421px) 100vw, 421px\" \/><\/a><p id=\"caption-attachment-3114\" class=\"wp-caption-text\">Le PPC 640 une fois ouvert<\/p><\/div>\n<p style=\"text-align: justify;\">Il est possible de connecter un moniteur CGA ce qui est fort appr\u00e9ciable vu les pi\u00e8tres qualit\u00e9s de l&#8217;\u00e9cran LCD 8&#8243; int\u00e9gr\u00e9 (monochrome \u00e0 matrice passive, non r\u00e9tro\u00e9clair\u00e9). A sa d\u00e9charge, cet \u00e9cran est \u00e9conome en \u00e9nergie.<\/p>\n<div id=\"attachment_3117\" style=\"width: 378px\" class=\"wp-caption aligncenter\"><a href=\"https:\/\/www.auditsi.eu\/wp-content\/uploads\/2013\/04\/DSCN8422.jpg\"><img loading=\"lazy\" decoding=\"async\" aria-describedby=\"caption-attachment-3117\" class=\"size-full wp-image-3117\" src=\"https:\/\/www.auditsi.eu\/wp-content\/uploads\/2013\/04\/DSCN8422.jpg\" alt=\"L'\u00e9cran LCD 8&quot; du PPC 640\" width=\"368\" height=\"336\" srcset=\"https:\/\/www.auditsi.eu\/wp-content\/uploads\/2013\/04\/DSCN8422.jpg 368w, https:\/\/www.auditsi.eu\/wp-content\/uploads\/2013\/04\/DSCN8422-300x273.jpg 300w\" sizes=\"auto, (max-width: 368px) 100vw, 368px\" \/><\/a><p id=\"caption-attachment-3117\" class=\"wp-caption-text\">L&#8217;\u00e9cran LCD 8&#8243; du PPC 640<\/p><\/div>\n<p style=\"text-align: justify;\">Le clavier assure une frappe \u00e9tonnante pour un ordinateur portable. En effet contrairement \u00e0 la plupart des portables, AMSTRAD a dot\u00e9 ses PPC d&#8217;un v\u00e9ritable clavier 102 touches, semblable \u00e0 celui d&#8217;un PC fixe, avec pav\u00e9 num\u00e9rique !<\/p>\n<div id=\"attachment_3137\" style=\"width: 452px\" class=\"wp-caption aligncenter\"><a href=\"https:\/\/www.auditsi.eu\/wp-content\/uploads\/2013\/04\/DSCN8426.jpg\"><img loading=\"lazy\" decoding=\"async\" aria-describedby=\"caption-attachment-3137\" class=\"size-full wp-image-3137\" src=\"https:\/\/www.auditsi.eu\/wp-content\/uploads\/2013\/04\/DSCN8426.jpg\" alt=\"Le clavier du PPC : un v\u00e9ritable clavier de PC\" width=\"442\" height=\"587\" srcset=\"https:\/\/www.auditsi.eu\/wp-content\/uploads\/2013\/04\/DSCN8426.jpg 442w, https:\/\/www.auditsi.eu\/wp-content\/uploads\/2013\/04\/DSCN8426-225x300.jpg 225w\" sizes=\"auto, (max-width: 442px) 100vw, 442px\" \/><\/a><p id=\"caption-attachment-3137\" class=\"wp-caption-text\">Le clavier du PPC : un v\u00e9ritable clavier de PC<\/p><\/div>\n<p style=\"text-align: justify;\">Comme \u00e0 son habitude, AMSTRAD a frapp\u00e9 un grand coup. Il ne s&#8217;est pas content\u00e9 de concevoir une machine pas ch\u00e8re mais il a \u00e9galement r\u00e9ussi en faire un des PC les plus rapides du moment.<\/p>\n<div id=\"attachment_3159\" style=\"width: 486px\" class=\"wp-caption aligncenter\"><a href=\"https:\/\/www.auditsi.eu\/wp-content\/uploads\/2013\/04\/SVM-45-PERF-PPC.png\"><img loading=\"lazy\" decoding=\"async\" aria-describedby=\"caption-attachment-3159\" class=\"size-full wp-image-3159\" src=\"https:\/\/www.auditsi.eu\/wp-content\/uploads\/2013\/04\/SVM-45-PERF-PPC.png\" alt=\"Avec la note de 92 %, l\u2019Amstrad PPC est le plus rapide des compatibles IBM PC jamais test\u00e9s par SVM (SVM 45, d\u00e9cembre 1987)\" width=\"476\" height=\"981\" srcset=\"https:\/\/www.auditsi.eu\/wp-content\/uploads\/2013\/04\/SVM-45-PERF-PPC.png 476w, https:\/\/www.auditsi.eu\/wp-content\/uploads\/2013\/04\/SVM-45-PERF-PPC-145x300.png 145w\" sizes=\"auto, (max-width: 476px) 100vw, 476px\" \/><\/a><p id=\"caption-attachment-3159\" class=\"wp-caption-text\">Avec la note de 92 %, l\u2019Amstrad PPC est le plus rapide des compatibles IBM PC jamais test\u00e9s par SVM (SVM 45, d\u00e9cembre 1987)<\/p><\/div>\n<p style=\"text-align: justify;\">Le PPC \u00e9tait livr\u00e9 avec un bloc d&#8217;alimentation externe (12v), d&#8217;une alimentation allume-cigare mais totalement d\u00e9pourvu de batterie. Par contre, un emplacement est pr\u00e9vu pour loger des piles (8 piles LR14) pour quelques heures d&#8217;autonomie&#8230;<\/p>\n<div id=\"attachment_3139\" style=\"width: 458px\" class=\"wp-caption aligncenter\"><a href=\"https:\/\/www.auditsi.eu\/wp-content\/uploads\/2013\/04\/DSCN8424.jpg\"><img loading=\"lazy\" decoding=\"async\" aria-describedby=\"caption-attachment-3139\" class=\"size-full wp-image-3139\" src=\"https:\/\/www.auditsi.eu\/wp-content\/uploads\/2013\/04\/DSCN8424.jpg\" alt=\"Vue sur le double lecteurs de disquette et la poign\u00e9e de transport\" width=\"448\" height=\"336\" srcset=\"https:\/\/www.auditsi.eu\/wp-content\/uploads\/2013\/04\/DSCN8424.jpg 448w, https:\/\/www.auditsi.eu\/wp-content\/uploads\/2013\/04\/DSCN8424-300x224.jpg 300w\" sizes=\"auto, (max-width: 448px) 100vw, 448px\" \/><\/a><p id=\"caption-attachment-3139\" class=\"wp-caption-text\">Vue sur le double lecteurs de disquette et la poign\u00e9e de transport<\/p><\/div>\n<p style=\"text-align: justify;\">Pour reconstituer les disquettes syst\u00e8mes d&#8217;origine, il suffit de t\u00e9l\u00e9charger le fichier zipp\u00e9 (PPCDISK), de d\u00e9compresser les fichiers puis de taper l&#8217;instruction suivante dans l&#8217;interpr\u00e9teur de commande de Windows (Menu D\u00e9marrer, Ex\u00e9cuter&#8230;, &#8216;cmd&#8217;) :<\/p>\n<p style=\"text-align: center;\">FDCOPY PPCDISK1.CFI A:<\/p>\n<p style=\"text-align: justify;\">Cette instruction transf\u00e9rera va version 3.3 de MS\/DOS sur la disquette. Il ne reste plus qu&#8217;\u00e0 ins\u00e9rer la disquette dans le lecteur A: du PPC et de booter dessus. Je remercie le site <a title=\"Disquettes syst\u00e8mes du PPC 512\/640\" href=\"http:\/\/amstrad.eu\/modules\/TDMDownloads\/singlefile.php?com_mode=nest&amp;com_order=0&amp;lid=210&amp;cid=34\" target=\"_blank\">www.amstrad.eu<\/a> de mettre en t\u00e9l\u00e9chargement cette ressource.<\/p>\n<p style=\"text-align: justify;\">Pour formater une disquette 3,5&#8243; en 720 Ko (les PPC n&#8217;acceptent pas les disquettes 1,44Mo), suivez les instructions suivantes : <a title=\"Formater une disquette sous Windows\" href=\"http:\/\/www.auditsi.eu\/?page_id=3122\">Formater une disquette sous Windows<\/a>.<\/p>\n<div id=\"attachment_3143\" style=\"width: 330px\" class=\"wp-caption aligncenter\"><a href=\"https:\/\/www.auditsi.eu\/wp-content\/uploads\/2013\/04\/DSCN8147.jpg\"><img loading=\"lazy\" decoding=\"async\" aria-describedby=\"caption-attachment-3143\" class=\"size-full wp-image-3143\" src=\"https:\/\/www.auditsi.eu\/wp-content\/uploads\/2013\/04\/DSCN8147.jpg\" alt=\"Le manuel utilisateur du PPC\" width=\"320\" height=\"448\" srcset=\"https:\/\/www.auditsi.eu\/wp-content\/uploads\/2013\/04\/DSCN8147.jpg 320w, https:\/\/www.auditsi.eu\/wp-content\/uploads\/2013\/04\/DSCN8147-214x300.jpg 214w\" sizes=\"auto, (max-width: 320px) 100vw, 320px\" \/><\/a><p id=\"caption-attachment-3143\" class=\"wp-caption-text\">Le manuel utilisateur du PPC<\/p><\/div>\n<p>Quelques articles de l&#8217;\u00e9poque :<\/p>\n<ul>\n<li>AMSTRAD PPC, un portable \u00e0 un prix explosif, Science &amp; Vie Micro n\u00b0 45 (d\u00e9cembre 1987) p. 128<\/li>\n<li>Le PPC : Portable Personal Computer, Am Mag n\u00b0 32 (mars 1988) p. 120<\/li>\n<\/ul>\n<p style=\"text-align: justify;\"><em>Les photos d\u2019illustration sont issues de ma <a title=\"Ma collection\" href=\"http:\/\/www.auditsi.eu\/?page_id=1983\">collection personnelle<\/a>.<\/em><\/p>\n<p style=\"text-align: justify;\">Approfondir le sujet :<br \/>\n<a title=\"L'informatique des ann\u00e9es 80\" href=\"http:\/\/www.auditsi.eu\/?page_id=2119\">L\u2019informatique des ann\u00e9es 80<\/a> \/ <a title=\"Ma collection\" href=\"http:\/\/www.auditsi.eu\/?page_id=1983\">Ma collection<\/a> \/ <a title=\"Ma documentation\" href=\"http:\/\/www.auditsi.eu\/?page_id=3930\">Ma documentation<\/a> \/ <a title=\"Quelques id\u00e9es de lecture pour en savoir plus\" href=\"http:\/\/www.auditsi.eu\/?page_id=4631\">Quelques id\u00e9es de lecture<\/a><\/p>\n<div style=\"padding-bottom:20px; padding-top:10px;\" class=\"hupso-share-buttons\"><!-- Hupso Share Buttons - https:\/\/www.hupso.com\/share\/ --><a class=\"hupso_counters\" href=\"https:\/\/www.hupso.com\/share\/\"><img decoding=\"async\" src=\"https:\/\/static.hupso.com\/share\/buttons\/lang\/fr\/share-small.png\" style=\"border:0px; padding-top:2px; float:left;\" alt=\"Share Button\"\/><\/a><script type=\"text\/javascript\">var hupso_services_c=new Array(\"twitter\",\"facebook_like\",\"facebook_send\",\"email\",\"print\",\"linkedin\");var hupso_counters_lang = \"fr_FR\";var hupso_image_folder_url = \"\";var hupso_twitter_via=\"BenoitRiviere14\";var hupso_url_c=\"\";var hupso_title_c=\"AMSTRAD%20PPC\";<\/script><script type=\"text\/javascript\" src=\"https:\/\/static.hupso.com\/share\/js\/counters.js\"><\/script><!-- Hupso Share Buttons --><\/div>","protected":false},"excerpt":{"rendered":"<p>Apr\u00e8s avoir dynamit\u00e9 le march\u00e9 de la micro familiale avec ses CPC et s&#8217;\u00eatre introduit \u00e0 grand fracas sur le march\u00e9 naissant du PC avec ses PC 1512, AMSTRAD sort ses portables PPC (Personal Portable Computer) en 1988. D&#8217;un poids de 6 kg, d\u00e9clin\u00e9es en deux versions, PPC 512 et PPC 640, ces deux machines &#8230;<\/p>\n<p><a href=\"https:\/\/www.auditsi.eu\/?page_id=3109\" class=\"more-link\">Continue reading &lsquo;AMSTRAD PPC&rsquo; &raquo;<\/a><\/p>\n<div style=\"padding-bottom:20px; padding-top:10px;\" class=\"hupso-share-buttons\"><!-- Hupso Share Buttons - https:\/\/www.hupso.com\/share\/ --><a class=\"hupso_counters\" href=\"https:\/\/www.hupso.com\/share\/\"><img src=\"https:\/\/static.hupso.com\/share\/buttons\/lang\/fr\/share-small.png\" style=\"border:0px; padding-top:2px; float:left;\" alt=\"Share Button\"\/><\/a><script type=\"text\/javascript\">var hupso_services_c=new Array(\"twitter\",\"facebook_like\",\"facebook_send\",\"email\",\"print\",\"linkedin\");var hupso_counters_lang = \"fr_FR\";var hupso_image_folder_url = \"\";var hupso_twitter_via=\"BenoitRiviere14\";var hupso_url_c=\"\";var hupso_title_c=\"AMSTRAD%20PPC\";<\/script><script type=\"text\/javascript\" src=\"https:\/\/static.hupso.com\/share\/js\/counters.js\"><\/script><!-- Hupso Share Buttons --><\/div>","protected":false},"author":1,"featured_media":0,"parent":0,"menu_order":0,"comment_status":"open","ping_status":"open","template":"","meta":{"advanced_seo_description":"","jetpack_seo_html_title":"","jetpack_seo_noindex":false,"ngg_post_thumbnail":0,"footnotes":"","_links_to":"","_links_to_target":""},"class_list":["post-3109","page","type-page","status-publish","hentry"],"jetpack_sharing_enabled":true,"jetpack_likes_enabled":false,"_links":{"self":[{"href":"https:\/\/www.auditsi.eu\/index.php?rest_route=\/wp\/v2\/pages\/3109","targetHints":{"allow":["GET"]}}],"collection":[{"href":"https:\/\/www.auditsi.eu\/index.php?rest_route=\/wp\/v2\/pages"}],"about":[{"href":"https:\/\/www.auditsi.eu\/index.php?rest_route=\/wp\/v2\/types\/page"}],"author":[{"embeddable":true,"href":"https:\/\/www.auditsi.eu\/index.php?rest_route=\/wp\/v2\/users\/1"}],"replies":[{"embeddable":true,"href":"https:\/\/www.auditsi.eu\/index.php?rest_route=%2Fwp%2Fv2%2Fcomments&post=3109"}],"version-history":[{"count":26,"href":"https:\/\/www.auditsi.eu\/index.php?rest_route=\/wp\/v2\/pages\/3109\/revisions"}],"predecessor-version":[{"id":5000,"href":"https:\/\/www.auditsi.eu\/index.php?rest_route=\/wp\/v2\/pages\/3109\/revisions\/5000"}],"wp:attachment":[{"href":"https:\/\/www.auditsi.eu\/index.php?rest_route=%2Fwp%2Fv2%2Fmedia&parent=3109"}],"curies":[{"name":"wp","href":"https:\/\/api.w.org\/{rel}","templated":true}]}}