{"id":3073,"date":"2013-04-12T13:55:19","date_gmt":"2013-04-12T11:55:19","guid":{"rendered":"http:\/\/www.auditsi.eu\/?page_id=3073"},"modified":"2015-09-20T14:34:24","modified_gmt":"2015-09-20T12:34:24","slug":"historique-des-ordinateurs","status":"publish","type":"page","link":"https:\/\/www.auditsi.eu\/?page_id=3073","title":{"rendered":"Historique des ordinateurs"},"content":{"rendered":"<p style=\"text-align: justify;\">Le tableau qui suit liste les principaux ordinateurs des ann\u00e9es 80 par ordre d&#8217;apparition. Ceux pr\u00e9sents dans <a title=\"Ma collection\" href=\"http:\/\/www.auditsi.eu\/?page_id=1983\">ma collection<\/a> ou ayant fait l&#8217;objet d&#8217;une <a title=\"La micro-informatique des ann\u00e9es 80\" href=\"http:\/\/www.auditsi.eu\/?page_id=2119\">pr\u00e9sentation<\/a> sur ce site sont dot\u00e9s d&#8217;un lien hypertexte.<\/p>\n<table border=\"0\">\n<tbody>\n<tr style=\"background-color: #b5c3ff;\">\n<td><strong>1979<\/strong><\/td>\n<td><\/td>\n<\/tr>\n<tr style=\"background-color: #ffffff;\">\n<td>TI-99\/4 de TEXAS INSTRUMENTS<\/td>\n<td><\/td>\n<\/tr>\n<tr style=\"background-color: #b5c3ff;\">\n<td><strong>1980<\/strong><\/td>\n<td><\/td>\n<\/tr>\n<tr>\n<td>ZX80 de SINCLAIR (environ 70 000 exemplaires)<\/td>\n<td><\/td>\n<\/tr>\n<tr>\n<td>TRS80 MODEL III de TANDY<\/td>\n<td><\/td>\n<\/tr>\n<tr style=\"background-color: #b5c3ff;\">\n<td><strong>1981<\/strong><\/td>\n<td><\/td>\n<\/tr>\n<tr>\n<td><a title=\"TI-99\/4A de TEXAS INSTRUMENTS\" href=\"http:\/\/www.auditsi.eu\/?page_id=3585\">TI-99\/4A<\/a> de TEXAS INSTRUMENTS<\/td>\n<td><\/td>\n<\/tr>\n<tr>\n<td>VIC20 de COMMODORE (&gt; 1 million d&#8217;exemplaires)<\/td>\n<td><\/td>\n<\/tr>\n<tr>\n<td><a title=\"Le ZX81 de Sinclair\" href=\"http:\/\/www.auditsi.eu\/?page_id=2945\">ZX81<\/a> de SINCLAIR<\/td>\n<td><\/td>\n<\/tr>\n<tr>\n<td>PC d&#8217;IBM<\/td>\n<td><\/td>\n<\/tr>\n<tr style=\"background-color: #b5c3ff;\">\n<td><strong>1982<\/strong><\/td>\n<td><\/td>\n<\/tr>\n<tr>\n<td>ZX SPECTRUM de SINCLAIR<\/td>\n<td><\/td>\n<\/tr>\n<tr>\n<td>C64 de COMMODORE (&gt; 15 millions d&#8217;exemplaires)<\/td>\n<td><\/td>\n<\/tr>\n<tr>\n<td><a title=\"TO et MO de THOMSON\" href=\"http:\/\/www.auditsi.eu\/?page_id=2993\">TO7<\/a> de THOMSON<\/td>\n<td><\/td>\n<\/tr>\n<tr>\n<td>ORIC 1 d&#8217;ORIC<\/td>\n<td><\/td>\n<\/tr>\n<tr style=\"background-color: #b5c3ff;\">\n<td><strong>1983<\/strong><\/td>\n<td><\/td>\n<\/tr>\n<tr>\n<td><a href=\"http:\/\/www.auditsi.eu\/?page_id=5159\">APPLE IIe<\/a> d&#8217;APPLE<\/td>\n<td><\/td>\n<\/tr>\n<tr>\n<td>600XL et 800XL d&#8217;ATARI<\/td>\n<td><\/td>\n<\/tr>\n<tr>\n<td>LISA d&#8217;APPLE<\/td>\n<td><\/td>\n<\/tr>\n<tr>\n<td>Premiers MSX<\/td>\n<td><\/td>\n<\/tr>\n<tr>\n<td>ALICE 32 de MATRA<\/td>\n<td><\/td>\n<\/tr>\n<tr style=\"background-color: #b5c3ff;\">\n<td><strong>1984<\/strong><\/td>\n<td><\/td>\n<\/tr>\n<tr>\n<td>PC transportable <a title=\"Le PC (trans)portable 5155 d\u2019IBM\" href=\"http:\/\/www.auditsi.eu\/?page_id=4969\">5155<\/a> d&#8217;IBM<\/td>\n<td><\/td>\n<\/tr>\n<tr>\n<td>MACINTOSH d&#8217;APPLE<\/td>\n<td><\/td>\n<\/tr>\n<tr>\n<td>APPLE IIc d&#8217;APPLE<\/td>\n<td><\/td>\n<\/tr>\n<tr>\n<td><a title=\"TO et MO de THOMSON\" href=\"http:\/\/www.auditsi.eu\/?page_id=2993\">MO5<\/a> de THOMSON<\/td>\n<td><\/td>\n<\/tr>\n<tr>\n<td><a title=\"AMSTRAD CPC\" href=\"http:\/\/www.auditsi.eu\/?page_id=2981\">CPC 464<\/a> d&#8217;AMSTRAD<\/td>\n<td><\/td>\n<\/tr>\n<tr>\n<td><a title=\"L'ATMOS d'ORIC\" href=\"http:\/\/www.auditsi.eu\/?page_id=2970\">ATMOS<\/a> d&#8217;ORIC<\/td>\n<td><\/td>\n<\/tr>\n<tr>\n<td><a title=\"L'EXL 100 d'EXELVISION\" href=\"http:\/\/www.auditsi.eu\/?page_id=3065\">EXL 100<\/a> d&#8217;EXELVISION<\/td>\n<td><\/td>\n<\/tr>\n<tr style=\"background-color: #b5c3ff;\">\n<td><strong>1985<\/strong><\/td>\n<td><\/td>\n<\/tr>\n<tr>\n<td>520ST d&#8217;ATARI<\/td>\n<td><\/td>\n<\/tr>\n<tr>\n<td><a title=\"AMSTRAD CPC\" href=\"http:\/\/www.auditsi.eu\/?page_id=2981\">CPC 664, CPC 6128<\/a> d&#8217;AMSTRAD<\/td>\n<td><\/td>\n<\/tr>\n<tr>\n<td>Lancement du MSX2<\/td>\n<td><\/td>\n<\/tr>\n<tr>\n<td><a title=\"Le C128 de COMMODORE\" href=\"http:\/\/www.auditsi.eu\/?page_id=3036\">C128<\/a> de COMMODORE<\/td>\n<td><\/td>\n<\/tr>\n<tr>\n<td>TO9 de THOMSON<\/td>\n<td><\/td>\n<\/tr>\n<tr>\n<td>SPECTRUM 128 de SINCLAIR<\/td>\n<td><\/td>\n<\/tr>\n<tr style=\"background-color: #b5c3ff;\">\n<td><strong>1986<\/strong><\/td>\n<td><\/td>\n<\/tr>\n<tr>\n<td>TELESTRAT d&#8217;ORIC<\/td>\n<td><\/td>\n<\/tr>\n<tr>\n<td>MO6, TO8 et TO8D de THOMSON<\/td>\n<td><\/td>\n<\/tr>\n<tr>\n<td>520STF et 1040STF d&#8217;ATARI<\/td>\n<td><\/td>\n<\/tr>\n<tr style=\"background-color: #b5c3ff;\">\n<td><strong>1987<\/strong><\/td>\n<td><\/td>\n<\/tr>\n<tr>\n<td>C64c de COMMODORE<\/td>\n<td><\/td>\n<\/tr>\n<tr>\n<td>AMIGA 500 et 2000 de COMMODORE<\/td>\n<td><\/td>\n<\/tr>\n<tr>\n<td>TO16 (PC) de THOMSON<\/td>\n<td><\/td>\n<\/tr>\n<tr style=\"background-color: #b5c3ff;\">\n<td><strong>1988<\/strong><\/td>\n<td><\/td>\n<\/tr>\n<tr>\n<td>PC1512 d&#8217;AMSTRAD<\/td>\n<td><\/td>\n<\/tr>\n<tr>\n<td><a title=\"AMSTRAD PPC\" href=\"http:\/\/www.auditsi.eu\/?page_id=3109\">PPC 512 et 640<\/a> d&#8217;AMSTRAD<\/td>\n<td><\/td>\n<\/tr>\n<tr style=\"background-color: #b5c3ff;\">\n<td><strong>1989<\/strong><\/td>\n<td><\/td>\n<\/tr>\n<tr>\n<td>\u00a0520STE et 1040STE d&#8217;ATARI<\/td>\n<td><\/td>\n<\/tr>\n<tr style=\"background-color: #b5c3ff;\">\n<td><strong>1990<\/strong><\/td>\n<td><\/td>\n<\/tr>\n<tr>\n<td>CPC 464+ et CPC 6128+ d&#8217;AMSTRAD<\/td>\n<td><\/td>\n<\/tr>\n<\/tbody>\n<\/table>\n<p style=\"text-align: justify;\">Le d\u00e9but des ann\u00e9es 80 aura vu la naissance de la micro-informatique familiale. Avec l&#8217;av\u00e8nement du PC d&#8217;IBM, les ann\u00e9es 90 l&#8217;enterreront.<\/p>\n<p style=\"text-align: justify;\">Quelques articles d&#8217;\u00e9poque :<\/p>\n<ul>\n<li>35 ordinateurs de 20 000 \u00e0 60 000 francs, L&#8217;Ordinateur Individuel n\u00b0 8 (juin 1979) p. 38<\/li>\n<li>Un TRS 80 : le mod\u00e8le II, Micro-Syst\u00e8mes n\u00b0 13 (septembre-octobre 1980), p. 163<\/li>\n<li>Le guide 84 de la micro informatique, Micro-Syst\u00e8mes n\u00b0 45 (septembre 1984), p. 98 : ordinateurs de poche (Hewlett Packard, Casio, Sharp), familiaux (600XL d&#8217;Atari, VIC 20 de Commodore, Dragon 32 de Dragon Data, EXL 100 d&#8217;Exelvision, Alice de Matra-Microsyst\u00e8mes, Oric 1 de Oric Intl, Mo5 de Thomson&#8230;), portatifs (TRS 80 Mod\u00e8le 100 de Tandy&#8230;), portables (Hurricane d&#8217;IBM, Apple IIc d&#8217;Apple&#8230;), professionnels (Apple IIe d&#8217;Apple&#8230;)<\/li>\n<\/ul>\n<p>Approfondir le sujet :<br \/>\n<a title=\"L'informatique des ann\u00e9es 80\" href=\"http:\/\/www.auditsi.eu\/?page_id=2119\">L\u2019informatique des ann\u00e9es 80<\/a> \/ <a title=\"Ma collection\" href=\"http:\/\/www.auditsi.eu\/?page_id=1983\">Ma collection<\/a> \/ <a title=\"Ma documentation\" href=\"http:\/\/www.auditsi.eu\/?page_id=3930\">Ma documentation<\/a> \/ <a title=\"Quelques id\u00e9es de lecture pour en savoir plus\" href=\"http:\/\/www.auditsi.eu\/?page_id=4631\">Quelques id\u00e9es de lecture<\/a><\/p>\n<div style=\"padding-bottom:20px; padding-top:10px;\" class=\"hupso-share-buttons\"><!-- Hupso Share Buttons - https:\/\/www.hupso.com\/share\/ --><a class=\"hupso_counters\" href=\"https:\/\/www.hupso.com\/share\/\"><img decoding=\"async\" src=\"https:\/\/static.hupso.com\/share\/buttons\/lang\/fr\/share-small.png\" style=\"border:0px; padding-top:2px; float:left;\" alt=\"Share Button\"\/><\/a><script type=\"text\/javascript\">var hupso_services_c=new Array(\"twitter\",\"facebook_like\",\"facebook_send\",\"email\",\"print\",\"linkedin\");var hupso_counters_lang = \"fr_FR\";var hupso_image_folder_url = \"\";var hupso_twitter_via=\"BenoitRiviere14\";var hupso_url_c=\"\";var hupso_title_c=\"Historique%20des%20ordinateurs\";<\/script><script type=\"text\/javascript\" src=\"https:\/\/static.hupso.com\/share\/js\/counters.js\"><\/script><!-- Hupso Share Buttons --><\/div>","protected":false},"excerpt":{"rendered":"<p>Le tableau qui suit liste les principaux ordinateurs des ann\u00e9es 80 par ordre d&#8217;apparition. Ceux pr\u00e9sents dans ma collection ou ayant fait l&#8217;objet d&#8217;une pr\u00e9sentation sur ce site sont dot\u00e9s d&#8217;un lien hypertexte. 1979 TI-99\/4 de TEXAS INSTRUMENTS 1980 ZX80 de SINCLAIR (environ 70 000 exemplaires) TRS80 MODEL III de TANDY 1981 TI-99\/4A de TEXAS &#8230;<\/p>\n<p><a href=\"https:\/\/www.auditsi.eu\/?page_id=3073\" class=\"more-link\">Continue reading &lsquo;Historique des ordinateurs&rsquo; &raquo;<\/a><\/p>\n<div style=\"padding-bottom:20px; padding-top:10px;\" class=\"hupso-share-buttons\"><!-- Hupso Share Buttons - https:\/\/www.hupso.com\/share\/ --><a class=\"hupso_counters\" href=\"https:\/\/www.hupso.com\/share\/\"><img src=\"https:\/\/static.hupso.com\/share\/buttons\/lang\/fr\/share-small.png\" style=\"border:0px; padding-top:2px; float:left;\" alt=\"Share Button\"\/><\/a><script type=\"text\/javascript\">var hupso_services_c=new Array(\"twitter\",\"facebook_like\",\"facebook_send\",\"email\",\"print\",\"linkedin\");var hupso_counters_lang = \"fr_FR\";var hupso_image_folder_url = \"\";var hupso_twitter_via=\"BenoitRiviere14\";var hupso_url_c=\"\";var hupso_title_c=\"Historique%20des%20ordinateurs\";<\/script><script type=\"text\/javascript\" src=\"https:\/\/static.hupso.com\/share\/js\/counters.js\"><\/script><!-- Hupso Share Buttons --><\/div>","protected":false},"author":1,"featured_media":0,"parent":0,"menu_order":0,"comment_status":"open","ping_status":"open","template":"","meta":{"advanced_seo_description":"","jetpack_seo_html_title":"","jetpack_seo_noindex":false,"ngg_post_thumbnail":0,"footnotes":"","_links_to":"","_links_to_target":""},"class_list":["post-3073","page","type-page","status-publish","hentry"],"jetpack_sharing_enabled":true,"jetpack_likes_enabled":false,"_links":{"self":[{"href":"https:\/\/www.auditsi.eu\/index.php?rest_route=\/wp\/v2\/pages\/3073","targetHints":{"allow":["GET"]}}],"collection":[{"href":"https:\/\/www.auditsi.eu\/index.php?rest_route=\/wp\/v2\/pages"}],"about":[{"href":"https:\/\/www.auditsi.eu\/index.php?rest_route=\/wp\/v2\/types\/page"}],"author":[{"embeddable":true,"href":"https:\/\/www.auditsi.eu\/index.php?rest_route=\/wp\/v2\/users\/1"}],"replies":[{"embeddable":true,"href":"https:\/\/www.auditsi.eu\/index.php?rest_route=%2Fwp%2Fv2%2Fcomments&post=3073"}],"version-history":[{"count":28,"href":"https:\/\/www.auditsi.eu\/index.php?rest_route=\/wp\/v2\/pages\/3073\/revisions"}],"predecessor-version":[{"id":6249,"href":"https:\/\/www.auditsi.eu\/index.php?rest_route=\/wp\/v2\/pages\/3073\/revisions\/6249"}],"wp:attachment":[{"href":"https:\/\/www.auditsi.eu\/index.php?rest_route=%2Fwp%2Fv2%2Fmedia&parent=3073"}],"curies":[{"name":"wp","href":"https:\/\/api.w.org\/{rel}","templated":true}]}}