{"id":3065,"date":"2013-04-10T20:40:06","date_gmt":"2013-04-10T18:40:06","guid":{"rendered":"http:\/\/www.auditsi.eu\/?page_id=3065"},"modified":"2014-06-27T13:15:24","modified_gmt":"2014-06-27T11:15:24","slug":"lexl-100-dexelvision","status":"publish","type":"page","link":"https:\/\/www.auditsi.eu\/?page_id=3065","title":{"rendered":"L&#8217;EXL 100 d&#8217;EXELVISION"},"content":{"rendered":"<p style=\"text-align: justify;\">L&#8217;EXL 100 d&#8217;EXELVISION (1984), constructeur fran\u00e7ais, \u00e9tait dot\u00e9 d&#8217;atouts int\u00e9ressants par rapport \u00e0 la concurrence : clavier et manettes sans fils, synth\u00e8se vocale&#8230; Malheureusement, boud\u00e9 par le plan IPT (Plan Informatique pour Tous lanc\u00e9 par le gouvernement Fabius en 1985) et affubl\u00e9 de quelques erreurs de jeunesse, il n&#8217;aura pas connu le m\u00eame succ\u00e8s que ses homologues fran\u00e7ais les <a title=\"TO et MO de THOMSON\" href=\"http:\/\/www.auditsi.eu\/?page_id=2993\">MO5 et autres TO7 de Thomson<\/a>.<\/p>\n<div id=\"attachment_3066\" style=\"width: 458px\" class=\"wp-caption aligncenter\"><a href=\"https:\/\/www.auditsi.eu\/wp-content\/uploads\/2013\/04\/DSCN8417.jpg\"><img loading=\"lazy\" decoding=\"async\" aria-describedby=\"caption-attachment-3066\" class=\"size-full wp-image-3066\" src=\"https:\/\/www.auditsi.eu\/wp-content\/uploads\/2013\/04\/DSCN8417.jpg\" alt=\"L'EXL100 d'EXELVISION : une machine pleine d'atouts\" width=\"448\" height=\"265\" srcset=\"https:\/\/www.auditsi.eu\/wp-content\/uploads\/2013\/04\/DSCN8417.jpg 448w, https:\/\/www.auditsi.eu\/wp-content\/uploads\/2013\/04\/DSCN8417-300x177.jpg 300w\" sizes=\"auto, (max-width: 448px) 100vw, 448px\" \/><\/a><p id=\"caption-attachment-3066\" class=\"wp-caption-text\">L&#8217;EXL100 d&#8217;EXELVISION : une machine pleine d&#8217;atouts<\/p><\/div>\n<div id=\"attachment_3093\" style=\"width: 458px\" class=\"wp-caption aligncenter\"><a href=\"https:\/\/www.auditsi.eu\/wp-content\/uploads\/2013\/04\/DSCN8406.jpg\"><img loading=\"lazy\" decoding=\"async\" aria-describedby=\"caption-attachment-3093\" class=\"size-full wp-image-3093\" src=\"https:\/\/www.auditsi.eu\/wp-content\/uploads\/2013\/04\/DSCN8406.jpg\" alt=\"D\u00e9tail de la face avant de l'EXL 100 : le lecteur de cartouche, le r\u00e9cepteur infrarouge, les boutons reset et marche\/arr\u00eat\" width=\"448\" height=\"287\" srcset=\"https:\/\/www.auditsi.eu\/wp-content\/uploads\/2013\/04\/DSCN8406.jpg 448w, https:\/\/www.auditsi.eu\/wp-content\/uploads\/2013\/04\/DSCN8406-300x192.jpg 300w\" sizes=\"auto, (max-width: 448px) 100vw, 448px\" \/><\/a><p id=\"caption-attachment-3093\" class=\"wp-caption-text\">D\u00e9tail de la face avant de l&#8217;EXL 100 : le lecteur de cartouche, le r\u00e9cepteur infrarouge, les boutons reset et marche\/arr\u00eat<\/p><\/div>\n<div id=\"attachment_3094\" style=\"width: 426px\" class=\"wp-caption aligncenter\"><a href=\"https:\/\/www.auditsi.eu\/wp-content\/uploads\/2013\/04\/DSCN8421.jpg\"><img loading=\"lazy\" decoding=\"async\" aria-describedby=\"caption-attachment-3094\" class=\"size-full wp-image-3094\" src=\"https:\/\/www.auditsi.eu\/wp-content\/uploads\/2013\/04\/DSCN8421.jpg\" alt=\"Une astucieuse trappe en fa\u00e7ade permet de ranger les manettes de jeu sans fil !\" width=\"416\" height=\"336\" srcset=\"https:\/\/www.auditsi.eu\/wp-content\/uploads\/2013\/04\/DSCN8421.jpg 416w, https:\/\/www.auditsi.eu\/wp-content\/uploads\/2013\/04\/DSCN8421-300x242.jpg 300w\" sizes=\"auto, (max-width: 416px) 100vw, 416px\" \/><\/a><p id=\"caption-attachment-3094\" class=\"wp-caption-text\">Une astucieuse trappe en fa\u00e7ade permet de ranger les manettes de jeu sans fil !<\/p><\/div>\n<div id=\"attachment_3096\" style=\"width: 458px\" class=\"wp-caption aligncenter\"><a href=\"https:\/\/www.auditsi.eu\/wp-content\/uploads\/2013\/04\/DSCN8418.jpg\"><img loading=\"lazy\" decoding=\"async\" aria-describedby=\"caption-attachment-3096\" class=\"size-full wp-image-3096\" src=\"https:\/\/www.auditsi.eu\/wp-content\/uploads\/2013\/04\/DSCN8418.jpg\" alt=\"L'EXL100 offre un clavier sans fil, r\u00e9volutionnaire pour l'\u00e9poque mais \u00e0 la frappe inconfortable\" width=\"448\" height=\"207\" srcset=\"https:\/\/www.auditsi.eu\/wp-content\/uploads\/2013\/04\/DSCN8418.jpg 448w, https:\/\/www.auditsi.eu\/wp-content\/uploads\/2013\/04\/DSCN8418-300x138.jpg 300w\" sizes=\"auto, (max-width: 448px) 100vw, 448px\" \/><\/a><p id=\"caption-attachment-3096\" class=\"wp-caption-text\">L&#8217;EXL100 offre un clavier sans fil, r\u00e9volutionnaire pour l&#8217;\u00e9poque mais \u00e0 la frappe inconfortable<\/p><\/div>\n<div id=\"attachment_3097\" style=\"width: 385px\" class=\"wp-caption aligncenter\"><a href=\"https:\/\/www.auditsi.eu\/wp-content\/uploads\/2013\/04\/DSCN8416.jpg\"><img loading=\"lazy\" decoding=\"async\" aria-describedby=\"caption-attachment-3097\" class=\"size-full wp-image-3097\" src=\"https:\/\/www.auditsi.eu\/wp-content\/uploads\/2013\/04\/DSCN8416.jpg\" alt=\"Focus sur les cartouches Exelvision : petit format, connecteur r\u00e9tractable\" width=\"375\" height=\"336\" srcset=\"https:\/\/www.auditsi.eu\/wp-content\/uploads\/2013\/04\/DSCN8416.jpg 375w, https:\/\/www.auditsi.eu\/wp-content\/uploads\/2013\/04\/DSCN8416-300x268.jpg 300w\" sizes=\"auto, (max-width: 375px) 100vw, 375px\" \/><\/a><p id=\"caption-attachment-3097\" class=\"wp-caption-text\">Focus sur les cartouches Exelvision : petit format, connecteur r\u00e9tractable<\/p><\/div>\n<div id=\"attachment_3098\" style=\"width: 458px\" class=\"wp-caption aligncenter\"><a href=\"https:\/\/www.auditsi.eu\/wp-content\/uploads\/2013\/04\/DSCN8398.jpg\"><img loading=\"lazy\" decoding=\"async\" aria-describedby=\"caption-attachment-3098\" class=\"size-full wp-image-3098\" src=\"https:\/\/www.auditsi.eu\/wp-content\/uploads\/2013\/04\/DSCN8398.jpg\" alt=\"Le jeu TENNIS montre toutes les capacit\u00e9s graphiques et sonores de l'EXL 100\" width=\"448\" height=\"271\" srcset=\"https:\/\/www.auditsi.eu\/wp-content\/uploads\/2013\/04\/DSCN8398.jpg 448w, https:\/\/www.auditsi.eu\/wp-content\/uploads\/2013\/04\/DSCN8398-300x181.jpg 300w\" sizes=\"auto, (max-width: 448px) 100vw, 448px\" \/><\/a><p id=\"caption-attachment-3098\" class=\"wp-caption-text\">Le jeu TENNIS montre toutes les capacit\u00e9s graphiques et sonores de l&#8217;EXL 100<\/p><\/div>\n<div id=\"attachment_3099\" style=\"width: 476px\" class=\"wp-caption aligncenter\"><a href=\"https:\/\/www.auditsi.eu\/wp-content\/uploads\/2013\/04\/DSCN8402.jpg\"><img loading=\"lazy\" decoding=\"async\" aria-describedby=\"caption-attachment-3099\" class=\"size-full wp-image-3099\" src=\"https:\/\/www.auditsi.eu\/wp-content\/uploads\/2013\/04\/DSCN8402.jpg\" alt=\"Le score des joueurs est annonc\u00e9 \u00e0 l'aide de la synth\u00e8se vocale, \u00e9poustouflant !\" width=\"466\" height=\"257\" srcset=\"https:\/\/www.auditsi.eu\/wp-content\/uploads\/2013\/04\/DSCN8402.jpg 466w, https:\/\/www.auditsi.eu\/wp-content\/uploads\/2013\/04\/DSCN8402-300x165.jpg 300w\" sizes=\"auto, (max-width: 466px) 100vw, 466px\" \/><\/a><p id=\"caption-attachment-3099\" class=\"wp-caption-text\">Le score des joueurs est annonc\u00e9 \u00e0 l&#8217;aide de la synth\u00e8se vocale, \u00e9poustouflant !<\/p><\/div>\n<p style=\"text-align: center;\">[youtube xsfzuiA6yG8]<\/p>\n<p style=\"text-align: center;\">Publicit\u00e9 pour l&#8217;EXL 100 (1985)<\/p>\n<p><em>L&#8217;EXL 100 vu par la presse :<\/em><\/p>\n<div id=\"attachment_3260\" style=\"width: 462px\" class=\"wp-caption aligncenter\"><a href=\"https:\/\/www.auditsi.eu\/wp-content\/uploads\/2013\/04\/HEBDOG-23-EXL100.jpg\"><img loading=\"lazy\" decoding=\"async\" aria-describedby=\"caption-attachment-3260\" class=\"size-full wp-image-3260\" src=\"https:\/\/www.auditsi.eu\/wp-content\/uploads\/2013\/04\/HEBDOG-23-EXL100.jpg\" alt=\"The French Computer : l'Exelvision EXL 100 (Hebdogiciel n\u00b0 23, 16 mars 1984, p. 1)\" width=\"452\" height=\"640\" srcset=\"https:\/\/www.auditsi.eu\/wp-content\/uploads\/2013\/04\/HEBDOG-23-EXL100.jpg 452w, https:\/\/www.auditsi.eu\/wp-content\/uploads\/2013\/04\/HEBDOG-23-EXL100-211x300.jpg 211w\" sizes=\"auto, (max-width: 452px) 100vw, 452px\" \/><\/a><p id=\"caption-attachment-3260\" class=\"wp-caption-text\">The French Computer : l&#8217;Exelvision EXL 100 (Hebdogiciel n\u00b0 23, 16 mars 1984, p. 1)<\/p><\/div>\n<div id=\"attachment_3240\" style=\"width: 459px\" class=\"wp-caption aligncenter\"><a href=\"https:\/\/www.auditsi.eu\/wp-content\/uploads\/2013\/04\/Hebdogiciel-160-EXL-100-MAUDIT.jpg\"><img loading=\"lazy\" decoding=\"async\" aria-describedby=\"caption-attachment-3240\" class=\"size-full wp-image-3240\" src=\"https:\/\/www.auditsi.eu\/wp-content\/uploads\/2013\/04\/Hebdogiciel-160-EXL-100-MAUDIT.jpg\" alt=\"Exelvision, l'ordinateur maudit (Couverture de l'Hebdogiciel n\u00b0 160, 7 novembre 1986)\" width=\"449\" height=\"640\" srcset=\"https:\/\/www.auditsi.eu\/wp-content\/uploads\/2013\/04\/Hebdogiciel-160-EXL-100-MAUDIT.jpg 449w, https:\/\/www.auditsi.eu\/wp-content\/uploads\/2013\/04\/Hebdogiciel-160-EXL-100-MAUDIT-210x300.jpg 210w\" sizes=\"auto, (max-width: 449px) 100vw, 449px\" \/><\/a><p id=\"caption-attachment-3240\" class=\"wp-caption-text\">Exelvision, l&#8217;ordinateur maudit (Couverture de l&#8217;Hebdogiciel n\u00b0 160, 7 novembre 1986)<\/p><\/div>\n<div id=\"attachment_3236\" style=\"width: 404px\" class=\"wp-caption aligncenter\"><a href=\"https:\/\/www.auditsi.eu\/wp-content\/uploads\/2013\/04\/HEBDOG-59-EXL100.jpg\"><img loading=\"lazy\" decoding=\"async\" aria-describedby=\"caption-attachment-3236\" class=\"size-full wp-image-3236\" src=\"https:\/\/www.auditsi.eu\/wp-content\/uploads\/2013\/04\/HEBDOG-59-EXL100.jpg\" alt=\"L'EXL 100 victime de son avanc\u00e9e technologique (Hebdogiciel n\u00b0 59, 30 novembre 1984, p.10)\" width=\"394\" height=\"830\" srcset=\"https:\/\/www.auditsi.eu\/wp-content\/uploads\/2013\/04\/HEBDOG-59-EXL100.jpg 394w, https:\/\/www.auditsi.eu\/wp-content\/uploads\/2013\/04\/HEBDOG-59-EXL100-142x300.jpg 142w\" sizes=\"auto, (max-width: 394px) 100vw, 394px\" \/><\/a><p id=\"caption-attachment-3236\" class=\"wp-caption-text\">L&#8217;EXL 100 victime de son avanc\u00e9e technologique (Hebdogiciel n\u00b0 59, 30 novembre 1984, p.10)<\/p><\/div>\n<p>Pour plus d&#8217;infos sur l&#8217;EXL100, lire l&#8217;article <a href=\"https:\/\/www.auditsi.eu\/?wpfb_dl=61\" >EXELVISION EXL100, une m\u00e9daille pour la France<\/a> publi\u00e9 dans Science &amp; Vie Micro n\u00b09 (septembre 1984).<\/p>\n<p>S\u00e9lection d\u2019articles sur le sujet :<\/p>\n<ul>\n<li>The French Computer : l&#8217;EXELVISION EXL100, HEBDOGICIEL n\u00b0 23 (16 mars 1984), p. 1<\/li>\n<\/ul>\n<p>Pour en savoir plus sur la micro-informatique fran\u00e7aise : <a title=\"La micro-informatique fran\u00e7aise\" href=\"http:\/\/www.auditsi.eu\/?page_id=2333\">cliquez ici<\/a>.<\/p>\n<p><em>Les photos d\u2019illustration sont issues de ma <a title=\"Ma collection\" href=\"http:\/\/www.auditsi.eu\/?page_id=1983\">collection personnelle<\/a>.<\/em><\/p>\n<p>Approfondir le sujet :<br \/>\n<a title=\"L'informatique des ann\u00e9es 80\" href=\"http:\/\/www.auditsi.eu\/?page_id=2119\">L\u2019informatique des ann\u00e9es 80<\/a> \/ <a title=\"Ma collection\" href=\"http:\/\/www.auditsi.eu\/?page_id=1983\">Ma collection<\/a> \/ <a title=\"Ma documentation\" href=\"http:\/\/www.auditsi.eu\/?page_id=3930\">Ma documentation<\/a> \/ <a title=\"Quelques id\u00e9es de lecture pour en savoir plus\" href=\"http:\/\/www.auditsi.eu\/?page_id=4631\">Quelques id\u00e9es de lecture<\/a><\/p>\n<div style=\"padding-bottom:20px; padding-top:10px;\" class=\"hupso-share-buttons\"><!-- Hupso Share Buttons - https:\/\/www.hupso.com\/share\/ --><a class=\"hupso_counters\" href=\"https:\/\/www.hupso.com\/share\/\"><img decoding=\"async\" src=\"https:\/\/static.hupso.com\/share\/buttons\/lang\/fr\/share-small.png\" style=\"border:0px; padding-top:2px; float:left;\" alt=\"Share Button\"\/><\/a><script type=\"text\/javascript\">var hupso_services_c=new Array(\"twitter\",\"facebook_like\",\"facebook_send\",\"email\",\"print\",\"linkedin\");var hupso_counters_lang = \"fr_FR\";var hupso_image_folder_url = \"\";var hupso_twitter_via=\"BenoitRiviere14\";var hupso_url_c=\"\";var hupso_title_c=\"L%27EXL%20100%20d%27EXELVISION\";<\/script><script type=\"text\/javascript\" src=\"https:\/\/static.hupso.com\/share\/js\/counters.js\"><\/script><!-- Hupso Share Buttons --><\/div>","protected":false},"excerpt":{"rendered":"<p>L&#8217;EXL 100 d&#8217;EXELVISION (1984), constructeur fran\u00e7ais, \u00e9tait dot\u00e9 d&#8217;atouts int\u00e9ressants par rapport \u00e0 la concurrence : clavier et manettes sans fils, synth\u00e8se vocale&#8230; Malheureusement, boud\u00e9 par le plan IPT (Plan Informatique pour Tous lanc\u00e9 par le gouvernement Fabius en 1985) et affubl\u00e9 de quelques erreurs de jeunesse, il n&#8217;aura pas connu le m\u00eame succ\u00e8s que &#8230;<\/p>\n<p><a href=\"https:\/\/www.auditsi.eu\/?page_id=3065\" class=\"more-link\">Continue reading &lsquo;L&#8217;EXL 100 d&#8217;EXELVISION&rsquo; &raquo;<\/a><\/p>\n<div style=\"padding-bottom:20px; padding-top:10px;\" class=\"hupso-share-buttons\"><!-- Hupso Share Buttons - https:\/\/www.hupso.com\/share\/ --><a class=\"hupso_counters\" href=\"https:\/\/www.hupso.com\/share\/\"><img src=\"https:\/\/static.hupso.com\/share\/buttons\/lang\/fr\/share-small.png\" style=\"border:0px; padding-top:2px; float:left;\" alt=\"Share Button\"\/><\/a><script type=\"text\/javascript\">var hupso_services_c=new Array(\"twitter\",\"facebook_like\",\"facebook_send\",\"email\",\"print\",\"linkedin\");var hupso_counters_lang = \"fr_FR\";var hupso_image_folder_url = \"\";var hupso_twitter_via=\"BenoitRiviere14\";var hupso_url_c=\"\";var hupso_title_c=\"L%27EXL%20100%20d%27EXELVISION\";<\/script><script type=\"text\/javascript\" src=\"https:\/\/static.hupso.com\/share\/js\/counters.js\"><\/script><!-- Hupso Share Buttons --><\/div>","protected":false},"author":1,"featured_media":0,"parent":0,"menu_order":0,"comment_status":"open","ping_status":"open","template":"","meta":{"advanced_seo_description":"","jetpack_seo_html_title":"","jetpack_seo_noindex":false,"ngg_post_thumbnail":0,"footnotes":"","_links_to":"","_links_to_target":""},"class_list":["post-3065","page","type-page","status-publish","hentry"],"jetpack_sharing_enabled":true,"jetpack_likes_enabled":false,"_links":{"self":[{"href":"https:\/\/www.auditsi.eu\/index.php?rest_route=\/wp\/v2\/pages\/3065","targetHints":{"allow":["GET"]}}],"collection":[{"href":"https:\/\/www.auditsi.eu\/index.php?rest_route=\/wp\/v2\/pages"}],"about":[{"href":"https:\/\/www.auditsi.eu\/index.php?rest_route=\/wp\/v2\/types\/page"}],"author":[{"embeddable":true,"href":"https:\/\/www.auditsi.eu\/index.php?rest_route=\/wp\/v2\/users\/1"}],"replies":[{"embeddable":true,"href":"https:\/\/www.auditsi.eu\/index.php?rest_route=%2Fwp%2Fv2%2Fcomments&post=3065"}],"version-history":[{"count":20,"href":"https:\/\/www.auditsi.eu\/index.php?rest_route=\/wp\/v2\/pages\/3065\/revisions"}],"predecessor-version":[{"id":4990,"href":"https:\/\/www.auditsi.eu\/index.php?rest_route=\/wp\/v2\/pages\/3065\/revisions\/4990"}],"wp:attachment":[{"href":"https:\/\/www.auditsi.eu\/index.php?rest_route=%2Fwp%2Fv2%2Fmedia&parent=3065"}],"curies":[{"name":"wp","href":"https:\/\/api.w.org\/{rel}","templated":true}]}}