{"id":3043,"date":"2013-03-31T12:03:29","date_gmt":"2013-03-31T10:03:29","guid":{"rendered":"http:\/\/www.auditsi.eu\/?page_id=3043"},"modified":"2013-05-11T19:05:20","modified_gmt":"2013-05-11T17:05:20","slug":"commodore-accessoires","status":"publish","type":"page","link":"https:\/\/www.auditsi.eu\/?page_id=3043","title":{"rendered":"COMMODORE : accessoires"},"content":{"rendered":"<p>La gamme Commodore a \u00e9t\u00e9 enrichie de nombreux p\u00e9riph\u00e9riques et logiciels.<\/p>\n<div id=\"attachment_3053\" style=\"width: 458px\" class=\"wp-caption aligncenter\"><a href=\"https:\/\/www.auditsi.eu\/wp-content\/uploads\/2013\/03\/DSCN8317.jpg\"><img loading=\"lazy\" decoding=\"async\" aria-describedby=\"caption-attachment-3053\" class=\"size-full wp-image-3053\" alt=\"Cassettes et cartouches pour Commodore VIC20 : Forth, langage machine, autoformation Basic, extension de m\u00e9moire...\" src=\"https:\/\/www.auditsi.eu\/wp-content\/uploads\/2013\/03\/DSCN8317.jpg\" width=\"448\" height=\"318\" srcset=\"https:\/\/www.auditsi.eu\/wp-content\/uploads\/2013\/03\/DSCN8317.jpg 448w, https:\/\/www.auditsi.eu\/wp-content\/uploads\/2013\/03\/DSCN8317-300x212.jpg 300w\" sizes=\"auto, (max-width: 448px) 100vw, 448px\" \/><\/a><p id=\"caption-attachment-3053\" class=\"wp-caption-text\">Cassettes et cartouches pour Commodore VIC20 : Forth, langage machine, autoformation Basic, extension de m\u00e9moire&#8230;<\/p><\/div>\n<div id=\"attachment_3045\" style=\"width: 458px\" class=\"wp-caption aligncenter\"><a href=\"https:\/\/www.auditsi.eu\/wp-content\/uploads\/2013\/03\/DSCN8308.jpg\"><img loading=\"lazy\" decoding=\"async\" aria-describedby=\"caption-attachment-3045\" class=\"size-full wp-image-3045\" alt=\"L'indispensable extension de m\u00e9moire 512 ko\" src=\"https:\/\/www.auditsi.eu\/wp-content\/uploads\/2013\/03\/DSCN8308.jpg\" width=\"448\" height=\"306\" srcset=\"https:\/\/www.auditsi.eu\/wp-content\/uploads\/2013\/03\/DSCN8308.jpg 448w, https:\/\/www.auditsi.eu\/wp-content\/uploads\/2013\/03\/DSCN8308-300x204.jpg 300w\" sizes=\"auto, (max-width: 448px) 100vw, 448px\" \/><\/a><p id=\"caption-attachment-3045\" class=\"wp-caption-text\">L&#8217;indispensable extension de m\u00e9moire 512 ko du C128<\/p><\/div>\n<div id=\"attachment_3054\" style=\"width: 447px\" class=\"wp-caption aligncenter\"><a href=\"https:\/\/www.auditsi.eu\/wp-content\/uploads\/2013\/03\/DSCN8326.jpg\"><img loading=\"lazy\" decoding=\"async\" aria-describedby=\"caption-attachment-3054\" class=\"size-full wp-image-3054\" alt=\"Le lecteur de cassette C2N DATASETTE model 1530 de Commodore\" src=\"https:\/\/www.auditsi.eu\/wp-content\/uploads\/2013\/03\/DSCN8326.jpg\" width=\"437\" height=\"336\" srcset=\"https:\/\/www.auditsi.eu\/wp-content\/uploads\/2013\/03\/DSCN8326.jpg 437w, https:\/\/www.auditsi.eu\/wp-content\/uploads\/2013\/03\/DSCN8326-300x230.jpg 300w\" sizes=\"auto, (max-width: 437px) 100vw, 437px\" \/><\/a><p id=\"caption-attachment-3054\" class=\"wp-caption-text\">Le lecteur de cassette C2N DATASETTE model 1530 de Commodore<\/p><\/div>\n<div id=\"attachment_3055\" style=\"width: 346px\" class=\"wp-caption aligncenter\"><a href=\"https:\/\/www.auditsi.eu\/wp-content\/uploads\/2013\/03\/DSCN8324.jpg\"><img loading=\"lazy\" decoding=\"async\" aria-describedby=\"caption-attachment-3055\" class=\"size-full wp-image-3055\" alt=\"Le lecteur de disquette 1571 de COMMODORE\" src=\"https:\/\/www.auditsi.eu\/wp-content\/uploads\/2013\/03\/DSCN8324.jpg\" width=\"336\" height=\"354\" srcset=\"https:\/\/www.auditsi.eu\/wp-content\/uploads\/2013\/03\/DSCN8324.jpg 336w, https:\/\/www.auditsi.eu\/wp-content\/uploads\/2013\/03\/DSCN8324-284x300.jpg 284w\" sizes=\"auto, (max-width: 336px) 100vw, 336px\" \/><\/a><p id=\"caption-attachment-3055\" class=\"wp-caption-text\">Le lecteur de disquette 1571 de COMMODORE<\/p><\/div>\n<div id=\"attachment_3311\" style=\"width: 490px\" class=\"wp-caption aligncenter\"><a href=\"https:\/\/www.auditsi.eu\/wp-content\/uploads\/2013\/03\/SM-13-LECTEUR-DISQUETTE-1571.png\"><img loading=\"lazy\" decoding=\"async\" aria-describedby=\"caption-attachment-3311\" class=\"size-full wp-image-3311\" alt=\"Le nouveau lecteur de disquettes Commodore 1571 (Soft &amp; Micro n\u00b0 13, novembre 1985, p. 40)\" src=\"https:\/\/www.auditsi.eu\/wp-content\/uploads\/2013\/03\/SM-13-LECTEUR-DISQUETTE-1571.png\" width=\"480\" height=\"561\" srcset=\"https:\/\/www.auditsi.eu\/wp-content\/uploads\/2013\/03\/SM-13-LECTEUR-DISQUETTE-1571.png 480w, https:\/\/www.auditsi.eu\/wp-content\/uploads\/2013\/03\/SM-13-LECTEUR-DISQUETTE-1571-256x300.png 256w\" sizes=\"auto, (max-width: 480px) 100vw, 480px\" \/><\/a><p id=\"caption-attachment-3311\" class=\"wp-caption-text\">Le nouveau lecteur de disquettes Commodore 1571 (Soft &amp; Micro n\u00b0 13, novembre 1985, p. 40)<\/p><\/div>\n<div id=\"attachment_3050\" style=\"width: 346px\" class=\"wp-caption aligncenter\"><a href=\"https:\/\/www.auditsi.eu\/wp-content\/uploads\/2013\/03\/DSCN8313.jpg\"><img loading=\"lazy\" decoding=\"async\" aria-describedby=\"caption-attachment-3050\" class=\"size-full wp-image-3050\" alt=\"Les paddles\" src=\"https:\/\/www.auditsi.eu\/wp-content\/uploads\/2013\/03\/DSCN8313.jpg\" width=\"336\" height=\"377\" srcset=\"https:\/\/www.auditsi.eu\/wp-content\/uploads\/2013\/03\/DSCN8313.jpg 336w, https:\/\/www.auditsi.eu\/wp-content\/uploads\/2013\/03\/DSCN8313-267x300.jpg 267w\" sizes=\"auto, (max-width: 336px) 100vw, 336px\" \/><\/a><p id=\"caption-attachment-3050\" class=\"wp-caption-text\">Les paddles<\/p><\/div>\n<div id=\"attachment_3051\" style=\"width: 414px\" class=\"wp-caption aligncenter\"><a href=\"https:\/\/www.auditsi.eu\/wp-content\/uploads\/2013\/03\/DSCN8315.jpg\"><img loading=\"lazy\" decoding=\"async\" aria-describedby=\"caption-attachment-3051\" class=\"size-full wp-image-3051\" alt=\"D\u00e9tail d'un paddle Commodore\" src=\"https:\/\/www.auditsi.eu\/wp-content\/uploads\/2013\/03\/DSCN8315.jpg\" width=\"404\" height=\"336\" srcset=\"https:\/\/www.auditsi.eu\/wp-content\/uploads\/2013\/03\/DSCN8315.jpg 404w, https:\/\/www.auditsi.eu\/wp-content\/uploads\/2013\/03\/DSCN8315-300x249.jpg 300w\" sizes=\"auto, (max-width: 404px) 100vw, 404px\" \/><\/a><p id=\"caption-attachment-3051\" class=\"wp-caption-text\">D\u00e9tail d&#8217;un paddle Commodore<\/p><\/div>\n<p><em>Les photos d\u2019illustration sont issues de ma <a title=\"Ma collection\" href=\"http:\/\/www.auditsi.eu\/?page_id=1983\">collection personnelle<\/a>.<\/em><\/p>\n<div style=\"padding-bottom:20px; padding-top:10px;\" class=\"hupso-share-buttons\"><!-- Hupso Share Buttons - https:\/\/www.hupso.com\/share\/ --><a class=\"hupso_counters\" href=\"https:\/\/www.hupso.com\/share\/\"><img decoding=\"async\" src=\"https:\/\/static.hupso.com\/share\/buttons\/lang\/fr\/share-small.png\" style=\"border:0px; padding-top:2px; float:left;\" alt=\"Share Button\"\/><\/a><script type=\"text\/javascript\">var hupso_services_c=new Array(\"twitter\",\"facebook_like\",\"facebook_send\",\"email\",\"print\",\"linkedin\");var hupso_counters_lang = \"fr_FR\";var hupso_image_folder_url = \"\";var hupso_twitter_via=\"BenoitRiviere14\";var hupso_url_c=\"\";var hupso_title_c=\"COMMODORE%20%3A%20accessoires\";<\/script><script type=\"text\/javascript\" src=\"https:\/\/static.hupso.com\/share\/js\/counters.js\"><\/script><!-- Hupso Share Buttons --><\/div>","protected":false},"excerpt":{"rendered":"<p>La gamme Commodore a \u00e9t\u00e9 enrichie de nombreux p\u00e9riph\u00e9riques et logiciels. Les photos d\u2019illustration sont issues de ma collection personnelle.<\/p>\n<div style=\"padding-bottom:20px; padding-top:10px;\" class=\"hupso-share-buttons\"><!-- Hupso Share Buttons - https:\/\/www.hupso.com\/share\/ --><a class=\"hupso_counters\" href=\"https:\/\/www.hupso.com\/share\/\"><img src=\"https:\/\/static.hupso.com\/share\/buttons\/lang\/fr\/share-small.png\" style=\"border:0px; padding-top:2px; float:left;\" alt=\"Share Button\"\/><\/a><script type=\"text\/javascript\">var hupso_services_c=new Array(\"twitter\",\"facebook_like\",\"facebook_send\",\"email\",\"print\",\"linkedin\");var hupso_counters_lang = \"fr_FR\";var hupso_image_folder_url = \"\";var hupso_twitter_via=\"BenoitRiviere14\";var hupso_url_c=\"\";var hupso_title_c=\"COMMODORE%20%3A%20accessoires\";<\/script><script type=\"text\/javascript\" src=\"https:\/\/static.hupso.com\/share\/js\/counters.js\"><\/script><!-- Hupso Share Buttons --><\/div>","protected":false},"author":1,"featured_media":0,"parent":0,"menu_order":0,"comment_status":"open","ping_status":"open","template":"","meta":{"advanced_seo_description":"","jetpack_seo_html_title":"","jetpack_seo_noindex":false,"ngg_post_thumbnail":0,"footnotes":"","_links_to":"","_links_to_target":""},"class_list":["post-3043","page","type-page","status-publish","hentry"],"jetpack_sharing_enabled":true,"jetpack_likes_enabled":false,"_links":{"self":[{"href":"https:\/\/www.auditsi.eu\/index.php?rest_route=\/wp\/v2\/pages\/3043","targetHints":{"allow":["GET"]}}],"collection":[{"href":"https:\/\/www.auditsi.eu\/index.php?rest_route=\/wp\/v2\/pages"}],"about":[{"href":"https:\/\/www.auditsi.eu\/index.php?rest_route=\/wp\/v2\/types\/page"}],"author":[{"embeddable":true,"href":"https:\/\/www.auditsi.eu\/index.php?rest_route=\/wp\/v2\/users\/1"}],"replies":[{"embeddable":true,"href":"https:\/\/www.auditsi.eu\/index.php?rest_route=%2Fwp%2Fv2%2Fcomments&post=3043"}],"version-history":[{"count":8,"href":"https:\/\/www.auditsi.eu\/index.php?rest_route=\/wp\/v2\/pages\/3043\/revisions"}],"predecessor-version":[{"id":3049,"href":"https:\/\/www.auditsi.eu\/index.php?rest_route=\/wp\/v2\/pages\/3043\/revisions\/3049"}],"wp:attachment":[{"href":"https:\/\/www.auditsi.eu\/index.php?rest_route=%2Fwp%2Fv2%2Fmedia&parent=3043"}],"curies":[{"name":"wp","href":"https:\/\/api.w.org\/{rel}","templated":true}]}}