{"id":3036,"date":"2013-03-31T11:53:20","date_gmt":"2013-03-31T09:53:20","guid":{"rendered":"http:\/\/www.auditsi.eu\/?page_id=3036"},"modified":"2014-06-27T22:23:58","modified_gmt":"2014-06-27T20:23:58","slug":"commodore-c128","status":"publish","type":"page","link":"https:\/\/www.auditsi.eu\/?page_id=3036","title":{"rendered":"COMMODORE C128"},"content":{"rendered":"<p>Le C128 de COMMODORE offre 128Ko de m\u00e9moire, le summum pour l&#8217;\u00e9poque, un minimum pour esp\u00e9rer se faire une place sur le march\u00e9 am\u00e9ricain et sortir du gouffre !<\/p>\n<div id=\"attachment_3037\" style=\"width: 458px\" class=\"wp-caption aligncenter\"><a href=\"https:\/\/www.auditsi.eu\/wp-content\/uploads\/2013\/03\/DSCN8318.jpg\"><img loading=\"lazy\" decoding=\"async\" aria-describedby=\"caption-attachment-3037\" class=\"size-full wp-image-3037\" src=\"https:\/\/www.auditsi.eu\/wp-content\/uploads\/2013\/03\/DSCN8318.jpg\" alt=\"Le C128 de Commodore\" width=\"448\" height=\"230\" srcset=\"https:\/\/www.auditsi.eu\/wp-content\/uploads\/2013\/03\/DSCN8318.jpg 448w, https:\/\/www.auditsi.eu\/wp-content\/uploads\/2013\/03\/DSCN8318-300x154.jpg 300w\" sizes=\"auto, (max-width: 448px) 100vw, 448px\" \/><\/a><p id=\"caption-attachment-3037\" class=\"wp-caption-text\">Le C128 de Commodore<\/p><\/div>\n<div id=\"attachment_3041\" style=\"width: 458px\" class=\"wp-caption aligncenter\"><a href=\"https:\/\/www.auditsi.eu\/wp-content\/uploads\/2013\/03\/DSCN8320.jpg\"><img loading=\"lazy\" decoding=\"async\" aria-describedby=\"caption-attachment-3041\" class=\"size-full wp-image-3041\" src=\"https:\/\/www.auditsi.eu\/wp-content\/uploads\/2013\/03\/DSCN8320.jpg\" alt=\"Ecran d'accueil du C128\" width=\"448\" height=\"239\" srcset=\"https:\/\/www.auditsi.eu\/wp-content\/uploads\/2013\/03\/DSCN8320.jpg 448w, https:\/\/www.auditsi.eu\/wp-content\/uploads\/2013\/03\/DSCN8320-300x160.jpg 300w\" sizes=\"auto, (max-width: 448px) 100vw, 448px\" \/><\/a><p id=\"caption-attachment-3041\" class=\"wp-caption-text\">Ecran d&#8217;accueil du C128<\/p><\/div>\n<div id=\"attachment_3058\" style=\"width: 458px\" class=\"wp-caption aligncenter\"><a href=\"https:\/\/www.auditsi.eu\/wp-content\/uploads\/2013\/03\/DSCN8321.jpg\"><img loading=\"lazy\" decoding=\"async\" aria-describedby=\"caption-attachment-3058\" class=\"size-full wp-image-3058\" src=\"https:\/\/www.auditsi.eu\/wp-content\/uploads\/2013\/03\/DSCN8321.jpg\" alt=\"L'abondante documentation de programmation pour COMMODORE\" width=\"448\" height=\"260\" srcset=\"https:\/\/www.auditsi.eu\/wp-content\/uploads\/2013\/03\/DSCN8321.jpg 448w, https:\/\/www.auditsi.eu\/wp-content\/uploads\/2013\/03\/DSCN8321-300x174.jpg 300w\" sizes=\"auto, (max-width: 448px) 100vw, 448px\" \/><\/a><p id=\"caption-attachment-3058\" class=\"wp-caption-text\">L&#8217;abondante documentation de programmation pour COMMODORE<\/p><\/div>\n<div id=\"attachment_3308\" style=\"width: 474px\" class=\"wp-caption aligncenter\"><a href=\"https:\/\/www.auditsi.eu\/wp-content\/uploads\/2012\/10\/SVM-26-COMMODORE-FAILLITE.jpg\"><img loading=\"lazy\" decoding=\"async\" aria-describedby=\"caption-attachment-3308\" class=\"size-full wp-image-3308\" src=\"https:\/\/www.auditsi.eu\/wp-content\/uploads\/2012\/10\/SVM-26-COMMODORE-FAILLITE.jpg\" alt=\"COMMODORE menac\u00e9 de faillite (Science &amp; Vie Micro n\u00b0 26, mars 1986, p. 9)\" width=\"464\" height=\"410\" srcset=\"https:\/\/www.auditsi.eu\/wp-content\/uploads\/2012\/10\/SVM-26-COMMODORE-FAILLITE.jpg 464w, https:\/\/www.auditsi.eu\/wp-content\/uploads\/2012\/10\/SVM-26-COMMODORE-FAILLITE-300x265.jpg 300w\" sizes=\"auto, (max-width: 464px) 100vw, 464px\" \/><\/a><p id=\"caption-attachment-3308\" class=\"wp-caption-text\">COMMODORE menac\u00e9 de faillite (Science &amp; Vie Micro n\u00b0 26, mars 1986, p. 9)<\/p><\/div>\n<p>S\u00e9lection d\u2019articles sur le sujet :<\/p>\n<ul>\n<li>Commodore 128 : trois micros en un, Soft &amp; Micro n\u00b0 13 (novembre 1985), p. 39 : le C138 comporte trois microprocesseurs lui ouvrant une importante biblioth\u00e8que de logiciels.<\/li>\n<li>Commodore 128, un ravalement tr\u00e8s attendu, Science &amp; Vie Micro n\u00b0 23 (d\u00e9cembre 1985), p. 125 : le C128 r\u00e9ussit la prouesse de s&#8217;adjoindre le CP\/M+ tout en conservant la compatibilit\u00e9 totale avec son pr\u00e9d\u00e9cesseur le C64.<\/li>\n<\/ul>\n<p><em>Les photos d\u2019illustration sont issues de ma <a title=\"Ma collection\" href=\"http:\/\/www.auditsi.eu\/?page_id=1983\">collection personnelle<\/a>.<\/em><\/p>\n<p>Approfondir le sujet :<br \/>\n<a title=\"L'informatique des ann\u00e9es 80\" href=\"http:\/\/www.auditsi.eu\/?page_id=2119\">L\u2019informatique des ann\u00e9es 80<\/a> \/ <a title=\"Ma collection\" href=\"http:\/\/www.auditsi.eu\/?page_id=1983\">Ma collection<\/a> \/ <a title=\"Ma documentation\" href=\"http:\/\/www.auditsi.eu\/?page_id=3930\">Ma documentation<\/a> \/ <a title=\"Quelques id\u00e9es de lecture pour en savoir plus\" href=\"http:\/\/www.auditsi.eu\/?page_id=4631\">Quelques id\u00e9es de lecture<\/a><\/p>\n<div style=\"padding-bottom:20px; padding-top:10px;\" class=\"hupso-share-buttons\"><!-- Hupso Share Buttons - https:\/\/www.hupso.com\/share\/ --><a class=\"hupso_counters\" href=\"https:\/\/www.hupso.com\/share\/\"><img decoding=\"async\" src=\"https:\/\/static.hupso.com\/share\/buttons\/lang\/fr\/share-small.png\" style=\"border:0px; padding-top:2px; float:left;\" alt=\"Share Button\"\/><\/a><script type=\"text\/javascript\">var hupso_services_c=new Array(\"twitter\",\"facebook_like\",\"facebook_send\",\"email\",\"print\",\"linkedin\");var hupso_counters_lang = \"fr_FR\";var hupso_image_folder_url = \"\";var hupso_twitter_via=\"BenoitRiviere14\";var hupso_url_c=\"\";var hupso_title_c=\"COMMODORE%20C128\";<\/script><script type=\"text\/javascript\" src=\"https:\/\/static.hupso.com\/share\/js\/counters.js\"><\/script><!-- Hupso Share Buttons --><\/div>","protected":false},"excerpt":{"rendered":"<p>Le C128 de COMMODORE offre 128Ko de m\u00e9moire, le summum pour l&#8217;\u00e9poque, un minimum pour esp\u00e9rer se faire une place sur le march\u00e9 am\u00e9ricain et sortir du gouffre ! S\u00e9lection d\u2019articles sur le sujet : Commodore 128 : trois micros en un, Soft &amp; Micro n\u00b0 13 (novembre 1985), p. 39 : le C138 comporte &#8230;<\/p>\n<p><a href=\"https:\/\/www.auditsi.eu\/?page_id=3036\" class=\"more-link\">Continue reading &lsquo;COMMODORE C128&rsquo; &raquo;<\/a><\/p>\n<div style=\"padding-bottom:20px; padding-top:10px;\" class=\"hupso-share-buttons\"><!-- Hupso Share Buttons - https:\/\/www.hupso.com\/share\/ --><a class=\"hupso_counters\" href=\"https:\/\/www.hupso.com\/share\/\"><img src=\"https:\/\/static.hupso.com\/share\/buttons\/lang\/fr\/share-small.png\" style=\"border:0px; padding-top:2px; float:left;\" alt=\"Share Button\"\/><\/a><script type=\"text\/javascript\">var hupso_services_c=new Array(\"twitter\",\"facebook_like\",\"facebook_send\",\"email\",\"print\",\"linkedin\");var hupso_counters_lang = \"fr_FR\";var hupso_image_folder_url = \"\";var hupso_twitter_via=\"BenoitRiviere14\";var hupso_url_c=\"\";var hupso_title_c=\"COMMODORE%20C128\";<\/script><script type=\"text\/javascript\" src=\"https:\/\/static.hupso.com\/share\/js\/counters.js\"><\/script><!-- Hupso Share Buttons --><\/div>","protected":false},"author":1,"featured_media":0,"parent":0,"menu_order":0,"comment_status":"open","ping_status":"open","template":"","meta":{"advanced_seo_description":"","jetpack_seo_html_title":"","jetpack_seo_noindex":false,"ngg_post_thumbnail":0,"footnotes":"","_links_to":"","_links_to_target":""},"class_list":["post-3036","page","type-page","status-publish","hentry"],"jetpack_sharing_enabled":true,"jetpack_likes_enabled":false,"_links":{"self":[{"href":"https:\/\/www.auditsi.eu\/index.php?rest_route=\/wp\/v2\/pages\/3036","targetHints":{"allow":["GET"]}}],"collection":[{"href":"https:\/\/www.auditsi.eu\/index.php?rest_route=\/wp\/v2\/pages"}],"about":[{"href":"https:\/\/www.auditsi.eu\/index.php?rest_route=\/wp\/v2\/types\/page"}],"author":[{"embeddable":true,"href":"https:\/\/www.auditsi.eu\/index.php?rest_route=\/wp\/v2\/users\/1"}],"replies":[{"embeddable":true,"href":"https:\/\/www.auditsi.eu\/index.php?rest_route=%2Fwp%2Fv2%2Fcomments&post=3036"}],"version-history":[{"count":10,"href":"https:\/\/www.auditsi.eu\/index.php?rest_route=\/wp\/v2\/pages\/3036\/revisions"}],"predecessor-version":[{"id":4998,"href":"https:\/\/www.auditsi.eu\/index.php?rest_route=\/wp\/v2\/pages\/3036\/revisions\/4998"}],"wp:attachment":[{"href":"https:\/\/www.auditsi.eu\/index.php?rest_route=%2Fwp%2Fv2%2Fmedia&parent=3036"}],"curies":[{"name":"wp","href":"https:\/\/api.w.org\/{rel}","templated":true}]}}