{"id":2993,"date":"2013-03-03T22:06:02","date_gmt":"2013-03-03T20:06:02","guid":{"rendered":"http:\/\/www.auditsi.eu\/?page_id=2993"},"modified":"2015-11-11T19:25:37","modified_gmt":"2015-11-11T18:25:37","slug":"to-et-mo-de-thomson","status":"publish","type":"page","link":"https:\/\/www.auditsi.eu\/?page_id=2993","title":{"rendered":"TO et MO de THOMSON"},"content":{"rendered":"<p style=\"text-align: justify;\">THOMSON (par l&#8217;interm\u00e9diaire de sa filiale SIMIV) aura \u00e9t\u00e9 le <a title=\"La micro-informatique fran\u00e7aise\" href=\"http:\/\/www.auditsi.eu\/?page_id=2333\">constructeur fran\u00e7ais<\/a> le plus actif.<\/p>\n<p style=\"text-align: justify;\"><em>Lancement du TO7 en 1982<\/em><\/p>\n<div id=\"attachment_3583\" style=\"width: 411px\" class=\"wp-caption aligncenter\"><a href=\"https:\/\/www.auditsi.eu\/wp-content\/uploads\/2013\/03\/DSCN8911.jpg\"><img loading=\"lazy\" decoding=\"async\" aria-describedby=\"caption-attachment-3583\" class=\"size-full wp-image-3583\" src=\"https:\/\/www.auditsi.eu\/wp-content\/uploads\/2013\/03\/DSCN8911.jpg\" alt=\"Le TO7 de THOMSON\" width=\"401\" height=\"336\" srcset=\"https:\/\/www.auditsi.eu\/wp-content\/uploads\/2013\/03\/DSCN8911.jpg 401w, https:\/\/www.auditsi.eu\/wp-content\/uploads\/2013\/03\/DSCN8911-300x251.jpg 300w\" sizes=\"auto, (max-width: 401px) 100vw, 401px\" \/><\/a><p id=\"caption-attachment-3583\" class=\"wp-caption-text\">Le TO7 de THOMSON<\/p><\/div>\n<p style=\"text-align: justify;\">THOMSON lance le TO7 (aussi connu sous le nom de code de Thomson 9000), premier micro-ordinateur familial fran\u00e7ais, en 1982. Le TO7 sera commercialis\u00e9 jusqu&#8217;en 1984. Il est \u00e9quip\u00e9 du microprocesseur Motorola 6809 et de 8 Ko de m\u00e9moire vive.<\/p>\n<p style=\"text-align: center;\">[youtube 4FAv1d632Yw]<\/p>\n<p style=\"text-align: justify;\"><em>Les micro-ordinateurs THOMSON en 1984<\/em><\/p>\n<p style=\"text-align: justify;\">Deux ans plus tard, THOMSON organise sa gamme d&#8217;ordinateurs autour de trois machines :<\/p>\n<ul>\n<li>MO5,<\/li>\n<li>TO7\/70 (en remplacement du TO7),<\/li>\n<li>TO9 (1985).<\/li>\n<\/ul>\n<p style=\"text-align: justify;\">Ces machines sont dot\u00e9es du microprocesseur 8 bits Motorola 6809E cadenc\u00e9 \u00e0 1 MHz.<\/p>\n<div id=\"attachment_3008\" style=\"width: 458px\" class=\"wp-caption aligncenter\"><a href=\"https:\/\/www.auditsi.eu\/wp-content\/uploads\/2013\/03\/DSCN8152.jpg\"><img loading=\"lazy\" decoding=\"async\" aria-describedby=\"caption-attachment-3008\" class=\"size-full wp-image-3008\" src=\"https:\/\/www.auditsi.eu\/wp-content\/uploads\/2013\/03\/DSCN8152.jpg\" alt=\"Le TO7\/70 de THOMSON et son crayon optique\" width=\"448\" height=\"225\" srcset=\"https:\/\/www.auditsi.eu\/wp-content\/uploads\/2013\/03\/DSCN8152.jpg 448w, https:\/\/www.auditsi.eu\/wp-content\/uploads\/2013\/03\/DSCN8152-300x150.jpg 300w\" sizes=\"auto, (max-width: 448px) 100vw, 448px\" \/><\/a><p id=\"caption-attachment-3008\" class=\"wp-caption-text\">Le TO7\/70 de THOMSON et son crayon optique<\/p><\/div>\n<div id=\"attachment_6321\" style=\"width: 455px\" class=\"wp-caption aligncenter\"><a href=\"https:\/\/www.auditsi.eu\/wp-content\/uploads\/2013\/03\/TO7-70-clavier-m\u00e9canique.jpg\"><img loading=\"lazy\" decoding=\"async\" aria-describedby=\"caption-attachment-6321\" class=\" wp-image-6321\" src=\"https:\/\/www.auditsi.eu\/wp-content\/uploads\/2013\/03\/TO7-70-clavier-m\u00e9canique.jpg\" alt=\"Le TO7\/70 version clavier m\u00e9canique\" width=\"445\" height=\"232\" srcset=\"https:\/\/www.auditsi.eu\/wp-content\/uploads\/2013\/03\/TO7-70-clavier-m\u00e9canique.jpg 1024w, https:\/\/www.auditsi.eu\/wp-content\/uploads\/2013\/03\/TO7-70-clavier-m\u00e9canique-300x156.jpg 300w, https:\/\/www.auditsi.eu\/wp-content\/uploads\/2013\/03\/TO7-70-clavier-m\u00e9canique-730x381.jpg 730w\" sizes=\"auto, (max-width: 445px) 100vw, 445px\" \/><\/a><p id=\"caption-attachment-6321\" class=\"wp-caption-text\">Le TO7\/70 version clavier m\u00e9canique<\/p><\/div>\n<p style=\"text-align: justify;\">Le Basic, r\u00e9sident sur le MO5, est contenu sur une cartouche sur les TO7 et TO7\/70.<\/p>\n<div id=\"attachment_3011\" style=\"width: 458px\" class=\"wp-caption aligncenter\"><a href=\"https:\/\/www.auditsi.eu\/wp-content\/uploads\/2013\/03\/DSCN8157.jpg\"><img loading=\"lazy\" decoding=\"async\" aria-describedby=\"caption-attachment-3011\" class=\"size-full wp-image-3011\" src=\"https:\/\/www.auditsi.eu\/wp-content\/uploads\/2013\/03\/DSCN8157.jpg\" alt=\"Lecteur de cartouche du TO7\/70\" width=\"448\" height=\"317\" srcset=\"https:\/\/www.auditsi.eu\/wp-content\/uploads\/2013\/03\/DSCN8157.jpg 448w, https:\/\/www.auditsi.eu\/wp-content\/uploads\/2013\/03\/DSCN8157-300x212.jpg 300w\" sizes=\"auto, (max-width: 448px) 100vw, 448px\" \/><\/a><p id=\"caption-attachment-3011\" class=\"wp-caption-text\">Lecteur de cartouche du TO7\/70<\/p><\/div>\n<p style=\"text-align: justify;\">Sa gamme d&#8217;ordinateurs grand public a profit\u00e9 du plan gouvernemental IPT en 1985 ; gr\u00e2ce au <a title=\"La micro-informatique fran\u00e7aise, une exp\u00e9rience mitig\u00e9e\" href=\"http:\/\/www.auditsi.eu\/?page_id=2333\">plan Informatique Pour Tous<\/a>, THOMSON (nationalis\u00e9e en 1982) a pu placer ses MO5 et TO7 (TO pour T\u00e9l\u00e9-Ordinateur) par dizaines de milliers dans toutes les \u00e9coles de l&#8217;Hexagone.<\/p>\n<div id=\"attachment_4922\" style=\"width: 458px\" class=\"wp-caption aligncenter\"><a href=\"https:\/\/www.auditsi.eu\/wp-content\/uploads\/2013\/03\/MO5.jpg\"><img loading=\"lazy\" decoding=\"async\" aria-describedby=\"caption-attachment-4922\" class=\"size-full wp-image-4922\" src=\"https:\/\/www.auditsi.eu\/wp-content\/uploads\/2013\/03\/MO5.jpg\" alt=\"Le MO5 de THOMSON\" width=\"448\" height=\"231\" srcset=\"https:\/\/www.auditsi.eu\/wp-content\/uploads\/2013\/03\/MO5.jpg 448w, https:\/\/www.auditsi.eu\/wp-content\/uploads\/2013\/03\/MO5-300x154.jpg 300w\" sizes=\"auto, (max-width: 448px) 100vw, 448px\" \/><\/a><p id=\"caption-attachment-4922\" class=\"wp-caption-text\">Le MO5 de THOMSON (clavier gomme)<\/p><\/div>\n<div id=\"attachment_6223\" style=\"width: 461px\" class=\"wp-caption aligncenter\"><a href=\"https:\/\/www.auditsi.eu\/wp-content\/uploads\/2013\/03\/MO5-CLAVIER-MECANIQUE.jpg\"><img loading=\"lazy\" decoding=\"async\" aria-describedby=\"caption-attachment-6223\" class=\" wp-image-6223\" src=\"https:\/\/www.auditsi.eu\/wp-content\/uploads\/2013\/03\/MO5-CLAVIER-MECANIQUE.jpg\" alt=\"Le MO5 de THOMSON (clavier m\u00e9canique)\" width=\"451\" height=\"280\" srcset=\"https:\/\/www.auditsi.eu\/wp-content\/uploads\/2013\/03\/MO5-CLAVIER-MECANIQUE.jpg 1024w, https:\/\/www.auditsi.eu\/wp-content\/uploads\/2013\/03\/MO5-CLAVIER-MECANIQUE-300x186.jpg 300w, https:\/\/www.auditsi.eu\/wp-content\/uploads\/2013\/03\/MO5-CLAVIER-MECANIQUE-730x453.jpg 730w\" sizes=\"auto, (max-width: 451px) 100vw, 451px\" \/><\/a><p id=\"caption-attachment-6223\" class=\"wp-caption-text\">Le MO5 de THOMSON (clavier m\u00e9canique)<\/p><\/div>\n<p style=\"text-align: justify;\">Le MO5 sera d\u00e9clin\u00e9 en plusieurs versions :<\/p>\n<ul>\n<li>MO5 (clavier gomme),<\/li>\n<li>MO5 (clavier m\u00e9canique) : 1984<\/li>\n<li><a href=\"http:\/\/www.auditsi.eu\/?page_id=4943\">MO5 s\u00e9rie limit\u00e9e Michel Platini<\/a> (clavier m\u00e9canique), bo\u00eetier blanc : 1984,<\/li>\n<li>MO5E (clavier m\u00e9canique QWERTY) : mod\u00e8le destin\u00e9 \u00e0 l&#8217;exportation : 1986,<\/li>\n<li>MO5NR (1984) : dot\u00e9 de l&#8217;interface NanoR\u00e9seau int\u00e9gr\u00e9e.<\/li>\n<\/ul>\n<div id=\"attachment_4928\" style=\"width: 355px\" class=\"wp-caption aligncenter\"><a href=\"https:\/\/www.auditsi.eu\/wp-content\/uploads\/2013\/03\/MO5-PLATINI-ET-SON-SAC.jpg\"><img loading=\"lazy\" decoding=\"async\" aria-describedby=\"caption-attachment-4928\" class=\"size-full wp-image-4928\" src=\"https:\/\/www.auditsi.eu\/wp-content\/uploads\/2013\/03\/MO5-PLATINI-ET-SON-SAC.jpg\" alt=\"Le MO5 \u00e9dition sp\u00e9ciale Michel Platini livr\u00e9 dans son sac de sport\" width=\"345\" height=\"336\" srcset=\"https:\/\/www.auditsi.eu\/wp-content\/uploads\/2013\/03\/MO5-PLATINI-ET-SON-SAC.jpg 345w, https:\/\/www.auditsi.eu\/wp-content\/uploads\/2013\/03\/MO5-PLATINI-ET-SON-SAC-300x292.jpg 300w\" sizes=\"auto, (max-width: 345px) 100vw, 345px\" \/><\/a><p id=\"caption-attachment-4928\" class=\"wp-caption-text\">Le MO5 \u00e9dition sp\u00e9ciale Michel Platini livr\u00e9 dans son sac de sport<\/p><\/div>\n<p style=\"text-align: justify;\">A noter, les ordinateurs THOMSON \u00e9taient dot\u00e9s d&#8217;un stylo optique qui permettait de saisir des informations \u00e0 l&#8217;\u00e9cran (choix d&#8217;options, dessin&#8230;). Ce p\u00e9riph\u00e9rique n&#8217;a jamais rencontr\u00e9 de franc succ\u00e8s (\u00e0 part THOMSON, peu de constructeurs en ont commercialis\u00e9), il a \u00e9t\u00e9 rapidement d\u00e9tr\u00f4n\u00e9 par la souris. Si ce stylo fonctionnait parfaitement sur les \u00e9crans cathodiques (CRT) de l&#8217;\u00e9poque, il est totalement inop\u00e9rant sur les \u00e9crans LCD actuels : \u00e0 part rayer la dalle, on ne peut rien en obtenir.<\/p>\n<p style=\"text-align: justify;\">THOMSON n&#8217;est jamais parvenu \u00e0 r\u00e9ellement s&#8217;imposer sur le march\u00e9 en France (et encore moins \u00e0 l&#8217;\u00e9tranger). Les qualit\u00e9s techniques de ses machines (processeur cadenc\u00e9 \u00e0 seulement 1 MHz, gestion d\u00e9plorable des couleurs, interpr\u00e9teur basic lent) ne pouvaient rivaliser face \u00e0 une concurrence forte britannique et am\u00e9ricaine. En outre, le choix d&#8217;un microprocesseur peu commun obligeait les \u00e9diteurs de logiciels \u00e0 r\u00e9\u00e9crire leurs programmes sp\u00e9cialement&#8230; pour une machine r\u00e9serv\u00e9e \u00e0 un march\u00e9 franco-fran\u00e7ais. Sans compter que le port manettes de jeux (au format DIN comme les antiques Vid\u00e9opac alors que la concurrence a adopt\u00e9 le format Atari) n&#8217;\u00e9tait qu&#8217;optionnel !<\/p>\n<p style=\"text-align: justify;\">THOMSON n&#8217;a pas su appr\u00e9hender son march\u00e9. Michel PLATINI, star du football des ann\u00e9es 80 est m\u00eame appel\u00e9 \u00e0 la rescousse pour soutenir la marque.<\/p>\n<p style=\"text-align: center;\">[youtube tY23ZhrXocY]<\/p>\n<p style=\"text-align: justify;\">Le positionnement prix n&#8217;a pas aid\u00e9 non plus les MO5 et autres TO7. Endormie sur ses lauriers avec le plan IPT, THOMSON n&#8217;a pas vu qu&#8217;elle allait droit dans le mur.<\/p>\n<p style=\"text-align: justify;\"><em>La nouvelle gamme THOMSON en 1986<\/em><\/p>\n<div id=\"attachment_3009\" style=\"width: 458px\" class=\"wp-caption aligncenter\"><a href=\"https:\/\/www.auditsi.eu\/wp-content\/uploads\/2013\/03\/DSCN8153.jpg\"><img loading=\"lazy\" decoding=\"async\" aria-describedby=\"caption-attachment-3009\" class=\"size-full wp-image-3009\" src=\"https:\/\/www.auditsi.eu\/wp-content\/uploads\/2013\/03\/DSCN8153.jpg\" alt=\"Le TO8 de THOMSON, le successeur du TO7\/70\" width=\"448\" height=\"263\" srcset=\"https:\/\/www.auditsi.eu\/wp-content\/uploads\/2013\/03\/DSCN8153.jpg 448w, https:\/\/www.auditsi.eu\/wp-content\/uploads\/2013\/03\/DSCN8153-300x176.jpg 300w\" sizes=\"auto, (max-width: 448px) 100vw, 448px\" \/><\/a><p id=\"caption-attachment-3009\" class=\"wp-caption-text\">Le TO8 de THOMSON, le successeur du TO7\/70<\/p><\/div>\n<p style=\"text-align: justify;\">En 1986, pour relancer ses ventes, THOMSON renouvelle sa gamme d&#8217;ordinateurs :<\/p>\n<ul>\n<li>MO6,<\/li>\n<li>TO8 et, en 1987, TO8D (D pour disquette),<\/li>\n<li>TO9+.<\/li>\n<\/ul>\n<div id=\"attachment_3329\" style=\"width: 433px\" class=\"wp-caption aligncenter\"><a href=\"https:\/\/www.auditsi.eu\/wp-content\/uploads\/2013\/03\/SVM-32-1986-PUB-TO8.jpg\"><img loading=\"lazy\" decoding=\"async\" aria-describedby=\"caption-attachment-3329\" class=\"size-full wp-image-3329\" src=\"https:\/\/www.auditsi.eu\/wp-content\/uploads\/2013\/03\/SVM-32-1986-PUB-TO8.jpg\" alt=\"Publicit\u00e9 pour le TO8 (1986)\" width=\"423\" height=\"576\" srcset=\"https:\/\/www.auditsi.eu\/wp-content\/uploads\/2013\/03\/SVM-32-1986-PUB-TO8.jpg 423w, https:\/\/www.auditsi.eu\/wp-content\/uploads\/2013\/03\/SVM-32-1986-PUB-TO8-220x300.jpg 220w\" sizes=\"auto, (max-width: 423px) 100vw, 423px\" \/><\/a><p id=\"caption-attachment-3329\" class=\"wp-caption-text\">Publicit\u00e9 pour le TO8 (1986)<\/p><\/div>\n<p style=\"text-align: justify;\"><em>L&#8217;abandon du march\u00e9 de la micro-informatique familiale<\/em><\/p>\n<p style=\"text-align: justify;\">Le renouvellement complet de sa gamme (MO5 remplac\u00e9 par MO6, TO7\/70 par TO8 et TO8D) n&#8217;y aura rien chang\u00e9 : THOMSON abandonne le march\u00e9 de la micro-informatique familiale (ainsi que tous les utilisateurs qui ont cru en elle&#8230;) en 1986 pour se lancer sur le march\u00e9 du Compatible PC&#8230; Un v\u00e9ritable g\u00e2chis financier technologique !<\/p>\n<div id=\"attachment_3636\" style=\"width: 475px\" class=\"wp-caption aligncenter\"><a href=\"https:\/\/www.auditsi.eu\/wp-content\/uploads\/2012\/11\/Hebdogiciel-163-Thomson-arr\u00eate-les-frais.jpg\"><img loading=\"lazy\" decoding=\"async\" aria-describedby=\"caption-attachment-3636\" class=\"size-full wp-image-3636\" src=\"https:\/\/www.auditsi.eu\/wp-content\/uploads\/2012\/11\/Hebdogiciel-163-Thomson-arr\u00eate-les-frais.jpg\" alt=\"Annonce brutale du constructeur tricolore : Thomson (devenu depuis Technicolor) arr\u00eate les frais (Hebdogiciel 163, 26 novembre 1986)\" width=\"465\" height=\"432\" srcset=\"https:\/\/www.auditsi.eu\/wp-content\/uploads\/2012\/11\/Hebdogiciel-163-Thomson-arr\u00eate-les-frais.jpg 465w, https:\/\/www.auditsi.eu\/wp-content\/uploads\/2012\/11\/Hebdogiciel-163-Thomson-arr\u00eate-les-frais-300x278.jpg 300w\" sizes=\"auto, (max-width: 465px) 100vw, 465px\" \/><\/a><p id=\"caption-attachment-3636\" class=\"wp-caption-text\">Annonce brutale du constructeur tricolore : Thomson (devenu depuis Technicolor) arr\u00eate les frais (Hebdogiciel 163, 26 novembre 1986)<\/p><\/div>\n<p style=\"text-align: justify;\"><em>Incompatibilit\u00e9<\/em><\/p>\n<p style=\"text-align: justify;\">Les ordinateurs THOMSON et leurs p\u00e9riph\u00e9riques n&#8217;\u00e9taient pas tous compatibles entre eux, il en est ainsi des lecteurs de cassette mais aussi des formats de cartouche. Un comble pour des machines du m\u00eame constructeur et aux caract\u00e9ristiques techniques.<\/p>\n<p style=\"text-align: justify;\"><em>P\u00e9riph\u00e9riques<\/em><\/p>\n<p style=\"text-align: justify;\">Les ordinateurs THOMSON disposaient d&#8217;une tr\u00e8s large gamme de p\u00e9riph\u00e9riques :<\/p>\n<ul>\n<li>Lecteur de disquette (3&#8243; 1\/2, 5&#8243; 1\/4), de QDD (Quick Disk),<\/li>\n<li>Imprimantes,<\/li>\n<li>Manettes de jeux&#8230;,<\/li>\n<li>Bo\u00eetiers de communication.<\/li>\n<\/ul>\n<div id=\"attachment_3010\" style=\"width: 458px\" class=\"wp-caption aligncenter\"><a href=\"https:\/\/www.auditsi.eu\/wp-content\/uploads\/2013\/03\/DSCN8156.jpg\"><img loading=\"lazy\" decoding=\"async\" aria-describedby=\"caption-attachment-3010\" class=\"size-full wp-image-3010\" src=\"https:\/\/www.auditsi.eu\/wp-content\/uploads\/2013\/03\/DSCN8156.jpg\" alt=\"Connecteurs \u00e0 l'arri\u00e8re du TO8 : p\u00e9ritel, imprimante et lecteur de disquette (DIN 14 broches)\" width=\"448\" height=\"109\" srcset=\"https:\/\/www.auditsi.eu\/wp-content\/uploads\/2013\/03\/DSCN8156.jpg 448w, https:\/\/www.auditsi.eu\/wp-content\/uploads\/2013\/03\/DSCN8156-300x72.jpg 300w\" sizes=\"auto, (max-width: 448px) 100vw, 448px\" \/><\/a><p id=\"caption-attachment-3010\" class=\"wp-caption-text\">Connecteurs \u00e0 l&#8217;arri\u00e8re du TO8 : p\u00e9ritel, imprimante et lecteur de disquette (DIN 14 broches)<\/p><\/div>\n<div id=\"attachment_3013\" style=\"width: 458px\" class=\"wp-caption aligncenter\"><a href=\"https:\/\/www.auditsi.eu\/wp-content\/uploads\/2013\/03\/DSCN8161.jpg\"><img loading=\"lazy\" decoding=\"async\" aria-describedby=\"caption-attachment-3013\" class=\"size-full wp-image-3013\" src=\"https:\/\/www.auditsi.eu\/wp-content\/uploads\/2013\/03\/DSCN8161.jpg\" alt=\"Contr\u00f4leur de lecteur de disquette (DIN 14 broches)\" width=\"448\" height=\"169\" srcset=\"https:\/\/www.auditsi.eu\/wp-content\/uploads\/2013\/03\/DSCN8161.jpg 448w, https:\/\/www.auditsi.eu\/wp-content\/uploads\/2013\/03\/DSCN8161-300x113.jpg 300w\" sizes=\"auto, (max-width: 448px) 100vw, 448px\" \/><\/a><p id=\"caption-attachment-3013\" class=\"wp-caption-text\">Contr\u00f4leur de lecteur de disquette (DIN 14 broches)<\/p><\/div>\n<div id=\"attachment_3337\" style=\"width: 458px\" class=\"wp-caption aligncenter\"><a href=\"https:\/\/www.auditsi.eu\/wp-content\/uploads\/2013\/03\/Lecteur-disquette-THOMSON.jpg\"><img loading=\"lazy\" decoding=\"async\" aria-describedby=\"caption-attachment-3337\" class=\"size-full wp-image-3337\" src=\"https:\/\/www.auditsi.eu\/wp-content\/uploads\/2013\/03\/Lecteur-disquette-THOMSON.jpg\" alt=\"Lecteur de disquette 3,5 pouces THOMSON (avec son fameux c\u00e2ble \u00e0 embout DIN 14 broches)\" width=\"448\" height=\"336\" srcset=\"https:\/\/www.auditsi.eu\/wp-content\/uploads\/2013\/03\/Lecteur-disquette-THOMSON.jpg 448w, https:\/\/www.auditsi.eu\/wp-content\/uploads\/2013\/03\/Lecteur-disquette-THOMSON-300x224.jpg 300w\" sizes=\"auto, (max-width: 448px) 100vw, 448px\" \/><\/a><p id=\"caption-attachment-3337\" class=\"wp-caption-text\">Lecteur de disquette 3,5 pouces THOMSON (avec son fameux c\u00e2ble \u00e0 embout DIN 14 broches)<\/p><\/div>\n<div id=\"attachment_4926\" style=\"width: 458px\" class=\"wp-caption aligncenter\"><a href=\"https:\/\/www.auditsi.eu\/wp-content\/uploads\/2013\/03\/Imprimante-pour-MO5-et-TO7.jpg\"><img loading=\"lazy\" decoding=\"async\" aria-describedby=\"caption-attachment-4926\" class=\"size-full wp-image-4926\" src=\"https:\/\/www.auditsi.eu\/wp-content\/uploads\/2013\/03\/Imprimante-pour-MO5-et-TO7.jpg\" alt=\"Imprimante pour MO5 et TO7 et son contr\u00f4leur\" width=\"448\" height=\"277\" srcset=\"https:\/\/www.auditsi.eu\/wp-content\/uploads\/2013\/03\/Imprimante-pour-MO5-et-TO7.jpg 448w, https:\/\/www.auditsi.eu\/wp-content\/uploads\/2013\/03\/Imprimante-pour-MO5-et-TO7-300x185.jpg 300w\" sizes=\"auto, (max-width: 448px) 100vw, 448px\" \/><\/a><p id=\"caption-attachment-4926\" class=\"wp-caption-text\">Imprimante pour MO5 et TO7 et son contr\u00f4leur<\/p><\/div>\n<div id=\"attachment_6336\" style=\"width: 457px\" class=\"wp-caption aligncenter\"><a href=\"https:\/\/www.auditsi.eu\/wp-content\/uploads\/2013\/10\/Bo\u00eetier-NANORESEAU.jpg\"><img loading=\"lazy\" decoding=\"async\" aria-describedby=\"caption-attachment-6336\" class=\" wp-image-6336\" src=\"https:\/\/www.auditsi.eu\/wp-content\/uploads\/2013\/10\/Bo\u00eetier-NANORESEAU.jpg\" alt=\"Bo\u00eetiers de communication CC90-232 et NANORESEAU LEANORD pour TO7 et MO5\" width=\"447\" height=\"354\" srcset=\"https:\/\/www.auditsi.eu\/wp-content\/uploads\/2013\/10\/Bo\u00eetier-NANORESEAU.jpg 971w, https:\/\/www.auditsi.eu\/wp-content\/uploads\/2013\/10\/Bo\u00eetier-NANORESEAU-300x237.jpg 300w, https:\/\/www.auditsi.eu\/wp-content\/uploads\/2013\/10\/Bo\u00eetier-NANORESEAU-730x577.jpg 730w\" sizes=\"auto, (max-width: 447px) 100vw, 447px\" \/><\/a><p id=\"caption-attachment-6336\" class=\"wp-caption-text\">Bo\u00eetiers de communication CC90-232 et NANORESEAU LEANORD pour TO7 et MO5<\/p><\/div>\n<p>S\u00e9lection d\u2019articles sur le sujet :<\/p>\n<ul>\n<li>Le micro-ordinateur Thomson 9000 : de la t\u00e9l\u00e9matique au vid\u00e9odisque, Micro-Syst\u00e8mes n\u00b0 22 (mars-avril 1982), p. 145 : Thomson-Brandt pr\u00e9sentera, \u00e0 l&#8217;occasion du prochain SICOB, son premier micro-ordinateur &#8220;grand public&#8221;. Essentiellement destin\u00e9 \u00e0 l&#8217;environnement familial et \u00e9ducatif, il se raccorde par cons\u00e9quent au t\u00e9l\u00e9viseur domestique.<\/li>\n<li>MO5, Thomson s&#8217;impose, Science &amp; Vie Micro 6 (mai 1984), p. 72<\/li>\n<li>MO5 : le petit fr\u00e8re tant attendu, Micro-Syst\u00e8mes n\u00b0 44 (juillet-ao\u00fbt 1984), p. 58<\/li>\n<li>Copie pas sur mon micro, Science &amp; Vie Micro 12 (d\u00e9cembre 1984), p. 228 : structure simple, liaisons multiples, nouveaux rapports professeurs-\u00e9l\u00e8ves : le nano-r\u00e9seau ne demande qu&#8217;\u00e0 envahir les salles de classe. Le nano-r\u00e9seau L\u00e9anord peut relier jusqu&#8217;\u00e0 31 ordinateurs au Silz 4 du professeur.<\/li>\n<li>La nouvelle gamme Thomson, Science &amp; Vie Micro 32 (octobre 1986), p. 48 : MO6, TO8 et TO9+ : les nouveaux-n\u00e9s sont des grands fr\u00e8res<\/li>\n<\/ul>\n<p><em>Les photos d\u2019illustration sont issues de ma <a title=\"Ma collection\" href=\"http:\/\/www.auditsi.eu\/?page_id=1983\">collection personnelle<\/a>.<\/em><\/p>\n<p>Approfondir le sujet :<br \/>\n<a title=\"L'informatique des ann\u00e9es 80\" href=\"http:\/\/www.auditsi.eu\/?page_id=2119\">L\u2019informatique des ann\u00e9es 80<\/a> \/ <a title=\"Ma collection\" href=\"http:\/\/www.auditsi.eu\/?page_id=1983\">Ma collection<\/a> \/ <a title=\"Ma documentation\" href=\"http:\/\/www.auditsi.eu\/?page_id=3930\">Ma documentation<\/a> \/ <a title=\"Quelques id\u00e9es de lecture pour en savoir plus\" href=\"http:\/\/www.auditsi.eu\/?page_id=4631\">Quelques id\u00e9es de lecture<\/a><\/p>\n<div style=\"padding-bottom:20px; padding-top:10px;\" class=\"hupso-share-buttons\"><!-- Hupso Share Buttons - https:\/\/www.hupso.com\/share\/ --><a class=\"hupso_counters\" href=\"https:\/\/www.hupso.com\/share\/\"><img decoding=\"async\" src=\"https:\/\/static.hupso.com\/share\/buttons\/lang\/fr\/share-small.png\" style=\"border:0px; padding-top:2px; float:left;\" alt=\"Share Button\"\/><\/a><script type=\"text\/javascript\">var hupso_services_c=new Array(\"twitter\",\"facebook_like\",\"facebook_send\",\"email\",\"print\",\"linkedin\");var hupso_counters_lang = \"fr_FR\";var hupso_image_folder_url = \"\";var hupso_twitter_via=\"BenoitRiviere14\";var hupso_url_c=\"\";var hupso_title_c=\"TO%20et%20MO%20de%20THOMSON\";<\/script><script type=\"text\/javascript\" src=\"https:\/\/static.hupso.com\/share\/js\/counters.js\"><\/script><!-- Hupso Share Buttons --><\/div>","protected":false},"excerpt":{"rendered":"<p>THOMSON (par l&#8217;interm\u00e9diaire de sa filiale SIMIV) aura \u00e9t\u00e9 le constructeur fran\u00e7ais le plus actif. Lancement du TO7 en 1982 THOMSON lance le TO7 (aussi connu sous le nom de code de Thomson 9000), premier micro-ordinateur familial fran\u00e7ais, en 1982. Le TO7 sera commercialis\u00e9 jusqu&#8217;en 1984. Il est \u00e9quip\u00e9 du microprocesseur Motorola 6809 et de &#8230;<\/p>\n<p><a href=\"https:\/\/www.auditsi.eu\/?page_id=2993\" class=\"more-link\">Continue reading &lsquo;TO et MO de THOMSON&rsquo; &raquo;<\/a><\/p>\n<div style=\"padding-bottom:20px; padding-top:10px;\" class=\"hupso-share-buttons\"><!-- Hupso Share Buttons - https:\/\/www.hupso.com\/share\/ --><a class=\"hupso_counters\" href=\"https:\/\/www.hupso.com\/share\/\"><img src=\"https:\/\/static.hupso.com\/share\/buttons\/lang\/fr\/share-small.png\" style=\"border:0px; padding-top:2px; float:left;\" alt=\"Share Button\"\/><\/a><script type=\"text\/javascript\">var hupso_services_c=new Array(\"twitter\",\"facebook_like\",\"facebook_send\",\"email\",\"print\",\"linkedin\");var hupso_counters_lang = \"fr_FR\";var hupso_image_folder_url = \"\";var hupso_twitter_via=\"BenoitRiviere14\";var hupso_url_c=\"\";var hupso_title_c=\"TO%20et%20MO%20de%20THOMSON\";<\/script><script type=\"text\/javascript\" src=\"https:\/\/static.hupso.com\/share\/js\/counters.js\"><\/script><!-- Hupso Share Buttons --><\/div>","protected":false},"author":1,"featured_media":0,"parent":0,"menu_order":0,"comment_status":"open","ping_status":"open","template":"","meta":{"advanced_seo_description":"","jetpack_seo_html_title":"","jetpack_seo_noindex":false,"ngg_post_thumbnail":0,"footnotes":"","_links_to":"","_links_to_target":""},"class_list":["post-2993","page","type-page","status-publish","hentry"],"jetpack_sharing_enabled":true,"jetpack_likes_enabled":false,"_links":{"self":[{"href":"https:\/\/www.auditsi.eu\/index.php?rest_route=\/wp\/v2\/pages\/2993","targetHints":{"allow":["GET"]}}],"collection":[{"href":"https:\/\/www.auditsi.eu\/index.php?rest_route=\/wp\/v2\/pages"}],"about":[{"href":"https:\/\/www.auditsi.eu\/index.php?rest_route=\/wp\/v2\/types\/page"}],"author":[{"embeddable":true,"href":"https:\/\/www.auditsi.eu\/index.php?rest_route=\/wp\/v2\/users\/1"}],"replies":[{"embeddable":true,"href":"https:\/\/www.auditsi.eu\/index.php?rest_route=%2Fwp%2Fv2%2Fcomments&post=2993"}],"version-history":[{"count":45,"href":"https:\/\/www.auditsi.eu\/index.php?rest_route=\/wp\/v2\/pages\/2993\/revisions"}],"predecessor-version":[{"id":6320,"href":"https:\/\/www.auditsi.eu\/index.php?rest_route=\/wp\/v2\/pages\/2993\/revisions\/6320"}],"wp:attachment":[{"href":"https:\/\/www.auditsi.eu\/index.php?rest_route=%2Fwp%2Fv2%2Fmedia&parent=2993"}],"curies":[{"name":"wp","href":"https:\/\/api.w.org\/{rel}","templated":true}]}}