{"id":2981,"date":"2013-03-03T21:26:32","date_gmt":"2013-03-03T19:26:32","guid":{"rendered":"http:\/\/www.auditsi.eu\/?page_id=2981"},"modified":"2015-02-08T19:41:43","modified_gmt":"2015-02-08T18:41:43","slug":"amstrad-cpc","status":"publish","type":"page","link":"https:\/\/www.auditsi.eu\/?page_id=2981","title":{"rendered":"AMSTRAD CPC"},"content":{"rendered":"<p style=\"text-align: justify;\">Avec sa gamme de CPC, <a title=\"AMSTRAD\" href=\"http:\/\/www.auditsi.eu\/?page_id=2543\">AMSTRAD<\/a> a frapp\u00e9 un grand coup : un ordinateur tout compris (ordinateur + \u00e9cran) pour un prix serr\u00e9 ! A l&#8217;\u00e9poque de l&#8217;\u00e9cran unique \u00e0 la maison (le t\u00e9l\u00e9viseur familial), le succ\u00e8s sera fulgurant en France.<\/p>\n<p style=\"text-align: justify;\">Le succ\u00e8s n&#8217;est pas seulement d\u00fb au prix de la machine mais \u00e9galement d\u00fb \u00e0 la profusion de logiciels et <a title=\"AMSTRAD : accessoires\" href=\"http:\/\/www.auditsi.eu\/?page_id=2929\">p\u00e9riph\u00e9riques<\/a> qui en font une gamme adapt\u00e9e \u00e0 tous les usages, y compris, dans une certaine mesure, professionnels.<\/p>\n<p style=\"text-align: justify;\">La gamme est d\u00e9clin\u00e9e en plusieurs mod\u00e8les, tous bas\u00e9s sur le <a title=\"Le microprocesseur, cerveau de l\u2019ordinateur\" href=\"http:\/\/www.auditsi.eu\/?page_id=3759\">micro-processeur<\/a> Z80A de Zilog :<\/p>\n<ul>\n<li>le CPC 464 avec lecteur de cassette int\u00e9gr\u00e9 et 64 Ko de RAM (1984),<\/li>\n<li>le CPC 664 avec lecteur de disquette int\u00e9gr\u00e9 et 64 Ko de RAM (1985),<\/li>\n<li>le CPC 6128 avec lecteur de disquette int\u00e9gr\u00e9 et 128 Ko de RAM (1985).<\/li>\n<\/ul>\n<div id=\"attachment_2988\" style=\"width: 458px\" class=\"wp-caption aligncenter\"><a href=\"https:\/\/www.auditsi.eu\/wp-content\/uploads\/2013\/03\/DSCN8166.jpg\"><img loading=\"lazy\" decoding=\"async\" aria-describedby=\"caption-attachment-2988\" class=\"size-full wp-image-2988\" src=\"https:\/\/www.auditsi.eu\/wp-content\/uploads\/2013\/03\/DSCN8166.jpg\" alt=\"AMSTRAD CPC 464 : claviers QWERTY et AZERTY\" width=\"448\" height=\"268\" srcset=\"https:\/\/www.auditsi.eu\/wp-content\/uploads\/2013\/03\/DSCN8166.jpg 448w, https:\/\/www.auditsi.eu\/wp-content\/uploads\/2013\/03\/DSCN8166-300x179.jpg 300w\" sizes=\"auto, (max-width: 448px) 100vw, 448px\" \/><\/a><p id=\"caption-attachment-2988\" class=\"wp-caption-text\">AMSTRAD CPC 464 : claviers QWERTY et AZERTY (1984)<\/p><\/div>\n<div id=\"attachment_3003\" style=\"width: 458px\" class=\"wp-caption aligncenter\"><a href=\"https:\/\/www.auditsi.eu\/wp-content\/uploads\/2013\/03\/DSCN8171.jpg\"><img loading=\"lazy\" decoding=\"async\" aria-describedby=\"caption-attachment-3003\" class=\"size-full wp-image-3003\" src=\"https:\/\/www.auditsi.eu\/wp-content\/uploads\/2013\/03\/DSCN8171.jpg\" alt=\"Le connecteur &quot;bord de carte&quot; pour le lecteur de disquette\" width=\"448\" height=\"216\" srcset=\"https:\/\/www.auditsi.eu\/wp-content\/uploads\/2013\/03\/DSCN8171.jpg 448w, https:\/\/www.auditsi.eu\/wp-content\/uploads\/2013\/03\/DSCN8171-300x144.jpg 300w\" sizes=\"auto, (max-width: 448px) 100vw, 448px\" \/><\/a><p id=\"caption-attachment-3003\" class=\"wp-caption-text\">Le connecteur &#8220;bord de carte&#8221; pour le lecteur de disquette<\/p><\/div>\n<p style=\"text-align: justify;\">\u00a0Le seul d\u00e9faut de ces machines est le choix du format de <a title=\"Disquettes 3 pouces\" href=\"http:\/\/www.auditsi.eu\/?page_id=4595\">disquettes 3 pouces<\/a> alors que le format 3&#8243; 1\/2 s&#8217;imposait comme un standard de fait.<\/p>\n<div id=\"attachment_2622\" style=\"width: 471px\" class=\"wp-caption aligncenter\"><a href=\"https:\/\/www.auditsi.eu\/wp-content\/uploads\/2012\/11\/SVM-16-AMSTRAD-PRIX.jpg\"><img loading=\"lazy\" decoding=\"async\" aria-describedby=\"caption-attachment-2622\" class=\"size-full wp-image-2622\" src=\"https:\/\/www.auditsi.eu\/wp-content\/uploads\/2012\/11\/SVM-16-AMSTRAD-PRIX.jpg\" alt=\"Le lancement du CPC 664 contraint la concurrence \u00e0 revoir sa strat\u00e9gie tarifaire (SVM n\u00b0 16, avril 1985)\" width=\"461\" height=\"800\" \/><\/a><p id=\"caption-attachment-2622\" class=\"wp-caption-text\">Le lancement du CPC 664 contraint la concurrence \u00e0 revoir sa strat\u00e9gie tarifaire (SVM n\u00b0 16, avril 1985)<\/p><\/div>\n<p style=\"text-align: justify;\">Au d\u00e9but des ann\u00e9es 90, AMSTRAD tente de relancer sa gamme de micros avec les CPC+ : ajout d&#8217;un port cartouche, gestion am\u00e9lior\u00e9e des couleurs&#8230; mais toujours l&#8217;infatigable Zilog Z80&#8230; 8 bits ! &#8230; Un simple lifting qui ne fera pas le poids face aux 16 bits Atari et Amiga. Un \u00e9chec&#8230; H\u00e9las !<\/p>\n<div id=\"attachment_5841\" style=\"width: 490px\" class=\"wp-caption aligncenter\"><a href=\"https:\/\/www.auditsi.eu\/wp-content\/uploads\/2013\/03\/CPC-cartouche-Burnin-Rubber-Basic.jpg\"><img loading=\"lazy\" decoding=\"async\" aria-describedby=\"caption-attachment-5841\" class=\" wp-image-5841\" src=\"https:\/\/www.auditsi.eu\/wp-content\/uploads\/2013\/03\/CPC-cartouche-Burnin-Rubber-Basic.jpg\" alt=\"La cartouche fournie avec les CPC+ contient le jeu Burnin' Rubber et Locomotive Basic\" width=\"480\" height=\"286\" srcset=\"https:\/\/www.auditsi.eu\/wp-content\/uploads\/2013\/03\/CPC-cartouche-Burnin-Rubber-Basic.jpg 800w, https:\/\/www.auditsi.eu\/wp-content\/uploads\/2013\/03\/CPC-cartouche-Burnin-Rubber-Basic-300x179.jpg 300w, https:\/\/www.auditsi.eu\/wp-content\/uploads\/2013\/03\/CPC-cartouche-Burnin-Rubber-Basic-730x435.jpg 730w\" sizes=\"auto, (max-width: 480px) 100vw, 480px\" \/><\/a><p id=\"caption-attachment-5841\" class=\"wp-caption-text\">La cartouche fournie avec les CPC+ contient le jeu Burnin&#8217; Rubber et Locomotive Basic<\/p><\/div>\n<p style=\"text-align: justify;\">La nouvelle gamme AMSTRAD au grand complet :<\/p>\n<ul>\n<li>le CPC 464+ avec lecteur de cassette int\u00e9gr\u00e9 et 64 Ko de RAM,<\/li>\n<li>le CPC 6128+ avec lecteur de disquette int\u00e9gr\u00e9 et 128 Ko de RAM,<\/li>\n<li>et grande nouveaut\u00e9 pour Amstrad : la console de jeu GSX 4000.<\/li>\n<\/ul>\n<div id=\"attachment_5723\" style=\"width: 472px\" class=\"wp-caption aligncenter\"><a href=\"https:\/\/www.auditsi.eu\/wp-content\/uploads\/2013\/03\/AMSTRAD-CPC-6128-.jpg\"><img loading=\"lazy\" decoding=\"async\" aria-describedby=\"caption-attachment-5723\" class=\" wp-image-5723\" src=\"https:\/\/www.auditsi.eu\/wp-content\/uploads\/2013\/03\/AMSTRAD-CPC-6128-.jpg\" alt=\"L'AMSTRAD CPC 6128+ (1990)\" width=\"462\" height=\"387\" \/><\/a><p id=\"caption-attachment-5723\" class=\"wp-caption-text\">L&#8217;AMSTRAD CPC 6128+ (1990)<\/p><\/div>\n<div id=\"attachment_5842\" style=\"width: 507px\" class=\"wp-caption aligncenter\"><a href=\"https:\/\/www.auditsi.eu\/wp-content\/uploads\/2013\/03\/Carte-m\u00e8re-CPC6128-.jpg\"><img loading=\"lazy\" decoding=\"async\" aria-describedby=\"caption-attachment-5842\" class=\" wp-image-5842\" src=\"https:\/\/www.auditsi.eu\/wp-content\/uploads\/2013\/03\/Carte-m\u00e8re-CPC6128-.jpg\" alt=\"La carte m\u00e8re du CPC 6128+ : un format compact compar\u00e9 au 6128 premi\u00e8re g\u00e9n\u00e9ration ; \u00e0 gauche du micro-processeur Z80A, on remarque le port cartouche\" width=\"497\" height=\"341\" srcset=\"https:\/\/www.auditsi.eu\/wp-content\/uploads\/2013\/03\/Carte-m\u00e8re-CPC6128-.jpg 1024w, https:\/\/www.auditsi.eu\/wp-content\/uploads\/2013\/03\/Carte-m\u00e8re-CPC6128--300x206.jpg 300w, https:\/\/www.auditsi.eu\/wp-content\/uploads\/2013\/03\/Carte-m\u00e8re-CPC6128--730x500.jpg 730w\" sizes=\"auto, (max-width: 497px) 100vw, 497px\" \/><\/a><p id=\"caption-attachment-5842\" class=\"wp-caption-text\">La carte m\u00e8re du CPC 6128+ : un format compact compar\u00e9 au 6128 premi\u00e8re g\u00e9n\u00e9ration ; \u00e0 gauche du micro-processeur Z80A, on remarque le port cartouche<\/p><\/div>\n<p style=\"text-align: justify;\">Pour plus d&#8217;informations sur AMSTRAD et ses ordinateurs, consulter l&#8217;article <a title=\"AMSTRAD : la marque phare de l\u2019informatique bon march\u00e9\" href=\"http:\/\/www.auditsi.eu\/?page_id=2543\">AMSTRAD : la marque phare de l\u2019informatique bon march\u00e9<\/a>.<\/p>\n<p>S\u00e9lection d\u2019articles sur le sujet :<\/p>\n<ul>\n<li>CPC 464 : Cet ordinateur est dangereux !, Hebdogiciel n\u00b0 59, 30 novembre 1984, pp. 1 et 9<\/li>\n<li>Le monde de l&#8217;Amstrad, Science &amp; Vie Micro 17 (mai 1985), p. 88<\/li>\n<li>Les nouvelles machines Amstrad CPC+, AMSTRAD CENT POUR CENT n\u00b0 29 (septembre 1990), p. 18 : Amstrad lance sa gamme CPC+<\/li>\n<\/ul>\n<p style=\"text-align: justify;\"><em>Les photos d\u2019illustration sont issues de ma <a title=\"Ma collection\" href=\"http:\/\/www.auditsi.eu\/?page_id=1983\">collection personnelle<\/a>.<\/em><\/p>\n<p style=\"text-align: justify;\">Approfondir le sujet :<\/p>\n<p style=\"text-align: justify;\"><a title=\"Changement de la courroie du lecteur de disquette 3\u2033 (AMSTRAD)\" href=\"http:\/\/www.auditsi.eu\/?page_id=5837\">Panne : changement de la courroie du lecteur de disquette 3&#8243;<\/a><br \/>\n<a title=\"L'informatique des ann\u00e9es 80\" href=\"http:\/\/www.auditsi.eu\/?page_id=2119\">L\u2019informatique des ann\u00e9es 80<\/a> \/ <a title=\"Ma collection\" href=\"http:\/\/www.auditsi.eu\/?page_id=1983\">Ma collection<\/a> \/ <a title=\"Ma documentation\" href=\"http:\/\/www.auditsi.eu\/?page_id=3930\">Ma documentation<\/a> \/ <a title=\"Quelques id\u00e9es de lecture pour en savoir plus\" href=\"http:\/\/www.auditsi.eu\/?page_id=4631\">Quelques id\u00e9es de lecture<\/a><\/p>\n<div style=\"padding-bottom:20px; padding-top:10px;\" class=\"hupso-share-buttons\"><!-- Hupso Share Buttons - https:\/\/www.hupso.com\/share\/ --><a class=\"hupso_counters\" href=\"https:\/\/www.hupso.com\/share\/\"><img decoding=\"async\" src=\"https:\/\/static.hupso.com\/share\/buttons\/lang\/fr\/share-small.png\" style=\"border:0px; padding-top:2px; float:left;\" alt=\"Share Button\"\/><\/a><script type=\"text\/javascript\">var hupso_services_c=new Array(\"twitter\",\"facebook_like\",\"facebook_send\",\"email\",\"print\",\"linkedin\");var hupso_counters_lang = \"fr_FR\";var hupso_image_folder_url = \"\";var hupso_twitter_via=\"BenoitRiviere14\";var hupso_url_c=\"\";var hupso_title_c=\"AMSTRAD%20CPC\";<\/script><script type=\"text\/javascript\" src=\"https:\/\/static.hupso.com\/share\/js\/counters.js\"><\/script><!-- Hupso Share Buttons --><\/div>","protected":false},"excerpt":{"rendered":"<p>Avec sa gamme de CPC, AMSTRAD a frapp\u00e9 un grand coup : un ordinateur tout compris (ordinateur + \u00e9cran) pour un prix serr\u00e9 ! A l&#8217;\u00e9poque de l&#8217;\u00e9cran unique \u00e0 la maison (le t\u00e9l\u00e9viseur familial), le succ\u00e8s sera fulgurant en France. Le succ\u00e8s n&#8217;est pas seulement d\u00fb au prix de la machine mais \u00e9galement d\u00fb &#8230;<\/p>\n<p><a href=\"https:\/\/www.auditsi.eu\/?page_id=2981\" class=\"more-link\">Continue reading &lsquo;AMSTRAD CPC&rsquo; &raquo;<\/a><\/p>\n<div style=\"padding-bottom:20px; padding-top:10px;\" class=\"hupso-share-buttons\"><!-- Hupso Share Buttons - https:\/\/www.hupso.com\/share\/ --><a class=\"hupso_counters\" href=\"https:\/\/www.hupso.com\/share\/\"><img src=\"https:\/\/static.hupso.com\/share\/buttons\/lang\/fr\/share-small.png\" style=\"border:0px; padding-top:2px; float:left;\" alt=\"Share Button\"\/><\/a><script type=\"text\/javascript\">var hupso_services_c=new Array(\"twitter\",\"facebook_like\",\"facebook_send\",\"email\",\"print\",\"linkedin\");var hupso_counters_lang = \"fr_FR\";var hupso_image_folder_url = \"\";var hupso_twitter_via=\"BenoitRiviere14\";var hupso_url_c=\"\";var hupso_title_c=\"AMSTRAD%20CPC\";<\/script><script type=\"text\/javascript\" src=\"https:\/\/static.hupso.com\/share\/js\/counters.js\"><\/script><!-- Hupso Share Buttons --><\/div>","protected":false},"author":1,"featured_media":0,"parent":0,"menu_order":0,"comment_status":"open","ping_status":"open","template":"","meta":{"advanced_seo_description":"","jetpack_seo_html_title":"","jetpack_seo_noindex":false,"ngg_post_thumbnail":0,"footnotes":"","_links_to":"","_links_to_target":""},"class_list":["post-2981","page","type-page","status-publish","hentry"],"jetpack_sharing_enabled":true,"jetpack_likes_enabled":false,"_links":{"self":[{"href":"https:\/\/www.auditsi.eu\/index.php?rest_route=\/wp\/v2\/pages\/2981","targetHints":{"allow":["GET"]}}],"collection":[{"href":"https:\/\/www.auditsi.eu\/index.php?rest_route=\/wp\/v2\/pages"}],"about":[{"href":"https:\/\/www.auditsi.eu\/index.php?rest_route=\/wp\/v2\/types\/page"}],"author":[{"embeddable":true,"href":"https:\/\/www.auditsi.eu\/index.php?rest_route=\/wp\/v2\/users\/1"}],"replies":[{"embeddable":true,"href":"https:\/\/www.auditsi.eu\/index.php?rest_route=%2Fwp%2Fv2%2Fcomments&post=2981"}],"version-history":[{"count":18,"href":"https:\/\/www.auditsi.eu\/index.php?rest_route=\/wp\/v2\/pages\/2981\/revisions"}],"predecessor-version":[{"id":5846,"href":"https:\/\/www.auditsi.eu\/index.php?rest_route=\/wp\/v2\/pages\/2981\/revisions\/5846"}],"wp:attachment":[{"href":"https:\/\/www.auditsi.eu\/index.php?rest_route=%2Fwp%2Fv2%2Fmedia&parent=2981"}],"curies":[{"name":"wp","href":"https:\/\/api.w.org\/{rel}","templated":true}]}}