{"id":2945,"date":"2013-03-01T00:06:41","date_gmt":"2013-02-28T22:06:41","guid":{"rendered":"http:\/\/www.auditsi.eu\/?page_id=2945"},"modified":"2014-08-27T01:20:05","modified_gmt":"2014-08-26T23:20:05","slug":"le-zx81-de-sinclair-une-machine-pour-apprendre","status":"publish","type":"page","link":"https:\/\/www.auditsi.eu\/?page_id=2945","title":{"rendered":"Le ZX81 de Sinclair : une machine pour apprendre"},"content":{"rendered":"<p style=\"text-align: justify;\">Le constructeur britannique Sinclair sort le ZX81 au tout d\u00e9but des ann\u00e9es 80 : un format de poche avec un bo\u00eetier de 17 cm de c\u00f4t\u00e9 (la taille d&#8217;une pochette de disque 45 tours), 4 cm d&#8217;\u00e9paisseur et moins de 500g, un prix mini (985 Francs), bas\u00e9 sur le <a title=\"Le microprocesseur, cerveau de l\u2019ordinateur\" href=\"http:\/\/www.auditsi.eu\/?page_id=3759\">micro-processeur<\/a> Z80 de Zilog (un classique de la micro-informatique du d\u00e9but des ann\u00e9es 80), dot\u00e9 d&#8217;un tout petit Ko de m\u00e9moire de base (extensible \u00e0 16 Ko), d&#8217;un clavier QWERTY sensitif tout lisse&#8230; cette machine, toute simple et bon march\u00e9, est v\u00e9ritablement d\u00e9di\u00e9e \u00e0 l&#8217;apprentissage de l&#8217;informatique.<\/p>\n<div id=\"attachment_2946\" style=\"width: 458px\" class=\"wp-caption aligncenter\"><a href=\"https:\/\/www.auditsi.eu\/wp-content\/uploads\/2013\/03\/DSCN8131.jpg\"><img loading=\"lazy\" decoding=\"async\" aria-describedby=\"caption-attachment-2946\" class=\"size-full wp-image-2946\" src=\"https:\/\/www.auditsi.eu\/wp-content\/uploads\/2013\/03\/DSCN8131.jpg\" alt=\"Le ZX81 de Sinclair\" width=\"448\" height=\"312\" srcset=\"https:\/\/www.auditsi.eu\/wp-content\/uploads\/2013\/03\/DSCN8131.jpg 448w, https:\/\/www.auditsi.eu\/wp-content\/uploads\/2013\/03\/DSCN8131-300x208.jpg 300w\" sizes=\"auto, (max-width: 448px) 100vw, 448px\" \/><\/a><p id=\"caption-attachment-2946\" class=\"wp-caption-text\">Le ZX81 de Sinclair<\/p><\/div>\n<p style=\"text-align: justify;\">Le ZX81 succ\u00e8de au ZX80 sorti un an plus t\u00f4t. Sinclair est un constructeur britannique fond\u00e9 par Lord Sinclair. Si ses deux premi\u00e8res machines (ZX80 et ZX81) auront \u00e9t\u00e9 des pionni\u00e8res de la micro-informatique, la soci\u00e9t\u00e9 a connu de graves difficult\u00e9s financi\u00e8res au milieu des ann\u00e9es 80 qui l&#8217;on conduite a \u00eatre rachet\u00e9e par <a title=\"AMSTRAD : la marque phare de l\u2019informatique bon march\u00e9\" href=\"http:\/\/www.auditsi.eu\/?page_id=2543\">Amstrad<\/a> qui n&#8217;a fait qu&#8217;une bouch\u00e9e de la soci\u00e9t\u00e9 et de ses ordinateurs&#8230;<\/p>\n<div id=\"attachment_2952\" style=\"width: 346px\" class=\"wp-caption aligncenter\"><a href=\"https:\/\/www.auditsi.eu\/wp-content\/uploads\/2013\/03\/DSCN8135.jpg\"><img loading=\"lazy\" decoding=\"async\" aria-describedby=\"caption-attachment-2952\" class=\"size-full wp-image-2952\" src=\"https:\/\/www.auditsi.eu\/wp-content\/uploads\/2013\/03\/DSCN8135.jpg\" alt=\"L'extension de m\u00e9moire du ZX81 : 16 Ko, que d'espace !\" width=\"336\" height=\"356\" srcset=\"https:\/\/www.auditsi.eu\/wp-content\/uploads\/2013\/03\/DSCN8135.jpg 336w, https:\/\/www.auditsi.eu\/wp-content\/uploads\/2013\/03\/DSCN8135-283x300.jpg 283w\" sizes=\"auto, (max-width: 336px) 100vw, 336px\" \/><\/a><p id=\"caption-attachment-2952\" class=\"wp-caption-text\">L&#8217;extension de m\u00e9moire du ZX81 : 16 Ko, que d&#8217;espace !<\/p><\/div>\n<p style=\"text-align: justify;\">Comme certains ordinateurs de la fin des ann\u00e9es 70 &#8211; d\u00e9but 80, le ZX 81 pouvait \u00eatre acquis sous forme de kit \u00e0 monter soi-m\u00eame (comme les meubles IKEA) pour peu que la manipulation du fer \u00e0 souder ne rebute pas ! L&#8217;\u00e9conomie r\u00e9alis\u00e9e sur le prix &#8220;mont\u00e9&#8221; (prix du kit : 764 francs TTC \u00e0 son lancement) m\u00e9ritait bien un petit effort.<\/p>\n<div id=\"attachment_2954\" style=\"width: 458px\" class=\"wp-caption aligncenter\"><a href=\"https:\/\/www.auditsi.eu\/wp-content\/uploads\/2013\/03\/DSCN8133.jpg\"><img loading=\"lazy\" decoding=\"async\" aria-describedby=\"caption-attachment-2954\" class=\"size-full wp-image-2954\" src=\"https:\/\/www.auditsi.eu\/wp-content\/uploads\/2013\/03\/DSCN8133.jpg\" alt=\"Le ZX81 dot\u00e9 de son extension de m\u00e9moire et son guide de programmation\" width=\"448\" height=\"275\" srcset=\"https:\/\/www.auditsi.eu\/wp-content\/uploads\/2013\/03\/DSCN8133.jpg 448w, https:\/\/www.auditsi.eu\/wp-content\/uploads\/2013\/03\/DSCN8133-300x184.jpg 300w\" sizes=\"auto, (max-width: 448px) 100vw, 448px\" \/><\/a><p id=\"caption-attachment-2954\" class=\"wp-caption-text\">Le ZX81 dot\u00e9 de son extension de m\u00e9moire et son guide de programmation Basic<\/p><\/div>\n<p style=\"text-align: justify;\">Tout comme les machines sorties \u00e0 la fin des ann\u00e9es 70 &#8211; d\u00e9but des ann\u00e9es 80, le ZX81 n&#8217;a pas de prise <a title=\"La prise P\u00e9ritel\" href=\"http:\/\/www.auditsi.eu\/?page_id=3901\">P\u00e9ritel<\/a>. La liaison avec l&#8217;\u00e9cran est \u00e9tablie par la prise d&#8217;antenne. Il est donc tr\u00e8s difficile d&#8217;obtenir un affichage correct sur les t\u00e9l\u00e9viseurs actuels. En effet, les tuners analogiques \u00e0 recherche automatique peinent \u00e0 lire le signal \u00e9mis par la machine. Je n&#8217;\u00e9chappe malheureusement pas \u00e0 cette difficult\u00e9&#8230; je n&#8217;ai plus qu&#8217;\u00e0 trouver un t\u00e9l\u00e9viseur des ann\u00e9es 80&#8230; \ud83d\ude09 Pour info, le ZX81 \u00e9met sur le canal 36 (393,5 Mhz). Plus d&#8217;infos sur ce sujet : <a title=\"Tout ce qu'il faut savoir pour ressusciter un ZX81 !\" href=\"http:\/\/zx81.ordi5.free.fr\/SLP\/\" target=\"_blank\">Tout ce qu&#8217;il faut savoir pour ressusciter un ZX81 !<\/a> et <a title=\"Comment raccorder une console &quot;antenne&quot; \u00e0 la t\u00e9l\u00e9\" href=\"http:\/\/www.gamopat.com\/article-tuto-comment-raccorder-une-console-antenne-a-la-tele-107031880.html\" target=\"_blank\">Comment raccorder une console &#8220;antenne&#8221; \u00e0 la t\u00e9l\u00e9<\/a>.<\/p>\n<div id=\"attachment_2995\" style=\"width: 376px\" class=\"wp-caption aligncenter\"><a href=\"https:\/\/www.auditsi.eu\/wp-content\/uploads\/2013\/03\/ZX81-PHOTO-JEU.png\"><img loading=\"lazy\" decoding=\"async\" aria-describedby=\"caption-attachment-2995\" class=\"size-full wp-image-2995\" src=\"https:\/\/www.auditsi.eu\/wp-content\/uploads\/2013\/03\/ZX81-PHOTO-JEU.png\" alt=\"Copie \u00e9cran d'un jeu sur ZX 81 : un graphisme \u00e9poustouflant... \u00e0 l'\u00e9poque\" width=\"366\" height=\"247\" srcset=\"https:\/\/www.auditsi.eu\/wp-content\/uploads\/2013\/03\/ZX81-PHOTO-JEU.png 366w, https:\/\/www.auditsi.eu\/wp-content\/uploads\/2013\/03\/ZX81-PHOTO-JEU-300x202.png 300w\" sizes=\"auto, (max-width: 366px) 100vw, 366px\" \/><\/a><p id=\"caption-attachment-2995\" class=\"wp-caption-text\">Copie \u00e9cran d&#8217;un jeu sur ZX 81 : un graphisme \u00e9poustouflant&#8230; \u00e0 l&#8217;\u00e9poque<\/p><\/div>\n<div id=\"attachment_3222\" style=\"width: 474px\" class=\"wp-caption aligncenter\"><a href=\"https:\/\/www.auditsi.eu\/wp-content\/uploads\/2013\/03\/PUB-ZX-81-1982.jpg\"><img loading=\"lazy\" decoding=\"async\" aria-describedby=\"caption-attachment-3222\" class=\"size-full wp-image-3222\" src=\"https:\/\/www.auditsi.eu\/wp-content\/uploads\/2013\/03\/PUB-ZX-81-1982.jpg\" alt=\"Publicit\u00e9 pour le ZX 81 : 985 francs (1982)\" width=\"464\" height=\"640\" srcset=\"https:\/\/www.auditsi.eu\/wp-content\/uploads\/2013\/03\/PUB-ZX-81-1982.jpg 464w, https:\/\/www.auditsi.eu\/wp-content\/uploads\/2013\/03\/PUB-ZX-81-1982-217x300.jpg 217w\" sizes=\"auto, (max-width: 464px) 100vw, 464px\" \/><\/a><p id=\"caption-attachment-3222\" class=\"wp-caption-text\">Publicit\u00e9 pour le ZX 81 : 985 francs (1982)<\/p><\/div>\n<p>S\u00e9lection d\u2019articles sur le sujet :<\/p>\n<ul>\n<li>Un micro-ordinateur complet \u00e0 moins de 1 000 F, Micro-Syst\u00e8mes n\u00b0 20 (novembre-d\u00e9cembre 1981), p. 49 : le ZX81<\/li>\n<li>Doublez les possibilit\u00e9s graphiques de votre ZX 81 en r\u00e9alisant ce module d&#8217;inversion vid\u00e9o, Micro-Syst\u00e8mes n\u00b0 22 (mars-avril 1982), p. 107<\/li>\n<li>Quelques conseils pour le montage de votre ZX-81 en kit, L&#8217;Ordinateur Individuel n\u00b0 36 (avril 1982), p. 188<\/li>\n<li>Jouez au bowling avec votre ZX 81, Micro-Syst\u00e8mes n\u00b0 23 (mai-juin 1982), p. 92 (compl\u00e9ment : Micro-Syst\u00e8mes n\u00b0 25, p. 171)<\/li>\n<li>Extensions ZX 81, Micro-Syst\u00e8mes n\u00b0 23 (mai-juin 1982), p. 151<\/li>\n<li>Augmentez la puissance de votre ZX 81 en le dotant de lignes d&#8217;entr\u00e9es \/ sorties et d&#8217;une EPROM &#8220;utilisateur&#8221;, Micro-Syst\u00e8mes n\u00b0 24 (juillet-ao\u00fbt 1982), p. 83<\/li>\n<li>Le dernier-n\u00e9 de Sinclair : le ZX Spectrum, Micro-Syst\u00e8mes n\u00b0 24 (juillet-ao\u00fbt 1982), p. 113 : apr\u00e8s la perc\u00e9e du ZX 81 (plus de 400 000 mod\u00e8les ont \u00e9t\u00e9 vendus de par le monde), Sinclair bouscule une nouvelle fois Sinclair et annonce la naissance de son &#8220;petit dernier&#8221;, un micro-ordinateur aux prix et performances \u00e9tonnants&#8230; Huit couleurs, un g\u00e9n\u00e9rateur de son, 16 ou 48 Ko de RAM, haute r\u00e9solution graphique, telles sont les quelques caract\u00e9ristiques du ZX Spectrum, qui sera disponible en France au mois de novembre pour 1500 Francs environ.<\/li>\n<li>Le ZX Spectrum : Sinclair recommence !, Micro-Syst\u00e8mes n\u00b0 25 (septembre-octobre 1982), p. 59<\/li>\n<li>ZX81 music board, Electronics Today (avril 1983), p. 16 : from The Beatles to Bach, all with your very own Sinclair<\/li>\n<\/ul>\n<p style=\"text-align: justify;\"><em>Les photos d\u2019illustration sont issues de ma <a title=\"Ma collection\" href=\"http:\/\/www.auditsi.eu\/?page_id=1983\">collection personnelle<\/a>.<\/em><\/p>\n<p style=\"text-align: justify;\">Approfondir le sujet :<br \/>\n<a title=\"L'informatique des ann\u00e9es 80\" href=\"http:\/\/www.auditsi.eu\/?page_id=2119\">L\u2019informatique des ann\u00e9es 80<\/a> \/ <a title=\"Ma collection\" href=\"http:\/\/www.auditsi.eu\/?page_id=1983\">Ma collection<\/a> \/ <a title=\"Ma documentation\" href=\"http:\/\/www.auditsi.eu\/?page_id=3930\">Ma documentation<\/a> \/ <a title=\"Quelques id\u00e9es de lecture pour en savoir plus\" href=\"http:\/\/www.auditsi.eu\/?page_id=4631\">Quelques id\u00e9es de lecture<\/a><\/p>\n<div style=\"padding-bottom:20px; padding-top:10px;\" class=\"hupso-share-buttons\"><!-- Hupso Share Buttons - https:\/\/www.hupso.com\/share\/ --><a class=\"hupso_counters\" href=\"https:\/\/www.hupso.com\/share\/\"><img decoding=\"async\" src=\"https:\/\/static.hupso.com\/share\/buttons\/lang\/fr\/share-small.png\" style=\"border:0px; padding-top:2px; float:left;\" alt=\"Share Button\"\/><\/a><script type=\"text\/javascript\">var hupso_services_c=new Array(\"twitter\",\"facebook_like\",\"facebook_send\",\"email\",\"print\",\"linkedin\");var hupso_counters_lang = \"fr_FR\";var hupso_image_folder_url = \"\";var hupso_twitter_via=\"BenoitRiviere14\";var hupso_url_c=\"\";var hupso_title_c=\"Le%20ZX81%20de%20Sinclair%20%3A%20une%20machine%20pour%20apprendre\";<\/script><script type=\"text\/javascript\" src=\"https:\/\/static.hupso.com\/share\/js\/counters.js\"><\/script><!-- Hupso Share Buttons --><\/div>","protected":false},"excerpt":{"rendered":"<p>Le constructeur britannique Sinclair sort le ZX81 au tout d\u00e9but des ann\u00e9es 80 : un format de poche avec un bo\u00eetier de 17 cm de c\u00f4t\u00e9 (la taille d&#8217;une pochette de disque 45 tours), 4 cm d&#8217;\u00e9paisseur et moins de 500g, un prix mini (985 Francs), bas\u00e9 sur le micro-processeur Z80 de Zilog (un classique &#8230;<\/p>\n<p><a href=\"https:\/\/www.auditsi.eu\/?page_id=2945\" class=\"more-link\">Continue reading &lsquo;Le ZX81 de Sinclair : une machine pour apprendre&rsquo; &raquo;<\/a><\/p>\n<div style=\"padding-bottom:20px; padding-top:10px;\" class=\"hupso-share-buttons\"><!-- Hupso Share Buttons - https:\/\/www.hupso.com\/share\/ --><a class=\"hupso_counters\" href=\"https:\/\/www.hupso.com\/share\/\"><img src=\"https:\/\/static.hupso.com\/share\/buttons\/lang\/fr\/share-small.png\" style=\"border:0px; padding-top:2px; float:left;\" alt=\"Share Button\"\/><\/a><script type=\"text\/javascript\">var hupso_services_c=new Array(\"twitter\",\"facebook_like\",\"facebook_send\",\"email\",\"print\",\"linkedin\");var hupso_counters_lang = \"fr_FR\";var hupso_image_folder_url = \"\";var hupso_twitter_via=\"BenoitRiviere14\";var hupso_url_c=\"\";var hupso_title_c=\"Le%20ZX81%20de%20Sinclair%20%3A%20une%20machine%20pour%20apprendre\";<\/script><script type=\"text\/javascript\" src=\"https:\/\/static.hupso.com\/share\/js\/counters.js\"><\/script><!-- Hupso Share Buttons --><\/div>","protected":false},"author":1,"featured_media":0,"parent":0,"menu_order":0,"comment_status":"open","ping_status":"open","template":"","meta":{"advanced_seo_description":"","jetpack_seo_html_title":"","jetpack_seo_noindex":false,"ngg_post_thumbnail":0,"footnotes":"","_links_to":"","_links_to_target":""},"class_list":["post-2945","page","type-page","status-publish","hentry"],"jetpack_sharing_enabled":true,"jetpack_likes_enabled":false,"_links":{"self":[{"href":"https:\/\/www.auditsi.eu\/index.php?rest_route=\/wp\/v2\/pages\/2945","targetHints":{"allow":["GET"]}}],"collection":[{"href":"https:\/\/www.auditsi.eu\/index.php?rest_route=\/wp\/v2\/pages"}],"about":[{"href":"https:\/\/www.auditsi.eu\/index.php?rest_route=\/wp\/v2\/types\/page"}],"author":[{"embeddable":true,"href":"https:\/\/www.auditsi.eu\/index.php?rest_route=\/wp\/v2\/users\/1"}],"replies":[{"embeddable":true,"href":"https:\/\/www.auditsi.eu\/index.php?rest_route=%2Fwp%2Fv2%2Fcomments&post=2945"}],"version-history":[{"count":34,"href":"https:\/\/www.auditsi.eu\/index.php?rest_route=\/wp\/v2\/pages\/2945\/revisions"}],"predecessor-version":[{"id":5302,"href":"https:\/\/www.auditsi.eu\/index.php?rest_route=\/wp\/v2\/pages\/2945\/revisions\/5302"}],"wp:attachment":[{"href":"https:\/\/www.auditsi.eu\/index.php?rest_route=%2Fwp%2Fv2%2Fmedia&parent=2945"}],"curies":[{"name":"wp","href":"https:\/\/api.w.org\/{rel}","templated":true}]}}