{"id":2929,"date":"2013-02-25T00:49:22","date_gmt":"2013-02-24T22:49:22","guid":{"rendered":"http:\/\/www.auditsi.eu\/?page_id=2929"},"modified":"2014-04-13T15:37:45","modified_gmt":"2014-04-13T13:37:45","slug":"amstrad-accessoires","status":"publish","type":"page","link":"https:\/\/www.auditsi.eu\/?page_id=2929","title":{"rendered":"AMSTRAD : accessoires"},"content":{"rendered":"<p style=\"text-align: justify;\">Les accessoires et p\u00e9riph\u00e9riques pour <a title=\"AMSTRAD CPC\" href=\"http:\/\/www.auditsi.eu\/?page_id=2981\">AMSTRAD CPC<\/a> sont l\u00e9gions :<\/p>\n<p>Le <span style=\"text-decoration: underline;\"><strong>synth\u00e9tiseur de parole SSA-1<\/strong><\/span> de Amsoft :<\/p>\n<div id=\"attachment_2930\" style=\"width: 490px\" class=\"wp-caption aligncenter\"><a href=\"https:\/\/www.auditsi.eu\/wp-content\/uploads\/2013\/02\/DSCN8124.jpg\"><img loading=\"lazy\" decoding=\"async\" aria-describedby=\"caption-attachment-2930\" class=\"size-full wp-image-2930\" alt=\"Le synth\u00e9tiseur de parole SSA-1 de Amsoft pour AMSTRAD CPC\" src=\"https:\/\/www.auditsi.eu\/wp-content\/uploads\/2013\/02\/DSCN8124.jpg\" width=\"480\" height=\"499\" srcset=\"https:\/\/www.auditsi.eu\/wp-content\/uploads\/2013\/02\/DSCN8124.jpg 480w, https:\/\/www.auditsi.eu\/wp-content\/uploads\/2013\/02\/DSCN8124-288x300.jpg 288w\" sizes=\"auto, (max-width: 480px) 100vw, 480px\" \/><\/a><p id=\"caption-attachment-2930\" class=\"wp-caption-text\">Le synth\u00e9tiseur de parole SSA-1 de Amsoft pour AMSTRAD CPC<\/p><\/div>\n<p style=\"text-align: justify;\">L&#8217;interface ajoute de nouvelles fonctionnalit\u00e9s comme |SAY qui assure la prononciation de phrases ou de mots par l&#8217;ordinateur. Toutefois ce produit n&#8217;a pas fait d&#8217;adaptation \u00e0 la langue fran\u00e7aise : de fait, l&#8217;ordinateur parle avec un accent anglais rendant la compr\u00e9hension des phrases jou\u00e9es tr\u00e8s difficile.<\/p>\n<div id=\"attachment_2931\" style=\"width: 458px\" class=\"wp-caption aligncenter\"><a href=\"https:\/\/www.auditsi.eu\/wp-content\/uploads\/2013\/02\/DSCN8121.jpg\"><img loading=\"lazy\" decoding=\"async\" aria-describedby=\"caption-attachment-2931\" class=\"size-full wp-image-2931\" alt=\"Un petit programme d'essai du synth\u00e9tiseur vocal d'Amsoft\" src=\"https:\/\/www.auditsi.eu\/wp-content\/uploads\/2013\/02\/DSCN8121.jpg\" width=\"448\" height=\"290\" srcset=\"https:\/\/www.auditsi.eu\/wp-content\/uploads\/2013\/02\/DSCN8121.jpg 448w, https:\/\/www.auditsi.eu\/wp-content\/uploads\/2013\/02\/DSCN8121-300x194.jpg 300w\" sizes=\"auto, (max-width: 448px) 100vw, 448px\" \/><\/a><p id=\"caption-attachment-2931\" class=\"wp-caption-text\">Un petit programme d&#8217;essai du synth\u00e9tiseur vocal d&#8217;Amsoft<\/p><\/div>\n<p style=\"text-align: justify;\">La notice utilisateur (t\u00e9l\u00e9chargeable en bas de page) est reprise du site : <a title=\"Manuel utilisateur du synth\u00e9tiseur de parole SSA-1 d'Amsoft\" href=\"http:\/\/www.cpc-power.com\/index.php?page=detail&amp;num=4725\" target=\"_blank\">www.cpc-power.com<\/a>.<\/p>\n<p>Le <span style=\"text-decoration: underline;\"><strong>lecteur de disquette DDI-1<\/strong><\/span> (AMSTRAD) :<\/p>\n<p style=\"text-align: justify;\">Ce lecteur est id\u00e9al pour les possesseurs de CPC 464 (comme moi) qui ont pu enfin acc\u00e9der \u00e0 de nouvelles perspectives.<\/p>\n<div id=\"attachment_2999\" style=\"width: 346px\" class=\"wp-caption aligncenter\"><a href=\"https:\/\/www.auditsi.eu\/wp-content\/uploads\/2013\/02\/DSCN8276.jpg\"><img loading=\"lazy\" decoding=\"async\" aria-describedby=\"caption-attachment-2999\" class=\"size-full wp-image-2999\" alt=\"Le lecteur de disquette DDI-1 avec sa disquette CP\/M\" src=\"https:\/\/www.auditsi.eu\/wp-content\/uploads\/2013\/02\/DSCN8276.jpg\" width=\"336\" height=\"448\" srcset=\"https:\/\/www.auditsi.eu\/wp-content\/uploads\/2013\/02\/DSCN8276.jpg 336w, https:\/\/www.auditsi.eu\/wp-content\/uploads\/2013\/02\/DSCN8276-224x300.jpg 224w\" sizes=\"auto, (max-width: 336px) 100vw, 336px\" \/><\/a><p id=\"caption-attachment-2999\" class=\"wp-caption-text\">Le lecteur de disquette DDI-1 avec sa disquette CP\/M<\/p><\/div>\n<p style=\"text-align: justify;\">Par contre, le choix d&#8217;AMSTRAD des <a title=\"Disquettes 3 pouces\" href=\"http:\/\/www.auditsi.eu\/?page_id=4595\">disquettes 3 pouces<\/a> co\u00fbtera cher aux informaticiens en herbe !<\/p>\n<div id=\"attachment_2129\" style=\"width: 458px\" class=\"wp-caption aligncenter\"><a href=\"https:\/\/www.auditsi.eu\/wp-content\/uploads\/2012\/10\/DSCN6459.jpg\"><img loading=\"lazy\" decoding=\"async\" aria-describedby=\"caption-attachment-2129\" class=\"size-full wp-image-2129\" alt=\"Disquette 3&quot; et disquette 3&quot;1\/2 : deux formats aux destins bien diff\u00e9rents\" src=\"https:\/\/www.auditsi.eu\/wp-content\/uploads\/2012\/10\/DSCN6459.jpg\" width=\"448\" height=\"267\" srcset=\"https:\/\/www.auditsi.eu\/wp-content\/uploads\/2012\/10\/DSCN6459.jpg 448w, https:\/\/www.auditsi.eu\/wp-content\/uploads\/2012\/10\/DSCN6459-300x178.jpg 300w\" sizes=\"auto, (max-width: 448px) 100vw, 448px\" \/><\/a><p id=\"caption-attachment-2129\" class=\"wp-caption-text\">Disquette 3&#8243; et disquette 3&#8243;1\/2 : deux formats aux destins bien diff\u00e9rents<\/p><\/div>\n<p>Les photos d\u2019illustration sont issues de ma <a title=\"Ma collection\" href=\"http:\/\/www.auditsi.eu\/?page_id=1983\">collection personnelle<\/a>.<\/p>\n<p>Approfondir le sujet :<br \/>\n<a title=\"L'informatique des ann\u00e9es 80\" href=\"http:\/\/www.auditsi.eu\/?page_id=2119\">L\u2019informatique des ann\u00e9es 80<\/a> \/ <a title=\"Ma collection\" href=\"http:\/\/www.auditsi.eu\/?page_id=1983\">Ma collection<\/a> \/ <a title=\"Ma documentation\" href=\"http:\/\/www.auditsi.eu\/?page_id=3930\">Ma documentation<\/a> \/ <a title=\"Quelques id\u00e9es de lecture pour en savoir plus\" href=\"http:\/\/www.auditsi.eu\/?page_id=4631\">Quelques id\u00e9es de lecture<\/a><\/p>\n<div style=\"padding-bottom:20px; padding-top:10px;\" class=\"hupso-share-buttons\"><!-- Hupso Share Buttons - https:\/\/www.hupso.com\/share\/ --><a class=\"hupso_counters\" href=\"https:\/\/www.hupso.com\/share\/\"><img decoding=\"async\" src=\"https:\/\/static.hupso.com\/share\/buttons\/lang\/fr\/share-small.png\" style=\"border:0px; padding-top:2px; float:left;\" alt=\"Share Button\"\/><\/a><script type=\"text\/javascript\">var hupso_services_c=new Array(\"twitter\",\"facebook_like\",\"facebook_send\",\"email\",\"print\",\"linkedin\");var hupso_counters_lang = \"fr_FR\";var hupso_image_folder_url = \"\";var hupso_twitter_via=\"BenoitRiviere14\";var hupso_url_c=\"\";var hupso_title_c=\"AMSTRAD%20%3A%20accessoires\";<\/script><script type=\"text\/javascript\" src=\"https:\/\/static.hupso.com\/share\/js\/counters.js\"><\/script><!-- Hupso Share Buttons --><\/div>","protected":false},"excerpt":{"rendered":"<p>Les accessoires et p\u00e9riph\u00e9riques pour AMSTRAD CPC sont l\u00e9gions : Le synth\u00e9tiseur de parole SSA-1 de Amsoft : L&#8217;interface ajoute de nouvelles fonctionnalit\u00e9s comme |SAY qui assure la prononciation de phrases ou de mots par l&#8217;ordinateur. Toutefois ce produit n&#8217;a pas fait d&#8217;adaptation \u00e0 la langue fran\u00e7aise : de fait, l&#8217;ordinateur parle avec un accent &#8230;<\/p>\n<p><a href=\"https:\/\/www.auditsi.eu\/?page_id=2929\" class=\"more-link\">Continue reading &lsquo;AMSTRAD : accessoires&rsquo; &raquo;<\/a><\/p>\n<div style=\"padding-bottom:20px; padding-top:10px;\" class=\"hupso-share-buttons\"><!-- Hupso Share Buttons - https:\/\/www.hupso.com\/share\/ --><a class=\"hupso_counters\" href=\"https:\/\/www.hupso.com\/share\/\"><img src=\"https:\/\/static.hupso.com\/share\/buttons\/lang\/fr\/share-small.png\" style=\"border:0px; padding-top:2px; float:left;\" alt=\"Share Button\"\/><\/a><script type=\"text\/javascript\">var hupso_services_c=new Array(\"twitter\",\"facebook_like\",\"facebook_send\",\"email\",\"print\",\"linkedin\");var hupso_counters_lang = \"fr_FR\";var hupso_image_folder_url = \"\";var hupso_twitter_via=\"BenoitRiviere14\";var hupso_url_c=\"\";var hupso_title_c=\"AMSTRAD%20%3A%20accessoires\";<\/script><script type=\"text\/javascript\" src=\"https:\/\/static.hupso.com\/share\/js\/counters.js\"><\/script><!-- Hupso Share Buttons --><\/div>","protected":false},"author":1,"featured_media":0,"parent":0,"menu_order":0,"comment_status":"open","ping_status":"open","template":"","meta":{"advanced_seo_description":"","jetpack_seo_html_title":"","jetpack_seo_noindex":false,"ngg_post_thumbnail":0,"footnotes":"","_links_to":"","_links_to_target":""},"class_list":["post-2929","page","type-page","status-publish","hentry"],"jetpack_sharing_enabled":true,"jetpack_likes_enabled":false,"_links":{"self":[{"href":"https:\/\/www.auditsi.eu\/index.php?rest_route=\/wp\/v2\/pages\/2929","targetHints":{"allow":["GET"]}}],"collection":[{"href":"https:\/\/www.auditsi.eu\/index.php?rest_route=\/wp\/v2\/pages"}],"about":[{"href":"https:\/\/www.auditsi.eu\/index.php?rest_route=\/wp\/v2\/types\/page"}],"author":[{"embeddable":true,"href":"https:\/\/www.auditsi.eu\/index.php?rest_route=\/wp\/v2\/users\/1"}],"replies":[{"embeddable":true,"href":"https:\/\/www.auditsi.eu\/index.php?rest_route=%2Fwp%2Fv2%2Fcomments&post=2929"}],"version-history":[{"count":9,"href":"https:\/\/www.auditsi.eu\/index.php?rest_route=\/wp\/v2\/pages\/2929\/revisions"}],"predecessor-version":[{"id":4740,"href":"https:\/\/www.auditsi.eu\/index.php?rest_route=\/wp\/v2\/pages\/2929\/revisions\/4740"}],"wp:attachment":[{"href":"https:\/\/www.auditsi.eu\/index.php?rest_route=%2Fwp%2Fv2%2Fmedia&parent=2929"}],"curies":[{"name":"wp","href":"https:\/\/api.w.org\/{rel}","templated":true}]}}