{"id":2881,"date":"2013-02-10T11:25:55","date_gmt":"2013-02-10T09:25:55","guid":{"rendered":"http:\/\/www.auditsi.eu\/?page_id=2881"},"modified":"2022-04-23T15:34:23","modified_gmt":"2022-04-23T13:34:23","slug":"les-logiciels-de-gestion","status":"publish","type":"page","link":"https:\/\/www.auditsi.eu\/?page_id=2881","title":{"rendered":"Les logiciels de gestion"},"content":{"rendered":"<p style=\"text-align: justify;\">En plus des <a title=\"La bureautique et les outils de gestion\" href=\"http:\/\/www.auditsi.eu\/?page_id=2402\">logiciels de bureautique et des outils de gestion<\/a>, le d\u00e9veloppement des logiciels de gestion comptable a accompagn\u00e9 l&#8217;informatisation des entreprises. Les principaux outils sont :<\/p>\n<ul>\n<li>Les logiciels de comptabilit\u00e9,<\/li>\n<li>Les logiciels de paye, de gestion commerciale,<\/li>\n<li>Les logiciels de GPAO (Gestion de Production Assist\u00e9e par Ordinateur) : gestion des achats, des stocks, de la production (gestion des ordres de fabrication&#8230;).<\/li>\n<\/ul>\n<div id=\"attachment_5006\" style=\"width: 476px\" class=\"wp-caption aligncenter\"><a href=\"https:\/\/www.auditsi.eu\/wp-content\/uploads\/2013\/02\/COMPTA-GENERALE-BPI-IBM.jpg\"><img loading=\"lazy\" decoding=\"async\" aria-describedby=\"caption-attachment-5006\" class=\"size-full wp-image-5006\" src=\"https:\/\/www.auditsi.eu\/wp-content\/uploads\/2013\/02\/COMPTA-GENERALE-BPI-IBM.jpg\" alt=\"Logiciel de comptabilit\u00e9 g\u00e9n\u00e9rale v1.0 de BPI SYSTEMS pour IBM (1983)\" width=\"466\" height=\"456\" srcset=\"https:\/\/www.auditsi.eu\/wp-content\/uploads\/2013\/02\/COMPTA-GENERALE-BPI-IBM.jpg 466w, https:\/\/www.auditsi.eu\/wp-content\/uploads\/2013\/02\/COMPTA-GENERALE-BPI-IBM-300x293.jpg 300w\" sizes=\"auto, (max-width: 466px) 100vw, 466px\" \/><\/a><p id=\"caption-attachment-5006\" class=\"wp-caption-text\">Logiciel de comptabilit\u00e9 g\u00e9n\u00e9rale v1.0 de BPI SYSTEMS pour IBM (1983)<\/p><\/div>\n<div id=\"attachment_6329\" style=\"width: 478px\" class=\"wp-caption aligncenter\"><a href=\"https:\/\/www.auditsi.eu\/wp-content\/uploads\/2013\/02\/APPLE-IIe-compta-MILEC.jpg\"><img loading=\"lazy\" decoding=\"async\" aria-describedby=\"caption-attachment-6329\" class=\" wp-image-6329\" src=\"https:\/\/www.auditsi.eu\/wp-content\/uploads\/2013\/02\/APPLE-IIe-compta-MILEC.jpg\" alt=\"Le logiciel de comptabilit\u00e9 MILEC sur APPLE IIe (1983)\" width=\"468\" height=\"334\" srcset=\"https:\/\/www.auditsi.eu\/wp-content\/uploads\/2013\/02\/APPLE-IIe-compta-MILEC.jpg 1024w, https:\/\/www.auditsi.eu\/wp-content\/uploads\/2013\/02\/APPLE-IIe-compta-MILEC-300x214.jpg 300w, https:\/\/www.auditsi.eu\/wp-content\/uploads\/2013\/02\/APPLE-IIe-compta-MILEC-730x521.jpg 730w\" sizes=\"auto, (max-width: 468px) 100vw, 468px\" \/><\/a><p id=\"caption-attachment-6329\" class=\"wp-caption-text\">Le logiciel de comptabilit\u00e9 MILEC sur APPLE IIe (1983)<\/p><\/div>\n<div id=\"attachment_2896\" style=\"width: 499px\" class=\"wp-caption aligncenter\"><a href=\"https:\/\/www.auditsi.eu\/wp-content\/uploads\/2013\/02\/PAYE-MAESTRIA.png\"><img loading=\"lazy\" decoding=\"async\" aria-describedby=\"caption-attachment-2896\" class=\"size-full wp-image-2896\" src=\"https:\/\/www.auditsi.eu\/wp-content\/uploads\/2013\/02\/PAYE-MAESTRIA.png\" alt=\"Logiciel MAESTRIA PAYE\" width=\"489\" height=\"369\" srcset=\"https:\/\/www.auditsi.eu\/wp-content\/uploads\/2013\/02\/PAYE-MAESTRIA.png 489w, https:\/\/www.auditsi.eu\/wp-content\/uploads\/2013\/02\/PAYE-MAESTRIA-300x226.png 300w\" sizes=\"auto, (max-width: 489px) 100vw, 489px\" \/><\/a><p id=\"caption-attachment-2896\" class=\"wp-caption-text\">Logiciel de paye MAESTRIA sous Windows (1993)<\/p><\/div>\n<p style=\"text-align: justify;\">Les Progiciels de Gestion Int\u00e9gr\u00e9s (PGI ou ERP en anglais) int\u00e8grent en un ensemble coh\u00e9rent tous ces outils.<\/p>\n<p style=\"text-align: justify;\"><a href=\"https:\/\/www.auditsi.eu\/wp-content\/uploads\/2013\/02\/Organigramme-taux-IRPP.png\"><img loading=\"lazy\" decoding=\"async\" class=\"aligncenter size-full wp-image-4573\" src=\"https:\/\/www.auditsi.eu\/wp-content\/uploads\/2013\/02\/Organigramme-taux-IRPP.png\" alt=\"Organigramme d'\u00e9valuation du taux d'imposition \u00e0 l'IRPP\" width=\"493\" height=\"458\" srcset=\"https:\/\/www.auditsi.eu\/wp-content\/uploads\/2013\/02\/Organigramme-taux-IRPP.png 493w, https:\/\/www.auditsi.eu\/wp-content\/uploads\/2013\/02\/Organigramme-taux-IRPP-300x278.png 300w\" sizes=\"auto, (max-width: 493px) 100vw, 493px\" \/><\/a>De nombreux autres logiciels proposent de calculer les imp\u00f4ts personnels (imp\u00f4t sur le revenu des personnes physiques (IRPP), imp\u00f4t sur le fortune (ISF)), d&#8217;automatiser ou de planifier l&#8217;activit\u00e9 des entreprises comme l&#8217;<a title=\"La m\u00e9thode d'ordonnancement P.E.R.T.\" href=\"http:\/\/www.auditsi.eu\/?page_id=2261\">ordonnancement des travaux<\/a>.<\/p>\n<div>\n<dl id=\"attachment_2873\">\n<dt>\n<p><div id=\"attachment_2873\" style=\"width: 313px\" class=\"wp-caption aligncenter\"><a href=\"https:\/\/www.auditsi.eu\/wp-content\/uploads\/2012\/11\/Publicit\u00e9-pour-Robot-Compta-1989.jpg\"><img loading=\"lazy\" decoding=\"async\" aria-describedby=\"caption-attachment-2873\" class=\"size-full wp-image-2873\" src=\"https:\/\/www.auditsi.eu\/wp-content\/uploads\/2012\/11\/Publicit\u00e9-pour-Robot-Compta-1989.jpg\" alt=\"Publicit\u00e9 pour Robot-Compta (1989)\" width=\"303\" height=\"406\" srcset=\"https:\/\/www.auditsi.eu\/wp-content\/uploads\/2012\/11\/Publicit\u00e9-pour-Robot-Compta-1989.jpg 303w, https:\/\/www.auditsi.eu\/wp-content\/uploads\/2012\/11\/Publicit\u00e9-pour-Robot-Compta-1989-223x300.jpg 223w\" sizes=\"auto, (max-width: 303px) 100vw, 303px\" \/><\/a><p id=\"caption-attachment-2873\" class=\"wp-caption-text\">Publicit\u00e9 pour Robot-Compta (1989)<\/p><\/div><\/dt>\n<\/dl>\n<\/div>\n<p style=\"text-align: justify;\">Tout le monde (dans le milieu de la comptabilit\u00e9) conna\u00eet SAGE COMPTA, CIEL, EBP ou encore CEGID mais qui se souvient de ABJ COMPTA, ALIENOR, COMPTA 2000, KHRONOS, ORDICOMPTA, ROBOT-COMPTA ou GIN COMPTABILITE LIBERALE ?<\/p>\n<div id=\"attachment_2906\" style=\"width: 494px\" class=\"wp-caption aligncenter\"><a href=\"https:\/\/www.auditsi.eu\/wp-content\/uploads\/2013\/02\/COMPTA-MOT-EC-SM72.png\"><img loading=\"lazy\" decoding=\"async\" aria-describedby=\"caption-attachment-2906\" class=\"size-full wp-image-2906\" src=\"https:\/\/www.auditsi.eu\/wp-content\/uploads\/2013\/02\/COMPTA-MOT-EC-SM72.png\" alt=\"Choix d'un logiciel de comptabilit\u00e9 : le mot de l'expert-comptable (Soft &amp; Micro 72, mars 1991)... Des arguments toujours d'actualit\u00e9\" width=\"484\" height=\"686\" srcset=\"https:\/\/www.auditsi.eu\/wp-content\/uploads\/2013\/02\/COMPTA-MOT-EC-SM72.png 484w, https:\/\/www.auditsi.eu\/wp-content\/uploads\/2013\/02\/COMPTA-MOT-EC-SM72-211x300.png 211w\" sizes=\"auto, (max-width: 484px) 100vw, 484px\" \/><\/a><p id=\"caption-attachment-2906\" class=\"wp-caption-text\">Choix d&#8217;un logiciel de comptabilit\u00e9 : le mot de l&#8217;expert-comptable (Soft &amp; Micro 72, mars 1991)&#8230; Des arguments toujours d&#8217;actualit\u00e9<\/p><\/div>\n<p style=\"text-align: justify;\">Le mouvement de regroupement des \u00e9diteurs de logiciels de gestion a \u00e9t\u00e9 amplifi\u00e9 par les changements de r\u00e9glementation successifs (<a title=\"Le nouveau plan comptable et la r\u00e9volution informatique\" href=\"http:\/\/www.auditsi.eu\/?p=3963\">nouveau plan comptable 1982<\/a>, introduction de l&#8217;euro&#8230;) et les mutations technologiques (Bogue de l&#8217;An 2000, arriv\u00e9e des <a title=\"Syst\u00e8mes d\u2019exploitation : de la console \u00e0 la fen\u00eatre\" href=\"http:\/\/www.auditsi.eu\/?page_id=2493\">interfaces graphiques Windows, OS\/2, Mac&#8230;<\/a>). Le march\u00e9 des logiciels de comptabilit\u00e9 pour <a title=\"L'expert-comptable, un mutant\" href=\"http:\/\/www.auditsi.eu\/?page_id=3952\">experts-comptables<\/a> a suivi le m\u00eame tournant avec SAGE, COALA, CCMX (issu de la fusion CCMC &#8211; Managix) rachet\u00e9 plus tard par CEGID&#8230;<\/p>\n<div id=\"attachment_2916\" style=\"width: 330px\" class=\"wp-caption aligncenter\"><a href=\"https:\/\/www.auditsi.eu\/wp-content\/uploads\/2013\/02\/ORDICOMPTA-JUNIOR-1990.jpg\"><img loading=\"lazy\" decoding=\"async\" aria-describedby=\"caption-attachment-2916\" class=\"size-full wp-image-2916\" src=\"https:\/\/www.auditsi.eu\/wp-content\/uploads\/2013\/02\/ORDICOMPTA-JUNIOR-1990.jpg\" alt=\"ORDICOMPTA JUNIOR d'ORDIGESTION (1990) : &quot;N'apprenez plus la comptabilit\u00e9. Ordicompta Junior apprend votre m\u00e9tier&quot;\" width=\"320\" height=\"429\" srcset=\"https:\/\/www.auditsi.eu\/wp-content\/uploads\/2013\/02\/ORDICOMPTA-JUNIOR-1990.jpg 320w, https:\/\/www.auditsi.eu\/wp-content\/uploads\/2013\/02\/ORDICOMPTA-JUNIOR-1990-223x300.jpg 223w\" sizes=\"auto, (max-width: 320px) 100vw, 320px\" \/><\/a><p id=\"caption-attachment-2916\" class=\"wp-caption-text\">ORDICOMPTA JUNIOR d&#8217;ORDIGESTION (1990) : &#8220;N&#8217;apprenez plus la comptabilit\u00e9. Ordicompta Junior apprend votre m\u00e9tier&#8221;<\/p><\/div>\n<p>Dans les ann\u00e9es 80, le code d&#8217;un logiciel de paye pouvait tenir sur une feuille A4 alors qu&#8217;actuellement un bulletin de paye tient sur deux pages&#8230; Comment en est-on arriv\u00e9 l\u00e0 ?<\/p>\n<div id=\"attachment_9922\" style=\"width: 1209px\" class=\"wp-caption aligncenter\"><img loading=\"lazy\" decoding=\"async\" aria-describedby=\"caption-attachment-9922\" class=\"size-full wp-image-9922\" src=\"https:\/\/www.auditsi.eu\/wp-content\/uploads\/2022\/01\/HEBDOGICIEL-27041984-29-p19-PAYE.jpg\" alt=\"Listing d'un programme de paye pour CANON X-07 qui tient sur une page... (HEBDOGICIEL n\u00b0 29-du 27\/04\/1984, p. 19)\" width=\"1199\" height=\"1156\" srcset=\"https:\/\/www.auditsi.eu\/wp-content\/uploads\/2022\/01\/HEBDOGICIEL-27041984-29-p19-PAYE.jpg 1199w, https:\/\/www.auditsi.eu\/wp-content\/uploads\/2022\/01\/HEBDOGICIEL-27041984-29-p19-PAYE-300x289.jpg 300w, https:\/\/www.auditsi.eu\/wp-content\/uploads\/2022\/01\/HEBDOGICIEL-27041984-29-p19-PAYE-1024x987.jpg 1024w, https:\/\/www.auditsi.eu\/wp-content\/uploads\/2022\/01\/HEBDOGICIEL-27041984-29-p19-PAYE-768x740.jpg 768w, https:\/\/www.auditsi.eu\/wp-content\/uploads\/2022\/01\/HEBDOGICIEL-27041984-29-p19-PAYE-730x704.jpg 730w\" sizes=\"auto, (max-width: 1199px) 100vw, 1199px\" \/><p id=\"caption-attachment-9922\" class=\"wp-caption-text\">Listing d&#8217;un programme de paye pour CANON X-07 qui tient sur une page&#8230; (HEBDOGICIEL n\u00b0 29-du 27\/04\/1984, p. 19)<\/p><\/div>\n<p style=\"text-align: justify;\">S\u00e9lection d&#8217;articles sur le sujet :<\/p>\n<ul>\n<li>Ne vous laissez pas imposer, L&#8217;Ordinateur Individuel n\u00b0 7 (mai 1979), p. 24 : calcul de l&#8217;imp\u00f4t sur le revenu<\/li>\n<li>La file d&#8217;attente s&#8217;allonge&#8230; Un programme de simulation vous aide \u00e0 r\u00e9pondre \u00e0 la question : faut-il couper les cheveux en quatre (minutes) ?, L&#8217;Ordinateur Individuel n\u00b0 11 (octobre 1979), p. 36 : gestion des files d&#8217;attente<\/li>\n<li>Faites un BCG aux produits de votre entreprise, Micro-Syst\u00e8mes n\u00b0 9 (janvier-f\u00e9vrier 1980), p. 30 : un programme en Basic pour \u00e9valuer une entreprise selon sa politique &#8220;produits&#8221; (m\u00e9thode du cabinet am\u00e9ricain BCG, Boston Consulting Group)<\/li>\n<li>Point n&#8217;est besoin de poss\u00e9der un gros ordinateur pour r\u00e9aliser une application comptable une calculatrice programmable suffit ici \u00e0 mettre en oeuvre une petite comptabilit\u00e9, L&#8217;Ordinateur Individuel n\u00b0&nbsp;15 (mars 1980), p. 34<\/li>\n<li>La paye d&#8217;une PME (du bulletin de salaire jusqu&#8217;\u00e0 sa comptabilisation), Micro-Syst\u00e8mes n\u00b0 12 (juillet-ao\u00fbt 1980), p. 89 : programme Basic pour ordinateur P.E.T. cr\u00e9\u00e9 par un dirigeant de PME pour d\u00e9montrer l&#8217;utilit\u00e9 de son micro-ordinateur. Edition des bulletins de salaires cadres et non-cadres, du livre de paye, des cotisations patronales&#8230; A cette \u00e9poque, le bulletin de paye ne comprenait qu&#8217;une vingtaine de lignes et le plafond de la S\u00e9curit\u00e9 Sociale s&#8217;\u00e9levait \u00e0 4470 FRF&#8230; On notera \u00e9galement que le PCG 82 n&#8217;\u00e9tant pas encore en vigueur c&#8217;est le PCG 57 qui trouve \u00e0 s&#8217;appliquer avec les comptes 612x pour les r\u00e9mun\u00e9rations et 617x pour les cotisations.<\/li>\n<li>Le Plan d&#8217;Epargne Logement : une application des calculateurs programmables, Micro-Syst\u00e8mes n\u00b0 5 (mai-juin 1979), p. 119 : m\u00e9thode de calculs des droits du PEL et listing du programme pour calculatrice programmable TI-59<\/li>\n<li>Analyse de la rentabilit\u00e9 des projets d&#8217;investissements et de financement, Micro-Syst\u00e8mes n\u00b0 6 (juillet-ao\u00fbt 1979), p. 65 : principes et programme pour calculatrice TI-59<\/li>\n<li>Combien paierez-vous d&#8217;imp\u00f4ts en 1980 ?, L&#8217;Ordinateur Individuel n\u00b0 14 (janvier-f\u00e9vrier 1980), p. 25<\/li>\n<li>Calcul du seuil de rentabilit\u00e9, Micro-Syst\u00e8mes n\u00b0 20 (novembre-d\u00e9cembre 1981), p. 117 : Chiffre d&#8217;affaires et point mort (seuil de rentabilit\u00e9) sont les bases de celui qui souhaite lancer son projet d&#8217;entreprise ou suivre son activit\u00e9. Nombre de banqueroutes pourraient \u00eatre \u00e9viter gr\u00e2ce au calcul du seuil de rentabilit\u00e9. C&#8217;est ce calcul que se propose de r\u00e9aliser le programme Basic fourni dans l&#8217;article.<\/li>\n<li>Les marges b\u00e9n\u00e9ficiaires : un ensemble de huit programmes de gestion, Micro-Syst\u00e8mes n\u00b0 26 (novembre-d\u00e9cembre 1982), p. 133<\/li>\n<li>Calculez votre imp\u00f4t !, avec un programme \u00e9crit en Basic, Science &amp; Vie Micro 3 (f\u00e9vrier 1984), p. 56<\/li>\n<li>La d\u00e9claration annuelle de TVA &#8220;CA12&#8221;, Soft &amp; Micro n\u00b0 10 (juillet-ao\u00fbt 1985), p. 117 : un programme \u00e9crit en Basic pour ZX 81 et Spectrum<\/li>\n<li>Onze comptabilit\u00e9s sur PC \u00e0 l&#8217;essai, Temps Micro D\u00e9cision PC n\u00b0 21 (octobre 1986), p. 29&nbsp;: 200 crit\u00e8res pour choisir sa comptabilit\u00e9 sur PC, le point de vue de l&#8217;expert-comptable et du chef d&#8217;entreprise.<\/li>\n<li>Cinq comptabilit\u00e9s sur Macintosh, Science &amp; Vie Micro 32 (octobre 1986), p. 114 : banc d&#8217;essai de cinq logiciels de comptabilit\u00e9 g\u00e9n\u00e9rale (MELUSINE, COMPTA SAARI, GAMIC, MAESTRIA et COMPTA SIMIL) test\u00e9s en tenant compte d&#8217;une grille de crit\u00e8res extraite de l&#8217;ouvrage &#8220;Comptabilit\u00e9 g\u00e9n\u00e9rale informatis\u00e9e&#8221; \u00e9dit\u00e9 par l&#8217;Ordre des Experts-Comptables et la Compagnie Nationale des Commissaires aux Comptes.<\/li>\n<li>Huit logiciels de paie au peigne fin, Temps Micro-D\u00e9cision PC n\u00b0 25 (mars 1987), p. 27 : le prix des logiciels de paie est devenu abordable, il est pr\u00e9f\u00e9rable de choisir un syst\u00e8me qui a fait ses preuves ; huit logiciels pass\u00e9s au grill : Escarcelle (de Logidis), Felix (de Birdy), Gipsi (de Saari), Mapaye (de Microg\u00e8s), Memsoft Paie (de Memsoft), Paie-IA (de Informatique Appliqu\u00e9e), Personnal 100 (de CCMC) et Sybelpaie (de Sybel).<\/li>\n<li>Toute une gestion sur Macintosh. Cinq logiciels sp\u00e9cialis\u00e9s test\u00e9s par un expert-comptable, Science &amp; Vie Micro 43 (octobre 1987), p. 122<\/li>\n<li>11 comptabilit\u00e9s \u00e0 moins de 3 000 francs, Science &amp; Vie Micro 49 (avril 1988), p. 108<\/li>\n<li>Au-del\u00e0 des t\u00e2tonnements in\u00e9vitables, les utilisateurs sont plut\u00f4t satisfaits de g\u00e9rer leur comptabilit\u00e9 sur micro. T\u00e9moignage d&#8217;un g\u00e9rant de garage et d&#8217;un chef comptable d&#8217;une agence de communication, L&#8217;Ordinateur Individuel n\u00b0 103 (mai 1988), p. 121<\/li>\n<li>Publicit\u00e9 pour le logiciel de comptabilit\u00e9 Robot-Compta (1989)<\/li>\n<li>Les logiciels de comptabilit\u00e9 et de paie, Soft &amp; Micro 72 (mars 1991), p. 209 : Comment faire pour choisir sans courir le risque de se tromper, dans la pl\u00e9thore des logiciels de comptabilit\u00e9 et de paie ? Il est certain que la l\u00e9gislation, les performances des produits, leur convivialit\u00e9, ainsi que le s\u00e9rieux des \u00e9diteurs ont op\u00e9r\u00e9 une s\u00e9lection naturelle. Mais il faut malgr\u00e9 tout faire tr\u00e8s attention \u00e0 ne pas succomber aux arguments d&#8217;un commercial ou d&#8217;une publicit\u00e9 trop all\u00e9chante.<\/li>\n<li>Gestion : la marche prudente vers de nouvelles conqu\u00eates, Soft &amp; Micro 93 (f\u00e9vrier 1993), p. 272 : plus d&#8217;un millier d&#8217;applications comptables (logiciels de comptabilit\u00e9, de paye, de gestion commerciale) sont r\u00e9f\u00e9renc\u00e9es par le CXP (centre d&#8217;exp\u00e9rimentation des progiciels). Le march\u00e9, encore vierge il y a dix ans, a atteint sa maturit\u00e9. Mais la vulgarisation des logiciels de gestion oblige les \u00e9diteurs \u00e0 adopter de nouvelles armes.<\/li>\n<\/ul>\n<p><em>Les documents cit\u00e9s sont issus de ma <a title=\"Ma documentation\" href=\"http:\/\/www.auditsi.eu\/?page_id=3930\">documentation personnelle<\/a>.<\/em><\/p>\n<p>Approfondir le sujet :<br \/>\n<a title=\"L'informatique des ann\u00e9es 80\" href=\"http:\/\/www.auditsi.eu\/?page_id=2119\">L&#8217;informatique des ann\u00e9es 80<\/a> \/ <a title=\"Ma collection\" href=\"http:\/\/www.auditsi.eu\/?page_id=1983\">Ma collection<\/a> \/ <a title=\"Ma documentation\" href=\"http:\/\/www.auditsi.eu\/?page_id=3930\">Ma documentation<\/a><\/p>\n<div id=\"sconnect-is-installed\" style=\"display: none;\">2.13.0.0<\/div>\n<div id=\"sconnect-is-installed\" style=\"display: none;\">2.13.0.0<\/div>\n<div style=\"padding-bottom:20px; padding-top:10px;\" class=\"hupso-share-buttons\"><!-- Hupso Share Buttons - https:\/\/www.hupso.com\/share\/ --><a class=\"hupso_counters\" href=\"https:\/\/www.hupso.com\/share\/\"><img decoding=\"async\" src=\"https:\/\/static.hupso.com\/share\/buttons\/lang\/fr\/share-small.png\" style=\"border:0px; padding-top:2px; float:left;\" alt=\"Share Button\"\/><\/a><script type=\"text\/javascript\">var hupso_services_c=new Array(\"twitter\",\"facebook_like\",\"facebook_send\",\"email\",\"print\",\"linkedin\");var hupso_counters_lang = \"fr_FR\";var hupso_image_folder_url = \"\";var hupso_twitter_via=\"BenoitRiviere14\";var hupso_url_c=\"\";var hupso_title_c=\"Les%20logiciels%20de%20gestion\";<\/script><script type=\"text\/javascript\" src=\"https:\/\/static.hupso.com\/share\/js\/counters.js\"><\/script><!-- Hupso Share Buttons --><\/div>","protected":false},"excerpt":{"rendered":"<p>En plus des logiciels de bureautique et des outils de gestion, le d\u00e9veloppement des logiciels de gestion comptable a accompagn\u00e9 l&#8217;informatisation des entreprises. Les principaux outils sont : Les logiciels de comptabilit\u00e9, Les logiciels de paye, de gestion commerciale, Les logiciels de GPAO (Gestion de Production Assist\u00e9e par Ordinateur) : gestion des achats, des stocks, &#8230;<\/p>\n<p><a href=\"https:\/\/www.auditsi.eu\/?page_id=2881\" class=\"more-link\">Continue reading &lsquo;Les logiciels de gestion&rsquo; &raquo;<\/a><\/p>\n<div style=\"padding-bottom:20px; padding-top:10px;\" class=\"hupso-share-buttons\"><!-- Hupso Share Buttons - https:\/\/www.hupso.com\/share\/ --><a class=\"hupso_counters\" href=\"https:\/\/www.hupso.com\/share\/\"><img src=\"https:\/\/static.hupso.com\/share\/buttons\/lang\/fr\/share-small.png\" style=\"border:0px; padding-top:2px; float:left;\" alt=\"Share Button\"\/><\/a><script type=\"text\/javascript\">var hupso_services_c=new Array(\"twitter\",\"facebook_like\",\"facebook_send\",\"email\",\"print\",\"linkedin\");var hupso_counters_lang = \"fr_FR\";var hupso_image_folder_url = \"\";var hupso_twitter_via=\"BenoitRiviere14\";var hupso_url_c=\"\";var hupso_title_c=\"Les%20logiciels%20de%20gestion\";<\/script><script type=\"text\/javascript\" src=\"https:\/\/static.hupso.com\/share\/js\/counters.js\"><\/script><!-- Hupso Share Buttons --><\/div>","protected":false},"author":1,"featured_media":0,"parent":0,"menu_order":0,"comment_status":"open","ping_status":"open","template":"","meta":{"advanced_seo_description":"","jetpack_seo_html_title":"","jetpack_seo_noindex":false,"ngg_post_thumbnail":0,"footnotes":"","_links_to":"","_links_to_target":""},"class_list":["post-2881","page","type-page","status-publish","hentry"],"jetpack_sharing_enabled":true,"jetpack_likes_enabled":false,"_links":{"self":[{"href":"https:\/\/www.auditsi.eu\/index.php?rest_route=\/wp\/v2\/pages\/2881","targetHints":{"allow":["GET"]}}],"collection":[{"href":"https:\/\/www.auditsi.eu\/index.php?rest_route=\/wp\/v2\/pages"}],"about":[{"href":"https:\/\/www.auditsi.eu\/index.php?rest_route=\/wp\/v2\/types\/page"}],"author":[{"embeddable":true,"href":"https:\/\/www.auditsi.eu\/index.php?rest_route=\/wp\/v2\/users\/1"}],"replies":[{"embeddable":true,"href":"https:\/\/www.auditsi.eu\/index.php?rest_route=%2Fwp%2Fv2%2Fcomments&post=2881"}],"version-history":[{"count":49,"href":"https:\/\/www.auditsi.eu\/index.php?rest_route=\/wp\/v2\/pages\/2881\/revisions"}],"predecessor-version":[{"id":3986,"href":"https:\/\/www.auditsi.eu\/index.php?rest_route=\/wp\/v2\/pages\/2881\/revisions\/3986"}],"wp:attachment":[{"href":"https:\/\/www.auditsi.eu\/index.php?rest_route=%2Fwp%2Fv2%2Fmedia&parent=2881"}],"curies":[{"name":"wp","href":"https:\/\/api.w.org\/{rel}","templated":true}]}}