{"id":259,"date":"2009-02-08T23:04:38","date_gmt":"2009-02-08T21:04:38","guid":{"rendered":"http:\/\/www.auditsi.eu\/?page_id=259"},"modified":"2015-01-24T22:14:34","modified_gmt":"2015-01-24T20:14:34","slug":"a-propos","status":"publish","type":"page","link":"https:\/\/www.auditsi.eu\/?page_id=259","title":{"rendered":"A propos"},"content":{"rendered":"<p style=\"text-align: justify;\">Bienvenue sur le blog A&amp;SI, le blog d\u00e9di\u00e9 \u00e0 l&#8217;audit et aux syst\u00e8mes d&#8217;information.<\/p>\n<p style=\"text-align: justify;\">Avec l&#8217;informatisation croissante de l&#8217;ensemble des processus des entreprises, les syst\u00e8mes d&#8217;information occupent une place de plus en plus importante dans l&#8217;exercice des missions de diff\u00e9rents intervenants de l&#8217;entreprise : direction financi\u00e8re et comptable, expert-comptable, commissaire aux comptes et administration fiscale notamment. Que ce soit pour l&#8217;\u00e9tablissement ou le contr\u00f4le des comptes ou encore la validation du contr\u00f4le interne, tous ces acteurs et partenaires de l&#8217;entreprise int\u00e8grent, \u00e0 raison,\u00a0l&#8217;exploitation du syst\u00e8me d&#8217;information dans leur d\u00e9marche de travail.<\/p>\n<p style=\"text-align: justify;\">Depuis 2008, je propose sur mon blog des articles pratiques traitant de l&#8217;utilisation des syst\u00e8mes d&#8217;information par les directions financi\u00e8res et les auditeurs (commissaires aux comptes) pour satisfaire \u00e0 leurs objectifs.<\/p>\n<p style=\"text-align: justify;\">L&#8217;objectif d&#8217;A&amp;SI est :<\/p>\n<ul>\n<li>\n<div style=\"text-align: justify;\">d&#8217;ouvrir des\u00a0pistes de r\u00e9flexion\u00a0\u00e0 partir desquelles\u00a0chacun peut r\u00e9agir,<\/div>\n<\/li>\n<li>\n<div style=\"text-align: justify;\">de partager\u00a0les difficult\u00e9s que chacun (commissaire aux comptes, auditeur, chef d&#8217;entreprise&#8230;) peut rencontrer dans sa mission,<\/div>\n<\/li>\n<li>\n<div style=\"text-align: justify;\">et d&#8217;\u00e9changer sur les pratiques li\u00e9es \u00e0 l&#8217;audit et aux syst\u00e8mes d&#8217;information.<\/div>\n<\/li>\n<\/ul>\n<p style=\"text-align: justify;\">D&#8217;autres sujets connexes sont \u00e9galement abord\u00e9s : s\u00e9curit\u00e9 informatique, protection des donn\u00e9es et des syst\u00e8mes, sensibilisation des utilisateurs, automatisation des op\u00e9rations de contr\u00f4le et programmation informatique&#8230;<\/p>\n<p style=\"text-align: justify;\">Chacun est invit\u00e9 \u00e0 \u00e9mettre son avis \u00e0 l&#8217;aide de commentaires. Pour \u00eatre averti en temps r\u00e9el des nouveaut\u00e9s sur le blog, n&#8217;h\u00e9sitez pas \u00e0 vous abonner, c&#8217;est gratuit.<\/p>\n<p style=\"text-align: justify;\">J&#8217;esp\u00e8re ainsi avec ce blog \u00e9changer sur l&#8217;usage du syst\u00e8me d&#8217;information.<\/p>\n<p style=\"text-align: justify;\">Afin d&#8217;approfondir le sujet, vous pouvez \u00e9galement t\u00e9l\u00e9charger gratuitement le <a title=\"A&amp;SI - M\u00e9moire d'expertise comptable sur les extractions de donn\u00e9es\" href=\"http:\/\/www.auditsi.eu\/?page_id=459\" target=\"_self\"><span style=\"text-decoration: underline;\">m\u00e9moire<\/span><\/a> (consacr\u00e9 \u00e0 l&#8217;extraction et \u00e0 l&#8217;analyse\u00a0de donn\u00e9es des syst\u00e8mes d&#8217;information) que j&#8217;ai r\u00e9dig\u00e9 en vue d&#8217;obtenir mon dipl\u00f4me d&#8217;expertise-comptable.<\/p>\n<p style=\"text-align: justify;\">N&#8217;h\u00e9sitez pas \u00e0 me faire part de vos suggestions ou remarques \u00e0 l&#8217;aide du formulaire <a title=\"Contact\" href=\"http:\/\/www.auditsi.eu\/?page_id=49\" target=\"_self\">Contact<\/a> ou par m\u00e9l : <a href=\"mailto:contact@auditsi.eu\">contact@auditsi.eu<\/a>.<\/p>\n<p style=\"text-align: justify;\">Bonne lecture !<\/p>\n<p style=\"text-align: justify;\">Beno\u00eet RIVIERE<\/p>\n<div style=\"padding-bottom:20px; padding-top:10px;\" class=\"hupso-share-buttons\"><!-- Hupso Share Buttons - https:\/\/www.hupso.com\/share\/ --><a class=\"hupso_counters\" href=\"https:\/\/www.hupso.com\/share\/\"><img decoding=\"async\" src=\"https:\/\/static.hupso.com\/share\/buttons\/lang\/fr\/share-small.png\" style=\"border:0px; padding-top:2px; float:left;\" alt=\"Share Button\"\/><\/a><script type=\"text\/javascript\">var hupso_services_c=new Array(\"twitter\",\"facebook_like\",\"facebook_send\",\"email\",\"print\",\"linkedin\");var hupso_counters_lang = \"fr_FR\";var hupso_image_folder_url = \"\";var hupso_twitter_via=\"BenoitRiviere14\";var hupso_url_c=\"\";var hupso_title_c=\"A%20propos\";<\/script><script type=\"text\/javascript\" src=\"https:\/\/static.hupso.com\/share\/js\/counters.js\"><\/script><!-- Hupso Share Buttons --><\/div>","protected":false},"excerpt":{"rendered":"<p>Bienvenue sur le blog A&amp;SI, le blog d\u00e9di\u00e9 \u00e0 l&#8217;audit et aux syst\u00e8mes d&#8217;information. Avec l&#8217;informatisation croissante de l&#8217;ensemble des processus des entreprises, les syst\u00e8mes d&#8217;information occupent une place de plus en plus importante dans l&#8217;exercice des missions de diff\u00e9rents intervenants de l&#8217;entreprise : direction financi\u00e8re et comptable, expert-comptable, commissaire aux comptes et administration fiscale &#8230;<\/p>\n<p><a href=\"https:\/\/www.auditsi.eu\/?page_id=259\" class=\"more-link\">Continue reading &lsquo;A propos&rsquo; &raquo;<\/a><\/p>\n<div style=\"padding-bottom:20px; padding-top:10px;\" class=\"hupso-share-buttons\"><!-- Hupso Share Buttons - https:\/\/www.hupso.com\/share\/ --><a class=\"hupso_counters\" href=\"https:\/\/www.hupso.com\/share\/\"><img src=\"https:\/\/static.hupso.com\/share\/buttons\/lang\/fr\/share-small.png\" style=\"border:0px; padding-top:2px; float:left;\" alt=\"Share Button\"\/><\/a><script type=\"text\/javascript\">var hupso_services_c=new Array(\"twitter\",\"facebook_like\",\"facebook_send\",\"email\",\"print\",\"linkedin\");var hupso_counters_lang = \"fr_FR\";var hupso_image_folder_url = \"\";var hupso_twitter_via=\"BenoitRiviere14\";var hupso_url_c=\"\";var hupso_title_c=\"A%20propos\";<\/script><script type=\"text\/javascript\" src=\"https:\/\/static.hupso.com\/share\/js\/counters.js\"><\/script><!-- Hupso Share Buttons --><\/div>","protected":false},"author":1,"featured_media":0,"parent":0,"menu_order":1,"comment_status":"closed","ping_status":"closed","template":"","meta":{"advanced_seo_description":"","jetpack_seo_html_title":"","jetpack_seo_noindex":false,"ngg_post_thumbnail":0,"footnotes":"","_links_to":"","_links_to_target":""},"class_list":["post-259","page","type-page","status-publish","hentry"],"jetpack_sharing_enabled":true,"jetpack_likes_enabled":false,"_links":{"self":[{"href":"https:\/\/www.auditsi.eu\/index.php?rest_route=\/wp\/v2\/pages\/259","targetHints":{"allow":["GET"]}}],"collection":[{"href":"https:\/\/www.auditsi.eu\/index.php?rest_route=\/wp\/v2\/pages"}],"about":[{"href":"https:\/\/www.auditsi.eu\/index.php?rest_route=\/wp\/v2\/types\/page"}],"author":[{"embeddable":true,"href":"https:\/\/www.auditsi.eu\/index.php?rest_route=\/wp\/v2\/users\/1"}],"replies":[{"embeddable":true,"href":"https:\/\/www.auditsi.eu\/index.php?rest_route=%2Fwp%2Fv2%2Fcomments&post=259"}],"version-history":[{"count":4,"href":"https:\/\/www.auditsi.eu\/index.php?rest_route=\/wp\/v2\/pages\/259\/revisions"}],"predecessor-version":[{"id":5757,"href":"https:\/\/www.auditsi.eu\/index.php?rest_route=\/wp\/v2\/pages\/259\/revisions\/5757"}],"wp:attachment":[{"href":"https:\/\/www.auditsi.eu\/index.php?rest_route=%2Fwp%2Fv2%2Fmedia&parent=259"}],"curies":[{"name":"wp","href":"https:\/\/api.w.org\/{rel}","templated":true}]}}