{"id":2579,"date":"2012-11-29T01:04:42","date_gmt":"2012-11-28T23:04:42","guid":{"rendered":"http:\/\/www.auditsi.eu\/?page_id=2579"},"modified":"2014-03-02T12:50:37","modified_gmt":"2014-03-02T10:50:37","slug":"informatique-et-ecologie","status":"publish","type":"page","link":"https:\/\/www.auditsi.eu\/?page_id=2579","title":{"rendered":"D\u00e9veloppement durable et informatique"},"content":{"rendered":"<p style=\"text-align: justify;\">Il est fr\u00e9quemment reproch\u00e9 \u00e0 l&#8217;informatique et aux nouvelles technologiques leur impact \u00e9cologique (d\u00e9pense \u00e9nerg\u00e9tique, consommation de ressources naturelles). Cependant, l&#8217;informatique permet aussi d&#8217;aider \u00e0 l&#8217;optimisation en mati\u00e8re de consommation d&#8217;\u00e9nergie ou de ressources.<\/p>\n<div id=\"attachment_2676\" style=\"width: 436px\" class=\"wp-caption aligncenter\"><a href=\"https:\/\/www.auditsi.eu\/wp-content\/uploads\/2012\/11\/SVM-29-Pollueur.jpg\"><img loading=\"lazy\" decoding=\"async\" aria-describedby=\"caption-attachment-2676\" class=\"size-full wp-image-2676\" title=\"La b\u00eatise \u00e0 l'\u00e9tat pur : Core International d\u00e9verse des disques durs de fabricants concurrents \u00e0 la mer (SVM 29, juin 1986)\" alt=\"La b\u00eatise \u00e0 l'\u00e9tat pur : Core International d\u00e9verse des disques durs de fabricants concurrents \u00e0 la mer (SVM 29, juin 1986)\" src=\"https:\/\/www.auditsi.eu\/wp-content\/uploads\/2012\/11\/SVM-29-Pollueur.jpg\" width=\"426\" height=\"225\" srcset=\"https:\/\/www.auditsi.eu\/wp-content\/uploads\/2012\/11\/SVM-29-Pollueur.jpg 426w, https:\/\/www.auditsi.eu\/wp-content\/uploads\/2012\/11\/SVM-29-Pollueur-300x158.jpg 300w\" sizes=\"auto, (max-width: 426px) 100vw, 426px\" \/><\/a><p id=\"caption-attachment-2676\" class=\"wp-caption-text\">La b\u00eatise \u00e0 l&#8217;\u00e9tat pur : Core International d\u00e9verse des disques durs de fabricants concurrents \u00e0 la mer (SVM 29, juin 1986)<\/p><\/div>\n<p style=\"text-align: justify;\">Aujourd&#8217;hui encore, des efforts sont encore \u00e0 accomplir par exemple sur la consommation \u00e9lectrique des <em>data centers<\/em> ou sur le <a title=\"Recyclage et retraitement\" href=\"http:\/\/www.auditsi.eu\/?page_id=2425\">recyclage et la revalorisation de nos anciens appareils<\/a> informatiques.<\/p>\n<p style=\"text-align: justify;\">Quelques articles en rapport avec ce sujet :<\/p>\n<ul>\n<li>Tournesol, Science &amp; Vie Micro n\u00b0 2 (janvier 1984) p. 52 : programme \u00e9crit en Basic pour COMMODORE 4016 permettant de calculer la position exacte du soleil en fonction du lieu, de la date et de l&#8217;heure pour optimiser le positionnement d&#8217;un capteur solaire. Ce calcul est \u00e9galement utile \u00e0 l&#8217;astronome, au jardinier, \u00e0 l&#8217;architecte&#8230; L&#8217;adaptation de ce programme sur un ordinateur actuel ne pr\u00e9sente aucune difficult\u00e9 majeure.<\/li>\n<\/ul>\n<div style=\"padding-bottom:20px; padding-top:10px;\" class=\"hupso-share-buttons\"><!-- Hupso Share Buttons - https:\/\/www.hupso.com\/share\/ --><a class=\"hupso_counters\" href=\"https:\/\/www.hupso.com\/share\/\"><img decoding=\"async\" src=\"https:\/\/static.hupso.com\/share\/buttons\/lang\/fr\/share-small.png\" style=\"border:0px; padding-top:2px; float:left;\" alt=\"Share Button\"\/><\/a><script type=\"text\/javascript\">var hupso_services_c=new Array(\"twitter\",\"facebook_like\",\"facebook_send\",\"email\",\"print\",\"linkedin\");var hupso_counters_lang = \"fr_FR\";var hupso_image_folder_url = \"\";var hupso_twitter_via=\"BenoitRiviere14\";var hupso_url_c=\"\";var hupso_title_c=\"D%C3%A9veloppement%20durable%20et%20informatique\";<\/script><script type=\"text\/javascript\" src=\"https:\/\/static.hupso.com\/share\/js\/counters.js\"><\/script><!-- Hupso Share Buttons --><\/div>","protected":false},"excerpt":{"rendered":"<p>Il est fr\u00e9quemment reproch\u00e9 \u00e0 l&#8217;informatique et aux nouvelles technologiques leur impact \u00e9cologique (d\u00e9pense \u00e9nerg\u00e9tique, consommation de ressources naturelles). Cependant, l&#8217;informatique permet aussi d&#8217;aider \u00e0 l&#8217;optimisation en mati\u00e8re de consommation d&#8217;\u00e9nergie ou de ressources. Aujourd&#8217;hui encore, des efforts sont encore \u00e0 accomplir par exemple sur la consommation \u00e9lectrique des data centers ou sur le recyclage &#8230;<\/p>\n<p><a href=\"https:\/\/www.auditsi.eu\/?page_id=2579\" class=\"more-link\">Continue reading &lsquo;D\u00e9veloppement durable et informatique&rsquo; &raquo;<\/a><\/p>\n<div style=\"padding-bottom:20px; padding-top:10px;\" class=\"hupso-share-buttons\"><!-- Hupso Share Buttons - https:\/\/www.hupso.com\/share\/ --><a class=\"hupso_counters\" href=\"https:\/\/www.hupso.com\/share\/\"><img src=\"https:\/\/static.hupso.com\/share\/buttons\/lang\/fr\/share-small.png\" style=\"border:0px; padding-top:2px; float:left;\" alt=\"Share Button\"\/><\/a><script type=\"text\/javascript\">var hupso_services_c=new Array(\"twitter\",\"facebook_like\",\"facebook_send\",\"email\",\"print\",\"linkedin\");var hupso_counters_lang = \"fr_FR\";var hupso_image_folder_url = \"\";var hupso_twitter_via=\"BenoitRiviere14\";var hupso_url_c=\"\";var hupso_title_c=\"D%C3%A9veloppement%20durable%20et%20informatique\";<\/script><script type=\"text\/javascript\" src=\"https:\/\/static.hupso.com\/share\/js\/counters.js\"><\/script><!-- Hupso Share Buttons --><\/div>","protected":false},"author":1,"featured_media":0,"parent":0,"menu_order":0,"comment_status":"open","ping_status":"open","template":"","meta":{"advanced_seo_description":"","jetpack_seo_html_title":"","jetpack_seo_noindex":false,"ngg_post_thumbnail":0,"footnotes":"","_links_to":"","_links_to_target":""},"class_list":["post-2579","page","type-page","status-publish","hentry"],"jetpack_sharing_enabled":true,"jetpack_likes_enabled":false,"_links":{"self":[{"href":"https:\/\/www.auditsi.eu\/index.php?rest_route=\/wp\/v2\/pages\/2579","targetHints":{"allow":["GET"]}}],"collection":[{"href":"https:\/\/www.auditsi.eu\/index.php?rest_route=\/wp\/v2\/pages"}],"about":[{"href":"https:\/\/www.auditsi.eu\/index.php?rest_route=\/wp\/v2\/types\/page"}],"author":[{"embeddable":true,"href":"https:\/\/www.auditsi.eu\/index.php?rest_route=\/wp\/v2\/users\/1"}],"replies":[{"embeddable":true,"href":"https:\/\/www.auditsi.eu\/index.php?rest_route=%2Fwp%2Fv2%2Fcomments&post=2579"}],"version-history":[{"count":8,"href":"https:\/\/www.auditsi.eu\/index.php?rest_route=\/wp\/v2\/pages\/2579\/revisions"}],"predecessor-version":[{"id":4650,"href":"https:\/\/www.auditsi.eu\/index.php?rest_route=\/wp\/v2\/pages\/2579\/revisions\/4650"}],"wp:attachment":[{"href":"https:\/\/www.auditsi.eu\/index.php?rest_route=%2Fwp%2Fv2%2Fmedia&parent=2579"}],"curies":[{"name":"wp","href":"https:\/\/api.w.org\/{rel}","templated":true}]}}