{"id":2543,"date":"2012-11-25T20:30:09","date_gmt":"2012-11-25T18:30:09","guid":{"rendered":"http:\/\/www.auditsi.eu\/?page_id=2543"},"modified":"2014-11-01T14:17:13","modified_gmt":"2014-11-01T12:17:13","slug":"amstrad-la-marque-phare-de-linformatique-bon-marche","status":"publish","type":"page","link":"https:\/\/www.auditsi.eu\/?page_id=2543","title":{"rendered":"AMSTRAD : la marque phare de l\u2019informatique bon march\u00e9"},"content":{"rendered":"<p style=\"text-align: justify;\">Dans les ann\u00e9es 80, AMSTRAD (pour Alan Michael Sugar TRADing) est une soci\u00e9t\u00e9 sp\u00e9cialis\u00e9e dans l\u2019\u00e9lectronique grand public (cha\u00eenes Hi-Fi, t\u00e9l\u00e9viseurs\u2026). La micro-informatique familiale se d\u00e9veloppe depuis quelques ann\u00e9es. Son fondateur, <a title=\"Les grands personnages de la micro-informatique\" href=\"http:\/\/www.auditsi.eu\/?page_id=2392\">Alan Michael Sugar<\/a>, sentant le filon, choisit de diversifier ses activit\u00e9s en lan\u00e7ant sur le march\u00e9 un ordinateur, l\u2019<a title=\"AMSTRAD CPC\" href=\"http:\/\/www.auditsi.eu\/?page_id=2981\">AMSTRAD CPC<\/a> 464.<\/p>\n<div id=\"attachment_2556\" style=\"width: 295px\" class=\"wp-caption aligncenter\"><a href=\"https:\/\/www.auditsi.eu\/wp-content\/uploads\/2012\/11\/AMS-AMSTRAD.jpg\"><img loading=\"lazy\" decoding=\"async\" aria-describedby=\"caption-attachment-2556\" class=\"size-full wp-image-2556\" title=\"Alan Sugar, PDG d'AMSTRAD (SVM n\u00b0 22)\" src=\"https:\/\/www.auditsi.eu\/wp-content\/uploads\/2012\/11\/AMS-AMSTRAD.jpg\" alt=\"Alan Sugar, PDG d'AMSTRAD (SVM n\u00b0 22)\" width=\"285\" height=\"264\" \/><\/a><p id=\"caption-attachment-2556\" class=\"wp-caption-text\">Alan Sugar, PDG d&#8217;AMSTRAD (SVM n\u00b0 22)<\/p><\/div>\n<p style=\"text-align: justify;\">Cette machine est, pour l\u2019\u00e9poque, r\u00e9volutionnaire tant par ses capacit\u00e9s techniques (64 Ko de m\u00e9moire, performances graphiques et musicales) que par l\u2019argumentaire commercial d\u00e9ploy\u00e9 (le prix de l\u2019ordinateur comprend l\u2019\u00e9cran, l\u2019utilisation de l\u2019ordinateur ne mobilise plus le t\u00e9l\u00e9viseur familial !). Le succ\u00e8s est au rendez-vous au point que rapidement la gamme CPC comprend deux nouvelles r\u00e9f\u00e9rences : le CPC 664 (m\u00eame configuration que le 464 mais un lecteur de disquette remplace avantageusement le lecteur de cassette) et le CPC 6128 (128 Ko de RAM !). La politique commerciale agressive du constructeur contraint ses concurrents \u00e0 revoir leurs grilles tarifaires pour le plus grand profit des consommateurs. Le lancement du CPC 664 au tarif de 4500 FRF TTC moniteur couleur compris avec lecteur de <a title=\"Disquettes 3 pouces\" href=\"http:\/\/www.auditsi.eu\/?page_id=4595\">disquette 3 pouces<\/a> int\u00e9gr\u00e9 en est un exemple. Le prix de vente du seul lecteur de disquette chez THOMSON, COMMODORE ou ORIC tourne autour de 3500 \u00e0 3800 FRF. L&#8217;EINSTEIN, machine comparable au CPC 664, est vendu 8000 FRF sans \u00e9cran. La marque a \u00e9galement su rendre sa gamme attrayante en commercialisant de nombreux <a title=\"AMSTRAD : accessoires\" href=\"http:\/\/www.auditsi.eu\/?page_id=2929\">accessoires<\/a> : stylo optique, synth\u00e9tiseur vocal, imprimantes&#8230;<\/p>\n<div id=\"attachment_3344\" style=\"width: 458px\" class=\"wp-caption aligncenter\"><a href=\"https:\/\/www.auditsi.eu\/wp-content\/uploads\/2012\/11\/SVM-29-AMSTRAD-LOGICIELS.jpg\"><img loading=\"lazy\" decoding=\"async\" aria-describedby=\"caption-attachment-3344\" class=\"size-full wp-image-3344\" src=\"https:\/\/www.auditsi.eu\/wp-content\/uploads\/2012\/11\/SVM-29-AMSTRAD-LOGICIELS.jpg\" alt=\"Les grands du logiciel et l'AMSTRAD : l'adoption du CP\/M par AMSTRAD permet aux \u00e9diteurs de recycler leurs anciens logiciels professionnels \u00e0 bon compte (Science &amp; Vie Micro n\u00b0 29, juin 1986, p. 20)\" width=\"448\" height=\"280\" srcset=\"https:\/\/www.auditsi.eu\/wp-content\/uploads\/2012\/11\/SVM-29-AMSTRAD-LOGICIELS.jpg 448w, https:\/\/www.auditsi.eu\/wp-content\/uploads\/2012\/11\/SVM-29-AMSTRAD-LOGICIELS-300x187.jpg 300w, https:\/\/www.auditsi.eu\/wp-content\/uploads\/2012\/11\/SVM-29-AMSTRAD-LOGICIELS-320x200.jpg 320w\" sizes=\"auto, (max-width: 448px) 100vw, 448px\" \/><\/a><p id=\"caption-attachment-3344\" class=\"wp-caption-text\">Les grands du logiciel et l&#8217;AMSTRAD : l&#8217;adoption du CP\/M par AMSTRAD permet aux \u00e9diteurs de recycler leurs anciens logiciels professionnels \u00e0 bon compte (Science &amp; Vie Micro n\u00b0 29, juin 1986, p. 20)<\/p><\/div>\n<div id=\"attachment_2622\" style=\"width: 471px\" class=\"wp-caption aligncenter\"><a href=\"https:\/\/www.auditsi.eu\/wp-content\/uploads\/2012\/11\/SVM-16-AMSTRAD-PRIX.jpg\"><img loading=\"lazy\" decoding=\"async\" aria-describedby=\"caption-attachment-2622\" class=\"size-full wp-image-2622\" title=\"Le lancement du CPC 664 contraint la concurrence \u00e0 revoir sa strat\u00e9gie tarifaire (SVM n\u00b0 16, avril 1985)\" src=\"https:\/\/www.auditsi.eu\/wp-content\/uploads\/2012\/11\/SVM-16-AMSTRAD-PRIX.jpg\" alt=\"Le lancement du CPC 664 contraint la concurrence \u00e0 revoir sa strat\u00e9gie tarifaire (SVM n\u00b0 16, avril 1985)\" width=\"461\" height=\"800\" \/><\/a><p id=\"caption-attachment-2622\" class=\"wp-caption-text\">Le lancement du CPC 664 contraint la concurrence \u00e0 revoir sa strat\u00e9gie tarifaire (SVM n\u00b0 16, avril 1985)<\/p><\/div>\n<div id=\"attachment_2716\" style=\"width: 360px\" class=\"wp-caption aligncenter\"><a href=\"https:\/\/www.auditsi.eu\/wp-content\/uploads\/2012\/11\/SVM19-07-08-1985-p7-AMSTRAD.jpg\"><img loading=\"lazy\" decoding=\"async\" aria-describedby=\"caption-attachment-2716\" class=\"size-full wp-image-2716\" title=\"AMSTRAD fait des \u00e9mules (SVM 19, juillet-ao\u00fbt 1985) : 200 000 ordinateurs AMSTRAD vendus en 1984\" src=\"https:\/\/www.auditsi.eu\/wp-content\/uploads\/2012\/11\/SVM19-07-08-1985-p7-AMSTRAD.jpg\" alt=\"AMSTRAD fait des \u00e9mules (SVM 19, juillet-ao\u00fbt 1985) : 200 000 ordinateurs AMSTRAD vendus en 1984\" width=\"350\" height=\"640\" srcset=\"https:\/\/www.auditsi.eu\/wp-content\/uploads\/2012\/11\/SVM19-07-08-1985-p7-AMSTRAD.jpg 350w, https:\/\/www.auditsi.eu\/wp-content\/uploads\/2012\/11\/SVM19-07-08-1985-p7-AMSTRAD-164x300.jpg 164w\" sizes=\"auto, (max-width: 350px) 100vw, 350px\" \/><\/a><p id=\"caption-attachment-2716\" class=\"wp-caption-text\">AMSTRAD fait des \u00e9mules (SVM 19, juillet-ao\u00fbt 1985) : 200 000 ordinateurs AMSTRAD vendus en 1984<\/p><\/div>\n<div id=\"attachment_3346\" style=\"width: 490px\" class=\"wp-caption aligncenter\"><a href=\"https:\/\/www.auditsi.eu\/wp-content\/uploads\/2012\/11\/SVM-29-AMSTRAD-DISQUETTES.jpg\"><img loading=\"lazy\" decoding=\"async\" aria-describedby=\"caption-attachment-3346\" class=\"size-full wp-image-3346\" src=\"https:\/\/www.auditsi.eu\/wp-content\/uploads\/2012\/11\/SVM-29-AMSTRAD-DISQUETTES.jpg\" alt=\"AMSTRAD : le demi-pouce manquant : le choix du format de disquette 3 pouces d'Amstrad se r\u00e9v\u00e9lera rapidement un inconv\u00e9nient pour l'utilisateur du fait de sa raret\u00e9 (Science &amp; Vie Micro n\u00b0 29, juin 1986, p. 20)\" width=\"480\" height=\"626\" srcset=\"https:\/\/www.auditsi.eu\/wp-content\/uploads\/2012\/11\/SVM-29-AMSTRAD-DISQUETTES.jpg 480w, https:\/\/www.auditsi.eu\/wp-content\/uploads\/2012\/11\/SVM-29-AMSTRAD-DISQUETTES-230x300.jpg 230w\" sizes=\"auto, (max-width: 480px) 100vw, 480px\" \/><\/a><p id=\"caption-attachment-3346\" class=\"wp-caption-text\">AMSTRAD : le demi-pouce manquant : le choix du format de disquette 3 pouces d&#8217;Amstrad se r\u00e9v\u00e9lera rapidement un inconv\u00e9nient pour l&#8217;utilisateur du fait de sa raret\u00e9 (Science &amp; Vie Micro n\u00b0 29, juin 1986, p. 20)<\/p><\/div>\n<p style=\"text-align: justify;\">Fort de ses succ\u00e8s commerciaux avec les ordinateurs grand public, AMSTRAD d\u00e9cide de s&#8217;attaquer au march\u00e9 professionnel. A l&#8217;\u00e9poque ce march\u00e9 est domin\u00e9 par les IBM PC &amp; COMPATIBLES. Ces ordinateurs et logiciels \u00e9taient on\u00e9reux. Beaucoup d&#8217;entreprises n&#8217;avaient par les moyens de les acqu\u00e9rir.<\/p>\n<div id=\"attachment_2541\" style=\"width: 458px\" class=\"wp-caption aligncenter\"><a href=\"https:\/\/www.auditsi.eu\/wp-content\/uploads\/2012\/11\/DSCN7726.jpg\"><img loading=\"lazy\" decoding=\"async\" aria-describedby=\"caption-attachment-2541\" class=\"size-full wp-image-2541\" title=\"Manuels utilisateur pour AMSTRAD CPC 6128 et portables PPC 512 \/ 640\" src=\"https:\/\/www.auditsi.eu\/wp-content\/uploads\/2012\/11\/DSCN7726.jpg\" alt=\"Manuels utilisateur pour AMSTRAD CPC 6128 et portables PPC 512 \/ 640\" width=\"448\" height=\"329\" srcset=\"https:\/\/www.auditsi.eu\/wp-content\/uploads\/2012\/11\/DSCN7726.jpg 448w, https:\/\/www.auditsi.eu\/wp-content\/uploads\/2012\/11\/DSCN7726-300x220.jpg 300w\" sizes=\"auto, (max-width: 448px) 100vw, 448px\" \/><\/a><p id=\"caption-attachment-2541\" class=\"wp-caption-text\">Manuels utilisateur pour AMSTRAD CPC 6128 et portables PPC 512 \/ 640<\/p><\/div>\n<p>AMSTRAD lance alors deux nouvelles gammes :<\/p>\n<ul>\n<li>Les PCW 8256, 8512&#8230; : des machines sp\u00e9cialis\u00e9es traitement de texte, mono-blocs (\u00e9cran \/ unit\u00e9 centrale comme les iMac) pilot\u00e9es sous <a title=\"Syst\u00e8mes d\u2019exploitation : de la console \u00e0 la fen\u00eatre\" href=\"http:\/\/www.auditsi.eu\/?page_id=2493\">CP\/M<\/a>.<\/li>\n<\/ul>\n<ul>\n<li>Des PC, enfin bon march\u00e9, avec le PC 1512, le PC 1640 puis les <a title=\"AMSTRAD PPC\" href=\"http:\/\/www.auditsi.eu\/?page_id=3109\">portables PPC<\/a> 512 et 640 sous MS\/DOS. Ce ne sont pas les meilleurs mais le constructeur ouvre une nouvelle voie pour les petites entreprises. Les \u00e9diteurs de logiciels ont d\u00fb se r\u00e9soudre \u00e0 \u00e9diter des logiciels sp\u00e9cialement adapt\u00e9s (au niveau du prix) ; n&#8217;oublions pas que les logiciels professionnels co\u00fbtaient plusieurs milliers de francs et que le prix du PC 1512 \u00e9tait inf\u00e9rieur \u00e0 celui de certains logiciels. Bien entendu, ces logiciels ne fonctionnaient que sur PC AMSTRAD.<\/li>\n<\/ul>\n<div id=\"attachment_2629\" style=\"width: 490px\" class=\"wp-caption aligncenter\"><a href=\"https:\/\/www.auditsi.eu\/wp-content\/uploads\/2012\/11\/SVM-20-PCW-8256.jpg\"><img loading=\"lazy\" decoding=\"async\" aria-describedby=\"caption-attachment-2629\" class=\"size-full wp-image-2629\" title=\"PCW 8256 : la nouvelle bombe d'Amstrad (SVM n\u00b0 20, septembre 1985)\" src=\"https:\/\/www.auditsi.eu\/wp-content\/uploads\/2012\/11\/SVM-20-PCW-8256.jpg\" alt=\"PCW 8256 : la nouvelle bombe d'Amstrad (SVM n\u00b0 20, septembre 1985)\" width=\"480\" height=\"800\" srcset=\"https:\/\/www.auditsi.eu\/wp-content\/uploads\/2012\/11\/SVM-20-PCW-8256.jpg 480w, https:\/\/www.auditsi.eu\/wp-content\/uploads\/2012\/11\/SVM-20-PCW-8256-180x300.jpg 180w\" sizes=\"auto, (max-width: 480px) 100vw, 480px\" \/><\/a><p id=\"caption-attachment-2629\" class=\"wp-caption-text\">PCW 8256 : la nouvelle bombe d&#8217;Amstrad (SVM n\u00b0 20, septembre 1985)<\/p><\/div>\n<p style=\"text-align: justify;\">Le march\u00e9 de l&#8217;informatique personnelle est en crise. En entrant sur le march\u00e9 de l&#8217;informatique professionnelle, AMSTRAD signe un changement de strat\u00e9gie.<\/p>\n<div id=\"attachment_2699\" style=\"width: 309px\" class=\"wp-caption aligncenter\"><a href=\"https:\/\/www.auditsi.eu\/wp-content\/uploads\/2012\/11\/SVM-27-AMSTRAD-PC.jpg\"><img loading=\"lazy\" decoding=\"async\" aria-describedby=\"caption-attachment-2699\" class=\"size-full wp-image-2699\" title=\"AMSTRAD, le rouleau compresseur, pr\u00e9pare un comptable (SVM 27, avril 1986)\" src=\"https:\/\/www.auditsi.eu\/wp-content\/uploads\/2012\/11\/SVM-27-AMSTRAD-PC.jpg\" alt=\"AMSTRAD, le rouleau compresseur, pr\u00e9pare un comptable (SVM 27, avril 1986)\" width=\"299\" height=\"1024\" \/><\/a><p id=\"caption-attachment-2699\" class=\"wp-caption-text\">AMSTRAD, le rouleau compresseur, pr\u00e9pare un comptable (SVM 27, avril 1986)<\/p><\/div>\n<p style=\"text-align: justify;\">AMSTRAD a contribu\u00e9 \u00e0 d\u00e9mocratiser la micro-informatique tant chez les particuliers que chez les petites entreprises, au point que les PC ont commenc\u00e9 \u00e0 \u00eatre distribu\u00e9 en grande surface \u00e0 cot\u00e9 des paquets de lessive&#8230; Un tabou est tomb\u00e9 : le PC n&#8217;est plus l&#8217;apanage d&#8217;une \u00e9lite fortun\u00e9e !<\/p>\n<div id=\"attachment_2691\" style=\"width: 458px\" class=\"wp-caption aligncenter\"><a href=\"https:\/\/www.auditsi.eu\/wp-content\/uploads\/2012\/11\/SVM37-1512.jpg\"><img loading=\"lazy\" decoding=\"async\" aria-describedby=\"caption-attachment-2691\" class=\"size-full wp-image-2691\" title=\"L'AMSTRAD PC 1512 en grande surface : une r\u00e9volution ! (SVM n\u00b0 37, mars 1987)\" src=\"https:\/\/www.auditsi.eu\/wp-content\/uploads\/2012\/11\/SVM37-1512.jpg\" alt=\"L'AMSTRAD PC 1512 en grande surface : une r\u00e9volution ! (SVM n\u00b0 37, mars 1987)\" width=\"448\" height=\"320\" srcset=\"https:\/\/www.auditsi.eu\/wp-content\/uploads\/2012\/11\/SVM37-1512.jpg 448w, https:\/\/www.auditsi.eu\/wp-content\/uploads\/2012\/11\/SVM37-1512-300x214.jpg 300w\" sizes=\"auto, (max-width: 448px) 100vw, 448px\" \/><\/a><p id=\"caption-attachment-2691\" class=\"wp-caption-text\">L&#8217;AMSTRAD PC 1512 en grande surface : une r\u00e9volution ! (SVM n\u00b0 37, mars 1987)<\/p><\/div>\n<p style=\"text-align: justify;\">Toutefois, la soci\u00e9t\u00e9 n&#8217;a pas su (ou voulu) prendre le tournant des ann\u00e9es 90. La micro familiale 8 bits est submerg\u00e9e par l&#8217;arriv\u00e9e des ordinateurs 16 et 32 bits. Les CPC ne sont plus dans le coup. Pour seule r\u00e9ponse, AMSTRAD sort les CPC+ (CPC 464+ et 6128+), pale d\u00e9poussi\u00e9rage des CPC, et sa console de jeux, la GX 4000 (elle aussi bas\u00e9e sur les CPC) au moment o\u00f9 les consoles japonaises produisent des jeux de bien meilleure facture. Le succ\u00e8s abandonne la marque, les \u00e9diteurs abandonnent tour \u00e0 tour le constructeur pour focaliser leurs moyens sur des machines plus prometteuses, les revues informatiques tournent la page \u00e0 l&#8217;image d&#8217;AMSTRAD CENT POUR CENT. La gamme professionnelle n&#8217;est pas en meilleure sant\u00e9, la concurrence a baiss\u00e9 ses prix. Le prix n&#8217;est plus le seul argument \u00e0 mettre en avant&#8230; alors qu&#8217;il constitue le principal atout de la politique commerciale d&#8217;AMSTRAD.<\/p>\n<div id=\"attachment_2943\" style=\"width: 442px\" class=\"wp-caption aligncenter\"><a href=\"https:\/\/www.auditsi.eu\/wp-content\/uploads\/2012\/11\/DSCN8139.jpg\"><img loading=\"lazy\" decoding=\"async\" aria-describedby=\"caption-attachment-2943\" class=\"size-full wp-image-2943\" src=\"https:\/\/www.auditsi.eu\/wp-content\/uploads\/2012\/11\/DSCN8139.jpg\" alt=\"Le dernier num\u00e9ro du magazine AMSTRAD CENT POUR CENT (n\u00b0 49, octobre 1993)\" width=\"432\" height=\"576\" srcset=\"https:\/\/www.auditsi.eu\/wp-content\/uploads\/2012\/11\/DSCN8139.jpg 432w, https:\/\/www.auditsi.eu\/wp-content\/uploads\/2012\/11\/DSCN8139-225x300.jpg 225w\" sizes=\"auto, (max-width: 432px) 100vw, 432px\" \/><\/a><p id=\"caption-attachment-2943\" class=\"wp-caption-text\">Le dernier num\u00e9ro du magazine AMSTRAD CENT POUR CENT (n\u00b0 49, octobre 1993)<\/p><\/div>\n<p>S\u00e9lection d\u2019articles sur le sujet :<\/p>\n<ul>\n<li>AMSTRAD CPC 464, la vitesse sup\u00e9rieure, Science &amp; Vie Micro 10 (octobre 1984), p. 78<\/li>\n<li>AMSTRAD CPC 664, soyez r\u00e9aliste, demandez l&#8217;impossible, Science &amp; Vie Micro 18 (juin 1985), p. 38<\/li>\n<li>AMSTRAD CPC 6128, m\u00e9moire double, Science &amp; Vie Micro 20 (septembre 1985), p. 126<\/li>\n<li>AMSTRAD : BOUM !, Hebdogiciel 152 (12 septembre 1986), p. 1<\/li>\n<li>L&#8217;AMSTRAD PC, COMPATIBLE ? MOUI !, Hebdogiciel 159 (31 octobre 1986), p. 1<\/li>\n<li>Les nouveaux AMSTRAD PC 2086, PC 2286 et PC 2386 : p\u00e9tard mouill\u00e9 ou bombe du si\u00e8cle ?, Science &amp; Vie Micro n\u00b0 54 (octobre 1988), p. 76 : les nouvelles ambitions du constructeur britannique<\/li>\n<li>Sp\u00e9cial AMSTRAD, Science &amp; Vie Micro HS n\u00b0 5 (1988) : nouvelle gamme professionnelle de PC face \u00e0 la concurrence, traitements de texte, que vaut le CPC, t\u00e9moignages d&#8217;utilisateurs&#8230;<\/li>\n<\/ul>\n<p style=\"text-align: justify;\"><span style=\"font-size: small;\"><em>Les photos d\u2019illustration sont issues de ma <a title=\"Ma collection\" href=\"http:\/\/www.auditsi.eu\/?page_id=1983\">collection personnelle<\/a>.<\/em><\/span><\/p>\n<div style=\"padding-bottom:20px; padding-top:10px;\" class=\"hupso-share-buttons\"><!-- Hupso Share Buttons - https:\/\/www.hupso.com\/share\/ --><a class=\"hupso_counters\" href=\"https:\/\/www.hupso.com\/share\/\"><img decoding=\"async\" src=\"https:\/\/static.hupso.com\/share\/buttons\/lang\/fr\/share-small.png\" style=\"border:0px; padding-top:2px; float:left;\" alt=\"Share Button\"\/><\/a><script type=\"text\/javascript\">var hupso_services_c=new Array(\"twitter\",\"facebook_like\",\"facebook_send\",\"email\",\"print\",\"linkedin\");var hupso_counters_lang = \"fr_FR\";var hupso_image_folder_url = \"\";var hupso_twitter_via=\"BenoitRiviere14\";var hupso_url_c=\"\";var hupso_title_c=\"AMSTRAD%20%3A%20la%20marque%20phare%20de%20l%E2%80%99informatique%20bon%20march%C3%A9\";<\/script><script type=\"text\/javascript\" src=\"https:\/\/static.hupso.com\/share\/js\/counters.js\"><\/script><!-- Hupso Share Buttons --><\/div>","protected":false},"excerpt":{"rendered":"<p>Dans les ann\u00e9es 80, AMSTRAD (pour Alan Michael Sugar TRADing) est une soci\u00e9t\u00e9 sp\u00e9cialis\u00e9e dans l\u2019\u00e9lectronique grand public (cha\u00eenes Hi-Fi, t\u00e9l\u00e9viseurs\u2026). La micro-informatique familiale se d\u00e9veloppe depuis quelques ann\u00e9es. Son fondateur, Alan Michael Sugar, sentant le filon, choisit de diversifier ses activit\u00e9s en lan\u00e7ant sur le march\u00e9 un ordinateur, l\u2019AMSTRAD CPC 464. Cette machine est, &#8230;<\/p>\n<p><a href=\"https:\/\/www.auditsi.eu\/?page_id=2543\" class=\"more-link\">Continue reading &lsquo;AMSTRAD : la marque phare de l\u2019informatique bon march\u00e9&rsquo; &raquo;<\/a><\/p>\n<div style=\"padding-bottom:20px; padding-top:10px;\" class=\"hupso-share-buttons\"><!-- Hupso Share Buttons - https:\/\/www.hupso.com\/share\/ --><a class=\"hupso_counters\" href=\"https:\/\/www.hupso.com\/share\/\"><img src=\"https:\/\/static.hupso.com\/share\/buttons\/lang\/fr\/share-small.png\" style=\"border:0px; padding-top:2px; float:left;\" alt=\"Share Button\"\/><\/a><script type=\"text\/javascript\">var hupso_services_c=new Array(\"twitter\",\"facebook_like\",\"facebook_send\",\"email\",\"print\",\"linkedin\");var hupso_counters_lang = \"fr_FR\";var hupso_image_folder_url = \"\";var hupso_twitter_via=\"BenoitRiviere14\";var hupso_url_c=\"\";var hupso_title_c=\"AMSTRAD%20%3A%20la%20marque%20phare%20de%20l%E2%80%99informatique%20bon%20march%C3%A9\";<\/script><script type=\"text\/javascript\" src=\"https:\/\/static.hupso.com\/share\/js\/counters.js\"><\/script><!-- Hupso Share Buttons --><\/div>","protected":false},"author":1,"featured_media":0,"parent":0,"menu_order":0,"comment_status":"open","ping_status":"open","template":"","meta":{"advanced_seo_description":"","jetpack_seo_html_title":"","jetpack_seo_noindex":false,"ngg_post_thumbnail":0,"footnotes":"","_links_to":"","_links_to_target":""},"class_list":["post-2543","page","type-page","status-publish","hentry"],"jetpack_sharing_enabled":true,"jetpack_likes_enabled":false,"_links":{"self":[{"href":"https:\/\/www.auditsi.eu\/index.php?rest_route=\/wp\/v2\/pages\/2543","targetHints":{"allow":["GET"]}}],"collection":[{"href":"https:\/\/www.auditsi.eu\/index.php?rest_route=\/wp\/v2\/pages"}],"about":[{"href":"https:\/\/www.auditsi.eu\/index.php?rest_route=\/wp\/v2\/types\/page"}],"author":[{"embeddable":true,"href":"https:\/\/www.auditsi.eu\/index.php?rest_route=\/wp\/v2\/users\/1"}],"replies":[{"embeddable":true,"href":"https:\/\/www.auditsi.eu\/index.php?rest_route=%2Fwp%2Fv2%2Fcomments&post=2543"}],"version-history":[{"count":32,"href":"https:\/\/www.auditsi.eu\/index.php?rest_route=\/wp\/v2\/pages\/2543\/revisions"}],"predecessor-version":[{"id":5635,"href":"https:\/\/www.auditsi.eu\/index.php?rest_route=\/wp\/v2\/pages\/2543\/revisions\/5635"}],"wp:attachment":[{"href":"https:\/\/www.auditsi.eu\/index.php?rest_route=%2Fwp%2Fv2%2Fmedia&parent=2543"}],"curies":[{"name":"wp","href":"https:\/\/api.w.org\/{rel}","templated":true}]}}