{"id":2509,"date":"2012-11-25T13:31:06","date_gmt":"2012-11-25T11:31:06","guid":{"rendered":"http:\/\/www.auditsi.eu\/?page_id=2509"},"modified":"2016-08-27T19:13:07","modified_gmt":"2016-08-27T17:13:07","slug":"logiciels-langages","status":"publish","type":"page","link":"https:\/\/www.auditsi.eu\/?page_id=2509","title":{"rendered":"Logiciels &#038; langages"},"content":{"rendered":"<p style=\"text-align: justify;\">Les logiciels permettent d&#8217;exploiter les <a title=\"Le mat\u00e9riel\" href=\"http:\/\/www.auditsi.eu\/?page_id=2506\">ordinateurs<\/a>. Il y a plusieurs types de logiciels :<\/p>\n<ul>\n<li>Les <a title=\"Syst\u00e8mes d\u2019exploitation : de la console \u00e0 la fen\u00eatre\" href=\"http:\/\/www.auditsi.eu\/?page_id=2493\">syst\u00e8mes d&#8217;exploitation<\/a>,<\/li>\n<li>Les <a title=\"Les langages de programmation\" href=\"http:\/\/www.auditsi.eu\/?page_id=2377\">langages de programmation et environnements de d\u00e9veloppement<\/a>,<\/li>\n<li>Les logiciels et programmes :\n<ul>\n<li><a title=\"Conception assist\u00e9e par ordinateur et simulation\" href=\"http:\/\/www.auditsi.eu\/?page_id=2521\">conception assist\u00e9e par ordinateur (CAO) et simulation<\/a>,<\/li>\n<li><a title=\"L'intelligence artificielle et les syst\u00e8mes experts\" href=\"http:\/\/www.auditsi.eu\/?page_id=2273\">intelligence artificielle et syst\u00e8mes experts<\/a>,<\/li>\n<li><a title=\"La bureautique et les outils de gestion\" href=\"http:\/\/www.auditsi.eu\/?page_id=2402\">bureautique et outils de gestion<\/a>,<\/li>\n<li><a title=\"Logiciels de jeu\" href=\"http:\/\/www.auditsi.eu\/?page_id=3245\">jeux<\/a>&#8230;<\/li>\n<\/ul>\n<\/li>\n<\/ul>\n<p><a href=\"https:\/\/www.auditsi.eu\/wp-content\/uploads\/2012\/11\/Etapes-d\u00e9veloppement-logiciel.png\"><img loading=\"lazy\" decoding=\"async\" class=\"aligncenter size-full wp-image-4616\" src=\"https:\/\/www.auditsi.eu\/wp-content\/uploads\/2012\/11\/Etapes-d\u00e9veloppement-logiciel.png\" alt=\"Etapes de d\u00e9veloppement d'un logiciel (Basic Plus)\" width=\"480\" height=\"554\" srcset=\"https:\/\/www.auditsi.eu\/wp-content\/uploads\/2012\/11\/Etapes-d\u00e9veloppement-logiciel.png 480w, https:\/\/www.auditsi.eu\/wp-content\/uploads\/2012\/11\/Etapes-d\u00e9veloppement-logiciel-259x300.png 259w\" sizes=\"auto, (max-width: 480px) 100vw, 480px\" \/><\/a><\/p>\n<p>Quelle que soit la nature des logiciels, ils ont tous le m\u00eame but : r\u00e9soudre des probl\u00e8me, \u00e0 l&#8217;image d&#8217;un programme de r\u00e9solution de Rubik&#8217;s Cube (cf plus bas).<\/p>\n<p>Ouvrages :<\/p>\n<ul>\n<li>Du bricolage \u00e0 l&#8217;industrialisation : la qualit\u00e9 des logiciels, Jean-Pierre MARTIN (Afnor Gestion, 1987)<\/li>\n<\/ul>\n<p>S\u00e9lection d\u2019articles sur le sujet :<\/p>\n<ul>\n<li>Les micro-ordinateurs : la r\u00e9volution du logiciel, Micro-Syst\u00e8mes n\u00b0 5 (mai-juin 1979), p. 13<\/li>\n<\/ul>\n<ul>\n<li>Le Rubik&#8217;s Cube ? Un jeu d&#8217;enfant avec votre PC-1211, L&#8217;Ordinateur Individuel n\u00b0 44 (janvier 1983), p. 144 : quand votre ordinateur r\u00e9sout un sacr\u00e9 casse-t\u00eate \u00e0 l&#8217;aide d&#8217;un programme en Basic.<\/li>\n<\/ul>\n<p><span style=\"font-size: small;\"><em>Les photos d\u2019illustration sont issues de ma <a title=\"Ma collection\" href=\"http:\/\/www.auditsi.eu\/?page_id=1983\">collection personnelle<\/a>.<\/em><\/span><\/p>\n<div style=\"padding-bottom:20px; padding-top:10px;\" class=\"hupso-share-buttons\"><!-- Hupso Share Buttons - https:\/\/www.hupso.com\/share\/ --><a class=\"hupso_counters\" href=\"https:\/\/www.hupso.com\/share\/\"><img decoding=\"async\" src=\"https:\/\/static.hupso.com\/share\/buttons\/lang\/fr\/share-small.png\" style=\"border:0px; padding-top:2px; float:left;\" alt=\"Share Button\"\/><\/a><script type=\"text\/javascript\">var hupso_services_c=new Array(\"twitter\",\"facebook_like\",\"facebook_send\",\"email\",\"print\",\"linkedin\");var hupso_counters_lang = \"fr_FR\";var hupso_image_folder_url = \"\";var hupso_twitter_via=\"BenoitRiviere14\";var hupso_url_c=\"\";var hupso_title_c=\"Logiciels%20%26%20langages\";<\/script><script type=\"text\/javascript\" src=\"https:\/\/static.hupso.com\/share\/js\/counters.js\"><\/script><!-- Hupso Share Buttons --><\/div>","protected":false},"excerpt":{"rendered":"<p>Les logiciels permettent d&#8217;exploiter les ordinateurs. Il y a plusieurs types de logiciels : Les syst\u00e8mes d&#8217;exploitation, Les langages de programmation et environnements de d\u00e9veloppement, Les logiciels et programmes : conception assist\u00e9e par ordinateur (CAO) et simulation, intelligence artificielle et syst\u00e8mes experts, bureautique et outils de gestion, jeux&#8230; Quelle que soit la nature des logiciels, &#8230;<\/p>\n<p><a href=\"https:\/\/www.auditsi.eu\/?page_id=2509\" class=\"more-link\">Continue reading &lsquo;Logiciels &#038; langages&rsquo; &raquo;<\/a><\/p>\n<div style=\"padding-bottom:20px; padding-top:10px;\" class=\"hupso-share-buttons\"><!-- Hupso Share Buttons - https:\/\/www.hupso.com\/share\/ --><a class=\"hupso_counters\" href=\"https:\/\/www.hupso.com\/share\/\"><img src=\"https:\/\/static.hupso.com\/share\/buttons\/lang\/fr\/share-small.png\" style=\"border:0px; padding-top:2px; float:left;\" alt=\"Share Button\"\/><\/a><script type=\"text\/javascript\">var hupso_services_c=new Array(\"twitter\",\"facebook_like\",\"facebook_send\",\"email\",\"print\",\"linkedin\");var hupso_counters_lang = \"fr_FR\";var hupso_image_folder_url = \"\";var hupso_twitter_via=\"BenoitRiviere14\";var hupso_url_c=\"\";var hupso_title_c=\"Logiciels%20%26%20langages\";<\/script><script type=\"text\/javascript\" src=\"https:\/\/static.hupso.com\/share\/js\/counters.js\"><\/script><!-- Hupso Share Buttons --><\/div>","protected":false},"author":1,"featured_media":0,"parent":0,"menu_order":0,"comment_status":"open","ping_status":"open","template":"","meta":{"advanced_seo_description":"","jetpack_seo_html_title":"","jetpack_seo_noindex":false,"ngg_post_thumbnail":0,"footnotes":"","_links_to":"","_links_to_target":""},"class_list":["post-2509","page","type-page","status-publish","hentry"],"jetpack_sharing_enabled":true,"jetpack_likes_enabled":false,"_links":{"self":[{"href":"https:\/\/www.auditsi.eu\/index.php?rest_route=\/wp\/v2\/pages\/2509","targetHints":{"allow":["GET"]}}],"collection":[{"href":"https:\/\/www.auditsi.eu\/index.php?rest_route=\/wp\/v2\/pages"}],"about":[{"href":"https:\/\/www.auditsi.eu\/index.php?rest_route=\/wp\/v2\/types\/page"}],"author":[{"embeddable":true,"href":"https:\/\/www.auditsi.eu\/index.php?rest_route=\/wp\/v2\/users\/1"}],"replies":[{"embeddable":true,"href":"https:\/\/www.auditsi.eu\/index.php?rest_route=%2Fwp%2Fv2%2Fcomments&post=2509"}],"version-history":[{"count":15,"href":"https:\/\/www.auditsi.eu\/index.php?rest_route=\/wp\/v2\/pages\/2509\/revisions"}],"predecessor-version":[{"id":6637,"href":"https:\/\/www.auditsi.eu\/index.php?rest_route=\/wp\/v2\/pages\/2509\/revisions\/6637"}],"wp:attachment":[{"href":"https:\/\/www.auditsi.eu\/index.php?rest_route=%2Fwp%2Fv2%2Fmedia&parent=2509"}],"curies":[{"name":"wp","href":"https:\/\/api.w.org\/{rel}","templated":true}]}}