{"id":2506,"date":"2012-11-25T13:29:43","date_gmt":"2012-11-25T11:29:43","guid":{"rendered":"http:\/\/www.auditsi.eu\/?page_id=2506"},"modified":"2014-11-01T14:57:54","modified_gmt":"2014-11-01T12:57:54","slug":"le-materiel","status":"publish","type":"page","link":"https:\/\/www.auditsi.eu\/?page_id=2506","title":{"rendered":"Le mat\u00e9riel"},"content":{"rendered":"<div id=\"attachment_3342\" style=\"width: 447px\" class=\"wp-caption aligncenter\"><a href=\"https:\/\/www.auditsi.eu\/wp-content\/uploads\/2012\/11\/SVM-1-PORTABLE-OLIVETTI.jpg\"><img loading=\"lazy\" decoding=\"async\" aria-describedby=\"caption-attachment-3342\" class=\"size-full wp-image-3342\" src=\"https:\/\/www.auditsi.eu\/wp-content\/uploads\/2012\/11\/SVM-1-PORTABLE-OLIVETTI.jpg\" alt=\"Le premier micro portable Olivetti (Science &amp; Vie Micro n\u00b0 1, d\u00e9cembre 1983, p. 8)\" width=\"437\" height=\"467\" srcset=\"https:\/\/www.auditsi.eu\/wp-content\/uploads\/2012\/11\/SVM-1-PORTABLE-OLIVETTI.jpg 437w, https:\/\/www.auditsi.eu\/wp-content\/uploads\/2012\/11\/SVM-1-PORTABLE-OLIVETTI-280x300.jpg 280w\" sizes=\"auto, (max-width: 437px) 100vw, 437px\" \/><\/a><p id=\"caption-attachment-3342\" class=\"wp-caption-text\">Le premier micro portable Olivetti (Science &amp; Vie Micro n\u00b0 1, d\u00e9cembre 1983, p. 8)<\/p><\/div>\n<div id=\"attachment_2868\" style=\"width: 480px\" class=\"wp-caption aligncenter\"><a href=\"https:\/\/www.auditsi.eu\/wp-content\/uploads\/2012\/11\/ScienceVie-Micro-058-Page-024-1989-02.jpg\"><img loading=\"lazy\" decoding=\"async\" aria-describedby=\"caption-attachment-2868\" class=\"size-full wp-image-2868\" src=\"https:\/\/www.auditsi.eu\/wp-content\/uploads\/2012\/11\/ScienceVie-Micro-058-Page-024-1989-02.jpg\" alt=\"Le si\u00e8ge-auto pour ordinateur (Science &amp; Vie Micro n\u00b058, f\u00e9vrier 1989, page 24)\" width=\"470\" height=\"640\" srcset=\"https:\/\/www.auditsi.eu\/wp-content\/uploads\/2012\/11\/ScienceVie-Micro-058-Page-024-1989-02.jpg 470w, https:\/\/www.auditsi.eu\/wp-content\/uploads\/2012\/11\/ScienceVie-Micro-058-Page-024-1989-02-220x300.jpg 220w\" sizes=\"auto, (max-width: 470px) 100vw, 470px\" \/><\/a><p id=\"caption-attachment-2868\" class=\"wp-caption-text\">Le si\u00e8ge-auto pour ordinateur (Science &amp; Vie Micro n\u00b058, f\u00e9vrier 1989, page 24)<\/p><\/div>\n<p>S\u00e9lection d\u2019articles sur le sujet :<\/p>\n<ul>\n<li>L&#8217;Ordibraille : l&#8217;acc\u00e8s \u00e0 l&#8217;informatique pour les non-voyants, Micro-Syst\u00e8mes n\u00b0 24 (juillet-ao\u00fbt 1982), p. 109 : d\u00e9fini comme un micro-ordinateur personnel, l&#8217;Ordibraille est principalement destin\u00e9 \u00e0 la r\u00e9daction et \u00e0 la lecture de textes stock\u00e9s sur mini-disquettes. Il est muni d&#8217;un clavier braille et d&#8217;un syst\u00e8me d&#8217;affichage en relief permettant \u00e0 un non-voyant de disposer, entre autres, des services classiques du traitement de textes.<\/li>\n<li>Calculatrice ou ordinateur de poche ?, Micro-Syst\u00e8mes n\u00b0 25 (septembre-octobre 1982), p. 159 : disposant de 3.3 Ko de m\u00e9moire vive, la TI-88 de Texas Instruments affiche ses r\u00e9sultats sur un \u00e9cran \u00e0 cristaux liquides de 16 caract\u00e8res alphanum\u00e9riques avec une pr\u00e9cision de 16 chiffres pour les calculs internes&#8230;<\/li>\n<li>Dossier Portables et Portatifs, Soft &amp; Micro n\u00b0 21 (juillet-ao\u00fbt 1986), p. 64<\/li>\n<li>Les p\u00e9riph\u00e9riques de saisie, Soft &amp; Micro n\u00b0 21 (juillet-ao\u00fbt 1986), p. 64 : tablette \u00e0 digitaliser, lecteur optique, carte \u00e0 m\u00e9moire&#8230;<\/li>\n<li>Sans les mains, bient\u00f4t des ordinateurs command\u00e9s par le regard, Science &amp; Vie Micro n\u00b0 45 (d\u00e9cembre 1987), p. 109<\/li>\n<\/ul>\n<p style=\"text-align: justify;\"><span style=\"font-size: small;\"><em>Les photos d\u2019illustration sont issues de ma <a title=\"Ma collection\" href=\"http:\/\/www.auditsi.eu\/?page_id=1983\">collection personnelle<\/a>.<\/em><\/span><\/p>\n<p style=\"text-align: justify;\">Approfondir le sujet :<br \/>\n<a title=\"L'informatique des ann\u00e9es 80\" href=\"http:\/\/www.auditsi.eu\/?page_id=2119\">L\u2019informatique des ann\u00e9es 80<\/a> \/ <a title=\"Ma collection\" href=\"http:\/\/www.auditsi.eu\/?page_id=1983\">Ma collection<\/a> \/ <a title=\"Ma documentation\" href=\"http:\/\/www.auditsi.eu\/?page_id=3930\">Ma documentation<\/a> \/ <a title=\"Quelques id\u00e9es de lecture pour en savoir plus\" href=\"http:\/\/www.auditsi.eu\/?page_id=4631\">Quelques id\u00e9es de lecture<\/a><\/p>\n<div style=\"padding-bottom:20px; padding-top:10px;\" class=\"hupso-share-buttons\"><!-- Hupso Share Buttons - https:\/\/www.hupso.com\/share\/ --><a class=\"hupso_counters\" href=\"https:\/\/www.hupso.com\/share\/\"><img decoding=\"async\" src=\"https:\/\/static.hupso.com\/share\/buttons\/lang\/fr\/share-small.png\" style=\"border:0px; padding-top:2px; float:left;\" alt=\"Share Button\"\/><\/a><script type=\"text\/javascript\">var hupso_services_c=new Array(\"twitter\",\"facebook_like\",\"facebook_send\",\"email\",\"print\",\"linkedin\");var hupso_counters_lang = \"fr_FR\";var hupso_image_folder_url = \"\";var hupso_twitter_via=\"BenoitRiviere14\";var hupso_url_c=\"\";var hupso_title_c=\"Le%20mat%C3%A9riel\";<\/script><script type=\"text\/javascript\" src=\"https:\/\/static.hupso.com\/share\/js\/counters.js\"><\/script><!-- Hupso Share Buttons --><\/div>","protected":false},"excerpt":{"rendered":"<p>S\u00e9lection d\u2019articles sur le sujet : L&#8217;Ordibraille : l&#8217;acc\u00e8s \u00e0 l&#8217;informatique pour les non-voyants, Micro-Syst\u00e8mes n\u00b0 24 (juillet-ao\u00fbt 1982), p. 109 : d\u00e9fini comme un micro-ordinateur personnel, l&#8217;Ordibraille est principalement destin\u00e9 \u00e0 la r\u00e9daction et \u00e0 la lecture de textes stock\u00e9s sur mini-disquettes. Il est muni d&#8217;un clavier braille et d&#8217;un syst\u00e8me d&#8217;affichage en relief &#8230;<\/p>\n<p><a href=\"https:\/\/www.auditsi.eu\/?page_id=2506\" class=\"more-link\">Continue reading &lsquo;Le mat\u00e9riel&rsquo; &raquo;<\/a><\/p>\n<div style=\"padding-bottom:20px; padding-top:10px;\" class=\"hupso-share-buttons\"><!-- Hupso Share Buttons - https:\/\/www.hupso.com\/share\/ --><a class=\"hupso_counters\" href=\"https:\/\/www.hupso.com\/share\/\"><img src=\"https:\/\/static.hupso.com\/share\/buttons\/lang\/fr\/share-small.png\" style=\"border:0px; padding-top:2px; float:left;\" alt=\"Share Button\"\/><\/a><script type=\"text\/javascript\">var hupso_services_c=new Array(\"twitter\",\"facebook_like\",\"facebook_send\",\"email\",\"print\",\"linkedin\");var hupso_counters_lang = \"fr_FR\";var hupso_image_folder_url = \"\";var hupso_twitter_via=\"BenoitRiviere14\";var hupso_url_c=\"\";var hupso_title_c=\"Le%20mat%C3%A9riel\";<\/script><script type=\"text\/javascript\" src=\"https:\/\/static.hupso.com\/share\/js\/counters.js\"><\/script><!-- Hupso Share Buttons --><\/div>","protected":false},"author":1,"featured_media":0,"parent":0,"menu_order":0,"comment_status":"open","ping_status":"open","template":"","meta":{"advanced_seo_description":"","jetpack_seo_html_title":"","jetpack_seo_noindex":false,"ngg_post_thumbnail":0,"footnotes":"","_links_to":"","_links_to_target":""},"class_list":["post-2506","page","type-page","status-publish","hentry"],"jetpack_sharing_enabled":true,"jetpack_likes_enabled":false,"_links":{"self":[{"href":"https:\/\/www.auditsi.eu\/index.php?rest_route=\/wp\/v2\/pages\/2506","targetHints":{"allow":["GET"]}}],"collection":[{"href":"https:\/\/www.auditsi.eu\/index.php?rest_route=\/wp\/v2\/pages"}],"about":[{"href":"https:\/\/www.auditsi.eu\/index.php?rest_route=\/wp\/v2\/types\/page"}],"author":[{"embeddable":true,"href":"https:\/\/www.auditsi.eu\/index.php?rest_route=\/wp\/v2\/users\/1"}],"replies":[{"embeddable":true,"href":"https:\/\/www.auditsi.eu\/index.php?rest_route=%2Fwp%2Fv2%2Fcomments&post=2506"}],"version-history":[{"count":12,"href":"https:\/\/www.auditsi.eu\/index.php?rest_route=\/wp\/v2\/pages\/2506\/revisions"}],"predecessor-version":[{"id":5640,"href":"https:\/\/www.auditsi.eu\/index.php?rest_route=\/wp\/v2\/pages\/2506\/revisions\/5640"}],"wp:attachment":[{"href":"https:\/\/www.auditsi.eu\/index.php?rest_route=%2Fwp%2Fv2%2Fmedia&parent=2506"}],"curies":[{"name":"wp","href":"https:\/\/api.w.org\/{rel}","templated":true}]}}