{"id":2493,"date":"2012-11-24T18:09:57","date_gmt":"2012-11-24T16:09:57","guid":{"rendered":"http:\/\/www.auditsi.eu\/?page_id=2493"},"modified":"2023-06-24T22:28:34","modified_gmt":"2023-06-24T20:28:34","slug":"systemes-dexploitation-de-la-console-a-la-fenetre","status":"publish","type":"page","link":"https:\/\/www.auditsi.eu\/?page_id=2493","title":{"rendered":"Syst\u00e8mes d\u2019exploitation : de la console \u00e0 la fen\u00eatre"},"content":{"rendered":"<p style=\"text-align: justify;\">Le syst\u00e8me d\u2019exploitation (Operating System ou OS en anglais) est la couche logicielle qui permet \u00e0 l\u2019utilisateur d\u2019exploiter son ordinateur. Au d\u00e9part assez rudimentaire, le syst\u00e8me d\u2019exploitation s\u2019est complexifi\u00e9 au fur et \u00e0 mesure des progr\u00e8s techniques r\u00e9alis\u00e9s sur le mat\u00e9riel.<\/p>\n<p style=\"text-align: justify;\">Les ordinateurs familiaux avaient pour la plupart un syst\u00e8me r\u00e9sident : le syst\u00e8me d\u2019exploitation \u00e9tait contenu dans une puce informatique (ROM). Les ROM (<em>Read-Only Memory<\/em>) \u00e9tant des m\u00e9moires mortes c\u2019est-\u00e0-dire non r\u00e9inscriptibles, ces syst\u00e8mes ne pouvaient pas \u00eatre mis \u00e0 jour (inconv\u00e9nient) ni \u00eatre alt\u00e9r\u00e9s par un virus par exemple (avantage). Comme le syst\u00e8me est pr\u00e9charg\u00e9 en m\u00e9moire, l&#8217;ordinateur est disponible instantan\u00e9ment (pas de chargement interminable comme sur certaines versions de Windows&#8230;).<\/p>\n<p style=\"text-align: justify;\">Pour les ordinateurs professionnels ainsi que pour la plupart des ordinateurs familiaux de la fin des ann\u00e9es 80, le syst\u00e8me d\u2019exploitation a \u00e9t\u00e9 transf\u00e9r\u00e9 sur disquettes puis de disques durs. L\u2019on parle alors de DOS (Disk Operating System).<\/p>\n<p style=\"text-align: justify;\">Tous ces syst\u00e8mes fonctionnent avec une interface en ligne de commande (en mode \u00ab console \u00bb) : le moniteur affiche un \u00e9cran noir avec un curseur, l\u2019utilisateur saisit ses instructions en mode texte, ce qui n\u00e9cessite la connaissance d&#8217;un langage, celui de la machine.<\/p>\n<div id=\"attachment_2496\" style=\"width: 458px\" class=\"wp-caption aligncenter\"><a href=\"https:\/\/www.auditsi.eu\/wp-content\/uploads\/2012\/11\/DSCN7374.jpg\"><img loading=\"lazy\" decoding=\"async\" aria-describedby=\"caption-attachment-2496\" class=\"size-full wp-image-2496\" title=\"L'\u00e9cran d'accueil de l'Oric Atmos\" src=\"https:\/\/www.auditsi.eu\/wp-content\/uploads\/2012\/11\/DSCN7374.jpg\" alt=\"L'\u00e9cran d'accueil de l'Oric Atmos\" width=\"448\" height=\"305\" srcset=\"https:\/\/www.auditsi.eu\/wp-content\/uploads\/2012\/11\/DSCN7374.jpg 448w, https:\/\/www.auditsi.eu\/wp-content\/uploads\/2012\/11\/DSCN7374-300x204.jpg 300w\" sizes=\"auto, (max-width: 448px) 100vw, 448px\" \/><\/a><p id=\"caption-attachment-2496\" class=\"wp-caption-text\">L&#8217;\u00e9cran d&#8217;accueil de l&#8217;Oric Atmos (1984)<\/p><\/div>\n<p style=\"text-align: justify;\">Sur les ordinateurs de la fin des ann\u00e9es 70 et d\u00e9buts 80, les commandes \u00e9taient g\u00e9n\u00e9ralement saisies en langage Basic (ordinateurs familiaux), sous CP\/M (Control Program for Microcomputers) de Digital Research (1\u00e8re version sortie en 1974) ou encore sous MS\/DOS de Microsoft.<\/p>\n<div id=\"attachment_2494\" style=\"width: 490px\" class=\"wp-caption aligncenter\"><a href=\"https:\/\/www.auditsi.eu\/wp-content\/uploads\/2012\/11\/DSCN7723.jpg\"><img loading=\"lazy\" decoding=\"async\" aria-describedby=\"caption-attachment-2494\" class=\"size-full wp-image-2494\" title=\"Le syst\u00e8me d'exploitation MS\/DOS version 5 (1991)\" src=\"https:\/\/www.auditsi.eu\/wp-content\/uploads\/2012\/11\/DSCN7723.jpg\" alt=\"Le syst\u00e8me d'exploitation MS\/DOS version 5 (1991)\" width=\"480\" height=\"499\" srcset=\"https:\/\/www.auditsi.eu\/wp-content\/uploads\/2012\/11\/DSCN7723.jpg 480w, https:\/\/www.auditsi.eu\/wp-content\/uploads\/2012\/11\/DSCN7723-288x300.jpg 288w\" sizes=\"auto, (max-width: 480px) 100vw, 480px\" \/><\/a><p id=\"caption-attachment-2494\" class=\"wp-caption-text\">Le syst\u00e8me d&#8217;exploitation MS\/DOS version 5 (1991)<\/p><\/div>\n<p style=\"text-align: justify;\">Les environnements (ou int\u00e9grateurs) graphiques avec souris sont apparus sur des machines grand public dans le milieu des ann\u00e9es 80. Ces syst\u00e8mes ont simplifi\u00e9 le maniement de l\u2019ordinateur par l\u2019utilisateur, dans la mesure o\u00f9 l\u2019utilisateur n\u2019a plus eu besoin de conna\u00eetre textuellement les instructions du DOS mais d&#8217;appr\u00e9hender la logique de fonctionnement de l\u2019environnement graphique (la souris, les ic\u00f4nes, les fen\u00eatres, les menus d\u00e9roulants\u2026). L&#8217;utilisateur n&#8217;est plus n\u00e9cessairement informaticien !<\/p>\n<p style=\"text-align: justify;\">Ind\u00e9niablement, ces environnements ont en outre apport\u00e9 des innovations technologiques majeures : multi-fen\u00eatrage, multi-t\u00e2ches (coop\u00e9ratif \/ pr\u00e9emptif), \u00e9changes de donn\u00e9es entre applications (OLE), gestion universelle des p\u00e9riph\u00e9riques&#8230; Ces syst\u00e8mes n\u00e9cessitent des ordinateurs toujours plus puissants et induisent une standardisation des logiciels (au niveau des menus par exemple : Fichier, Edition&#8230;). Les logiciels ne sont plus li\u00e9s aux caract\u00e9ristiques d\u2019un ordinateur mais \u00e0 son syst\u00e8me d\u2019exploitation. Ils tournent sur toutes les machines quel que soit le mod\u00e8le de la carte graphique ou la marque de l\u2019imprimante, autorisant ainsi des configurations tr\u00e8s h\u00e9t\u00e9rog\u00e8nes sans n\u00e9cessiter des param\u00e9trages complexes de la part de l\u2019utilisateur.<\/p>\n<div id=\"attachment_2663\" style=\"width: 458px\" class=\"wp-caption aligncenter\"><a href=\"https:\/\/www.auditsi.eu\/wp-content\/uploads\/2012\/11\/DSCN7736.jpg\"><img loading=\"lazy\" decoding=\"async\" aria-describedby=\"caption-attachment-2663\" class=\"size-full wp-image-2663\" title=\"Environnement GEM de l'Atari 1040 STE (version allemande)\" src=\"https:\/\/www.auditsi.eu\/wp-content\/uploads\/2012\/11\/DSCN7736.jpg\" alt=\"Environnement GEM de l'Atari 1040 STE (version allemande)\" width=\"448\" height=\"299\" srcset=\"https:\/\/www.auditsi.eu\/wp-content\/uploads\/2012\/11\/DSCN7736.jpg 448w, https:\/\/www.auditsi.eu\/wp-content\/uploads\/2012\/11\/DSCN7736-300x200.jpg 300w\" sizes=\"auto, (max-width: 448px) 100vw, 448px\" \/><\/a><p id=\"caption-attachment-2663\" class=\"wp-caption-text\">Environnement GEM de l&#8217;Atari 1040 STE (version allemande) (1989)<\/p><\/div>\n<p style=\"text-align: justify;\">A l\u2019origine certains de ces environnements \u00e9taient une simple surcouche logicielle du syst\u00e8me d&#8217;exploitation (par exemple Windows jusqu\u2019\u00e0 la version 3.11 \u00e9taient une surcouche du MS\/DOS). Par la suite, certains de ces environnements sont devenus des syst\u00e8mes d&#8217;exploitation \u00e0 part enti\u00e8re.<\/p>\n<p style=\"text-align: justify;\">Le pr\u00e9curseur en la mati\u00e8re est RANK XEROX qui a con\u00e7u pour ses machines un environnement graphique command\u00e9 \u00e0 la souris d\u00e8s 1973. C&#8217;est APPLE qui le premier assurera la diffusion aupr\u00e8s du grand public d&#8217;un environnement graphique sur son ordinateur LISA en 1983 puis sur <a title=\"En 1984 naissait le Macintosh !\" href=\"http:\/\/www.auditsi.eu\/?p=5558\">MACINTOSH<\/a> en 1984. Ce qui lui vaudra un proc\u00e8s de la part de XEROX.<\/p>\n<div id=\"attachment_9214\" style=\"width: 803px\" class=\"wp-caption aligncenter\"><a href=\"https:\/\/www.auditsi.eu\/?attachment_id=9214\" rel=\"attachment wp-att-9214\"><img loading=\"lazy\" decoding=\"async\" aria-describedby=\"caption-attachment-9214\" class=\"size-full wp-image-9214\" src=\"https:\/\/www.auditsi.eu\/wp-content\/uploads\/2020\/08\/XEROX-attaque-Apple-SVM-68-01-1990-p13.jpg\" alt=\"XEROX attaque Apple, SVM n\u00b0 68 (janvier 1990), p. 13\" width=\"793\" height=\"1188\" srcset=\"https:\/\/www.auditsi.eu\/wp-content\/uploads\/2020\/08\/XEROX-attaque-Apple-SVM-68-01-1990-p13.jpg 793w, https:\/\/www.auditsi.eu\/wp-content\/uploads\/2020\/08\/XEROX-attaque-Apple-SVM-68-01-1990-p13-200x300.jpg 200w, https:\/\/www.auditsi.eu\/wp-content\/uploads\/2020\/08\/XEROX-attaque-Apple-SVM-68-01-1990-p13-684x1024.jpg 684w, https:\/\/www.auditsi.eu\/wp-content\/uploads\/2020\/08\/XEROX-attaque-Apple-SVM-68-01-1990-p13-768x1151.jpg 768w, https:\/\/www.auditsi.eu\/wp-content\/uploads\/2020\/08\/XEROX-attaque-Apple-SVM-68-01-1990-p13-730x1094.jpg 730w\" sizes=\"auto, (max-width: 793px) 100vw, 793px\" \/><\/a><p id=\"caption-attachment-9214\" class=\"wp-caption-text\">XEROX attaque Apple, SVM n\u00b0 68 (janvier 1990), p. 13<\/p><\/div>\n<p style=\"text-align: justify;\">L&#8217;arriv\u00e9e d&#8217;interfaces graphiques sur PC a \u00e9t\u00e9 tardive mais a permis de d\u00e9poussi\u00e9rer le bon vieux DOS.<\/p>\n<div id=\"attachment_3332\" style=\"width: 378px\" class=\"wp-caption aligncenter\"><a href=\"https:\/\/www.auditsi.eu\/wp-content\/uploads\/2012\/11\/SVM-32-SOURIS-PC.jpg\"><img loading=\"lazy\" decoding=\"async\" aria-describedby=\"caption-attachment-3332\" class=\"size-full wp-image-3332\" src=\"https:\/\/www.auditsi.eu\/wp-content\/uploads\/2012\/11\/SVM-32-SOURIS-PC.jpg\" alt=\"La souris sur PC : une r\u00e9volution... alors que sur Macintosh c'est d\u00e9j\u00e0 la routine (Science &amp; Vie Micro n\u00b0 32, octobre 1986, p. 138)\" width=\"368\" height=\"800\" srcset=\"https:\/\/www.auditsi.eu\/wp-content\/uploads\/2012\/11\/SVM-32-SOURIS-PC.jpg 368w, https:\/\/www.auditsi.eu\/wp-content\/uploads\/2012\/11\/SVM-32-SOURIS-PC-138x300.jpg 138w\" sizes=\"auto, (max-width: 368px) 100vw, 368px\" \/><\/a><p id=\"caption-attachment-3332\" class=\"wp-caption-text\">La souris sur PC : une r\u00e9volution&#8230; alors que sur Macintosh c&#8217;est d\u00e9j\u00e0 la routine (Science &amp; Vie Micro n\u00b0 32, octobre 1986, p. 138)<\/p><\/div>\n<p>L&#8217;invention du &#8220;copier \/ coller&#8221; :<\/p>\n<p style=\"text-align: justify;\">C&#8217;est Larry Tesler (1945-2020), ing\u00e9nieur sp\u00e9cialiste de l&#8217;interaction homme-machine au d\u00e9partement recherche de Xerox (Palo Alto Research Center) de 1973 \u00e0 1980 puis chez Apple jusqu&#8217;en 1997 (apr\u00e8s avoir \u00e9t\u00e9 d\u00e9bauch\u00e9 par Steve Jobs, cofondateur d\u2019Apple), qui a invent\u00e9, entre autres choses, le fameux copier \/ coller. Sa commande &#8220;copier \/ coller&#8221; est entr\u00e9e dans les moeurs gr\u00e2ce \u00e0 Apple, qui l\u2019a install\u00e9e sur l\u2019ordinateur Lisa en 1983 et sur le Macintosh l\u2019ann\u00e9e suivante. Gr\u00e2ce \u00e0 ses id\u00e9es novatrices, notre quotidien est encore actuellement bien plus simple.<\/p>\n<p style=\"text-align: justify;\">Les principaux syst\u00e8mes avec interface graphique :<\/p>\n<ul>\n<li>Windows de Microsoft (pr\u00e9sent\u00e9 dans sa premi\u00e8re version sous le nom de MS-WIN) pour PC : le plus r\u00e9pandu \u00e0 ce jour (2012),<\/li>\n<li>OS\/2 d\u2019IBM et Microsoft (interface graphique \u00e0 compter de la version 1.1) pour PC,<\/li>\n<li>Mac OS pour <a title=\"En 1984 naissait le Macintosh !\" href=\"http:\/\/www.auditsi.eu\/?p=5558\">Macintosh<\/a>,<\/li>\n<li>GEM (Graphical Environment Manager) de Digital Research tourne sous MS\/DOS et CP\/M (utilis\u00e9 par ATARI ST),<\/li>\n<li>GeoWorks (ou PC\/GEOS) de Berkeley Softworks pour PC,<\/li>\n<li>Topview d&#8217;IBM pour PC,<\/li>\n<li>NeXTSTEP de NeXT pour NeXTCube et NeXTStation,<\/li>\n<li>Linux.<\/li>\n<\/ul>\n<div id=\"attachment_11369\" style=\"width: 702px\" class=\"wp-caption aligncenter\"><img loading=\"lazy\" decoding=\"async\" aria-describedby=\"caption-attachment-11369\" class=\"wp-image-11369 size-full\" src=\"https:\/\/www.auditsi.eu\/wp-content\/uploads\/2023\/06\/WINDOWS-3.png\" alt=\"WINDOWS 3 (1990)\" width=\"692\" height=\"521\" srcset=\"https:\/\/www.auditsi.eu\/wp-content\/uploads\/2023\/06\/WINDOWS-3.png 692w, https:\/\/www.auditsi.eu\/wp-content\/uploads\/2023\/06\/WINDOWS-3-300x226.png 300w\" sizes=\"auto, (max-width: 692px) 100vw, 692px\" \/><p id=\"caption-attachment-11369\" class=\"wp-caption-text\">WINDOWS 3 (1990)<\/p><\/div>\n<p style=\"text-align: justify;\">Tous ces syst\u00e8mes n&#8217;ont pas connu le m\u00eame succ\u00e8s commercial ; ne subsistent plus que Linux, Mac OS et Windows. De nouveaux environnements plus adapt\u00e9s aux nouveaux usages nomades (smartphones, tablettes) ont depuis vu le jour&#8230;<\/p>\n<div id=\"attachment_2682\" style=\"width: 490px\" class=\"wp-caption aligncenter\"><a href=\"https:\/\/www.auditsi.eu\/wp-content\/uploads\/2012\/11\/SVM31p16-WIN.jpg\"><img loading=\"lazy\" decoding=\"async\" aria-describedby=\"caption-attachment-2682\" class=\"size-full wp-image-2682\" title=\"Lentement mais s\u00fbrement... Windows prend le dessus (SVM 31, septembre 1986)\" src=\"https:\/\/www.auditsi.eu\/wp-content\/uploads\/2012\/11\/SVM31p16-WIN.jpg\" alt=\"Lentement mais s\u00fbrement... Windows prend le dessus (SVM 31, septembre 1986)\" width=\"480\" height=\"534\" srcset=\"https:\/\/www.auditsi.eu\/wp-content\/uploads\/2012\/11\/SVM31p16-WIN.jpg 480w, https:\/\/www.auditsi.eu\/wp-content\/uploads\/2012\/11\/SVM31p16-WIN-269x300.jpg 269w\" sizes=\"auto, (max-width: 480px) 100vw, 480px\" \/><\/a><p id=\"caption-attachment-2682\" class=\"wp-caption-text\">Lentement mais s\u00fbrement&#8230; Windows prend le dessus (SVM 31, septembre 1986)<\/p><\/div>\n<p>Quelques articles en rapport avec le sujet :<\/p>\n<ul>\n<li>Un syst\u00e8me d&#8217;exploitation : pourquoi ?, Micro-Syst\u00e8mes n\u00b0 14 (novembre-d\u00e9cembre 1980), p. 47<\/li>\n<li>CP\/M : un standard pour les syst\u00e8mes d&#8217;exploitation, Micro-Syst\u00e8mes n\u00b0 20 (novembre-d\u00e9cembre 1981), p. 169 : CP\/M (pour Control Program for Microprocessor) de Digital Research est un syst\u00e8me d&#8217;exploitation simple et complet pour micro-ordinateur \u00e0 base de Z80 ou de 8080 qui offre la particularit\u00e9 de l&#8217;universalit\u00e9 des programmes : quelle que soit l&#8217;architecture de l&#8217;ordinateur, le programme fonctionne ! Une aubaine pour les programmeurs qui n&#8217;ont plus \u00e0 assurer la conversion de leurs logiciels&#8230;<\/li>\n<li>L&#8217;apr\u00e8s CP\/M : FLEX, un syst\u00e8me d&#8217;exploitation de nouvelle g\u00e9n\u00e9ration, Micro-Syst\u00e8mes n\u00b0 24 (juillet-ao\u00fbt 1982), p. 77<\/li>\n<li>L&#8217;apr\u00e8s CP\/M : OS9, un syst\u00e8me d&#8217;exploitation multit\u00e2che, Micro-Syst\u00e8mes n\u00b0 25 (septembre-octobre 1982), p. 107<\/li>\n<li>Logiciels int\u00e9grateurs, la guerre des trois aura bien lieu, Science &amp; Vie Micro n\u00b0 17 (mai 1985), p. 158<\/li>\n<li>OS\/2 en 100 questions, Science &amp; Vie Micro n\u00b0 60 (avril 1989), p. 62 : le syst\u00e8me d&#8217;exploitation d&#8217;IBM et de Microsoft pass\u00e9 \u00e0 la loupe pour mieux aborder la micro-informatique des ann\u00e9es 90.<\/li>\n<\/ul>\n<p style=\"text-align: justify;\"><span style=\"font-size: small;\">&nbsp;<em>Les photos d\u2019illustration sont issues de ma <a title=\"Ma collection\" href=\"http:\/\/www.auditsi.eu\/?page_id=1983\">collection personnelle<\/a>.<\/em><\/span><\/p>\n<p style=\"text-align: justify;\">Approfondir le sujet :<br \/>\n<a title=\"L'informatique des ann\u00e9es 80\" href=\"http:\/\/www.auditsi.eu\/?page_id=2119\">L&#8217;informatique des ann\u00e9es 80<\/a> \/ <a title=\"Ma collection\" href=\"http:\/\/www.auditsi.eu\/?page_id=1983\">Ma collection<\/a> \/ <a title=\"Ma documentation\" href=\"http:\/\/www.auditsi.eu\/?page_id=3930\">Ma documentation<\/a><\/p>\n<div id=\"sconnect-is-installed\" style=\"display: none;\">2.13.0.0<\/div>\n<div style=\"padding-bottom:20px; padding-top:10px;\" class=\"hupso-share-buttons\"><!-- Hupso Share Buttons - https:\/\/www.hupso.com\/share\/ --><a class=\"hupso_counters\" href=\"https:\/\/www.hupso.com\/share\/\"><img decoding=\"async\" src=\"https:\/\/static.hupso.com\/share\/buttons\/lang\/fr\/share-small.png\" style=\"border:0px; padding-top:2px; float:left;\" alt=\"Share Button\"\/><\/a><script type=\"text\/javascript\">var hupso_services_c=new Array(\"twitter\",\"facebook_like\",\"facebook_send\",\"email\",\"print\",\"linkedin\");var hupso_counters_lang = \"fr_FR\";var hupso_image_folder_url = \"\";var hupso_twitter_via=\"BenoitRiviere14\";var hupso_url_c=\"\";var hupso_title_c=\"Syst%C3%A8mes%20d%E2%80%99exploitation%20%3A%20de%20la%20console%20%C3%A0%20la%20fen%C3%AAtre\";<\/script><script type=\"text\/javascript\" src=\"https:\/\/static.hupso.com\/share\/js\/counters.js\"><\/script><!-- Hupso Share Buttons --><\/div>","protected":false},"excerpt":{"rendered":"<p>Le syst\u00e8me d\u2019exploitation (Operating System ou OS en anglais) est la couche logicielle qui permet \u00e0 l\u2019utilisateur d\u2019exploiter son ordinateur. Au d\u00e9part assez rudimentaire, le syst\u00e8me d\u2019exploitation s\u2019est complexifi\u00e9 au fur et \u00e0 mesure des progr\u00e8s techniques r\u00e9alis\u00e9s sur le mat\u00e9riel. Les ordinateurs familiaux avaient pour la plupart un syst\u00e8me r\u00e9sident : le syst\u00e8me d\u2019exploitation &#8230;<\/p>\n<p><a href=\"https:\/\/www.auditsi.eu\/?page_id=2493\" class=\"more-link\">Continue reading &lsquo;Syst\u00e8mes d\u2019exploitation : de la console \u00e0 la fen\u00eatre&rsquo; &raquo;<\/a><\/p>\n<div style=\"padding-bottom:20px; padding-top:10px;\" class=\"hupso-share-buttons\"><!-- Hupso Share Buttons - https:\/\/www.hupso.com\/share\/ --><a class=\"hupso_counters\" href=\"https:\/\/www.hupso.com\/share\/\"><img src=\"https:\/\/static.hupso.com\/share\/buttons\/lang\/fr\/share-small.png\" style=\"border:0px; padding-top:2px; float:left;\" alt=\"Share Button\"\/><\/a><script type=\"text\/javascript\">var hupso_services_c=new Array(\"twitter\",\"facebook_like\",\"facebook_send\",\"email\",\"print\",\"linkedin\");var hupso_counters_lang = \"fr_FR\";var hupso_image_folder_url = \"\";var hupso_twitter_via=\"BenoitRiviere14\";var hupso_url_c=\"\";var hupso_title_c=\"Syst%C3%A8mes%20d%E2%80%99exploitation%20%3A%20de%20la%20console%20%C3%A0%20la%20fen%C3%AAtre\";<\/script><script type=\"text\/javascript\" src=\"https:\/\/static.hupso.com\/share\/js\/counters.js\"><\/script><!-- Hupso Share Buttons --><\/div>","protected":false},"author":1,"featured_media":0,"parent":0,"menu_order":0,"comment_status":"open","ping_status":"open","template":"","meta":{"advanced_seo_description":"","jetpack_seo_html_title":"","jetpack_seo_noindex":false,"ngg_post_thumbnail":0,"footnotes":"","_links_to":"","_links_to_target":""},"class_list":["post-2493","page","type-page","status-publish","hentry"],"jetpack_sharing_enabled":true,"jetpack_likes_enabled":false,"_links":{"self":[{"href":"https:\/\/www.auditsi.eu\/index.php?rest_route=\/wp\/v2\/pages\/2493","targetHints":{"allow":["GET"]}}],"collection":[{"href":"https:\/\/www.auditsi.eu\/index.php?rest_route=\/wp\/v2\/pages"}],"about":[{"href":"https:\/\/www.auditsi.eu\/index.php?rest_route=\/wp\/v2\/types\/page"}],"author":[{"embeddable":true,"href":"https:\/\/www.auditsi.eu\/index.php?rest_route=\/wp\/v2\/users\/1"}],"replies":[{"embeddable":true,"href":"https:\/\/www.auditsi.eu\/index.php?rest_route=%2Fwp%2Fv2%2Fcomments&post=2493"}],"version-history":[{"count":31,"href":"https:\/\/www.auditsi.eu\/index.php?rest_route=\/wp\/v2\/pages\/2493\/revisions"}],"predecessor-version":[{"id":5273,"href":"https:\/\/www.auditsi.eu\/index.php?rest_route=\/wp\/v2\/pages\/2493\/revisions\/5273"}],"wp:attachment":[{"href":"https:\/\/www.auditsi.eu\/index.php?rest_route=%2Fwp%2Fv2%2Fmedia&parent=2493"}],"curies":[{"name":"wp","href":"https:\/\/api.w.org\/{rel}","templated":true}]}}