{"id":2402,"date":"2012-11-12T14:27:12","date_gmt":"2012-11-12T12:27:12","guid":{"rendered":"http:\/\/www.auditsi.eu\/?page_id=2402"},"modified":"2020-08-29T18:39:53","modified_gmt":"2020-08-29T16:39:53","slug":"les-logiciels-de-bureautique","status":"publish","type":"page","link":"https:\/\/www.auditsi.eu\/?page_id=2402","title":{"rendered":"La bureautique et les outils d&#8217;aide \u00e0 la d\u00e9cision"},"content":{"rendered":"<p style=\"text-align: justify;\">Au d\u00e9but des ann\u00e9es 80, les petites entreprises \u00e9taient tr\u00e8s faiblement informatis\u00e9es. Les logiciels de bureautique ont \u00e9t\u00e9 parmi les premiers \u00e0 faire leur entr\u00e9e dans les entreprises contribuant \u00e0 la <a title=\"Les nouvelles technologies : mutation sociale et source d\u2019inqui\u00e9tude\" href=\"http:\/\/www.auditsi.eu\/?page_id=3166\">d\u00e9mocratisation de la micro-informatique<\/a>&nbsp; dans les PME.<\/p>\n<p style=\"text-align: justify;\">La bureautique comprend plusieurs types de logiciels :<\/p>\n<ul>\n<li>Traitement de texte,<\/li>\n<li>Tableur,<\/li>\n<li>Gestionnaire de bases de donn\u00e9es.<\/li>\n<\/ul>\n<p style=\"text-align: justify;\">Les suites bureautiques regroupent plusieurs de ces pr\u00e9c\u00e9dents logiciels. Avec Works, Microsoft inaugure cette cat\u00e9gorie de logiciels.<\/p>\n<div id=\"attachment_6331\" style=\"width: 638px\" class=\"wp-caption aligncenter\"><a href=\"https:\/\/www.auditsi.eu\/wp-content\/uploads\/2012\/11\/APPLE-WRITER-II-1982.jpg\"><img loading=\"lazy\" decoding=\"async\" aria-describedby=\"caption-attachment-6331\" class=\" wp-image-6331\" src=\"https:\/\/www.auditsi.eu\/wp-content\/uploads\/2012\/11\/APPLE-WRITER-II-1982.jpg\" alt=\"Le traitement de texte APPLE WRITER II (1982) sur APPLE IIe\" width=\"628\" height=\"526\" srcset=\"https:\/\/www.auditsi.eu\/wp-content\/uploads\/2012\/11\/APPLE-WRITER-II-1982.jpg 917w, https:\/\/www.auditsi.eu\/wp-content\/uploads\/2012\/11\/APPLE-WRITER-II-1982-300x251.jpg 300w, https:\/\/www.auditsi.eu\/wp-content\/uploads\/2012\/11\/APPLE-WRITER-II-1982-730x611.jpg 730w\" sizes=\"auto, (max-width: 628px) 100vw, 628px\" \/><\/a><p id=\"caption-attachment-6331\" class=\"wp-caption-text\">Le traitement de texte APPLE WRITER II (1982) sur APPLE IIe<\/p><\/div>\n<p style=\"text-align: justify;\">Les tableurs et leurs feuilles de calcul ont (presque) d\u00e9finitivement remplac\u00e9 la feuille de papier et la <a title=\"Mes calculatrices\" href=\"http:\/\/www.auditsi.eu\/?page_id=4507\">calculatrice<\/a> pour les calculs financiers et comptables. Faciles \u00e0 utiliser, ils ne n\u00e9cessitent aucune connaissance en programmation. Les calculs r\u00e9currents sont enfin automatis\u00e9s : comptabilit\u00e9, calcul d&#8217;amortissements, \u00e9tablissement de bulletins de paye&#8230; Les gains de temps et la fiabilisation des calculs sont au rendez-vous.<\/p>\n<div id=\"attachment_4379\" style=\"width: 486px\" class=\"wp-caption aligncenter\"><a href=\"https:\/\/www.auditsi.eu\/wp-content\/uploads\/2014\/01\/Feuille-travail-MULTIPLAN-1984.png\"><img loading=\"lazy\" decoding=\"async\" aria-describedby=\"caption-attachment-4379\" class=\"size-full wp-image-4379\" src=\"https:\/\/www.auditsi.eu\/wp-content\/uploads\/2014\/01\/Feuille-travail-MULTIPLAN-1984.png\" alt=\"Copie d\u2019\u00e9cran d\u2019une feuille de calcul sous MULTIPLAN v1.20 (1984)\" width=\"476\" height=\"201\" srcset=\"https:\/\/www.auditsi.eu\/wp-content\/uploads\/2014\/01\/Feuille-travail-MULTIPLAN-1984.png 476w, https:\/\/www.auditsi.eu\/wp-content\/uploads\/2014\/01\/Feuille-travail-MULTIPLAN-1984-300x126.png 300w\" sizes=\"auto, (max-width: 476px) 100vw, 476px\" \/><\/a><p id=\"caption-attachment-4379\" class=\"wp-caption-text\">Copie d\u2019\u00e9cran d\u2019une feuille de calcul sous MULTIPLAN v1.20 (1984)<\/p><\/div>\n<div id=\"attachment_5717\" style=\"width: 486px\" class=\"wp-caption aligncenter\"><a href=\"https:\/\/www.auditsi.eu\/wp-content\/uploads\/2015\/01\/SHARP-PC-4502-MULTIPLAN-JUNIOR-v1.0.jpg\"><img loading=\"lazy\" decoding=\"async\" aria-describedby=\"caption-attachment-5717\" class=\" wp-image-5717\" src=\"https:\/\/www.auditsi.eu\/wp-content\/uploads\/2015\/01\/SHARP-PC-4502-MULTIPLAN-JUNIOR-v1.0.jpg\" alt=\"Le tableur MULTIPLAN JUNIOR v1.0 sur le portable PC-4502 de SHARP\" width=\"476\" height=\"393\"><\/a><p id=\"caption-attachment-5717\" class=\"wp-caption-text\">Le tableur MULTIPLAN JUNIOR v1.0 sur le portable <a title=\"Le portable PC 4502 de SHARP\" href=\"http:\/\/www.auditsi.eu\/?page_id=5697\">PC-4502 de SHARP<\/a><\/p><\/div>\n<p style=\"text-align: justify;\">Les \u00e9diteurs de logiciels de bureautique furent nombreux mais rapidement seuls quelques logiciels dominent le march\u00e9. Il en va ainsi des tableurs. <a title=\"MULTIPLAN, l\u2019anc\u00eatre d\u2019EXCEL\" href=\"http:\/\/www.auditsi.eu\/?p=4374\">Multiplan<\/a> de Microsoft (dont la premi\u00e8re version est sortie en 1982 sous CP\/M puis MS\/DOS) et LOTUS 1-2-3 se partagent les faveurs des utilisateurs. Le premier tableur, VisiCalc, a \u00e9t\u00e9 cr\u00e9\u00e9 en 1978, son cr\u00e9ateur souhaitait simplifier ses calculs comptables ; sa premi\u00e8re mouture programm\u00e9e en <a title=\"Le langage Basic\" href=\"http:\/\/www.auditsi.eu\/?page_id=2331\">langage Basic<\/a> pouvait afficher un tableau de 20 lignes sur 5 colonnes.<\/p>\n<div id=\"attachment_4619\" style=\"width: 474px\" class=\"wp-caption aligncenter\"><a href=\"https:\/\/www.auditsi.eu\/wp-content\/uploads\/2014\/01\/MULTIPLAN-DAF-OLIVETTI.png\"><img loading=\"lazy\" decoding=\"async\" aria-describedby=\"caption-attachment-4619\" class=\"size-full wp-image-4619\" src=\"https:\/\/www.auditsi.eu\/wp-content\/uploads\/2014\/01\/MULTIPLAN-DAF-OLIVETTI.png\" alt=\"Utilisation du tableur Multiplan sur Olivetti M20 par un directeur financier (Basic Plus)\" width=\"464\" height=\"350\" srcset=\"https:\/\/www.auditsi.eu\/wp-content\/uploads\/2014\/01\/MULTIPLAN-DAF-OLIVETTI.png 464w, https:\/\/www.auditsi.eu\/wp-content\/uploads\/2014\/01\/MULTIPLAN-DAF-OLIVETTI-300x226.png 300w\" sizes=\"auto, (max-width: 464px) 100vw, 464px\" \/><\/a><p id=\"caption-attachment-4619\" class=\"wp-caption-text\">Utilisation du tableur Multiplan sur Olivetti M20 par un directeur financier (Basic Plus)<\/p><\/div>\n<p style=\"text-align: justify;\">EXCEL fera son apparition en 1984 sur Mac puis sur PC ; profitant des avanc\u00e9es offertes par les nouvelles <a title=\"Syst\u00e8mes d'exploitation : de la console \u00e0 la fen\u00eatre\" href=\"http:\/\/www.auditsi.eu\/?page_id=2493\">interfaces pilot\u00e9es \u00e0 la souris<\/a>, il introduit les graphiques pour repr\u00e9senter les donn\u00e9es chiffr\u00e9es autrement que sous forme de tableau. EXCEL, le successeur de MULTIPLAN, ne fera qu&#8217;accro\u00eetre l&#8217;emprise de MICROSOFT sur le monde de la bureautique. Et ses rivaux (1-2-3 de Lotus, Quattro Pro de Borland, SuperCalc de Computer Associates&#8230;) ne parviendront jamais \u00e0 prendre le dessus malgr\u00e9 les efforts d&#8217;innovation technologique ou marketing.<\/p>\n<div id=\"attachment_2570\" style=\"width: 483px\" class=\"wp-caption aligncenter\"><a href=\"https:\/\/www.auditsi.eu\/wp-content\/uploads\/2012\/11\/SVM-2-MULTIPLAN.jpg\"><img loading=\"lazy\" decoding=\"async\" aria-describedby=\"caption-attachment-2570\" class=\"size-full wp-image-2570\" title=\"Publicit\u00e9 pour le tableur MULTIPLAN de MICROSOFT (1984)\" src=\"https:\/\/www.auditsi.eu\/wp-content\/uploads\/2012\/11\/SVM-2-MULTIPLAN.jpg\" alt=\"Publicit\u00e9 pour le tableur MULTIPLAN de MICROSOFT (1984)\" width=\"473\" height=\"640\" srcset=\"https:\/\/www.auditsi.eu\/wp-content\/uploads\/2012\/11\/SVM-2-MULTIPLAN.jpg 473w, https:\/\/www.auditsi.eu\/wp-content\/uploads\/2012\/11\/SVM-2-MULTIPLAN-221x300.jpg 221w\" sizes=\"auto, (max-width: 473px) 100vw, 473px\" \/><\/a><p id=\"caption-attachment-2570\" class=\"wp-caption-text\">Publicit\u00e9 pour le tableur MULTIPLAN de MICROSOFT (1984)<\/p><\/div>\n<p style=\"text-align: justify;\">De nombreux logiciels ont essay\u00e9 de supplanter le tableur jug\u00e9 trop permissif&#8230; Aucun n&#8217;aura r\u00e9ussi \u00e0 lui survivre&#8230;<\/p>\n<div id=\"attachment_9212\" style=\"width: 1160px\" class=\"wp-caption aligncenter\"><a href=\"https:\/\/www.auditsi.eu\/?attachment_id=9212\" rel=\"attachment wp-att-9212\"><img loading=\"lazy\" decoding=\"async\" aria-describedby=\"caption-attachment-9212\" class=\"size-full wp-image-9212\" src=\"https:\/\/www.auditsi.eu\/wp-content\/uploads\/2020\/08\/Pub-PREVIDIAG-1986.jpg\" alt=\"Publicit\u00e9 pour le logiciel d'analyse et de pr\u00e9vision financi\u00e8re PREVIDIAG (1986)\" width=\"1150\" height=\"821\" srcset=\"https:\/\/www.auditsi.eu\/wp-content\/uploads\/2020\/08\/Pub-PREVIDIAG-1986.jpg 1150w, https:\/\/www.auditsi.eu\/wp-content\/uploads\/2020\/08\/Pub-PREVIDIAG-1986-300x214.jpg 300w, https:\/\/www.auditsi.eu\/wp-content\/uploads\/2020\/08\/Pub-PREVIDIAG-1986-1024x731.jpg 1024w, https:\/\/www.auditsi.eu\/wp-content\/uploads\/2020\/08\/Pub-PREVIDIAG-1986-768x548.jpg 768w, https:\/\/www.auditsi.eu\/wp-content\/uploads\/2020\/08\/Pub-PREVIDIAG-1986-730x521.jpg 730w\" sizes=\"auto, (max-width: 1150px) 100vw, 1150px\" \/><\/a><p id=\"caption-attachment-9212\" class=\"wp-caption-text\">Publicit\u00e9 pour le logiciel d&#8217;analyse et de pr\u00e9vision financi\u00e8re PREVIDIAG (1986)<\/p><\/div>\n<p style=\"text-align: justify;\">Les logiciels de PAO (Publication Assist\u00e9e par Ordinateur) ont r\u00e9volutionn\u00e9 l&#8217;\u00e9dition des journaux et revues : plus rapide, la sortie de ces publications ne n\u00e9cessite plus de montage manuel des maquettes. Le journaliste tape son texte, le met en page. La r\u00e9daction valide le contenu \u00e9ditorial. Il n&#8217;y a plus qu&#8217;\u00e0 mettre sous presse apr\u00e8s une derni\u00e8re relecture.<\/p>\n<div id=\"attachment_2439\" style=\"width: 346px\" class=\"wp-caption aligncenter\"><a href=\"https:\/\/www.auditsi.eu\/wp-content\/uploads\/2012\/11\/DSCN7662.jpg\"><img loading=\"lazy\" decoding=\"async\" aria-describedby=\"caption-attachment-2439\" class=\"size-full wp-image-2439\" title=\"Le tableur Microsoft Excel sur disquettes 5&quot;1\/4\" src=\"https:\/\/www.auditsi.eu\/wp-content\/uploads\/2012\/11\/DSCN7662.jpg\" alt=\"Le tableur Microsoft Excel sur disquettes 5&quot;1\/4\" width=\"336\" height=\"393\" srcset=\"https:\/\/www.auditsi.eu\/wp-content\/uploads\/2012\/11\/DSCN7662.jpg 336w, https:\/\/www.auditsi.eu\/wp-content\/uploads\/2012\/11\/DSCN7662-256x300.jpg 256w\" sizes=\"auto, (max-width: 336px) 100vw, 336px\" \/><\/a><p id=\"caption-attachment-2439\" class=\"wp-caption-text\">Le tableur Microsoft Excel sur disquettes 5&#8243;1\/4<\/p><\/div>\n<p style=\"text-align: justify;\">En plus des logiciels de bureautique, le d\u00e9veloppement des <a title=\"Les logiciels de gestion\" href=\"http:\/\/www.auditsi.eu\/?page_id=2881\">logiciels de gestion<\/a> (comptabilit\u00e9, paye, gestion commerciale&#8230;) et de <a title=\"Conception assist\u00e9e par ordinateur et simulation\" href=\"http:\/\/www.auditsi.eu\/?page_id=2521\">conception assist\u00e9e par ordinateur <\/a>(CAO, CFAO&#8230;) a accompagn\u00e9 l&#8217;informatisation des entreprises. D\u00e9sormais, plus aucune activit\u00e9 de l&#8217;entreprise n&#8217;\u00e9chappe \u00e0 la <a title=\"La micro-informatique des ann\u00e9es 80\" href=\"http:\/\/www.auditsi.eu\/?page_id=2119\">r\u00e9volution informatique<\/a> !<\/p>\n<div id=\"attachment_2409\" style=\"width: 325px\" class=\"wp-caption aligncenter\"><a href=\"https:\/\/www.auditsi.eu\/wp-content\/uploads\/2012\/11\/DSCN7668.jpg\"><img loading=\"lazy\" decoding=\"async\" aria-describedby=\"caption-attachment-2409\" class=\"size-full wp-image-2409\" title=\"La base de donn\u00e9es Graal Base et le tableur 3D-Calc sur ATARI ST\" src=\"https:\/\/www.auditsi.eu\/wp-content\/uploads\/2012\/11\/DSCN7668.jpg\" alt=\"La base de donn\u00e9es Graal Base et le tableur 3D-Calc sur ATARI ST\" width=\"315\" height=\"448\" srcset=\"https:\/\/www.auditsi.eu\/wp-content\/uploads\/2012\/11\/DSCN7668.jpg 315w, https:\/\/www.auditsi.eu\/wp-content\/uploads\/2012\/11\/DSCN7668-210x300.jpg 210w\" sizes=\"auto, (max-width: 315px) 100vw, 315px\" \/><\/a><p id=\"caption-attachment-2409\" class=\"wp-caption-text\">Le gestionnaire de base de donn\u00e9es Graal Base et le tableur 3D-Calc sur ATARI ST<\/p><\/div>\n<div id=\"attachment_5641\" style=\"width: 326px\" class=\"wp-caption aligncenter\"><a href=\"https:\/\/www.auditsi.eu\/wp-content\/uploads\/2012\/11\/WYSIWYG-SVM-41-07-08-1987-p18.jpg\"><img loading=\"lazy\" decoding=\"async\" aria-describedby=\"caption-attachment-5641\" class=\" wp-image-5641\" src=\"https:\/\/www.auditsi.eu\/wp-content\/uploads\/2012\/11\/WYSIWYG-SVM-41-07-08-1987-p18.jpg\" alt=\"La vraie histoire du WYSIWYG (Science &amp; Vie Micro n\u00b0 41, juillet-ao\u00fbt 1987, p. 18)\" width=\"316\" height=\"478\"><\/a><p id=\"caption-attachment-5641\" class=\"wp-caption-text\">La vraie histoire du WYSIWYG (Science &amp; Vie Micro n\u00b0 41, juillet-ao\u00fbt 1987, p. 18) : le WYSIWYG remonte \u00e0 1978 et a \u00e9t\u00e9 cr\u00e9\u00e9 par John SEYBOLD<\/p><\/div>\n<p style=\"text-align: justify;\">S\u00e9lection d&#8217;articles sur le sujet :<\/p>\n<ul>\n<li>Le traitement de textes de A \u00e0 Z, Micro-Syst\u00e8mes n\u00b0 14 (novembre-d\u00e9cembre 1980), p. 85 : avec en fin d&#8217;article un programme Basic de traitement de texte intitul\u00e9 &#8220;Micro-Editeur&#8221;<\/li>\n<li>Etiquettes : n&#8217;\u00e9crivez plus vos adresses, impimez-les !, Micro-Syst\u00e8mes n\u00b0 20 (novembre-d\u00e9cembre 1981), p. 121<\/li>\n<li>Quand les confiseurs s&#8217;informatisent&#8230;, Science &amp; Vie Micro 1 (d\u00e9cembre 1983), p. 95<\/li>\n<li>Soft-Calc, Soft &amp; Micro n\u00b0 19 (mai 1986), p. 144 : \u00e0 l&#8217;\u00e9poque tout pouvait se programmer en Basic y compris un tableur&#8230;<\/li>\n<li>Mort aux vaches : le boucher de demain jonglera avec les robots, la reconnaissance de formes et la r\u00e9sonance magn\u00e9tique nucl\u00e9aire, Science &amp; Vie Micro 31 (septembre 1986), p. 116<\/li>\n<li>Comprendre les bases de donn\u00e9es, Visite guid\u00e9e de dBase II sur Amstrad, un outil professionnel \u00e0 un prix familial, Science &amp; Vie Micro 25 (f\u00e9vrier 1986), p. 78<\/li>\n<li>De l&#8217;utilit\u00e9 des tableurs, Science &amp; Vie Micro 11 (novembre 1984), p. 175 : Outre leur possibilit\u00e9 de super-calculette, on entend souvent dire que les tableurs peuvent servir \u00e0 cr\u00e9er des mod\u00e8les. Que signifie ce terme ? A partir d&#8217;un mod\u00e8le d\u00e9mographique, essayons de pr\u00e9voir la population fran\u00e7aise en l&#8217;an 2000.<\/li>\n<li>Plaidoirie pour un micro, la micro-informatique \u00e0 la cour, Temps Micro D\u00e9cision PC n\u00b0 21 (octobre 1986), p. 41<\/li>\n<li>Dossier : la publication assist\u00e9e par ordinateur, Soft &amp; Micro n\u00b0 23 (octobre 1986), p. 82<\/li>\n<li>10 ans de tableur, Science &amp; Vie Micro 68 (janvier 1990), p. 68<\/li>\n<li>Graal, les chevaliers de la bureautique pour IBM PC et compatibles et pour ATARI, SVM 68 (janvier 1990), p. 132<\/li>\n<\/ul>\n<p>Les logiciels de bureautique que nous utilisons actuellement sont les descendants directs de ces logiciels n\u00e9s dans les ann\u00e9es 80.<\/p>\n<p><span style=\"font-size: small;\"><em>Les photos d\u2019illustration sont issues de ma <a title=\"Ma collection\" href=\"http:\/\/www.auditsi.eu\/?page_id=1983\">collection personnelle<\/a>.<\/em><\/span><\/p>\n<p>Approfondir le sujet :<br \/>\n<a title=\"L'informatique des ann\u00e9es 80\" href=\"http:\/\/www.auditsi.eu\/?page_id=2119\">L&#8217;informatique des ann\u00e9es 80<\/a> \/ <a title=\"Ma collection\" href=\"http:\/\/www.auditsi.eu\/?page_id=1983\">Ma collection<\/a> \/ <a title=\"Ma documentation\" href=\"http:\/\/www.auditsi.eu\/?page_id=3930\">Ma documentation<\/a><\/p>\n<div style=\"padding-bottom:20px; padding-top:10px;\" class=\"hupso-share-buttons\"><!-- Hupso Share Buttons - https:\/\/www.hupso.com\/share\/ --><a class=\"hupso_counters\" href=\"https:\/\/www.hupso.com\/share\/\"><img decoding=\"async\" src=\"https:\/\/static.hupso.com\/share\/buttons\/lang\/fr\/share-small.png\" style=\"border:0px; padding-top:2px; float:left;\" alt=\"Share Button\"\/><\/a><script type=\"text\/javascript\">var hupso_services_c=new Array(\"twitter\",\"facebook_like\",\"facebook_send\",\"email\",\"print\",\"linkedin\");var hupso_counters_lang = \"fr_FR\";var hupso_image_folder_url = \"\";var hupso_twitter_via=\"BenoitRiviere14\";var hupso_url_c=\"\";var hupso_title_c=\"La%20bureautique%20et%20les%20outils%20d%27aide%20%C3%A0%20la%20d%C3%A9cision\";<\/script><script type=\"text\/javascript\" src=\"https:\/\/static.hupso.com\/share\/js\/counters.js\"><\/script><!-- Hupso Share Buttons --><\/div>","protected":false},"excerpt":{"rendered":"<p>Au d\u00e9but des ann\u00e9es 80, les petites entreprises \u00e9taient tr\u00e8s faiblement informatis\u00e9es. Les logiciels de bureautique ont \u00e9t\u00e9 parmi les premiers \u00e0 faire leur entr\u00e9e dans les entreprises contribuant \u00e0 la d\u00e9mocratisation de la micro-informatique&nbsp; dans les PME. La bureautique comprend plusieurs types de logiciels : Traitement de texte, Tableur, Gestionnaire de bases de donn\u00e9es. &#8230;<\/p>\n<p><a href=\"https:\/\/www.auditsi.eu\/?page_id=2402\" class=\"more-link\">Continue reading &lsquo;La bureautique et les outils d&#8217;aide \u00e0 la d\u00e9cision&rsquo; &raquo;<\/a><\/p>\n<div style=\"padding-bottom:20px; padding-top:10px;\" class=\"hupso-share-buttons\"><!-- Hupso Share Buttons - https:\/\/www.hupso.com\/share\/ --><a class=\"hupso_counters\" href=\"https:\/\/www.hupso.com\/share\/\"><img src=\"https:\/\/static.hupso.com\/share\/buttons\/lang\/fr\/share-small.png\" style=\"border:0px; padding-top:2px; float:left;\" alt=\"Share Button\"\/><\/a><script type=\"text\/javascript\">var hupso_services_c=new Array(\"twitter\",\"facebook_like\",\"facebook_send\",\"email\",\"print\",\"linkedin\");var hupso_counters_lang = \"fr_FR\";var hupso_image_folder_url = \"\";var hupso_twitter_via=\"BenoitRiviere14\";var hupso_url_c=\"\";var hupso_title_c=\"La%20bureautique%20et%20les%20outils%20d%27aide%20%C3%A0%20la%20d%C3%A9cision\";<\/script><script type=\"text\/javascript\" src=\"https:\/\/static.hupso.com\/share\/js\/counters.js\"><\/script><!-- Hupso Share Buttons --><\/div>","protected":false},"author":1,"featured_media":0,"parent":0,"menu_order":0,"comment_status":"open","ping_status":"open","template":"","meta":{"advanced_seo_description":"","jetpack_seo_html_title":"","jetpack_seo_noindex":false,"ngg_post_thumbnail":0,"footnotes":"","_links_to":"","_links_to_target":""},"class_list":["post-2402","page","type-page","status-publish","hentry"],"jetpack_sharing_enabled":true,"jetpack_likes_enabled":false,"_links":{"self":[{"href":"https:\/\/www.auditsi.eu\/index.php?rest_route=\/wp\/v2\/pages\/2402","targetHints":{"allow":["GET"]}}],"collection":[{"href":"https:\/\/www.auditsi.eu\/index.php?rest_route=\/wp\/v2\/pages"}],"about":[{"href":"https:\/\/www.auditsi.eu\/index.php?rest_route=\/wp\/v2\/types\/page"}],"author":[{"embeddable":true,"href":"https:\/\/www.auditsi.eu\/index.php?rest_route=\/wp\/v2\/users\/1"}],"replies":[{"embeddable":true,"href":"https:\/\/www.auditsi.eu\/index.php?rest_route=%2Fwp%2Fv2%2Fcomments&post=2402"}],"version-history":[{"count":68,"href":"https:\/\/www.auditsi.eu\/index.php?rest_route=\/wp\/v2\/pages\/2402\/revisions"}],"predecessor-version":[{"id":9226,"href":"https:\/\/www.auditsi.eu\/index.php?rest_route=\/wp\/v2\/pages\/2402\/revisions\/9226"}],"wp:attachment":[{"href":"https:\/\/www.auditsi.eu\/index.php?rest_route=%2Fwp%2Fv2%2Fmedia&parent=2402"}],"curies":[{"name":"wp","href":"https:\/\/api.w.org\/{rel}","templated":true}]}}