{"id":2392,"date":"2012-11-12T14:09:14","date_gmt":"2012-11-12T12:09:14","guid":{"rendered":"http:\/\/www.auditsi.eu\/?page_id=2392"},"modified":"2018-12-29T18:07:17","modified_gmt":"2018-12-29T17:07:17","slug":"les-grands-personnages-de-la-micro-informatique","status":"publish","type":"page","link":"https:\/\/www.auditsi.eu\/?page_id=2392","title":{"rendered":"Les grands personnages de la micro-informatique"},"content":{"rendered":"<p style=\"text-align: justify;\">La micro-informatique a connu de grands bouleversements dans les ann\u00e9es 80. Certains acteurs ont su se montrer visionnaires et accompagner l&#8217;av\u00e8nement de la micro-informatique.<\/p>\n<p style=\"text-align: justify;\">Bill GATES, fondateur de Microsoft, fait partie de ces gens qui ont anticip\u00e9 d\u00e8s la fin des ann\u00e9es 70 \u00e0 la naissance de la micro-informatique des ann\u00e9es 80. Dans une interview publi\u00e9e dans le Science &amp; Vie Micro de novembre 1989, Bill GATES revient sur quelques \u00e9v\u00e9nements de la d\u00e9cennie (<a title=\"Le standard MSX\" href=\"http:\/\/www.auditsi.eu\/?page_id=2291\">le standard MSX<\/a>, le lancement de NEXT de Steves Jobs ou du Macintosh, OS\/2 d&#8217;IBM) et fixe le cap pour la suivante (<a title=\"La bureautique\" href=\"http:\/\/www.auditsi.eu\/?page_id=2402\">EXCEL<\/a>, multim\u00e9dia, baisse du prix des nouvelles technologies&#8230;) avec un slogan devenu r\u00e9alit\u00e9 &#8220;Un ordinateur sur chaque bureau, un ordinateur dans chaque maison&#8221;. Ses d\u00e9tracteurs auront beau dire, Bill GATES aura marqu\u00e9 la micro-informatique personnelle et professionnelle.<\/p>\n<div id=\"attachment_2399\" style=\"width: 301px\" class=\"wp-caption aligncenter\"><a href=\"https:\/\/www.auditsi.eu\/wp-content\/uploads\/2012\/11\/Bill-GATES-en-1989-SVM-n\u00b0-66.jpg\"><img loading=\"lazy\" decoding=\"async\" aria-describedby=\"caption-attachment-2399\" width=\"291\" height=\"448\" title=\"Bill GATES en 1989 (SVM n\u00b0 66)\" class=\"size-full wp-image-2399\" alt=\"Bill GATES en 1989 (SVM n\u00b0 66)\" src=\"https:\/\/www.auditsi.eu\/wp-content\/uploads\/2012\/11\/Bill-GATES-en-1989-SVM-n\u00b0-66.jpg\" srcset=\"https:\/\/www.auditsi.eu\/wp-content\/uploads\/2012\/11\/Bill-GATES-en-1989-SVM-n\u00b0-66.jpg 291w, https:\/\/www.auditsi.eu\/wp-content\/uploads\/2012\/11\/Bill-GATES-en-1989-SVM-n\u00b0-66-194x300.jpg 194w\" sizes=\"auto, (max-width: 291px) 100vw, 291px\" \/><\/a><p id=\"caption-attachment-2399\" class=\"wp-caption-text\">Bill GATES en 1989 (SVM n\u00b0 66)<\/p><\/div>\n<p style=\"text-align: justify;\">Seymour PAPERT, math\u00e9maticien et disciple de PIAGET, a notamment travaill\u00e9 au sein du groupe Logo du Laboratoire d&#8217;Intelligence Artificielle de Massachusetts Institute of Technology (M.I.T.) et d\u00e9montr\u00e9 l&#8217;int\u00e9r\u00eat de l&#8217;usage de l&#8217;ordinateur pour d\u00e9velopper les capacit\u00e9 cognitives des enfants en milieu scolaire.<\/p>\n<p>S\u00e9lection d\u2019articles sur le sujet :<\/p>\n<ul>\n<li>Seymour PAPERT : Mindstorms ou le jaillissement de l&#8217;esprit, Micro-Syst\u00e8mes n\u00b0 21 (janvier-f\u00e9vrier 1982), p. 49<\/li>\n<li>Les stars de la micro-informatique, Science &amp; Vie Micro n\u00b0 15 (mars 1985), p. 58 : Clive Sinclair (invente la calculatrice \u00e9lectronique, sort le ZX81&#8230;), Bill Gates, Chuck Peddle, Steve Wozniak, Thomas Kurtz<\/li>\n<li>L&#8217;\u00e9nigme Alan Turing, Science &amp; Vie Micro n\u00b0 57&nbsp;(janvier 1989), p. 68<\/li>\n<\/ul>\n<p>Approfondir le sujet :<br \/>\n<a title=\"L'informatique des ann\u00e9es 80\" href=\"http:\/\/www.auditsi.eu\/?page_id=2119\">L\u2019informatique des ann\u00e9es 80<\/a> \/ <a title=\"Ma collection\" href=\"http:\/\/www.auditsi.eu\/?page_id=1983\">Ma collection<\/a> \/ <a title=\"Ma documentation\" href=\"http:\/\/www.auditsi.eu\/?page_id=3930\">Ma documentation<\/a> \/ <a title=\"Quelques id\u00e9es de lecture pour en savoir plus\" href=\"http:\/\/www.auditsi.eu\/?page_id=4631\">Quelques id\u00e9es de lecture<\/a><\/p>\n<div style=\"padding-bottom:20px; padding-top:10px;\" class=\"hupso-share-buttons\"><!-- Hupso Share Buttons - https:\/\/www.hupso.com\/share\/ --><a class=\"hupso_counters\" href=\"https:\/\/www.hupso.com\/share\/\"><img decoding=\"async\" src=\"https:\/\/static.hupso.com\/share\/buttons\/lang\/fr\/share-small.png\" style=\"border:0px; padding-top:2px; float:left;\" alt=\"Share Button\"\/><\/a><script type=\"text\/javascript\">var hupso_services_c=new Array(\"twitter\",\"facebook_like\",\"facebook_send\",\"email\",\"print\",\"linkedin\");var hupso_counters_lang = \"fr_FR\";var hupso_image_folder_url = \"\";var hupso_twitter_via=\"BenoitRiviere14\";var hupso_url_c=\"\";var hupso_title_c=\"Les%20grands%20personnages%20de%20la%20micro-informatique\";<\/script><script type=\"text\/javascript\" src=\"https:\/\/static.hupso.com\/share\/js\/counters.js\"><\/script><!-- Hupso Share Buttons --><\/div>","protected":false},"excerpt":{"rendered":"<p>La micro-informatique a connu de grands bouleversements dans les ann\u00e9es 80. Certains acteurs ont su se montrer visionnaires et accompagner l&#8217;av\u00e8nement de la micro-informatique. Bill GATES, fondateur de Microsoft, fait partie de ces gens qui ont anticip\u00e9 d\u00e8s la fin des ann\u00e9es 70 \u00e0 la naissance de la micro-informatique des ann\u00e9es 80. Dans une interview &#8230;<\/p>\n<p><a href=\"https:\/\/www.auditsi.eu\/?page_id=2392\" class=\"more-link\">Continue reading &lsquo;Les grands personnages de la micro-informatique&rsquo; &raquo;<\/a><\/p>\n<div style=\"padding-bottom:20px; padding-top:10px;\" class=\"hupso-share-buttons\"><!-- Hupso Share Buttons - https:\/\/www.hupso.com\/share\/ --><a class=\"hupso_counters\" href=\"https:\/\/www.hupso.com\/share\/\"><img src=\"https:\/\/static.hupso.com\/share\/buttons\/lang\/fr\/share-small.png\" style=\"border:0px; padding-top:2px; float:left;\" alt=\"Share Button\"\/><\/a><script type=\"text\/javascript\">var hupso_services_c=new Array(\"twitter\",\"facebook_like\",\"facebook_send\",\"email\",\"print\",\"linkedin\");var hupso_counters_lang = \"fr_FR\";var hupso_image_folder_url = \"\";var hupso_twitter_via=\"BenoitRiviere14\";var hupso_url_c=\"\";var hupso_title_c=\"Les%20grands%20personnages%20de%20la%20micro-informatique\";<\/script><script type=\"text\/javascript\" src=\"https:\/\/static.hupso.com\/share\/js\/counters.js\"><\/script><!-- Hupso Share Buttons --><\/div>","protected":false},"author":1,"featured_media":0,"parent":0,"menu_order":0,"comment_status":"open","ping_status":"open","template":"","meta":{"advanced_seo_description":"","jetpack_seo_html_title":"","jetpack_seo_noindex":false,"ngg_post_thumbnail":0,"footnotes":"","_links_to":"","_links_to_target":""},"class_list":["post-2392","page","type-page","status-publish","hentry"],"jetpack_sharing_enabled":true,"jetpack_likes_enabled":false,"_links":{"self":[{"href":"https:\/\/www.auditsi.eu\/index.php?rest_route=\/wp\/v2\/pages\/2392","targetHints":{"allow":["GET"]}}],"collection":[{"href":"https:\/\/www.auditsi.eu\/index.php?rest_route=\/wp\/v2\/pages"}],"about":[{"href":"https:\/\/www.auditsi.eu\/index.php?rest_route=\/wp\/v2\/types\/page"}],"author":[{"embeddable":true,"href":"https:\/\/www.auditsi.eu\/index.php?rest_route=\/wp\/v2\/users\/1"}],"replies":[{"embeddable":true,"href":"https:\/\/www.auditsi.eu\/index.php?rest_route=%2Fwp%2Fv2%2Fcomments&post=2392"}],"version-history":[{"count":11,"href":"https:\/\/www.auditsi.eu\/index.php?rest_route=\/wp\/v2\/pages\/2392\/revisions"}],"predecessor-version":[{"id":7793,"href":"https:\/\/www.auditsi.eu\/index.php?rest_route=\/wp\/v2\/pages\/2392\/revisions\/7793"}],"wp:attachment":[{"href":"https:\/\/www.auditsi.eu\/index.php?rest_route=%2Fwp%2Fv2%2Fmedia&parent=2392"}],"curies":[{"name":"wp","href":"https:\/\/api.w.org\/{rel}","templated":true}]}}