{"id":2261,"date":"2012-11-04T21:01:22","date_gmt":"2012-11-04T19:01:22","guid":{"rendered":"http:\/\/www.auditsi.eu\/?page_id=2261"},"modified":"2020-02-24T20:28:26","modified_gmt":"2020-02-24T19:28:26","slug":"la-methode-p-e-r-t-ordonnancement-de-travaux-programme-en-basic","status":"publish","type":"page","link":"https:\/\/www.auditsi.eu\/?page_id=2261","title":{"rendered":"La m\u00e9thode P.E.R.T. : ordonnancement de travaux programm\u00e9 en Basic"},"content":{"rendered":"<p style=\"text-align: justify;\">La m\u00e9thode PERT (Program ou Project Evaluation and Review Technique) est une m\u00e9thode de gestion de projet d\u00e9velopp\u00e9e par la marine am\u00e9ricaine dans les ann\u00e9es 1950 pour optimiser les processus de construction. Elle permet de r\u00e9soudre les probl\u00e8mes d&#8217;organisation, de d\u00e9terminer le chemin critique et de repr\u00e9senter l&#8217;ordonnancement des t\u00e2ches sous forme de diagramme.<\/p>\n<p style=\"text-align: justify;\"><a href=\"https:\/\/www.auditsi.eu\/wp-content\/uploads\/2012\/11\/PERT.jpg\"><img loading=\"lazy\" decoding=\"async\" class=\"aligncenter size-full wp-image-2262\" title=\"PERT\" src=\"https:\/\/www.auditsi.eu\/wp-content\/uploads\/2012\/11\/PERT.jpg\" alt=\"PERT\" width=\"448\" height=\"322\" srcset=\"https:\/\/www.auditsi.eu\/wp-content\/uploads\/2012\/11\/PERT.jpg 448w, https:\/\/www.auditsi.eu\/wp-content\/uploads\/2012\/11\/PERT-300x215.jpg 300w\" sizes=\"auto, (max-width: 448px) 100vw, 448px\" \/><\/a><\/p>\n<p style=\"text-align: justify;\">La revue MICRO-SYSTEMES a propos\u00e9 dans son num\u00e9ro 25 (septembre \/ octobre 1982) un programme de r\u00e9solution PERT \u00e9crit en Basic. L&#8217;article et le listing du programme MCC-PERT sont t\u00e9l\u00e9chargeables ci-apr\u00e8s.<\/p>\n<div id=\"attachment_8740\" style=\"width: 703px\" class=\"wp-caption aligncenter\"><a href=\"https:\/\/www.auditsi.eu\/?attachment_id=8740\" rel=\"attachment wp-att-8740\"><img loading=\"lazy\" decoding=\"async\" aria-describedby=\"caption-attachment-8740\" class=\"size-full wp-image-8740\" src=\"https:\/\/www.auditsi.eu\/wp-content\/uploads\/2020\/02\/Livre-Planning-moderne.jpg\" alt=\"Livre Planning moderne et emploi de l'ordinateur (DUNOD, 1970) de Philippe PORE\" width=\"693\" height=\"961\" srcset=\"https:\/\/www.auditsi.eu\/wp-content\/uploads\/2020\/02\/Livre-Planning-moderne.jpg 693w, https:\/\/www.auditsi.eu\/wp-content\/uploads\/2020\/02\/Livre-Planning-moderne-216x300.jpg 216w\" sizes=\"auto, (max-width: 693px) 100vw, 693px\" \/><\/a><p id=\"caption-attachment-8740\" class=\"wp-caption-text\">Livre Planning moderne et emploi de l&#8217;ordinateur (DUNOD, 1970) de Philippe PORE<\/p><\/div>\n<p style=\"text-align: justify;\">Pour approfondir le sujet :<\/p>\n<ul>\n<li>R\u00e9seau PERT (Wikipedia) : <a title=\"R\u00e9seau PERT (Wikipedia)\" href=\"http:\/\/fr.wikipedia.org\/wiki\/R\u00e9seau_PERT\" target=\"_blank\" rel=\"noopener noreferrer\">http:\/\/fr.wikipedia.org\/wiki\/R\u00e9seau_PERT<br \/>\n<\/a><\/li>\n<li>&#8220;Le Basic pour l&#8217;entreprise&#8221; aux \u00e9ditions Sybex.<\/li>\n<\/ul>\n<p>Autres liens :<br \/>\n<a title=\"L'informatique des ann\u00e9es 80\" href=\"http:\/\/www.auditsi.eu\/?page_id=2119\">L&#8217;informatique des ann\u00e9es 80<\/a> \/ <a title=\"Ma collection\" href=\"http:\/\/www.auditsi.eu\/?page_id=1983\">Ma collection<\/a> \/ <a title=\"Ma documentation\" href=\"http:\/\/www.auditsi.eu\/?page_id=3930\">Ma documentation<\/a><\/p>\n<div style=\"padding-bottom:20px; padding-top:10px;\" class=\"hupso-share-buttons\"><!-- Hupso Share Buttons - https:\/\/www.hupso.com\/share\/ --><a class=\"hupso_counters\" href=\"https:\/\/www.hupso.com\/share\/\"><img decoding=\"async\" src=\"https:\/\/static.hupso.com\/share\/buttons\/lang\/fr\/share-small.png\" style=\"border:0px; padding-top:2px; float:left;\" alt=\"Share Button\"\/><\/a><script type=\"text\/javascript\">var hupso_services_c=new Array(\"twitter\",\"facebook_like\",\"facebook_send\",\"email\",\"print\",\"linkedin\");var hupso_counters_lang = \"fr_FR\";var hupso_image_folder_url = \"\";var hupso_twitter_via=\"BenoitRiviere14\";var hupso_url_c=\"\";var hupso_title_c=\"La%20m%C3%A9thode%20P.E.R.T.%20%3A%20ordonnancement%20de%20travaux%20programm%C3%A9%20en%20Basic\";<\/script><script type=\"text\/javascript\" src=\"https:\/\/static.hupso.com\/share\/js\/counters.js\"><\/script><!-- Hupso Share Buttons --><\/div>","protected":false},"excerpt":{"rendered":"<p>La m\u00e9thode PERT (Program ou Project Evaluation and Review Technique) est une m\u00e9thode de gestion de projet d\u00e9velopp\u00e9e par la marine am\u00e9ricaine dans les ann\u00e9es 1950 pour optimiser les processus de construction. Elle permet de r\u00e9soudre les probl\u00e8mes d&#8217;organisation, de d\u00e9terminer le chemin critique et de repr\u00e9senter l&#8217;ordonnancement des t\u00e2ches sous forme de diagramme. La &#8230;<\/p>\n<p><a href=\"https:\/\/www.auditsi.eu\/?page_id=2261\" class=\"more-link\">Continue reading &lsquo;La m\u00e9thode P.E.R.T. : ordonnancement de travaux programm\u00e9 en Basic&rsquo; &raquo;<\/a><\/p>\n<div style=\"padding-bottom:20px; padding-top:10px;\" class=\"hupso-share-buttons\"><!-- Hupso Share Buttons - https:\/\/www.hupso.com\/share\/ --><a class=\"hupso_counters\" href=\"https:\/\/www.hupso.com\/share\/\"><img src=\"https:\/\/static.hupso.com\/share\/buttons\/lang\/fr\/share-small.png\" style=\"border:0px; padding-top:2px; float:left;\" alt=\"Share Button\"\/><\/a><script type=\"text\/javascript\">var hupso_services_c=new Array(\"twitter\",\"facebook_like\",\"facebook_send\",\"email\",\"print\",\"linkedin\");var hupso_counters_lang = \"fr_FR\";var hupso_image_folder_url = \"\";var hupso_twitter_via=\"BenoitRiviere14\";var hupso_url_c=\"\";var hupso_title_c=\"La%20m%C3%A9thode%20P.E.R.T.%20%3A%20ordonnancement%20de%20travaux%20programm%C3%A9%20en%20Basic\";<\/script><script type=\"text\/javascript\" src=\"https:\/\/static.hupso.com\/share\/js\/counters.js\"><\/script><!-- Hupso Share Buttons --><\/div>","protected":false},"author":1,"featured_media":0,"parent":0,"menu_order":0,"comment_status":"open","ping_status":"open","template":"","meta":{"advanced_seo_description":"","jetpack_seo_html_title":"","jetpack_seo_noindex":false,"ngg_post_thumbnail":0,"footnotes":"","_links_to":"","_links_to_target":""},"class_list":["post-2261","page","type-page","status-publish","hentry"],"jetpack_sharing_enabled":true,"jetpack_likes_enabled":false,"_links":{"self":[{"href":"https:\/\/www.auditsi.eu\/index.php?rest_route=\/wp\/v2\/pages\/2261","targetHints":{"allow":["GET"]}}],"collection":[{"href":"https:\/\/www.auditsi.eu\/index.php?rest_route=\/wp\/v2\/pages"}],"about":[{"href":"https:\/\/www.auditsi.eu\/index.php?rest_route=\/wp\/v2\/types\/page"}],"author":[{"embeddable":true,"href":"https:\/\/www.auditsi.eu\/index.php?rest_route=\/wp\/v2\/users\/1"}],"replies":[{"embeddable":true,"href":"https:\/\/www.auditsi.eu\/index.php?rest_route=%2Fwp%2Fv2%2Fcomments&post=2261"}],"version-history":[{"count":11,"href":"https:\/\/www.auditsi.eu\/index.php?rest_route=\/wp\/v2\/pages\/2261\/revisions"}],"predecessor-version":[{"id":8741,"href":"https:\/\/www.auditsi.eu\/index.php?rest_route=\/wp\/v2\/pages\/2261\/revisions\/8741"}],"wp:attachment":[{"href":"https:\/\/www.auditsi.eu\/index.php?rest_route=%2Fwp%2Fv2%2Fmedia&parent=2261"}],"curies":[{"name":"wp","href":"https:\/\/api.w.org\/{rel}","templated":true}]}}