{"id":2222,"date":"2012-11-02T20:54:41","date_gmt":"2012-11-02T18:54:41","guid":{"rendered":"http:\/\/www.auditsi.eu\/?page_id=2222"},"modified":"2014-08-26T19:53:02","modified_gmt":"2014-08-26T17:53:02","slug":"la-presse-specialisee-de-lepoque","status":"publish","type":"page","link":"https:\/\/www.auditsi.eu\/?page_id=2222","title":{"rendered":"La presse informatique des ann\u00e9es 80"},"content":{"rendered":"<p style=\"text-align: justify;\">Au milieu des ann\u00e9es 80, <a title=\"La micro-informatique des ann\u00e9es 80\" href=\"http:\/\/www.auditsi.eu\/?page_id=2119\">l&#8217;informatique a le vent en poupe<\/a> et la presse sp\u00e9cialis\u00e9e est devenue aussi pl\u00e9thore que les constructeurs de micro-ordinateurs ! C&#8217;est peu dire.<\/p>\n<div id=\"attachment_5280\" style=\"width: 406px\" class=\"wp-caption aligncenter\"><a href=\"https:\/\/www.auditsi.eu\/wp-content\/uploads\/2012\/11\/BYTE-1-09-1975.png\"><img loading=\"lazy\" decoding=\"async\" aria-describedby=\"caption-attachment-5280\" class=\" wp-image-5280\" src=\"https:\/\/www.auditsi.eu\/wp-content\/uploads\/2012\/11\/BYTE-1-09-1975.png\" alt=\"Couverture du num\u00e9ro 1 de la revue am\u00e9ricaine BYTE (septembre 1975)\" width=\"396\" height=\"516\" srcset=\"https:\/\/www.auditsi.eu\/wp-content\/uploads\/2012\/11\/BYTE-1-09-1975.png 480w, https:\/\/www.auditsi.eu\/wp-content\/uploads\/2012\/11\/BYTE-1-09-1975-230x300.png 230w\" sizes=\"auto, (max-width: 396px) 100vw, 396px\" \/><\/a><p id=\"caption-attachment-5280\" class=\"wp-caption-text\">Couverture du num\u00e9ro 1 de la revue am\u00e9ricaine BYTE (septembre 1975)<\/p><\/div>\n<p style=\"text-align: justify;\">Il cohabite plusieurs types de magazines et revues :<\/p>\n<ul>\n<li>D&#8217;un cot\u00e9 les g\u00e9n\u00e9ralistes parcourant l&#8217;ensemble des techniques et des marques informatiques pr\u00e9sentes sur le march\u00e9 :<\/li>\n<\/ul>\n<ul style=\"list-style-type: circle;\">\n<li><em>SCIENCE &amp; VIE MICRO (SVM), mensuel g\u00e9n\u00e9raliste vulgarisateur<\/em><\/li>\n<li><em>MICRO-SYSTEMES, bimestriel puis mensuel<br \/>\n<\/em><\/li>\n<li><em>SOFT &amp; MICRO, mensuel<br \/>\n<\/em><\/li>\n<li><em>L&#8217;ORDINATEUR INDIVIDUEL, mensuel<br \/>\n<\/em><\/li>\n<li><em>HEBDOGICIEL, hebdomadaire, v\u00e9ritable Canard Encha\u00een\u00e9 de l&#8217;informatique, c\u00e9l\u00e8bre pour ses listings \u00e0 taper<\/em>&#8230; (n&#8217;)a s\u00e9vit (que) pendant 168 num\u00e9ros (de 1983 \u00e0 1987)<\/li>\n<li>BYTE (mensuel am\u00e9ricain)<\/li>\n<\/ul>\n<ul>\n<li>D&#8217;un autre cot\u00e9 les sp\u00e9cialistes, ax\u00e9s sur une machine ou une gammes de machines :<\/li>\n<\/ul>\n<ul style=\"list-style-type: circle;\">\n<li><em>AMSTRAD CPC : AMSTRAD MAGAZINE (AM-MAG), AMSTAR, CPC INFOS&#8230;<\/em><\/li>\n<li><em>ORIC : THEORIC<\/em><\/li>\n<li><em>EXELVISION : EXELEMENT VOTRE<\/em><\/li>\n<li><em>AMIGA : AMIGA DREAM<\/em><\/li>\n<li><em>ATARI : ST MAGAZINE<\/em><\/li>\n<li>SINCLAIR (ZX) : ORDI-5<\/li>\n<li><em>&#8230;<\/em><\/li>\n<\/ul>\n<p style=\"text-align: justify;\">Ces magazines publiaient r\u00e9guli\u00e8rement dans leurs colonnes des articles techniques et des listings de programmes en Basic, Pascal \u00e0 taper au clavier\u2026 (\u00e0 l&#8217;\u00e9poque, les logiciels vendus dans le commerce \u00e9taient des denr\u00e9es rares et ch\u00e8res, d&#8217;o\u00f9 le succ\u00e8s de la presse sp\u00e9cialis\u00e9e) pour beaucoup encore d\u2019actualit\u00e9 notamment en mati\u00e8re :<\/p>\n<ul>\n<li>De gestion d\u2019entreprise (<a title=\"La m\u00e9thode d'ordonnancement P.E.R.T.\" href=\"http:\/\/www.auditsi.eu\/?page_id=2261\">ordonnancement et PERT<\/a>&#8230;),<\/li>\n<li>D\u2019<a title=\"L'intelligence artificielle et les syst\u00e8mes experts\" href=\"http:\/\/www.auditsi.eu\/?page_id=2273\">intelligence artificielle et de syst\u00e8mes experts<\/a>,<\/li>\n<li>\u2026<\/li>\n<\/ul>\n<div id=\"attachment_3623\" style=\"width: 438px\" class=\"wp-caption aligncenter\"><a href=\"https:\/\/www.auditsi.eu\/wp-content\/uploads\/2012\/11\/Hebdogiciel-167-Page-03.jpg\"><img loading=\"lazy\" decoding=\"async\" aria-describedby=\"caption-attachment-3623\" class=\"size-full wp-image-3623\" src=\"https:\/\/www.auditsi.eu\/wp-content\/uploads\/2012\/11\/Hebdogiciel-167-Page-03.jpg\" alt=\"La saisie de listings, un passage fastidieux mais oblig\u00e9 dans les ann\u00e9es 80 ! Illustration avec un listing en code machine : extrait d'un programme de billard pour Apple paru dans l'Hebdogiciel n\u00b0 167, 26 d\u00e9cembre 1986)\" width=\"428\" height=\"625\" srcset=\"https:\/\/www.auditsi.eu\/wp-content\/uploads\/2012\/11\/Hebdogiciel-167-Page-03.jpg 428w, https:\/\/www.auditsi.eu\/wp-content\/uploads\/2012\/11\/Hebdogiciel-167-Page-03-205x300.jpg 205w\" sizes=\"auto, (max-width: 428px) 100vw, 428px\" \/><\/a><p id=\"caption-attachment-3623\" class=\"wp-caption-text\">La saisie de listings, un passage fastidieux mais oblig\u00e9 dans les ann\u00e9es 80 ! Illustration avec un listing en code machine : extrait d&#8217;un programme de billard pour Apple paru dans l&#8217;Hebdogiciel n\u00b0 167, 26 d\u00e9cembre 1986)<\/p><\/div>\n<p style=\"text-align: justify;\">Le s\u00e9rieux de la plupart de ces publications ne fermait pas la porte \u00e0 une part de fantaisie, \u00e0 l&#8217;image de Micro-Syst\u00e8mes qui reprit en une de son num\u00e9ro 20 (cf photos ci-apr\u00e8s) la photo d&#8217;une jeune <a title=\"L\u2019image de la femme\" href=\"http:\/\/www.auditsi.eu\/?page_id=4638\">femme<\/a> de la revue Play Boy pour d\u00e9montrer les capacit\u00e9s de num\u00e9risation du scanner Optronics : &#8220;Un faisceau lumineux balaye l&#8217;image ligne par ligne. La lumi\u00e8re r\u00e9fl\u00e9chie (Lr) est mesur\u00e9e puis compar\u00e9e \u00e0 la lumi\u00e8re incidente (Li), ce qui d\u00e9finit le rapport Li\/Lr que l&#8217;on nomme r\u00e9flectance [&#8230;]&#8221;. Tout est pr\u00e9texte \u00e0 l&#8217;apprentissage de la technique, y compris le charme f\u00e9minin. D\u00e9lectable.<\/p>\n<div id=\"attachment_2365\" style=\"width: 346px\" class=\"wp-caption aligncenter\"><a href=\"https:\/\/www.auditsi.eu\/wp-content\/uploads\/2012\/10\/DSCN7592.jpg\"><img loading=\"lazy\" decoding=\"async\" aria-describedby=\"caption-attachment-2365\" class=\"size-full wp-image-2365\" src=\"https:\/\/www.auditsi.eu\/wp-content\/uploads\/2012\/10\/DSCN7592.jpg\" alt=\"MICRO SYSTEMES, couverture du n\u00b0 20 (novembre-d\u00e9cembre 1981)\" width=\"336\" height=\"411\" srcset=\"https:\/\/www.auditsi.eu\/wp-content\/uploads\/2012\/10\/DSCN7592.jpg 336w, https:\/\/www.auditsi.eu\/wp-content\/uploads\/2012\/10\/DSCN7592-245x300.jpg 245w\" sizes=\"auto, (max-width: 336px) 100vw, 336px\" \/><\/a><p id=\"caption-attachment-2365\" class=\"wp-caption-text\">MICRO SYSTEMES, couverture du n\u00b0 20 (novembre-d\u00e9cembre 1981)<\/p><\/div>\n<p style=\"text-align: justify;\">D\u2019autres articles rel\u00e8vent plus de l\u2019histoire de l\u2019informatique (cf article <a title=\"L'informatique aujourd'hui\" href=\"http:\/\/www.auditsi.eu\/?p=1562\">L\u2019informatique aujourd\u2019hui<\/a>) .<\/p>\n<div id=\"attachment_2608\" style=\"width: 462px\" class=\"wp-caption aligncenter\"><a href=\"https:\/\/www.auditsi.eu\/wp-content\/uploads\/2012\/11\/SVM-10-PUB-HEBDOGICIEL.jpg\"><img loading=\"lazy\" decoding=\"async\" aria-describedby=\"caption-attachment-2608\" class=\"size-full wp-image-2608\" title=\"Publicit\u00e9 pour Hebdogiciel parue dans le SVM n\u00b0 10\" src=\"https:\/\/www.auditsi.eu\/wp-content\/uploads\/2012\/11\/SVM-10-PUB-HEBDOGICIEL.jpg\" alt=\"Publicit\u00e9 pour Hebdogiciel parue dans le SVM n\u00b0 10\" width=\"452\" height=\"640\" srcset=\"https:\/\/www.auditsi.eu\/wp-content\/uploads\/2012\/11\/SVM-10-PUB-HEBDOGICIEL.jpg 452w, https:\/\/www.auditsi.eu\/wp-content\/uploads\/2012\/11\/SVM-10-PUB-HEBDOGICIEL-211x300.jpg 211w\" sizes=\"auto, (max-width: 452px) 100vw, 452px\" \/><\/a><p id=\"caption-attachment-2608\" class=\"wp-caption-text\">Publicit\u00e9 pour Hebdogiciel parue dans le SVM n\u00b0 10<\/p><\/div>\n<p style=\"text-align: justify;\">Que reste-t-il de cette presse aujourd&#8217;hui ? Aucune ! Et pour cause, la presse informatique a \u00e9t\u00e9 d\u00e9cim\u00e9e par le s\u00e9isme de la micro-informatique familiale des ann\u00e9es 90. Les survivants ont chang\u00e9 d&#8217;herbage depuis longtemps. M\u00eame, l&#8217;Ordinateur Individuel (dont le premier num\u00e9ro remonte \u00e0 octobre 1978) a fusionn\u00e9 avec Science &amp; Vie Micro en 2010 avant de dispara\u00eetre lui aussi, absorb\u00e9 en 2013 par 01.net ; cette derni\u00e8re publication ne parle plus que de smartphones et tablettes, les autres sujets sont pass\u00e9s aux oubliettes de l&#8217;histoire !<\/p>\n<div id=\"attachment_3648\" style=\"width: 478px\" class=\"wp-caption aligncenter\"><a href=\"https:\/\/www.auditsi.eu\/wp-content\/uploads\/2012\/11\/Hebdogiciel-146-149-1er-Aout-1986.jpg\"><img loading=\"lazy\" decoding=\"async\" aria-describedby=\"caption-attachment-3648\" class=\"size-full wp-image-3648\" src=\"https:\/\/www.auditsi.eu\/wp-content\/uploads\/2012\/11\/Hebdogiciel-146-149-1er-Aout-1986.jpg\" alt=\"Hebdogiciel d\u00e9nonce le manque d'ind\u00e9pendance de ses principaux confr\u00e8res vis-\u00e0-vis de leurs annonceurs (Hebdogiciel 146 \u00e0 149, ao\u00fbt 1986)\" width=\"468\" height=\"691\" srcset=\"https:\/\/www.auditsi.eu\/wp-content\/uploads\/2012\/11\/Hebdogiciel-146-149-1er-Aout-1986.jpg 468w, https:\/\/www.auditsi.eu\/wp-content\/uploads\/2012\/11\/Hebdogiciel-146-149-1er-Aout-1986-203x300.jpg 203w\" sizes=\"auto, (max-width: 468px) 100vw, 468px\" \/><\/a><p id=\"caption-attachment-3648\" class=\"wp-caption-text\">Hebdogiciel d\u00e9nonce le manque d&#8217;ind\u00e9pendance de ses principaux confr\u00e8res vis-\u00e0-vis de leurs annonceurs (Hebdogiciel 146 \u00e0 149, ao\u00fbt 1986)<\/p><\/div>\n<p style=\"text-align: justify;\">Pour le reste, il faut bien l&#8217;avouer, la plupart des magazines informatiques actuels ressemblent plus \u00e0 des catalogues publicitaires qu&#8217;aux revues techniques de l&#8217;origine&#8230; Par ailleurs, ils suivent plus les effets de mode que leur lectorat \u00e0 la lumi\u00e8re du sommaire de 01.net : les tablettes et autres smartphones occupent l&#8217;essentiel des pages au d\u00e9triment de l&#8217;information pratique et des trucs et astuces de nos logiciels pr\u00e9f\u00e9r\u00e9s. Je me demande encore quel est l&#8217;int\u00e9r\u00eat de cette publication en entreprise !<\/p>\n<p><a href=\"https:\/\/www.auditsi.eu\/wp-content\/uploads\/2012\/11\/DSCN7590.jpg\"><img loading=\"lazy\" decoding=\"async\" class=\"aligncenter size-full wp-image-2225\" title=\"Revues informatiques des ann\u00e9es 80\" src=\"https:\/\/www.auditsi.eu\/wp-content\/uploads\/2012\/11\/DSCN7590.jpg\" alt=\"Revues informatiques des ann\u00e9es 80\" width=\"409\" height=\"336\" srcset=\"https:\/\/www.auditsi.eu\/wp-content\/uploads\/2012\/11\/DSCN7590.jpg 409w, https:\/\/www.auditsi.eu\/wp-content\/uploads\/2012\/11\/DSCN7590-300x246.jpg 300w\" sizes=\"auto, (max-width: 409px) 100vw, 409px\" \/><\/a><\/p>\n<p style=\"text-align: justify;\">Je collectionne ces magazines mais il m&#8217;en manque encore beaucoup. S&#8217;ils vous encombrent, <a title=\"Avis de recherche\" href=\"http:\/\/www.auditsi.eu\/?page_id=1743\">n&#8217;h\u00e9sitez pas \u00e0 me les confier<\/a>. Ils me permettent de <a title=\"Ma documentation\" href=\"http:\/\/www.auditsi.eu\/?page_id=3930\">documenter<\/a> et d&#8217;enrichir ce site.<\/p>\n<div id=\"attachment_2244\" style=\"width: 346px\" class=\"wp-caption aligncenter\"><a href=\"https:\/\/www.auditsi.eu\/wp-content\/uploads\/2012\/11\/SM-Couv1.jpg\"><img loading=\"lazy\" decoding=\"async\" aria-describedby=\"caption-attachment-2244\" class=\"size-full wp-image-2244\" title=\"SOFT &amp; MICRO n\u00b01 (octobre 1984) : Couverture\" src=\"https:\/\/www.auditsi.eu\/wp-content\/uploads\/2012\/11\/SM-Couv1.jpg\" alt=\"SOFT &amp; MICRO n\u00b01 (octobre 1984) : Couverture\" width=\"336\" height=\"448\" srcset=\"https:\/\/www.auditsi.eu\/wp-content\/uploads\/2012\/11\/SM-Couv1.jpg 336w, https:\/\/www.auditsi.eu\/wp-content\/uploads\/2012\/11\/SM-Couv1-224x300.jpg 224w\" sizes=\"auto, (max-width: 336px) 100vw, 336px\" \/><\/a><p id=\"caption-attachment-2244\" class=\"wp-caption-text\">SOFT &amp; MICRO n\u00b01 (octobre 1984) : Couverture<\/p><\/div>\n<p style=\"text-align: justify;\">Le site internet <a title=\"Abandonware\" href=\"http:\/\/www.abandonware-magazines.org\/\" target=\"_blank\">Abandonware<\/a> propose en t\u00e9l\u00e9chargement un large panel de ce qu&#8217;a repr\u00e9sent\u00e9 la presse informatique des ann\u00e9es 70-80-90. Les magazines et journaux mis \u00e0 disposition par ce site sont num\u00e9ris\u00e9s patiemment et b\u00e9n\u00e9volement par des collectionneurs passionn\u00e9s. Je salue leur travail. Certains documents t\u00e9l\u00e9chargeables sur ce site sont issus de Abandonware.<\/p>\n<p style=\"text-align: justify;\"><span style=\"font-size: small;\"><em>Les photos d\u2019illustration sont issues de ma <a title=\"Ma collection\" href=\"http:\/\/www.auditsi.eu\/?page_id=1983\">collection personnelle<\/a>.<\/em><\/span><\/p>\n<p style=\"text-align: justify;\">Approfondir le sujet :<br \/>\n<a title=\"L'informatique des ann\u00e9es 80\" href=\"http:\/\/www.auditsi.eu\/?page_id=2119\">L\u2019informatique des ann\u00e9es 80<\/a> \/ <a title=\"Ma collection\" href=\"http:\/\/www.auditsi.eu\/?page_id=1983\">Ma collection<\/a> \/ <a title=\"Ma documentation\" href=\"http:\/\/www.auditsi.eu\/?page_id=3930\">Ma documentation<\/a> \/ <a title=\"Quelques id\u00e9es de lecture pour en savoir plus\" href=\"http:\/\/www.auditsi.eu\/?page_id=4631\">Quelques id\u00e9es de lecture<\/a><\/p>\n<div style=\"padding-bottom:20px; padding-top:10px;\" class=\"hupso-share-buttons\"><!-- Hupso Share Buttons - https:\/\/www.hupso.com\/share\/ --><a class=\"hupso_counters\" href=\"https:\/\/www.hupso.com\/share\/\"><img decoding=\"async\" src=\"https:\/\/static.hupso.com\/share\/buttons\/lang\/fr\/share-small.png\" style=\"border:0px; padding-top:2px; float:left;\" alt=\"Share Button\"\/><\/a><script type=\"text\/javascript\">var hupso_services_c=new Array(\"twitter\",\"facebook_like\",\"facebook_send\",\"email\",\"print\",\"linkedin\");var hupso_counters_lang = \"fr_FR\";var hupso_image_folder_url = \"\";var hupso_twitter_via=\"BenoitRiviere14\";var hupso_url_c=\"\";var hupso_title_c=\"La%20presse%20informatique%20des%20ann%C3%A9es%2080\";<\/script><script type=\"text\/javascript\" src=\"https:\/\/static.hupso.com\/share\/js\/counters.js\"><\/script><!-- Hupso Share Buttons --><\/div>","protected":false},"excerpt":{"rendered":"<p>Au milieu des ann\u00e9es 80, l&#8217;informatique a le vent en poupe et la presse sp\u00e9cialis\u00e9e est devenue aussi pl\u00e9thore que les constructeurs de micro-ordinateurs ! C&#8217;est peu dire. Il cohabite plusieurs types de magazines et revues : D&#8217;un cot\u00e9 les g\u00e9n\u00e9ralistes parcourant l&#8217;ensemble des techniques et des marques informatiques pr\u00e9sentes sur le march\u00e9 : SCIENCE &#8230;<\/p>\n<p><a href=\"https:\/\/www.auditsi.eu\/?page_id=2222\" class=\"more-link\">Continue reading &lsquo;La presse informatique des ann\u00e9es 80&rsquo; &raquo;<\/a><\/p>\n<div style=\"padding-bottom:20px; padding-top:10px;\" class=\"hupso-share-buttons\"><!-- Hupso Share Buttons - https:\/\/www.hupso.com\/share\/ --><a class=\"hupso_counters\" href=\"https:\/\/www.hupso.com\/share\/\"><img src=\"https:\/\/static.hupso.com\/share\/buttons\/lang\/fr\/share-small.png\" style=\"border:0px; padding-top:2px; float:left;\" alt=\"Share Button\"\/><\/a><script type=\"text\/javascript\">var hupso_services_c=new Array(\"twitter\",\"facebook_like\",\"facebook_send\",\"email\",\"print\",\"linkedin\");var hupso_counters_lang = \"fr_FR\";var hupso_image_folder_url = \"\";var hupso_twitter_via=\"BenoitRiviere14\";var hupso_url_c=\"\";var hupso_title_c=\"La%20presse%20informatique%20des%20ann%C3%A9es%2080\";<\/script><script type=\"text\/javascript\" src=\"https:\/\/static.hupso.com\/share\/js\/counters.js\"><\/script><!-- Hupso Share Buttons --><\/div>","protected":false},"author":1,"featured_media":0,"parent":0,"menu_order":0,"comment_status":"open","ping_status":"open","template":"","meta":{"advanced_seo_description":"","jetpack_seo_html_title":"","jetpack_seo_noindex":false,"ngg_post_thumbnail":0,"footnotes":"","_links_to":"","_links_to_target":""},"class_list":["post-2222","page","type-page","status-publish","hentry"],"jetpack_sharing_enabled":true,"jetpack_likes_enabled":false,"_links":{"self":[{"href":"https:\/\/www.auditsi.eu\/index.php?rest_route=\/wp\/v2\/pages\/2222","targetHints":{"allow":["GET"]}}],"collection":[{"href":"https:\/\/www.auditsi.eu\/index.php?rest_route=\/wp\/v2\/pages"}],"about":[{"href":"https:\/\/www.auditsi.eu\/index.php?rest_route=\/wp\/v2\/types\/page"}],"author":[{"embeddable":true,"href":"https:\/\/www.auditsi.eu\/index.php?rest_route=\/wp\/v2\/users\/1"}],"replies":[{"embeddable":true,"href":"https:\/\/www.auditsi.eu\/index.php?rest_route=%2Fwp%2Fv2%2Fcomments&post=2222"}],"version-history":[{"count":40,"href":"https:\/\/www.auditsi.eu\/index.php?rest_route=\/wp\/v2\/pages\/2222\/revisions"}],"predecessor-version":[{"id":5285,"href":"https:\/\/www.auditsi.eu\/index.php?rest_route=\/wp\/v2\/pages\/2222\/revisions\/5285"}],"wp:attachment":[{"href":"https:\/\/www.auditsi.eu\/index.php?rest_route=%2Fwp%2Fv2%2Fmedia&parent=2222"}],"curies":[{"name":"wp","href":"https:\/\/api.w.org\/{rel}","templated":true}]}}