{"id":2065,"date":"2012-09-26T14:45:59","date_gmt":"2012-09-26T12:45:59","guid":{"rendered":"http:\/\/www.auditsi.eu\/?page_id=2065"},"modified":"2020-02-24T18:29:47","modified_gmt":"2020-02-24T17:29:47","slug":"remerciements","status":"publish","type":"page","link":"https:\/\/www.auditsi.eu\/?page_id=2065","title":{"rendered":"Remerciements"},"content":{"rendered":"<p style=\"text-align: justify;\">Je suis r\u00e9guli\u00e8rement contact\u00e9 par des personnes d\u00e9sireuses de faire de la place dans leur cave ou grenier. Sur cette page, je remercie les g\u00e9n\u00e9reux donateurs qui me confient gracieusement <a title=\"Ma collection\" href=\"http:\/\/www.auditsi.eu\/?page_id=1983\">machines et documentation<\/a> et par la m\u00eame de la confiance qu\u2019ils me t\u00e9moignent, signe de reconnaissance de mon s\u00e9rieux et de ma connaissance de l\u2019informatique. Mon s\u00e9rieux et ma passion ont \u00e9t\u00e9 reconnus r\u00e9cemment dans un article du <a href=\"https:\/\/www.auditsi.eu\/?page_id=7873\">magazine 01net que je vous invite \u00e0 d\u00e9couvrir ici<\/a>.<\/p>\n<p style=\"text-align: justify;\">Chacun de ces objets est progressivement mis en valeur sur mon blog en fonction de son int\u00e9r\u00eat &#8220;historique&#8221; dans le <a title=\"La micro-informatique familiale des ann\u00e9es 80\" href=\"http:\/\/www.auditsi.eu\/?page_id=2119\">contexte de l&#8217;\u00e9poque<\/a>.<\/p>\n<p style=\"text-align: center;\">Derniers dons re\u00e7us :<\/p>\n<p style=\"text-align: center;\">&#8212;&#8211;2020&#8212;&#8211;<\/p>\n<div id=\"attachment_8704\" style=\"width: 1082px\" class=\"wp-caption aligncenter\"><a href=\"https:\/\/www.auditsi.eu\/?attachment_id=8704\" rel=\"attachment wp-att-8704\"><img loading=\"lazy\" decoding=\"async\" aria-describedby=\"caption-attachment-8704\" class=\"size-full wp-image-8704\" src=\"https:\/\/www.auditsi.eu\/wp-content\/uploads\/2020\/02\/GW-TURTLE-BRIDGE.jpg\" alt=\"Console Game &amp; Watch Turtle Bridge de Nintendo (1982)\" width=\"1072\" height=\"646\" srcset=\"https:\/\/www.auditsi.eu\/wp-content\/uploads\/2020\/02\/GW-TURTLE-BRIDGE.jpg 1072w, https:\/\/www.auditsi.eu\/wp-content\/uploads\/2020\/02\/GW-TURTLE-BRIDGE-300x181.jpg 300w, https:\/\/www.auditsi.eu\/wp-content\/uploads\/2020\/02\/GW-TURTLE-BRIDGE-1024x617.jpg 1024w, https:\/\/www.auditsi.eu\/wp-content\/uploads\/2020\/02\/GW-TURTLE-BRIDGE-768x463.jpg 768w, https:\/\/www.auditsi.eu\/wp-content\/uploads\/2020\/02\/GW-TURTLE-BRIDGE-730x440.jpg 730w\" sizes=\"auto, (max-width: 1072px) 100vw, 1072px\" \/><\/a><p id=\"caption-attachment-8704\" class=\"wp-caption-text\">Merci \u00e0 S\u00e9bastien (14) pour sa console Game &amp; Watch Turtle Bridge de Nintendo (1982)<\/p><\/div>\n<p style=\"text-align: center;\">&#8212;&#8211;2019&#8212;&#8211;<\/p>\n<div id=\"attachment_8729\" style=\"width: 620px\" class=\"wp-caption aligncenter\"><a href=\"https:\/\/www.auditsi.eu\/?attachment_id=8729\" rel=\"attachment wp-att-8729\"><img loading=\"lazy\" decoding=\"async\" aria-describedby=\"caption-attachment-8729\" class=\"size-full wp-image-8729\" src=\"https:\/\/www.auditsi.eu\/wp-content\/uploads\/2020\/02\/20200224_182014.jpg\" alt=\"Merci \u00e0 Alain (45) pour sa centaine de livres sur l'informatique des ann\u00e9es 60 \u00e0 2000\" width=\"610\" height=\"1084\" srcset=\"https:\/\/www.auditsi.eu\/wp-content\/uploads\/2020\/02\/20200224_182014.jpg 610w, https:\/\/www.auditsi.eu\/wp-content\/uploads\/2020\/02\/20200224_182014-169x300.jpg 169w, https:\/\/www.auditsi.eu\/wp-content\/uploads\/2020\/02\/20200224_182014-576x1024.jpg 576w\" sizes=\"auto, (max-width: 610px) 100vw, 610px\" \/><\/a><p id=\"caption-attachment-8729\" class=\"wp-caption-text\">Merci \u00e0 Alain (45) pour sa centaine de livres sur l&#8217;informatique des ann\u00e9es 60 \u00e0 2000<\/p><\/div>\n<div id=\"attachment_8333\" style=\"width: 1383px\" class=\"wp-caption aligncenter\"><a href=\"https:\/\/www.auditsi.eu\/?attachment_id=8333\" rel=\"attachment wp-att-8333\"><img loading=\"lazy\" decoding=\"async\" aria-describedby=\"caption-attachment-8333\" class=\"size-full wp-image-8333\" src=\"https:\/\/www.auditsi.eu\/wp-content\/uploads\/2019\/09\/TRS-80-MODEL-III-1980-de-Tandy-Radio-Shack.jpg\" alt=\"\" width=\"1373\" height=\"1145\" srcset=\"https:\/\/www.auditsi.eu\/wp-content\/uploads\/2019\/09\/TRS-80-MODEL-III-1980-de-Tandy-Radio-Shack.jpg 1373w, https:\/\/www.auditsi.eu\/wp-content\/uploads\/2019\/09\/TRS-80-MODEL-III-1980-de-Tandy-Radio-Shack-300x250.jpg 300w, https:\/\/www.auditsi.eu\/wp-content\/uploads\/2019\/09\/TRS-80-MODEL-III-1980-de-Tandy-Radio-Shack-768x640.jpg 768w, https:\/\/www.auditsi.eu\/wp-content\/uploads\/2019\/09\/TRS-80-MODEL-III-1980-de-Tandy-Radio-Shack-1024x854.jpg 1024w, https:\/\/www.auditsi.eu\/wp-content\/uploads\/2019\/09\/TRS-80-MODEL-III-1980-de-Tandy-Radio-Shack-730x609.jpg 730w\" sizes=\"auto, (max-width: 1373px) 100vw, 1373px\" \/><\/a><p id=\"caption-attachment-8333\" class=\"wp-caption-text\">Merci \u00e0 Dominioque (80) pour son TRS-80 MODEL III, ses disquettes et nombreux livres<\/p><\/div>\n<p style=\"text-align: center;\">&#8212;&#8211;2018&#8212;&#8211;<\/p>\n<div id=\"attachment_7752\" style=\"width: 2779px\" class=\"wp-caption aligncenter\"><a href=\"https:\/\/www.auditsi.eu\/?attachment_id=7752\" rel=\"attachment wp-att-7752\"><img loading=\"lazy\" decoding=\"async\" aria-describedby=\"caption-attachment-7752\" class=\"size-full wp-image-7752\" src=\"https:\/\/www.auditsi.eu\/wp-content\/uploads\/2018\/12\/Toshiba-T1100-et-T6400SX.jpg\" alt=\"Toshiba T1100 et T6400SX\" width=\"2769\" height=\"2533\" srcset=\"https:\/\/www.auditsi.eu\/wp-content\/uploads\/2018\/12\/Toshiba-T1100-et-T6400SX.jpg 2769w, https:\/\/www.auditsi.eu\/wp-content\/uploads\/2018\/12\/Toshiba-T1100-et-T6400SX-300x274.jpg 300w, https:\/\/www.auditsi.eu\/wp-content\/uploads\/2018\/12\/Toshiba-T1100-et-T6400SX-768x703.jpg 768w, https:\/\/www.auditsi.eu\/wp-content\/uploads\/2018\/12\/Toshiba-T1100-et-T6400SX-1024x937.jpg 1024w, https:\/\/www.auditsi.eu\/wp-content\/uploads\/2018\/12\/Toshiba-T1100-et-T6400SX-730x668.jpg 730w\" sizes=\"auto, (max-width: 2769px) 100vw, 2769px\" \/><\/a><p id=\"caption-attachment-7752\" class=\"wp-caption-text\">Merci \u00e0 William Biotteau, Directeur G\u00e9n\u00e9ral de Toshiba Client Solution France pour ses <a href=\"https:\/\/www.auditsi.eu\/?page_id=7748\">Toshiba T1100<\/a> et T6400SX<\/p><\/div>\n<p style=\"text-align: center;\">&#8212;&#8211;2016&#8212;&#8211;<\/p>\n<div id=\"attachment_6634\" style=\"width: 1488px\" class=\"wp-caption aligncenter\"><a href=\"https:\/\/www.auditsi.eu\/?attachment_id=6634\" rel=\"attachment wp-att-6634\"><img loading=\"lazy\" decoding=\"async\" aria-describedby=\"caption-attachment-6634\" class=\"size-full wp-image-6634\" src=\"https:\/\/www.auditsi.eu\/wp-content\/uploads\/2012\/09\/DSCN0631.jpg\" alt=\"Merci \u00e0 Fabrice (14) pour ses revues MICRO-SYSTEMES, ses revues d'\u00e9lectronique des ann\u00e9es 70 \u00e0 2000 (Radio Plans, Le Haut Parleur et Electronique Pratique), et son The Linear Control Circuits Data Book for Design Engineers (second edition, 1980)\" width=\"1478\" height=\"1109\" srcset=\"https:\/\/www.auditsi.eu\/wp-content\/uploads\/2012\/09\/DSCN0631.jpg 1478w, https:\/\/www.auditsi.eu\/wp-content\/uploads\/2012\/09\/DSCN0631-300x225.jpg 300w, https:\/\/www.auditsi.eu\/wp-content\/uploads\/2012\/09\/DSCN0631-768x576.jpg 768w, https:\/\/www.auditsi.eu\/wp-content\/uploads\/2012\/09\/DSCN0631-1024x768.jpg 1024w, https:\/\/www.auditsi.eu\/wp-content\/uploads\/2012\/09\/DSCN0631-730x548.jpg 730w\" sizes=\"auto, (max-width: 1478px) 100vw, 1478px\" \/><\/a><p id=\"caption-attachment-6634\" class=\"wp-caption-text\">Merci \u00e0 Fabrice (14) pour ses revues MICRO-SYSTEMES, ses revues d&#8217;\u00e9lectronique des ann\u00e9es 70 \u00e0 2000 (Radio Plans, Le Haut Parleur et Electronique Pratique), et son The Linear Control Circuits Data Book for Design Engineers (second edition, 1980)<\/p><\/div>\n<div id=\"attachment_6571\" style=\"width: 1034px\" class=\"wp-caption aligncenter\"><a href=\"http:\/\/www.auditsi.eu\/?attachment_id=6571\" rel=\"attachment wp-att-6571\"><img loading=\"lazy\" decoding=\"async\" aria-describedby=\"caption-attachment-6571\" class=\"size-full wp-image-6571\" src=\"https:\/\/www.auditsi.eu\/wp-content\/uploads\/2012\/09\/DSCN5473.jpg\" alt=\"Merci \u00e0 Denise (08) pour son Sharp MZ-700, documentation, SpaceGames et cassettes\" width=\"1024\" height=\"717\" srcset=\"https:\/\/www.auditsi.eu\/wp-content\/uploads\/2012\/09\/DSCN5473.jpg 1024w, https:\/\/www.auditsi.eu\/wp-content\/uploads\/2012\/09\/DSCN5473-300x210.jpg 300w, https:\/\/www.auditsi.eu\/wp-content\/uploads\/2012\/09\/DSCN5473-768x538.jpg 768w, https:\/\/www.auditsi.eu\/wp-content\/uploads\/2012\/09\/DSCN5473-730x511.jpg 730w\" sizes=\"auto, (max-width: 1024px) 100vw, 1024px\" \/><\/a><p id=\"caption-attachment-6571\" class=\"wp-caption-text\">Merci \u00e0 Denise (08) pour son Sharp MZ-700, documentation, SpaceGames et cassettes<\/p><\/div>\n<p style=\"text-align: center;\">&#8212;&#8211;2015&#8212;&#8211;<\/p>\n<div id=\"attachment_6327\" style=\"width: 706px\" class=\"wp-caption aligncenter\"><a href=\"https:\/\/www.auditsi.eu\/wp-content\/uploads\/2012\/09\/APPLE-IIe-DUODISK.jpg\"><img loading=\"lazy\" decoding=\"async\" aria-describedby=\"caption-attachment-6327\" class=\" wp-image-6327\" src=\"https:\/\/www.auditsi.eu\/wp-content\/uploads\/2012\/09\/APPLE-IIe-DUODISK.jpg\" alt=\"Merci \u00e0 Michel (22) pour son APPLE IIe, son DUODISK, ses manettes de jeu, livres et nombreuses disquettes en tout genre\" width=\"696\" height=\"552\" srcset=\"https:\/\/www.auditsi.eu\/wp-content\/uploads\/2012\/09\/APPLE-IIe-DUODISK.jpg 969w, https:\/\/www.auditsi.eu\/wp-content\/uploads\/2012\/09\/APPLE-IIe-DUODISK-300x238.jpg 300w, https:\/\/www.auditsi.eu\/wp-content\/uploads\/2012\/09\/APPLE-IIe-DUODISK-730x579.jpg 730w\" sizes=\"auto, (max-width: 696px) 100vw, 696px\" \/><\/a><p id=\"caption-attachment-6327\" class=\"wp-caption-text\">Merci \u00e0 Michel (22) pour son APPLE IIe, son DUODISK, ses manettes de jeu, livres et nombreuses disquettes en tout genre<\/p><\/div>\n<div id=\"attachment_6325\" style=\"width: 707px\" class=\"wp-caption aligncenter\"><a href=\"https:\/\/www.auditsi.eu\/wp-content\/uploads\/2012\/09\/TO7-70-QDD.jpg\"><img loading=\"lazy\" decoding=\"async\" aria-describedby=\"caption-attachment-6325\" class=\" wp-image-6325\" src=\"https:\/\/www.auditsi.eu\/wp-content\/uploads\/2012\/09\/TO7-70-QDD.jpg\" alt=\"Merci \u00e0 Michel (22) pour son TO7\/70, son lecteur de disquette QDD, ses livres et ses jeux (Empire...)\" width=\"697\" height=\"565\" srcset=\"https:\/\/www.auditsi.eu\/wp-content\/uploads\/2012\/09\/TO7-70-QDD.jpg 948w, https:\/\/www.auditsi.eu\/wp-content\/uploads\/2012\/09\/TO7-70-QDD-300x243.jpg 300w, https:\/\/www.auditsi.eu\/wp-content\/uploads\/2012\/09\/TO7-70-QDD-730x591.jpg 730w\" sizes=\"auto, (max-width: 697px) 100vw, 697px\" \/><\/a><p id=\"caption-attachment-6325\" class=\"wp-caption-text\">Merci \u00e0 Michel (22) pour son TO7\/70, son lecteur de disquette QDD, ses livres et ses jeux (Empire&#8230;)<\/p><\/div>\n<div id=\"attachment_6231\" style=\"width: 705px\" class=\"wp-caption aligncenter\"><a href=\"https:\/\/www.auditsi.eu\/wp-content\/uploads\/2012\/09\/Don-mag-09-2015.jpg\"><img loading=\"lazy\" decoding=\"async\" aria-describedby=\"caption-attachment-6231\" class=\" wp-image-6231\" src=\"https:\/\/www.auditsi.eu\/wp-content\/uploads\/2012\/09\/Don-mag-09-2015.jpg\" alt=\"Merci \u00e0 Micha\u00ebl (67) pour ses revues Micro-Syst\u00e8mes, L'Ordinateur Individuel, L'Ordinateur de Poche, AM!PRO, Votre Ordinateur...\" width=\"695\" height=\"389\" srcset=\"https:\/\/www.auditsi.eu\/wp-content\/uploads\/2012\/09\/Don-mag-09-2015.jpg 1024w, https:\/\/www.auditsi.eu\/wp-content\/uploads\/2012\/09\/Don-mag-09-2015-300x168.jpg 300w, https:\/\/www.auditsi.eu\/wp-content\/uploads\/2012\/09\/Don-mag-09-2015-730x408.jpg 730w\" sizes=\"auto, (max-width: 695px) 100vw, 695px\" \/><\/a><p id=\"caption-attachment-6231\" class=\"wp-caption-text\">Merci \u00e0 Micha\u00ebl (67) pour ses revues Micro-Syst\u00e8mes, L&#8217;Ordinateur Individuel, L&#8217;Ordinateur de Poche, AM!PRO, Votre Ordinateur&#8230;<\/p><\/div>\n<p style=\"text-align: center;\">&#8212;&#8211;Ann\u00e9es pr\u00e9c\u00e9dentes&#8212;&#8211;<\/p>\n<p style=\"text-align: center;\"><a title=\"Remerciements 2013\" href=\"http:\/\/www.auditsi.eu\/?page_id=6226\">Remerciements 2014<\/a> \/ <a title=\"Remerciements 2013\" href=\"http:\/\/www.auditsi.eu\/?page_id=4522\">Remerciements 2013<\/a> \/ <a title=\"Remerciements 2012\" href=\"http:\/\/www.auditsi.eu\/?page_id=3382\">Remerciements 2012<\/a><\/p>\n<p style=\"text-align: left;\">Approfondir le sujet :<br \/>\n<a title=\"L'informatique des ann\u00e9es 80\" href=\"http:\/\/www.auditsi.eu\/?page_id=2119\">L&#8217;informatique des ann\u00e9es 80<\/a> \/ <a title=\"Ma collection\" href=\"http:\/\/www.auditsi.eu\/?page_id=1983\">Ma collection<\/a> \/ <a title=\"Ma documentation\" href=\"http:\/\/www.auditsi.eu\/?page_id=3930\">Ma documentation<\/a><\/p>\n<p style=\"text-align: left;\">Ce que je recherche : <a title=\"Avis de recherche : mat\u00e9riels et documents informatiques des ann\u00e9es 70-80-90\" href=\"http:\/\/www.auditsi.eu\/?page_id=1743\">Avis de recherche<\/a><\/p>\n<div style=\"padding-bottom:20px; padding-top:10px;\" class=\"hupso-share-buttons\"><!-- Hupso Share Buttons - https:\/\/www.hupso.com\/share\/ --><a class=\"hupso_counters\" href=\"https:\/\/www.hupso.com\/share\/\"><img decoding=\"async\" src=\"https:\/\/static.hupso.com\/share\/buttons\/lang\/fr\/share-small.png\" style=\"border:0px; padding-top:2px; float:left;\" alt=\"Share Button\"\/><\/a><script type=\"text\/javascript\">var hupso_services_c=new Array(\"twitter\",\"facebook_like\",\"facebook_send\",\"email\",\"print\",\"linkedin\");var hupso_counters_lang = \"fr_FR\";var hupso_image_folder_url = \"\";var hupso_twitter_via=\"BenoitRiviere14\";var hupso_url_c=\"\";var hupso_title_c=\"Remerciements\";<\/script><script type=\"text\/javascript\" src=\"https:\/\/static.hupso.com\/share\/js\/counters.js\"><\/script><!-- Hupso Share Buttons --><\/div>","protected":false},"excerpt":{"rendered":"<p>Je suis r\u00e9guli\u00e8rement contact\u00e9 par des personnes d\u00e9sireuses de faire de la place dans leur cave ou grenier. Sur cette page, je remercie les g\u00e9n\u00e9reux donateurs qui me confient gracieusement machines et documentation et par la m\u00eame de la confiance qu\u2019ils me t\u00e9moignent, signe de reconnaissance de mon s\u00e9rieux et de ma connaissance de l\u2019informatique. &#8230;<\/p>\n<p><a href=\"https:\/\/www.auditsi.eu\/?page_id=2065\" class=\"more-link\">Continue reading &lsquo;Remerciements&rsquo; &raquo;<\/a><\/p>\n<div style=\"padding-bottom:20px; padding-top:10px;\" class=\"hupso-share-buttons\"><!-- Hupso Share Buttons - https:\/\/www.hupso.com\/share\/ --><a class=\"hupso_counters\" href=\"https:\/\/www.hupso.com\/share\/\"><img src=\"https:\/\/static.hupso.com\/share\/buttons\/lang\/fr\/share-small.png\" style=\"border:0px; padding-top:2px; float:left;\" alt=\"Share Button\"\/><\/a><script type=\"text\/javascript\">var hupso_services_c=new Array(\"twitter\",\"facebook_like\",\"facebook_send\",\"email\",\"print\",\"linkedin\");var hupso_counters_lang = \"fr_FR\";var hupso_image_folder_url = \"\";var hupso_twitter_via=\"BenoitRiviere14\";var hupso_url_c=\"\";var hupso_title_c=\"Remerciements\";<\/script><script type=\"text\/javascript\" src=\"https:\/\/static.hupso.com\/share\/js\/counters.js\"><\/script><!-- Hupso Share Buttons --><\/div>","protected":false},"author":1,"featured_media":0,"parent":0,"menu_order":0,"comment_status":"open","ping_status":"open","template":"","meta":{"advanced_seo_description":"","jetpack_seo_html_title":"","jetpack_seo_noindex":false,"ngg_post_thumbnail":0,"footnotes":"","_links_to":"","_links_to_target":""},"class_list":["post-2065","page","type-page","status-publish","hentry"],"jetpack_sharing_enabled":true,"jetpack_likes_enabled":false,"_links":{"self":[{"href":"https:\/\/www.auditsi.eu\/index.php?rest_route=\/wp\/v2\/pages\/2065","targetHints":{"allow":["GET"]}}],"collection":[{"href":"https:\/\/www.auditsi.eu\/index.php?rest_route=\/wp\/v2\/pages"}],"about":[{"href":"https:\/\/www.auditsi.eu\/index.php?rest_route=\/wp\/v2\/types\/page"}],"author":[{"embeddable":true,"href":"https:\/\/www.auditsi.eu\/index.php?rest_route=\/wp\/v2\/users\/1"}],"replies":[{"embeddable":true,"href":"https:\/\/www.auditsi.eu\/index.php?rest_route=%2Fwp%2Fv2%2Fcomments&post=2065"}],"version-history":[{"count":82,"href":"https:\/\/www.auditsi.eu\/index.php?rest_route=\/wp\/v2\/pages\/2065\/revisions"}],"predecessor-version":[{"id":8730,"href":"https:\/\/www.auditsi.eu\/index.php?rest_route=\/wp\/v2\/pages\/2065\/revisions\/8730"}],"wp:attachment":[{"href":"https:\/\/www.auditsi.eu\/index.php?rest_route=%2Fwp%2Fv2%2Fmedia&parent=2065"}],"curies":[{"name":"wp","href":"https:\/\/api.w.org\/{rel}","templated":true}]}}