{"id":1764,"date":"2012-06-05T02:06:01","date_gmt":"2012-06-05T00:06:01","guid":{"rendered":"http:\/\/www.auditsi.eu\/?page_id=1764"},"modified":"2014-04-12T12:55:58","modified_gmt":"2014-04-12T10:55:58","slug":"trouver-le-bon-cable-video-pour-sa-console-jopac-videopac","status":"publish","type":"page","link":"https:\/\/www.auditsi.eu\/?page_id=1764","title":{"rendered":"Trouver le bon c\u00e2ble vid\u00e9o pour sa console Jopac \/ Videopac"},"content":{"rendered":"<p style=\"text-align: justify;\">Les <a title=\"Consoles de jeu Jopac \/ Videopac\" href=\"http:\/\/www.auditsi.eu\/?page_id=2179\">consoles de jeu Jopac \/ Videopac<\/a> sont apparues sur le march\u00e9 avant la g\u00e9n\u00e9ralisation de la prise <a title=\"La prise P\u00e9ritel\" href=\"http:\/\/www.auditsi.eu\/?page_id=3901\">P\u00e9ritel<\/a> (la norme p\u00e9ritel, cr\u00e9\u00e9e en 1978, n\u2019a \u00e9t\u00e9 rendue obligatoire sur les t\u00e9l\u00e9viseurs couleur en France qu\u2019en 1980). De fait, ces consoles ainsi que les ordinateurs familiaux sortis \u00e0 la fin des ann\u00e9es 70 \/ d\u00e9but 80, se connectaient au t\u00e9l\u00e9viseur par le biais de la prise d\u2019antenne.<\/p>\n<p style=\"text-align: justify;\">La difficult\u00e9, c\u2019est qu\u2019avec les t\u00e9l\u00e9viseurs actuels (LCD), il est difficile d\u2019obtenir une image stable (voire une image tout court).<\/p>\n<p style=\"text-align: justify;\">Certaines consoles Videopac sont dot\u00e9es d\u2019un port vid\u00e9o DIN 8 broches. Ce dernier permet de relier la console \u00e0 la prise p\u00e9ritel du t\u00e9l\u00e9viseur. C\u2019est le cas notamment de la JO7400 de Brandt. Toutefois, ce c\u00e2ble DIN-PERITEL est difficile \u00e0 trouver. Ma qu\u00eate a toutefois \u00e9t\u00e9 facilit\u00e9e par la compatibilit\u00e9 de ce c\u00e2ble avec celui de l\u2019ordinateur Philips <a title=\"Le VG 5000 de PHILIPS\" href=\"http:\/\/www.auditsi.eu\/?page_id=4725\">VG 5000<\/a> (rappelons au passage que les consoles Videopac sont une \u00e9manation de Philips) et de certains <a title=\"MSX, un standard pour ordinateurs familiaux\" href=\"http:\/\/www.auditsi.eu\/?page_id=2291\">MSX<\/a> (dont le MSX VG 8020\/19 de Philips \u00e9galement). Voil\u00e0 comment j\u2019ai d\u00fb me porter acqu\u00e9reur d\u2019un MSX pour pouvoir jouer de nouveau \u00e0 Pac Man (euh pardon, \u00e0 Glouton et Voraces).<\/p>\n<p style=\"text-align: justify;\">Sp\u00e9cifications du c\u00e2ble DIN 8 &#8211; PERITEL :<\/p>\n<p style=\"text-align: justify;\">Si vous devez fabriquer ce c\u00e2ble par vous-m\u00eame, en voici le sch\u00e9ma :<\/p>\n<div id=\"attachment_1766\" style=\"width: 445px\" class=\"wp-caption aligncenter\"><a href=\"https:\/\/www.auditsi.eu\/wp-content\/uploads\/2012\/06\/DIN-8-P\u00e9ritel.jpg\"><img loading=\"lazy\" decoding=\"async\" aria-describedby=\"caption-attachment-1766\" class=\"size-full wp-image-1766\" title=\"DIN 8 - P\u00e9ritel\" alt=\"C\u00e2ble vid\u00e9o DIN 8 - P\u00e9ritel\" src=\"https:\/\/www.auditsi.eu\/wp-content\/uploads\/2012\/06\/DIN-8-P\u00e9ritel.jpg\" width=\"435\" height=\"410\" srcset=\"https:\/\/www.auditsi.eu\/wp-content\/uploads\/2012\/06\/DIN-8-P\u00e9ritel.jpg 435w, https:\/\/www.auditsi.eu\/wp-content\/uploads\/2012\/06\/DIN-8-P\u00e9ritel-300x282.jpg 300w, https:\/\/www.auditsi.eu\/wp-content\/uploads\/2012\/06\/DIN-8-P\u00e9ritel-1x1.jpg 1w\" sizes=\"auto, (max-width: 435px) 100vw, 435px\" \/><\/a><p id=\"caption-attachment-1766\" class=\"wp-caption-text\">C\u00e2ble vid\u00e9o DIN 8 &#8211; P\u00e9ritel<\/p><\/div>\n<p style=\"text-align: justify;\">Source du sch\u00e9ma :<\/p>\n<p style=\"text-align: justify;\"><a title=\"C\u00e2ble vid\u00e9o DIN 8 - PERITEL\" href=\"http:\/\/www.system-cfg.com\/detailcollection.php?ident=29\" target=\"_blank\">http:\/\/www.system-cfg.com\/detailcollection.php?ident=29<\/a><\/p>\n<div style=\"padding-bottom:20px; padding-top:10px;\" class=\"hupso-share-buttons\"><!-- Hupso Share Buttons - https:\/\/www.hupso.com\/share\/ --><a class=\"hupso_counters\" href=\"https:\/\/www.hupso.com\/share\/\"><img decoding=\"async\" src=\"https:\/\/static.hupso.com\/share\/buttons\/lang\/fr\/share-small.png\" style=\"border:0px; padding-top:2px; float:left;\" alt=\"Share Button\"\/><\/a><script type=\"text\/javascript\">var hupso_services_c=new Array(\"twitter\",\"facebook_like\",\"facebook_send\",\"email\",\"print\",\"linkedin\");var hupso_counters_lang = \"fr_FR\";var hupso_image_folder_url = \"\";var hupso_twitter_via=\"BenoitRiviere14\";var hupso_url_c=\"\";var hupso_title_c=\"Trouver%20le%20bon%20c%C3%A2ble%20vid%C3%A9o%20pour%20sa%20console%20Jopac%20%2F%20Videopac\";<\/script><script type=\"text\/javascript\" src=\"https:\/\/static.hupso.com\/share\/js\/counters.js\"><\/script><!-- Hupso Share Buttons --><\/div>","protected":false},"excerpt":{"rendered":"<p>Les consoles de jeu Jopac \/ Videopac sont apparues sur le march\u00e9 avant la g\u00e9n\u00e9ralisation de la prise P\u00e9ritel (la norme p\u00e9ritel, cr\u00e9\u00e9e en 1978, n\u2019a \u00e9t\u00e9 rendue obligatoire sur les t\u00e9l\u00e9viseurs couleur en France qu\u2019en 1980). De fait, ces consoles ainsi que les ordinateurs familiaux sortis \u00e0 la fin des ann\u00e9es 70 \/ d\u00e9but &#8230;<\/p>\n<p><a href=\"https:\/\/www.auditsi.eu\/?page_id=1764\" class=\"more-link\">Continue reading &lsquo;Trouver le bon c\u00e2ble vid\u00e9o pour sa console Jopac \/ Videopac&rsquo; &raquo;<\/a><\/p>\n<div style=\"padding-bottom:20px; padding-top:10px;\" class=\"hupso-share-buttons\"><!-- Hupso Share Buttons - https:\/\/www.hupso.com\/share\/ --><a class=\"hupso_counters\" href=\"https:\/\/www.hupso.com\/share\/\"><img src=\"https:\/\/static.hupso.com\/share\/buttons\/lang\/fr\/share-small.png\" style=\"border:0px; padding-top:2px; float:left;\" alt=\"Share Button\"\/><\/a><script type=\"text\/javascript\">var hupso_services_c=new Array(\"twitter\",\"facebook_like\",\"facebook_send\",\"email\",\"print\",\"linkedin\");var hupso_counters_lang = \"fr_FR\";var hupso_image_folder_url = \"\";var hupso_twitter_via=\"BenoitRiviere14\";var hupso_url_c=\"\";var hupso_title_c=\"Trouver%20le%20bon%20c%C3%A2ble%20vid%C3%A9o%20pour%20sa%20console%20Jopac%20%2F%20Videopac\";<\/script><script type=\"text\/javascript\" src=\"https:\/\/static.hupso.com\/share\/js\/counters.js\"><\/script><!-- Hupso Share Buttons --><\/div>","protected":false},"author":1,"featured_media":0,"parent":0,"menu_order":0,"comment_status":"open","ping_status":"open","template":"","meta":{"advanced_seo_description":"","jetpack_seo_html_title":"","jetpack_seo_noindex":false,"ngg_post_thumbnail":0,"footnotes":"","_links_to":"","_links_to_target":""},"class_list":["post-1764","page","type-page","status-publish","hentry"],"jetpack_sharing_enabled":true,"jetpack_likes_enabled":false,"_links":{"self":[{"href":"https:\/\/www.auditsi.eu\/index.php?rest_route=\/wp\/v2\/pages\/1764","targetHints":{"allow":["GET"]}}],"collection":[{"href":"https:\/\/www.auditsi.eu\/index.php?rest_route=\/wp\/v2\/pages"}],"about":[{"href":"https:\/\/www.auditsi.eu\/index.php?rest_route=\/wp\/v2\/types\/page"}],"author":[{"embeddable":true,"href":"https:\/\/www.auditsi.eu\/index.php?rest_route=\/wp\/v2\/users\/1"}],"replies":[{"embeddable":true,"href":"https:\/\/www.auditsi.eu\/index.php?rest_route=%2Fwp%2Fv2%2Fcomments&post=1764"}],"version-history":[{"count":12,"href":"https:\/\/www.auditsi.eu\/index.php?rest_route=\/wp\/v2\/pages\/1764\/revisions"}],"predecessor-version":[{"id":4737,"href":"https:\/\/www.auditsi.eu\/index.php?rest_route=\/wp\/v2\/pages\/1764\/revisions\/4737"}],"wp:attachment":[{"href":"https:\/\/www.auditsi.eu\/index.php?rest_route=%2Fwp%2Fv2%2Fmedia&parent=1764"}],"curies":[{"name":"wp","href":"https:\/\/api.w.org\/{rel}","templated":true}]}}