{"id":1521,"date":"2012-02-21T02:56:35","date_gmt":"2012-02-21T00:56:35","guid":{"rendered":"http:\/\/www.auditsi.eu\/?page_id=1521"},"modified":"2021-12-05T15:09:23","modified_gmt":"2021-12-05T14:09:23","slug":"passion-informatique","status":"publish","type":"page","link":"https:\/\/www.auditsi.eu\/?page_id=1521","title":{"rendered":"Passion informatique"},"content":{"rendered":"<p class=\"mceTemp mceIEcenter\" style=\"text-align: justify;\">Mon enfance a co\u00efncid\u00e9 avec la naissance et l\u2019<a title=\"La micro-informatique familiale des ann\u00e9es 80\" href=\"http:\/\/www.auditsi.eu\/?page_id=2119\">essor de la micro-informatique personnelle<\/a> (ann\u00e9es 80 et 90) ; j\u2019ai ainsi d\u00e9couvert l\u2019informatique avec le <a href=\"https:\/\/www.auditsi.eu\/?page_id=2993\">MO5<\/a> de THOMSON (soutenu par le <a href=\"https:\/\/www.auditsi.eu\/?page_id=2333\">plan IPT<\/a>, Informatique Pour Tous) et le <a href=\"https:\/\/www.auditsi.eu\/?page_id=2981\">CPC 464<\/a> d\u2019AMSTRAD, sans compter l\u2019<a href=\"https:\/\/www.auditsi.eu\/?page_id=2970\">ORIC ATMOS<\/a> et autres machines des ann\u00e9es 80\/90.<\/p>\n<div id=\"attachment_5224\" style=\"width: 492px\" class=\"wp-caption aligncenter\"><a href=\"https:\/\/www.auditsi.eu\/wp-content\/uploads\/2012\/02\/Myst\u00e8res-informatique.jpg\"><img loading=\"lazy\" decoding=\"async\" aria-describedby=\"caption-attachment-5224\" class=\" wp-image-5224\" src=\"https:\/\/www.auditsi.eu\/wp-content\/uploads\/2012\/02\/Myst\u00e8res-informatique.jpg\" alt=\"Devant mon Amstrad CPC 464 \u00e0 r\u00e9soudre des probl\u00e8mes de programmation en famille !\" width=\"482\" height=\"416\"><\/a><p id=\"caption-attachment-5224\" class=\"wp-caption-text\">Devant mon Amstrad CPC 464 \u00e0 r\u00e9soudre des probl\u00e8mes de programmation en famille !<\/p><\/div>\n<p class=\"mceTemp mceIEcenter\" style=\"text-align: justify;\">Passionn\u00e9 par l\u2019informatique, j\u2019ai toujours \u00e9t\u00e9 fascin\u00e9 par la puissance de calcul des ordinateurs (avec le recul,&nbsp;en comparaison avec les ordinateurs actuels, ces machines tenaient plus de la grosse calculatrice programmable) et par l\u2019automatisation des t\u00e2ches. Je me suis rapidement mis \u00e0 l\u2019apprentissage du fonctionnement de ces machines et \u00e0 la programmation, cherchant \u00e0 automatiser les t\u00e2ches de la vie courante puis professionnelle. A l\u2019\u00e9poque, la <a title=\"La presse sp\u00e9cialis\u00e9e des ann\u00e9es 80\" href=\"http:\/\/www.auditsi.eu\/?page_id=2222\">presse sp\u00e9cialis\u00e9e<\/a> en programmation informatique \u00e9tait pl\u00e9thore : Hebdogiciel, Micro Syst\u00e8mes, Soft &amp; Micro, Science &amp; Vie Micro (les fameux cahiers de programmes SVM !), AM MAG\u2026 J&#8217;ai beaucoup appris en recopiant les listings de ces publications ou en convertissant les programmes d&#8217;un langage vers un autre. Le lecteur int\u00e9ress\u00e9 se ravira de ces antiques lectures sur le site <a href=\"http:\/\/www.abandonware-magazines.org\/\">http:\/\/www.abandonware-magazines.org\/<\/a>.<\/p>\n<div id=\"attachment_1522\" style=\"width: 220px\" class=\"wp-caption aligncenter\"><a href=\"https:\/\/www.auditsi.eu\/wp-content\/uploads\/2012\/02\/Nouvelle-image.jpg\"><img loading=\"lazy\" decoding=\"async\" aria-describedby=\"caption-attachment-1522\" class=\"size-medium wp-image-1522\" title=\"Couverture Hebdogiciel n\u00b01, octobre 1983\" src=\"https:\/\/www.auditsi.eu\/wp-content\/uploads\/2012\/02\/Nouvelle-image-210x300.jpg\" alt=\"Couverture Hebdogiciel n\u00b01, octobre 1983\" width=\"210\" height=\"300\" srcset=\"https:\/\/www.auditsi.eu\/wp-content\/uploads\/2012\/02\/Nouvelle-image-210x300.jpg 210w, https:\/\/www.auditsi.eu\/wp-content\/uploads\/2012\/02\/Nouvelle-image-1x1.jpg 1w, https:\/\/www.auditsi.eu\/wp-content\/uploads\/2012\/02\/Nouvelle-image.jpg 684w\" sizes=\"auto, (max-width: 210px) 100vw, 210px\" \/><\/a><p id=\"caption-attachment-1522\" class=\"wp-caption-text\">Couverture Hebdogiciel n\u00b01, octobre 1983<\/p><\/div>\n<p style=\"text-align: justify;\">J\u2019ai ensuite commenc\u00e9 \u00e0 partager ma passion pour la programmation, la mod\u00e9lisation et de plus g\u00e9n\u00e9ralement l\u2019utilisation de l\u2019informatique dans un fanzine, <a title=\"Ord'image\" href=\"http:\/\/www.auditsi.eu\/?page_id=1504\">Ord\u2019image<\/a> puis plus tard par le biais de mon <a title=\"M\u00e9moire\" href=\"http:\/\/www.auditsi.eu\/?page_id=459\">m\u00e9moire d\u2019expertise-comptable<\/a> et maintenant au travers du pr\u00e9sent blog.<\/p>\n<p style=\"text-align: justify;\">Pour compl\u00e9ter ma <a title=\"Ma collection\" href=\"http:\/\/www.auditsi.eu\/?page_id=1983\">collection<\/a>, je recherche diff\u00e9rents objets et documents d\u2019\u00e9poque : <a title=\"Avis de recherche\" href=\"http:\/\/www.auditsi.eu\/?page_id=1743\">Avis de recherche<\/a>. Le forum des collectionneurs et utilisateurs d&#8217;ordinateurs anciens (<a title=\"Le forum des collectionneurs et utilisateurs d'ordinateurs anciens\" href=\"http:\/\/forum.system-cfg.com\/index.php\" target=\"_blank\" rel=\"noopener noreferrer\">http:\/\/forum.system-cfg.com\/index.php<\/a>)&nbsp; propose \u00e9changes et entraides entre passionn\u00e9s dans la convivialit\u00e9 ; la micro-informatique des ann\u00e9es 80 est encore vivante !<\/p>\n<p style=\"text-align: justify;\">Quelques&nbsp;projets informatiques que j&#8217;ai mis en \u0153uvre durant le si\u00e8cle pr\u00e9c\u00e9dent :<\/p>\n<ul>\n<li>\n<div style=\"text-align: justify;\">ORDICO : lexique multilingue (anglais, allemand), recherche avec liens hypertexte ; programm\u00e9 sous&nbsp;Basic AMSDOS (Amstrad CPC 464) puis adapt\u00e9 sous&nbsp;Borland TurboPascal 6.0 (PC sous MS\/DOS, base de donn\u00e9es sous DBASE III+), 1989 \u00e0 1997,<\/div>\n<\/li>\n<li>\n<div style=\"text-align: justify;\">Analyse financi\u00e8re automatis\u00e9e sous EXCEL 4.0 (avec macro-commande), projet soutenu devant le jury de BTS Comptabilit\u00e9-Gestion (rapport de stage, cf extrait t\u00e9l\u00e9chargeable ci-apr\u00e8s), 1994,<\/div>\n<\/li>\n<li>\n<div style=\"text-align: justify;\">Optimisation de la production et des goulets d\u2019\u00e9tranglement, calcul des \u00e9tats financiers (sous EXCEL) pour le Tournoi de gestion de Normandie 1995 organis\u00e9 par l&#8217;Ordre des experts-comptables. Notre \u00e9quipe repr\u00e9sentait le Lyc\u00e9e Jean Rostand de Caen et a termin\u00e9 deuxi\u00e8me en performance financi\u00e8re.<\/div>\n<\/li>\n<\/ul>\n<div id=\"attachment_9831\" style=\"width: 3459px\" class=\"wp-caption aligncenter\"><img loading=\"lazy\" decoding=\"async\" aria-describedby=\"caption-attachment-9831\" class=\"wp-image-9831 size-full\" src=\"https:\/\/www.auditsi.eu\/wp-content\/uploads\/2021\/12\/Tournoi-de-gestion-1995-calculs.png\" alt=\"Calcul de sc\u00e9narios lors du tournoi de gestion (1995)\" width=\"3449\" height=\"2153\" srcset=\"https:\/\/www.auditsi.eu\/wp-content\/uploads\/2021\/12\/Tournoi-de-gestion-1995-calculs.png 3449w, https:\/\/www.auditsi.eu\/wp-content\/uploads\/2021\/12\/Tournoi-de-gestion-1995-calculs-300x187.png 300w, https:\/\/www.auditsi.eu\/wp-content\/uploads\/2021\/12\/Tournoi-de-gestion-1995-calculs-1024x639.png 1024w, https:\/\/www.auditsi.eu\/wp-content\/uploads\/2021\/12\/Tournoi-de-gestion-1995-calculs-768x479.png 768w, https:\/\/www.auditsi.eu\/wp-content\/uploads\/2021\/12\/Tournoi-de-gestion-1995-calculs-1536x959.png 1536w, https:\/\/www.auditsi.eu\/wp-content\/uploads\/2021\/12\/Tournoi-de-gestion-1995-calculs-2048x1278.png 2048w, https:\/\/www.auditsi.eu\/wp-content\/uploads\/2021\/12\/Tournoi-de-gestion-1995-calculs-730x456.png 730w\" sizes=\"auto, (max-width: 3449px) 100vw, 3449px\" \/><p id=\"caption-attachment-9831\" class=\"wp-caption-text\">Calcul de sc\u00e9narios lors du tournoi de gestion (1995)<\/p><\/div>\n<p>Pour voir des projets plus r\u00e9cents : <a title=\"R\u00e9alisations personnelles\" href=\"http:\/\/www.auditsi.eu\/?page_id=1355\">R\u00e9alisations personnelles<\/a>.<\/p>\n<p>Quelques copies d&#8217;\u00e9cran de mes r\u00e9alisations :<\/p>\n<div id=\"attachment_2707\" style=\"width: 458px\" class=\"wp-caption aligncenter\"><a href=\"https:\/\/www.auditsi.eu\/wp-content\/uploads\/2012\/02\/DSCN7831.jpg\"><img loading=\"lazy\" decoding=\"async\" aria-describedby=\"caption-attachment-2707\" class=\"size-full wp-image-2707\" title=\"Ecran de pr\u00e9sentation de ORDICO (version PC)\" src=\"https:\/\/www.auditsi.eu\/wp-content\/uploads\/2012\/02\/DSCN7831.jpg\" alt=\"Ecran de pr\u00e9sentation de ORDICO (version PC)\" width=\"448\" height=\"335\" srcset=\"https:\/\/www.auditsi.eu\/wp-content\/uploads\/2012\/02\/DSCN7831.jpg 448w, https:\/\/www.auditsi.eu\/wp-content\/uploads\/2012\/02\/DSCN7831-300x224.jpg 300w\" sizes=\"auto, (max-width: 448px) 100vw, 448px\" \/><\/a><p id=\"caption-attachment-2707\" class=\"wp-caption-text\">Ecran de pr\u00e9sentation de ORDICO (version PC)<\/p><\/div>\n<div id=\"attachment_2709\" style=\"width: 450px\" class=\"wp-caption aligncenter\"><a href=\"https:\/\/www.auditsi.eu\/wp-content\/uploads\/2012\/02\/DSCN7834.jpg\"><img loading=\"lazy\" decoding=\"async\" aria-describedby=\"caption-attachment-2709\" class=\"size-full wp-image-2709\" title=\"R\u00e9sultat d'une recherche Fran\u00e7ais-Anglais sur ORDICO\" src=\"https:\/\/www.auditsi.eu\/wp-content\/uploads\/2012\/02\/DSCN7834.jpg\" alt=\"R\u00e9sultat d'une recherche Fran\u00e7ais-Anglais sur ORDICO\" width=\"440\" height=\"336\" srcset=\"https:\/\/www.auditsi.eu\/wp-content\/uploads\/2012\/02\/DSCN7834.jpg 440w, https:\/\/www.auditsi.eu\/wp-content\/uploads\/2012\/02\/DSCN7834-300x229.jpg 300w\" sizes=\"auto, (max-width: 440px) 100vw, 440px\" \/><\/a><p id=\"caption-attachment-2709\" class=\"wp-caption-text\">R\u00e9sultat d&#8217;une recherche Fran\u00e7ais-Anglais sur ORDICO<\/p><\/div>\n<div id=\"attachment_2704\" style=\"width: 392px\" class=\"wp-caption aligncenter\"><a href=\"https:\/\/www.auditsi.eu\/wp-content\/uploads\/2012\/02\/DSCN7745.jpg\"><img loading=\"lazy\" decoding=\"async\" aria-describedby=\"caption-attachment-2704\" class=\"size-full wp-image-2704\" title=\"Page de pr\u00e9sentation de Math+ sur Amstrad CPC\" src=\"https:\/\/www.auditsi.eu\/wp-content\/uploads\/2012\/02\/DSCN7745.jpg\" alt=\"Page de pr\u00e9sentation de Math+ sur Amstrad CPC\" width=\"382\" height=\"336\" srcset=\"https:\/\/www.auditsi.eu\/wp-content\/uploads\/2012\/02\/DSCN7745.jpg 382w, https:\/\/www.auditsi.eu\/wp-content\/uploads\/2012\/02\/DSCN7745-300x263.jpg 300w\" sizes=\"auto, (max-width: 382px) 100vw, 382px\" \/><\/a><p id=\"caption-attachment-2704\" class=\"wp-caption-text\">Page de pr\u00e9sentation de Math+ sur Amstrad CPC<\/p><\/div>\n<div id=\"attachment_2705\" style=\"width: 390px\" class=\"wp-caption aligncenter\"><a href=\"https:\/\/www.auditsi.eu\/wp-content\/uploads\/2012\/02\/DSCN7787.jpg\"><img loading=\"lazy\" decoding=\"async\" aria-describedby=\"caption-attachment-2705\" class=\"size-full wp-image-2705\" title=\"R\u00e9solution d'un syst\u00e8me d'\u00e9quations par la m\u00e9thode de Cramer avec Math+\" src=\"https:\/\/www.auditsi.eu\/wp-content\/uploads\/2012\/02\/DSCN7787.jpg\" alt=\"R\u00e9solution d'un syst\u00e8me d'\u00e9quations par la m\u00e9thode de Cramer avec Math+\" width=\"380\" height=\"336\" srcset=\"https:\/\/www.auditsi.eu\/wp-content\/uploads\/2012\/02\/DSCN7787.jpg 380w, https:\/\/www.auditsi.eu\/wp-content\/uploads\/2012\/02\/DSCN7787-300x265.jpg 300w\" sizes=\"auto, (max-width: 380px) 100vw, 380px\" \/><\/a><p id=\"caption-attachment-2705\" class=\"wp-caption-text\">R\u00e9solution d&#8217;un syst\u00e8me d&#8217;\u00e9quations par la m\u00e9thode de Cramer avec Math+<\/p><\/div>\n<p>ORDICO (extrait du catalogue DP TOOL CLUB, juin 1995) :<\/p>\n<p><a href=\"https:\/\/www.auditsi.eu\/?attachment_id=8373\" rel=\"attachment wp-att-8373\"><img loading=\"lazy\" decoding=\"async\" class=\"aligncenter size-full wp-image-8373\" src=\"https:\/\/www.auditsi.eu\/wp-content\/uploads\/2019\/10\/ORDICO-DPTOOL.png\" alt=\"ORDICO DPTOOL 06-1995\" width=\"745\" height=\"433\" srcset=\"https:\/\/www.auditsi.eu\/wp-content\/uploads\/2019\/10\/ORDICO-DPTOOL.png 745w, https:\/\/www.auditsi.eu\/wp-content\/uploads\/2019\/10\/ORDICO-DPTOOL-300x174.png 300w, https:\/\/www.auditsi.eu\/wp-content\/uploads\/2019\/10\/ORDICO-DPTOOL-730x424.png 730w\" sizes=\"auto, (max-width: 745px) 100vw, 745px\" \/><\/a><\/p>\n<div id=\"sconnect-is-installed\" style=\"display: none;\">2.13.0.0<\/div>\n<div style=\"padding-bottom:20px; padding-top:10px;\" class=\"hupso-share-buttons\"><!-- Hupso Share Buttons - https:\/\/www.hupso.com\/share\/ --><a class=\"hupso_counters\" href=\"https:\/\/www.hupso.com\/share\/\"><img decoding=\"async\" src=\"https:\/\/static.hupso.com\/share\/buttons\/lang\/fr\/share-small.png\" style=\"border:0px; padding-top:2px; float:left;\" alt=\"Share Button\"\/><\/a><script type=\"text\/javascript\">var hupso_services_c=new Array(\"twitter\",\"facebook_like\",\"facebook_send\",\"email\",\"print\",\"linkedin\");var hupso_counters_lang = \"fr_FR\";var hupso_image_folder_url = \"\";var hupso_twitter_via=\"BenoitRiviere14\";var hupso_url_c=\"\";var hupso_title_c=\"Passion%20informatique\";<\/script><script type=\"text\/javascript\" src=\"https:\/\/static.hupso.com\/share\/js\/counters.js\"><\/script><!-- Hupso Share Buttons --><\/div>","protected":false},"excerpt":{"rendered":"<p>Mon enfance a co\u00efncid\u00e9 avec la naissance et l\u2019essor de la micro-informatique personnelle (ann\u00e9es 80 et 90) ; j\u2019ai ainsi d\u00e9couvert l\u2019informatique avec le MO5 de THOMSON (soutenu par le plan IPT, Informatique Pour Tous) et le CPC 464 d\u2019AMSTRAD, sans compter l\u2019ORIC ATMOS et autres machines des ann\u00e9es 80\/90. Passionn\u00e9 par l\u2019informatique, j\u2019ai toujours &#8230;<\/p>\n<p><a href=\"https:\/\/www.auditsi.eu\/?page_id=1521\" class=\"more-link\">Continue reading &lsquo;Passion informatique&rsquo; &raquo;<\/a><\/p>\n<div style=\"padding-bottom:20px; padding-top:10px;\" class=\"hupso-share-buttons\"><!-- Hupso Share Buttons - https:\/\/www.hupso.com\/share\/ --><a class=\"hupso_counters\" href=\"https:\/\/www.hupso.com\/share\/\"><img src=\"https:\/\/static.hupso.com\/share\/buttons\/lang\/fr\/share-small.png\" style=\"border:0px; padding-top:2px; float:left;\" alt=\"Share Button\"\/><\/a><script type=\"text\/javascript\">var hupso_services_c=new Array(\"twitter\",\"facebook_like\",\"facebook_send\",\"email\",\"print\",\"linkedin\");var hupso_counters_lang = \"fr_FR\";var hupso_image_folder_url = \"\";var hupso_twitter_via=\"BenoitRiviere14\";var hupso_url_c=\"\";var hupso_title_c=\"Passion%20informatique\";<\/script><script type=\"text\/javascript\" src=\"https:\/\/static.hupso.com\/share\/js\/counters.js\"><\/script><!-- Hupso Share Buttons --><\/div>","protected":false},"author":1,"featured_media":0,"parent":1355,"menu_order":0,"comment_status":"open","ping_status":"open","template":"","meta":{"advanced_seo_description":"","jetpack_seo_html_title":"","jetpack_seo_noindex":false,"ngg_post_thumbnail":0,"footnotes":"","_links_to":"","_links_to_target":""},"class_list":["post-1521","page","type-page","status-publish","hentry"],"jetpack_sharing_enabled":true,"jetpack_likes_enabled":false,"_links":{"self":[{"href":"https:\/\/www.auditsi.eu\/index.php?rest_route=\/wp\/v2\/pages\/1521","targetHints":{"allow":["GET"]}}],"collection":[{"href":"https:\/\/www.auditsi.eu\/index.php?rest_route=\/wp\/v2\/pages"}],"about":[{"href":"https:\/\/www.auditsi.eu\/index.php?rest_route=\/wp\/v2\/types\/page"}],"author":[{"embeddable":true,"href":"https:\/\/www.auditsi.eu\/index.php?rest_route=\/wp\/v2\/users\/1"}],"replies":[{"embeddable":true,"href":"https:\/\/www.auditsi.eu\/index.php?rest_route=%2Fwp%2Fv2%2Fcomments&post=1521"}],"version-history":[{"count":20,"href":"https:\/\/www.auditsi.eu\/index.php?rest_route=\/wp\/v2\/pages\/1521\/revisions"}],"predecessor-version":[{"id":9832,"href":"https:\/\/www.auditsi.eu\/index.php?rest_route=\/wp\/v2\/pages\/1521\/revisions\/9832"}],"up":[{"embeddable":true,"href":"https:\/\/www.auditsi.eu\/index.php?rest_route=\/wp\/v2\/pages\/1355"}],"wp:attachment":[{"href":"https:\/\/www.auditsi.eu\/index.php?rest_route=%2Fwp%2Fv2%2Fmedia&parent=1521"}],"curies":[{"name":"wp","href":"https:\/\/api.w.org\/{rel}","templated":true}]}}