{"id":1504,"date":"2012-02-20T00:08:22","date_gmt":"2012-02-19T22:08:22","guid":{"rendered":"http:\/\/www.auditsi.eu\/?page_id=1504"},"modified":"2013-05-04T20:37:13","modified_gmt":"2013-05-04T18:37:13","slug":"fanzine-ordimage","status":"publish","type":"page","link":"https:\/\/www.auditsi.eu\/?page_id=1504","title":{"rendered":"Fanzine Ord&#8217;image"},"content":{"rendered":"<p style=\"text-align: justify;\">Entre 1992 et 1995, j\u2019ai anim\u00e9 Ord\u2019image, le fanzine des passionn\u00e9s de l\u2019<a title=\"AMSTRAD CPC\" href=\"http:\/\/www.auditsi.eu\/?page_id=2981\">AMSTRAD CPC<\/a> et du PC, avec ma s\u0153ur et un ami.<\/p>\n<p style=\"text-align: justify;\">Au d\u00e9part sp\u00e9cialis\u00e9 sur l\u2019AMSTRAD CPC, le r\u00e9dactionnel d\u2019ORDIMAGE s\u2019est ouvert progressivement sur le PC. Le principal sujet abord\u00e9 \u00e9tait la programmation. Des articles sur les jeux vid\u00e9o et autres reportages apportaient un peu de l\u00e9g\u00e8ret\u00e9 \u00e0 la publication&#8230;<\/p>\n<p style=\"text-align: justify;\">Je m\u2019occupais des articles sur la programmation\u2026 D\u00e9j\u00e0 \u00e0 l\u2019\u00e9poque, je d\u00e9veloppais des programmes et des feuilles Excel que je diffusais \u00e0 mon entourage (internet n\u2019existait pas encore). Depuis, cette <a title=\"Passion informatique\" href=\"http:\/\/www.auditsi.eu\/?page_id=1521\">passion pour l&#8217;informatique<\/a> ne m&#8217;a pas quitt\u00e9 !<\/p>\n<p style=\"text-align: justify;\">Le fanzine est t\u00e9l\u00e9chargeable en bas de page.<\/p>\n<div id=\"attachment_2215\" style=\"width: 421px\" class=\"wp-caption aligncenter\"><a href=\"https:\/\/www.auditsi.eu\/wp-content\/uploads\/2012\/02\/ORDIMAGE-Couv-4.jpg\"><img loading=\"lazy\" decoding=\"async\" aria-describedby=\"caption-attachment-2215\" class=\"size-full wp-image-2215\" title=\"ORDIMAGE - Couverture du n\u00b0 4 (mars 1993)\" alt=\"ORDIMAGE - Couverture du n\u00b0 4 (mars 1993)\" src=\"https:\/\/www.auditsi.eu\/wp-content\/uploads\/2012\/02\/ORDIMAGE-Couv-4.jpg\" width=\"411\" height=\"640\" srcset=\"https:\/\/www.auditsi.eu\/wp-content\/uploads\/2012\/02\/ORDIMAGE-Couv-4.jpg 411w, https:\/\/www.auditsi.eu\/wp-content\/uploads\/2012\/02\/ORDIMAGE-Couv-4-192x300.jpg 192w\" sizes=\"auto, (max-width: 411px) 100vw, 411px\" \/><\/a><p id=\"caption-attachment-2215\" class=\"wp-caption-text\">ORDIMAGE &#8211; Couverture du n\u00b0 4 (mars 1993)<\/p><\/div>\n<p style=\"text-align: justify;\"><span style=\"text-decoration: underline;\">Sommaires du fanzine :<\/span><\/p>\n<p style=\"text-align: justify;\"><strong>ORDIMAGE n\u00b01<\/strong> (mars 1992), 1 page<\/p>\n<ul>\n<li>\n<div style=\"text-align: justify;\">Initiation : Programme \u00e0 r\u00e9soudre<\/div>\n<\/li>\n<\/ul>\n<p style=\"text-align: justify;\"><strong>ORDIMAGE n\u00b02<\/strong> (ao\u00fbt 1992), 4 pages<\/p>\n<ul>\n<li>\n<div style=\"text-align: justify;\">Dossier sp\u00e9cial : Adresses des CPC (langages Basic &amp; Assembleur)<\/div>\n<\/li>\n<li>\n<div style=\"text-align: justify;\">Gestion des couleurs (Basic Amstrad)<\/div>\n<\/li>\n<li>\n<div style=\"text-align: justify;\">Initiation au Basic<\/div>\n<\/li>\n<\/ul>\n<p style=\"text-align: justify;\"><strong>ORDIMAGE n\u00b03<\/strong> (septembre 1992), 8 pages<\/p>\n<ul>\n<li>\n<div style=\"text-align: justify;\">Epoke epeek<\/div>\n<\/li>\n<li>\n<div style=\"text-align: justify;\">Dossier sp\u00e9cial : Adresses des CPC (langages Basic &amp; Assembleur), suite<\/div>\n<\/li>\n<li>\n<div style=\"text-align: justify;\">Exposition universelle de S\u00e9ville (reportage)<\/div>\n<\/li>\n<li>\n<div style=\"text-align: justify;\">Lexique<\/div>\n<\/li>\n<li>\n<div style=\"text-align: justify;\">Cr\u00e9ation de nouvelles instructions sous forme de RSX : sauvegarde de l\u2019\u00e9cran sur disque<\/div>\n<\/li>\n<li>\n<div style=\"text-align: justify;\">Vies infinies pour les jeux ROAD RUNNER et CYBERNOID II<\/div>\n<\/li>\n<li>\n<div style=\"text-align: justify;\">Banc d\u2019essai : jeu Dan Dare<\/div>\n<\/li>\n<li>\n<div style=\"text-align: justify;\">Comment \u00e7a marche ? : l\u2019\u00e9diteur de secteur logique DISCOLOGIC<\/div>\n<\/li>\n<\/ul>\n<p style=\"text-align: justify;\"><strong>ORDIMAGE n\u00b04<\/strong> (mars 1993), 16 pages<\/p>\n<ul>\n<li>\n<div style=\"text-align: justify;\">Dossier sp\u00e9cial : Adresses des CPC (langages Basic &amp; Assembleur), suite<\/div>\n<\/li>\n<li>\n<div style=\"text-align: justify;\">Exposition universelle de S\u00e9ville (reportage), suite<\/div>\n<\/li>\n<li>\n<div style=\"text-align: justify;\">Solution du jeu d\u2019aventure Le Passager du Temps (ERE)<\/div>\n<\/li>\n<li>\n<div style=\"text-align: justify;\">Programme de conjugaison (en Basic)<\/div>\n<\/li>\n<li>\n<div style=\"text-align: justify;\">Banc d\u2019essai : simulation \u00e9conomique A-TRAIN<\/div>\n<\/li>\n<li>\n<div style=\"text-align: justify;\">Jeu Mastermind programm\u00e9 en TurboPascal (PC)<\/div>\n<\/li>\n<li>\n<div style=\"text-align: justify;\">Aide pour le jeu Chase HQ<\/div>\n<\/li>\n<\/ul>\n<p style=\"text-align: justify;\"><strong>ORDIMAGE n\u00b05<\/strong> (juin 1993), 18 pages<\/p>\n<ul>\n<li>\n<div style=\"text-align: justify;\">Dossier sp\u00e9cial : Adresses des CPC (langages Basic &amp; Assembleur), suite<\/div>\n<\/li>\n<li>\n<div style=\"text-align: justify;\">Programmation en assembleur Z80 : simulation d\u2019un CPC 6512\u2026<\/div>\n<\/li>\n<li>\n<div style=\"text-align: justify;\">Banc d\u2019essai : flipper TRISTAN (PC)<\/div>\n<\/li>\n<li>\n<div style=\"text-align: justify;\">Banc d\u2019essai : Family Tree-ETC (logiciel de g\u00e9n\u00e9alogie sur PC)<\/div>\n<\/li>\n<li>\n<div style=\"text-align: justify;\">Banc d\u2019essai : jeu OFF SHORE WARRIOR (Amstrad)<\/div>\n<\/li>\n<li>\n<div style=\"text-align: justify;\">Programmation (Basic Amstrad et QBasic PC) : r\u00e9solution de syst\u00e8mes d\u2019\u00e9quations \u00e0 deux inconnues selon la m\u00e9thode de Kramer<\/div>\n<\/li>\n<li>\n<div style=\"text-align: justify;\">Banc d\u2019essai : logiciel de dessin OCP (Amstrad)<\/div>\n<\/li>\n<li>\n<div style=\"text-align: justify;\">Solution du jeu d\u2019aventure Le Passager du Temps (ERE), suite<\/div>\n<\/li>\n<li>\n<div style=\"text-align: justify;\">Jeu Mastermind programm\u00e9 en TurboPascal (PC), suite<\/div>\n<\/li>\n<li>\n<div style=\"text-align: justify;\">Aide pour le jeu SUPER CARS<\/div>\n<\/li>\n<\/ul>\n<p style=\"text-align: justify;\"><strong>ORDIMAGE n\u00b06<\/strong> (ao\u00fbt 1993), 24 pages<\/p>\n<ul>\n<li>\n<div style=\"text-align: justify;\">Initiation pratique \u00e0 EXCEL 4.0<\/div>\n<\/li>\n<li>\n<div style=\"text-align: justify;\">Dossier sp\u00e9cial : Adresses des CPC (langages Basic &amp; Assembleur), suite<\/div>\n<\/li>\n<li>\n<div style=\"text-align: justify;\">Programmation en assembleur Z80 : simuler un reset sur CPC<\/div>\n<\/li>\n<li>\n<div style=\"text-align: justify;\">Banc d\u2019essai : Chuck Yeager\u2019s Air Combat (simulateur de combat a\u00e9rien sur CPC)<\/div>\n<\/li>\n<li>\n<div style=\"text-align: justify;\">Programmation en TurboPascal 6.0 (PC) : entr\u00e9e au clavier pour fichier batch DOS<\/div>\n<\/li>\n<li>\n<div style=\"text-align: justify;\">Dossier : les math\u00e9matiques et l\u2019informatique :<\/div>\n<ul>\n<li>\n<div style=\"text-align: justify;\">fonctions trigonom\u00e9triques (Basic),<\/div>\n<\/li>\n<li>\n<div style=\"text-align: justify;\">routines arithm\u00e9tiques (assembleur CPC),<\/div>\n<\/li>\n<li>\n<div style=\"text-align: justify;\">r\u00e9solution d\u2019\u00e9quations du second degr\u00e9 y=ax\u00b2+bx+c (Basic sous Casio fx-8800GC),<\/div>\n<\/li>\n<li>\n<div style=\"text-align: justify;\">r\u00e9gression lin\u00e9aire (QBasic),<\/div>\n<\/li>\n<li>\n<div style=\"text-align: justify;\">D\u00e9composition d\u2019un nombre en facteurs premiers,<\/div>\n<\/li>\n<li>\n<div style=\"text-align: justify;\">Diviseurs, nombres premiers\u2026<\/div>\n<\/li>\n<\/ul>\n<\/li>\n<li>\n<div style=\"text-align: justify;\">Aide pour les jeux SABOTEUR II, ARMY MOVES II et SHORT CIRCUIT.<\/div>\n<\/li>\n<\/ul>\n<p style=\"text-align: justify;\"><strong>ORDIMAGE n\u00b07<\/strong> (septembre 1994), 99 pages<\/p>\n<ul>\n<li>\n<div style=\"text-align: justify;\">Dossier sp\u00e9cial : Adresses des CPC (langages Basic &amp; Assembleur), suite et fin<\/div>\n<\/li>\n<li>\n<div style=\"text-align: justify;\">Les Tortues Ninja, la solution<\/div>\n<\/li>\n<li>\n<div style=\"text-align: justify;\">Budget de tr\u00e9sorerie sur Excel<\/div>\n<\/li>\n<li>\n<div style=\"text-align: justify;\">Les nouvelles du monde informatique<\/div>\n<\/li>\n<li>\n<div style=\"text-align: justify;\">Programmation en assembleur 8080 sous CP\/M<\/div>\n<\/li>\n<li>\n<div style=\"text-align: justify;\">Banc d\u2019essai : BATMAN<\/div>\n<\/li>\n<li>\n<div style=\"text-align: justify;\">Programmation d\u2019une unit\u00e9 d\u2019extension \u00e0 TurboPascal 6.0 : TPDOSEXT.TPU<\/div>\n<\/li>\n<li>\n<div style=\"text-align: justify;\">Solution du jeu B.A.T.<\/div>\n<\/li>\n<li>\n<div style=\"text-align: justify;\">Am\u00e9liorer votre vitesse de frappe au clavier avec CPCTAP (programmation en Basic)<\/div>\n<\/li>\n<li>\n<div style=\"text-align: justify;\">Sauvegarde de fichiers (TurboPascal)<\/div>\n<\/li>\n<li>\n<div style=\"text-align: justify;\">Lexique multilingue ORDICO (Basic CPC)<\/div>\n<\/li>\n<li>\n<div style=\"text-align: justify;\">Macro-commande sur Excel 4.0 : QCM al\u00e9atoire pour r\u00e9viser ses cours<\/div>\n<\/li>\n<li>\n<div style=\"text-align: justify;\">Programmation d\u2019une RSX sur CPC : SAVECR<\/div>\n<\/li>\n<li>\n<div style=\"text-align: justify;\">Dossier trucs et astuces sur CPC<\/div>\n<\/li>\n<li>\n<div style=\"text-align: justify;\">Les partiels en TurboPascal<\/div>\n<\/li>\n<li>\n<div style=\"text-align: justify;\">Dossier : les math\u00e9matiques et l\u2019informatique (compl\u00e9ments)<\/div>\n<\/li>\n<li>\n<div style=\"text-align: justify;\">Analyse fonctionnelle sur Excel (bilan fonctionnel, BFR\/FRNG et calculs de ratios automatis\u00e9s)<\/div>\n<\/li>\n<\/ul>\n<p style=\"text-align: justify;\"><strong>ORDIMAGE n\u00b08<\/strong> (octobre 1995) : ce num\u00e9ro n\u2019est jamais sorti. Le temps me manquait, j\u2019ai d\u00e9cid\u00e9 d\u2019arr\u00eater Ord\u2019image\u2026 Les pages finalis\u00e9es sont fournies telles quelles.<\/p>\n<ul>\n<li>\n<div style=\"text-align: justify;\">Les interruptions du PC (programmation en Turbo C, TurboPascal)<\/div>\n<\/li>\n<li>\n<div style=\"text-align: justify;\">Dossier : les math\u00e9matiques et l\u2019informatique (suite) :<\/div>\n<ul>\n<li>\n<div style=\"text-align: justify;\">R\u00e9solution de syst\u00e8mes de trois \u00e9quations \u00e0 trois inconnues avec la m\u00e9thode de Cramer (programmation sur calculatrice CASIO fx-8800GC),<\/div>\n<\/li>\n<li>\n<div style=\"text-align: justify;\">Fonction Nombres premiers pour TurboPascal<\/div>\n<\/li>\n<li>\n<div style=\"text-align: justify;\">Fonctions math\u00e9matiques et date diverses (TurboPascal),<\/div>\n<\/li>\n<li>\n<div style=\"text-align: justify;\">Calcul de points d\u00e9riv\u00e9s et de tangentes (sous CASIO fx-8800GC),<\/div>\n<\/li>\n<li>\n<div style=\"text-align: justify;\">G\u00e9om\u00e9trie,<\/div>\n<\/li>\n<li>\n<div style=\"text-align: justify;\">Logiciel \u00e9ducatif Math+ sur CPC pour \u00e9l\u00e8ves de 6\u00e8me et 5\u00e8me (programm\u00e9 en Basic) : permet la r\u00e9solution de petits exercices (calculs de PGCD, PPCM, identit\u00e9s remarquables\u2026).<\/div>\n<\/li>\n<\/ul>\n<\/li>\n<li>\n<div style=\"text-align: justify;\">Solution du jeu d\u2019aventure Le Passager du Temps (ERE), suite<\/div>\n<\/li>\n<\/ul>\n<div id=\"attachment_2217\" style=\"width: 432px\" class=\"wp-caption aligncenter\"><a href=\"https:\/\/www.auditsi.eu\/wp-content\/uploads\/2012\/02\/ORDIMAGE-n7-page-19.jpg\"><img loading=\"lazy\" decoding=\"async\" aria-describedby=\"caption-attachment-2217\" class=\"size-full wp-image-2217\" title=\"ORDIMAGE num\u00e9ro 7 page 19 - Programmation en TurboPascal\" alt=\"ORDIMAGE num\u00e9ro 7 page 19 - Programmation en TurboPascal\" src=\"https:\/\/www.auditsi.eu\/wp-content\/uploads\/2012\/02\/ORDIMAGE-n7-page-19.jpg\" width=\"422\" height=\"640\" srcset=\"https:\/\/www.auditsi.eu\/wp-content\/uploads\/2012\/02\/ORDIMAGE-n7-page-19.jpg 422w, https:\/\/www.auditsi.eu\/wp-content\/uploads\/2012\/02\/ORDIMAGE-n7-page-19-197x300.jpg 197w\" sizes=\"auto, (max-width: 422px) 100vw, 422px\" \/><\/a><p id=\"caption-attachment-2217\" class=\"wp-caption-text\">ORDIMAGE num\u00e9ro 7 page 19 &#8211; Programmation en TurboPascal<\/p><\/div>\n<div style=\"padding-bottom:20px; padding-top:10px;\" class=\"hupso-share-buttons\"><!-- Hupso Share Buttons - https:\/\/www.hupso.com\/share\/ --><a class=\"hupso_counters\" href=\"https:\/\/www.hupso.com\/share\/\"><img decoding=\"async\" src=\"https:\/\/static.hupso.com\/share\/buttons\/lang\/fr\/share-small.png\" style=\"border:0px; padding-top:2px; float:left;\" alt=\"Share Button\"\/><\/a><script type=\"text\/javascript\">var hupso_services_c=new Array(\"twitter\",\"facebook_like\",\"facebook_send\",\"email\",\"print\",\"linkedin\");var hupso_counters_lang = \"fr_FR\";var hupso_image_folder_url = \"\";var hupso_twitter_via=\"BenoitRiviere14\";var hupso_url_c=\"\";var hupso_title_c=\"Fanzine%20Ord%27image\";<\/script><script type=\"text\/javascript\" src=\"https:\/\/static.hupso.com\/share\/js\/counters.js\"><\/script><!-- Hupso Share Buttons --><\/div>","protected":false},"excerpt":{"rendered":"<p>Entre 1992 et 1995, j\u2019ai anim\u00e9 Ord\u2019image, le fanzine des passionn\u00e9s de l\u2019AMSTRAD CPC et du PC, avec ma s\u0153ur et un ami. Au d\u00e9part sp\u00e9cialis\u00e9 sur l\u2019AMSTRAD CPC, le r\u00e9dactionnel d\u2019ORDIMAGE s\u2019est ouvert progressivement sur le PC. Le principal sujet abord\u00e9 \u00e9tait la programmation. Des articles sur les jeux vid\u00e9o et autres reportages apportaient &#8230;<\/p>\n<p><a href=\"https:\/\/www.auditsi.eu\/?page_id=1504\" class=\"more-link\">Continue reading &lsquo;Fanzine Ord&#8217;image&rsquo; &raquo;<\/a><\/p>\n<div style=\"padding-bottom:20px; padding-top:10px;\" class=\"hupso-share-buttons\"><!-- Hupso Share Buttons - https:\/\/www.hupso.com\/share\/ --><a class=\"hupso_counters\" href=\"https:\/\/www.hupso.com\/share\/\"><img src=\"https:\/\/static.hupso.com\/share\/buttons\/lang\/fr\/share-small.png\" style=\"border:0px; padding-top:2px; float:left;\" alt=\"Share Button\"\/><\/a><script type=\"text\/javascript\">var hupso_services_c=new Array(\"twitter\",\"facebook_like\",\"facebook_send\",\"email\",\"print\",\"linkedin\");var hupso_counters_lang = \"fr_FR\";var hupso_image_folder_url = \"\";var hupso_twitter_via=\"BenoitRiviere14\";var hupso_url_c=\"\";var hupso_title_c=\"Fanzine%20Ord%27image\";<\/script><script type=\"text\/javascript\" src=\"https:\/\/static.hupso.com\/share\/js\/counters.js\"><\/script><!-- Hupso Share Buttons --><\/div>","protected":false},"author":1,"featured_media":0,"parent":1355,"menu_order":0,"comment_status":"open","ping_status":"closed","template":"","meta":{"advanced_seo_description":"","jetpack_seo_html_title":"","jetpack_seo_noindex":false,"ngg_post_thumbnail":0,"footnotes":"","_links_to":"","_links_to_target":""},"class_list":["post-1504","page","type-page","status-publish","hentry"],"jetpack_sharing_enabled":true,"jetpack_likes_enabled":false,"_links":{"self":[{"href":"https:\/\/www.auditsi.eu\/index.php?rest_route=\/wp\/v2\/pages\/1504","targetHints":{"allow":["GET"]}}],"collection":[{"href":"https:\/\/www.auditsi.eu\/index.php?rest_route=\/wp\/v2\/pages"}],"about":[{"href":"https:\/\/www.auditsi.eu\/index.php?rest_route=\/wp\/v2\/types\/page"}],"author":[{"embeddable":true,"href":"https:\/\/www.auditsi.eu\/index.php?rest_route=\/wp\/v2\/users\/1"}],"replies":[{"embeddable":true,"href":"https:\/\/www.auditsi.eu\/index.php?rest_route=%2Fwp%2Fv2%2Fcomments&post=1504"}],"version-history":[{"count":4,"href":"https:\/\/www.auditsi.eu\/index.php?rest_route=\/wp\/v2\/pages\/1504\/revisions"}],"predecessor-version":[{"id":1510,"href":"https:\/\/www.auditsi.eu\/index.php?rest_route=\/wp\/v2\/pages\/1504\/revisions\/1510"}],"up":[{"embeddable":true,"href":"https:\/\/www.auditsi.eu\/index.php?rest_route=\/wp\/v2\/pages\/1355"}],"wp:attachment":[{"href":"https:\/\/www.auditsi.eu\/index.php?rest_route=%2Fwp%2Fv2%2Fmedia&parent=1504"}],"curies":[{"name":"wp","href":"https:\/\/api.w.org\/{rel}","templated":true}]}}