{"id":12786,"date":"2025-07-26T17:55:48","date_gmt":"2025-07-26T15:55:48","guid":{"rendered":"https:\/\/www.auditsi.eu\/?page_id=12786"},"modified":"2025-08-02T13:24:58","modified_gmt":"2025-08-02T11:24:58","slug":"outil-en-ligne-generation-dune-balance-generale-en-ligne-a-partir-dun-fec","status":"publish","type":"page","link":"https:\/\/www.auditsi.eu\/?page_id=12786","title":{"rendered":"Analyse de FEC en ligne avec ANA-FEC2"},"content":{"rendered":"<p style=\"text-align: justify;\">Analyser vos FEC en ligne, gratuitement, en illimit\u00e9, sans inscription et en toute confidentialit\u00e9 ! L&#8217;essayer c&#8217;est l&#8217;adopter !<\/p>\n<p><strong>S\u00e9lectionner un FEC<\/strong> puis :<\/p>\n<ul>\n<li>Cliquer sur <strong>G\u00e9n\u00e9rer la balance Excel<\/strong> pour t\u00e9l\u00e9charger la balance ; au besoin saisir des crit\u00e8res de filtre (compte, libell\u00e9 compte ou \u00e9critures, mois) avant de cliquer sur le bouton<\/li>\n<li>ou saisir un num\u00e9ro de compte avant de cliquer sur <strong>Exporter \u00e9critures comprenant Compte<\/strong> pour obtenir une extraction Excel de toutes les \u00e9critures comptables qui contiennent le compte d\u00e9sign\u00e9<\/li>\n<li>ou soumettre le FEC \u00e0 la <strong>loi de Benford (fraudes et erreurs)<\/strong> (le cas \u00e9ch\u00e9ant : filtre sur num\u00e9ro de compte, code journal et mois) ; plus d&#8217;infos sur la <a href=\"https:\/\/www.auditsi.eu\/?p=4199\">loi de Benford<\/a><\/li>\n<li>ou calculer le taux de TVA de chaque \u00e9criture comptable \u00e0 l&#8217;aide de la fonction <strong>Analyse de la TVA<\/strong> (le cas \u00e9ch\u00e9ant : filtre sur code journal et mois)<\/li>\n<li>ou analyser les <a href=\"https:\/\/www.auditsi.eu\/?p=9118\"><strong>sch\u00e9mas d&#8217;\u00e9critures comptables<\/strong><\/a> (le cas \u00e9ch\u00e9ant : filtre sur code journal et mois)<\/li>\n<\/ul>\n<p style=\"text-align: justify;\"><strong>Confidentialit\u00e9<\/strong> : toutes les donn\u00e9es restent sur le poste de l&#8217;utilisateur (aucune donn\u00e9e n&#8217;est transf\u00e9r\u00e9e sur le serveur) et les calculs sont effectu\u00e9s en local.<\/p>\n    <div id=\"fec-container\">\n        <h3>Importer un FEC<\/h3>\n        <input type=\"file\" id=\"fecFile\" accept=\".txt,.csv\" \/>\n\t<p id=\"fec-counter\" style=\"font-weight: bold; margin-top: 1em;\"><\/p>\n\t<div id=\"filters-section\"><\/div>\n        <div id=\"synthese-fec-section\"><\/div>\n        <div id=\"balance-table-section\"><\/div>\n        <div id=\"synthese-balance-section\"><\/div>\n\n        <!-- Conteneur graphique Benford -->\n        <div id=\"benford-chart-container\" style=\"margin-top: 30px; display: none;\">\n            <h3>Graphique Loi de Benford<\/h3>\n            <canvas id=\"benfordChart\" width=\"700\" height=\"400\"><\/canvas>\n        <\/div>\n    <\/div>\n    \n<p style=\"text-align: justify;\">Pr\u00e9sentation et <strong>manuel utilisateur<\/strong> : <a href=\"https:\/\/www.auditsi.eu\/?p=12803\">cliquer ici<\/a>.<\/p>\n<p style=\"text-align: justify;\">___<\/p>\n<p style=\"text-align: justify;\">Approfondir le sujet : <a href=\"https:\/\/www.auditsi.eu\/?page_id=11211\">d\u00e9couvrir les autres outils en ligne<\/a><\/p>\n<div style=\"padding-bottom:20px; padding-top:10px;\" class=\"hupso-share-buttons\"><!-- Hupso Share Buttons - https:\/\/www.hupso.com\/share\/ --><a class=\"hupso_counters\" href=\"https:\/\/www.hupso.com\/share\/\"><img decoding=\"async\" src=\"https:\/\/static.hupso.com\/share\/buttons\/lang\/fr\/share-small.png\" style=\"border:0px; padding-top:2px; float:left;\" alt=\"Share Button\"\/><\/a><script type=\"text\/javascript\">var hupso_services_c=new Array(\"twitter\",\"facebook_like\",\"facebook_send\",\"email\",\"print\",\"linkedin\");var hupso_counters_lang = \"fr_FR\";var hupso_image_folder_url = \"\";var hupso_twitter_via=\"BenoitRiviere14\";var hupso_url_c=\"\";var hupso_title_c=\"Analyse%20de%20FEC%20en%20ligne%20avec%20ANA-FEC2\";<\/script><script type=\"text\/javascript\" src=\"https:\/\/static.hupso.com\/share\/js\/counters.js\"><\/script><!-- Hupso Share Buttons --><\/div>","protected":false},"excerpt":{"rendered":"<p>Analyser vos FEC en ligne, gratuitement, en illimit\u00e9, sans inscription et en toute confidentialit\u00e9 ! L&#8217;essayer c&#8217;est l&#8217;adopter ! S\u00e9lectionner un FEC puis : Cliquer sur G\u00e9n\u00e9rer la balance Excel pour t\u00e9l\u00e9charger la balance ; au besoin saisir des crit\u00e8res de filtre (compte, libell\u00e9 compte ou \u00e9critures, mois) avant de cliquer sur le bouton ou &#8230;<\/p>\n<p><a href=\"https:\/\/www.auditsi.eu\/?page_id=12786\" class=\"more-link\">Continue reading &lsquo;Analyse de FEC en ligne avec ANA-FEC2&rsquo; &raquo;<\/a><\/p>\n<div style=\"padding-bottom:20px; padding-top:10px;\" class=\"hupso-share-buttons\"><!-- Hupso Share Buttons - https:\/\/www.hupso.com\/share\/ --><a class=\"hupso_counters\" href=\"https:\/\/www.hupso.com\/share\/\"><img src=\"https:\/\/static.hupso.com\/share\/buttons\/lang\/fr\/share-small.png\" style=\"border:0px; padding-top:2px; float:left;\" alt=\"Share Button\"\/><\/a><script type=\"text\/javascript\">var hupso_services_c=new Array(\"twitter\",\"facebook_like\",\"facebook_send\",\"email\",\"print\",\"linkedin\");var hupso_counters_lang = \"fr_FR\";var hupso_image_folder_url = \"\";var hupso_twitter_via=\"BenoitRiviere14\";var hupso_url_c=\"\";var hupso_title_c=\"Analyse%20de%20FEC%20en%20ligne%20avec%20ANA-FEC2\";<\/script><script type=\"text\/javascript\" src=\"https:\/\/static.hupso.com\/share\/js\/counters.js\"><\/script><!-- Hupso Share Buttons --><\/div>","protected":false},"author":1,"featured_media":0,"parent":0,"menu_order":0,"comment_status":"closed","ping_status":"closed","template":"","meta":{"advanced_seo_description":"","jetpack_seo_html_title":"","jetpack_seo_noindex":false,"ngg_post_thumbnail":0,"footnotes":"","_links_to":"","_links_to_target":""},"class_list":["post-12786","page","type-page","status-publish","hentry"],"jetpack_sharing_enabled":true,"jetpack_likes_enabled":false,"_links":{"self":[{"href":"https:\/\/www.auditsi.eu\/index.php?rest_route=\/wp\/v2\/pages\/12786","targetHints":{"allow":["GET"]}}],"collection":[{"href":"https:\/\/www.auditsi.eu\/index.php?rest_route=\/wp\/v2\/pages"}],"about":[{"href":"https:\/\/www.auditsi.eu\/index.php?rest_route=\/wp\/v2\/types\/page"}],"author":[{"embeddable":true,"href":"https:\/\/www.auditsi.eu\/index.php?rest_route=\/wp\/v2\/users\/1"}],"replies":[{"embeddable":true,"href":"https:\/\/www.auditsi.eu\/index.php?rest_route=%2Fwp%2Fv2%2Fcomments&post=12786"}],"version-history":[{"count":23,"href":"https:\/\/www.auditsi.eu\/index.php?rest_route=\/wp\/v2\/pages\/12786\/revisions"}],"predecessor-version":[{"id":12851,"href":"https:\/\/www.auditsi.eu\/index.php?rest_route=\/wp\/v2\/pages\/12786\/revisions\/12851"}],"wp:attachment":[{"href":"https:\/\/www.auditsi.eu\/index.php?rest_route=%2Fwp%2Fv2%2Fmedia&parent=12786"}],"curies":[{"name":"wp","href":"https:\/\/api.w.org\/{rel}","templated":true}]}}