{"id":12603,"date":"2024-10-13T19:02:56","date_gmt":"2024-10-13T17:02:56","guid":{"rendered":"https:\/\/www.auditsi.eu\/?page_id=12603"},"modified":"2025-01-06T23:48:01","modified_gmt":"2025-01-06T22:48:01","slug":"interpreteur-de-formules-de-calcul","status":"publish","type":"page","link":"https:\/\/www.auditsi.eu\/?page_id=12603","title":{"rendered":"Automatiser l&#8217;analyse de donn\u00e9es avec l&#8217;interpr\u00e9teur d&#8217;expressions IXP"},"content":{"rendered":"<p style=\"text-align: justify;\">IXP est un <strong>interpr\u00e9teur d\u2019expressions<\/strong>. Ce logiciel est con\u00e7u pour effectuer des calculs (\u00ab calculatrice \u00bb) des plus simples aux plus complexes.<\/p>\n<p style=\"text-align: justify;\">IXP est dot\u00e9 du<strong> langage d\u2019expressions LIXP<\/strong> qui assure le cha\u00eenage de calculs les uns derri\u00e8re les autres et l\u2019automatisation de t\u00e2ches telles que la pr\u00e9paration et le traitement de donn\u00e9es.<\/p>\n<p style=\"text-align: justify;\">IXP est sp\u00e9cialis\u00e9 sur le <strong>traitement de donn\u00e9es \u00e0 dominante comptable<\/strong>.<\/p>\n<p><img loading=\"lazy\" decoding=\"async\" class=\"aligncenter size-full wp-image-12581\" src=\"https:\/\/www.auditsi.eu\/wp-content\/uploads\/2024\/10\/Interpreteur-formules.png\" alt=\"Interpr\u00e9teur formules\" width=\"685\" height=\"564\" srcset=\"https:\/\/www.auditsi.eu\/wp-content\/uploads\/2024\/10\/Interpreteur-formules.png 685w, https:\/\/www.auditsi.eu\/wp-content\/uploads\/2024\/10\/Interpreteur-formules-300x247.png 300w\" sizes=\"auto, (max-width: 685px) 100vw, 685px\" \/><\/p>\n<p style=\"text-align: justify;\">Le langage LIXP comporte un <strong>large \u00e9ventail de fonctions int\u00e9gr\u00e9es<\/strong> des plus g\u00e9n\u00e9rales (calculs math\u00e9matiques, conditionnels, alg\u00e8bre de Boole&#8230;) aux plus sp\u00e9cialis\u00e9es : API INPI et INSEE (collecte de documents et informations juridiques et financi\u00e8res des entreprises), envoi de m\u00e9ls, analyse de FEC, calculs de pourcentages d&#8217;int\u00e9r\u00eat (comptes consolid\u00e9s), de RSP (avec forfait social)&#8230;<\/p>\n<p><img loading=\"lazy\" decoding=\"async\" class=\"aligncenter size-full wp-image-12646\" src=\"https:\/\/www.auditsi.eu\/wp-content\/uploads\/2024\/12\/EX-IXP-4.png\" alt=\"EX IXP 4\" width=\"1342\" height=\"759\" srcset=\"https:\/\/www.auditsi.eu\/wp-content\/uploads\/2024\/12\/EX-IXP-4.png 1342w, https:\/\/www.auditsi.eu\/wp-content\/uploads\/2024\/12\/EX-IXP-4-300x170.png 300w, https:\/\/www.auditsi.eu\/wp-content\/uploads\/2024\/12\/EX-IXP-4-1024x579.png 1024w, https:\/\/www.auditsi.eu\/wp-content\/uploads\/2024\/12\/EX-IXP-4-768x434.png 768w, https:\/\/www.auditsi.eu\/wp-content\/uploads\/2024\/12\/EX-IXP-4-730x413.png 730w\" sizes=\"auto, (max-width: 1342px) 100vw, 1342px\" \/><\/p>\n<p style=\"text-align: justify;\">Le langage LIXP produit des expressions (programmes) lisibles :<\/p>\n<p><img loading=\"lazy\" decoding=\"async\" class=\"aligncenter size-full wp-image-12645\" src=\"https:\/\/www.auditsi.eu\/wp-content\/uploads\/2024\/12\/EX-IXP-3.png\" alt=\"EX IXP 3\" width=\"1341\" height=\"754\" srcset=\"https:\/\/www.auditsi.eu\/wp-content\/uploads\/2024\/12\/EX-IXP-3.png 1341w, https:\/\/www.auditsi.eu\/wp-content\/uploads\/2024\/12\/EX-IXP-3-300x169.png 300w, https:\/\/www.auditsi.eu\/wp-content\/uploads\/2024\/12\/EX-IXP-3-1024x576.png 1024w, https:\/\/www.auditsi.eu\/wp-content\/uploads\/2024\/12\/EX-IXP-3-768x432.png 768w, https:\/\/www.auditsi.eu\/wp-content\/uploads\/2024\/12\/EX-IXP-3-730x410.png 730w\" sizes=\"auto, (max-width: 1341px) 100vw, 1341px\" \/><\/p>\n<p style=\"text-align: justify;\">Le langage LIXP est un langage simple \u00e0 appr\u00e9hender par un utilisateur habitu\u00e9 aux formules de calcul Excel&#8230; Apr\u00e8s une formation rapide, l&#8217;utilisateur peut r\u00e9diger ses premi\u00e8res expressions et automatiser ses traitements de donn\u00e9es&#8230;<\/p>\n<p><img loading=\"lazy\" decoding=\"async\" class=\"aligncenter size-full wp-image-12652\" src=\"https:\/\/www.auditsi.eu\/wp-content\/uploads\/2024\/12\/EX-LIXP-FECAPI.png\" alt=\"EX LIXP FEC+API\" width=\"1340\" height=\"751\" srcset=\"https:\/\/www.auditsi.eu\/wp-content\/uploads\/2024\/12\/EX-LIXP-FECAPI.png 1340w, https:\/\/www.auditsi.eu\/wp-content\/uploads\/2024\/12\/EX-LIXP-FECAPI-300x168.png 300w, https:\/\/www.auditsi.eu\/wp-content\/uploads\/2024\/12\/EX-LIXP-FECAPI-1024x574.png 1024w, https:\/\/www.auditsi.eu\/wp-content\/uploads\/2024\/12\/EX-LIXP-FECAPI-768x430.png 768w, https:\/\/www.auditsi.eu\/wp-content\/uploads\/2024\/12\/EX-LIXP-FECAPI-730x409.png 730w\" sizes=\"auto, (max-width: 1340px) 100vw, 1340px\" \/><\/p>\n<p>&nbsp;<\/p>\n<p style=\"text-align: justify;\">En phase de beta-test aupr\u00e8s d&#8217;un panel de volontaires (12\/2024) pour une dur\u00e9e de six mois environ.<\/p>\n<p style=\"text-align: justify;\">Version actuelle : Version 1.21 beta (05\/01\/2025).<\/p>\n<p style=\"text-align: justify;\">__<\/p>\n<p style=\"text-align: justify;\">Autres projets : <a href=\"https:\/\/www.auditsi.eu\/?page_id=1355\">cliquer ici<\/a>.<\/p>\n<div id=\"sconnect-is-installed\" style=\"display: none;\">2.13.0.0<\/div>\n<div id=\"sconnect-is-installed\" style=\"display: none;\">2.13.0.0<\/div>\n<div id=\"sconnect-is-installed\" style=\"display: none;\">2.13.0.0<\/div>\n<div id=\"sconnect-is-installed\" style=\"display: none;\">2.13.0.0<\/div>\n<div id=\"sconnect-is-installed\" style=\"display: none;\">2.13.0.0<\/div>\n<div id=\"sconnect-is-installed\" style=\"display: none;\">2.13.0.0<\/div>\n<div style=\"padding-bottom:20px; padding-top:10px;\" class=\"hupso-share-buttons\"><!-- Hupso Share Buttons - https:\/\/www.hupso.com\/share\/ --><a class=\"hupso_counters\" href=\"https:\/\/www.hupso.com\/share\/\"><img decoding=\"async\" src=\"https:\/\/static.hupso.com\/share\/buttons\/lang\/fr\/share-small.png\" style=\"border:0px; padding-top:2px; float:left;\" alt=\"Share Button\"\/><\/a><script type=\"text\/javascript\">var hupso_services_c=new Array(\"twitter\",\"facebook_like\",\"facebook_send\",\"email\",\"print\",\"linkedin\");var hupso_counters_lang = \"fr_FR\";var hupso_image_folder_url = \"\";var hupso_twitter_via=\"BenoitRiviere14\";var hupso_url_c=\"\";var hupso_title_c=\"Automatiser%20l%27analyse%20de%20donn%C3%A9es%20avec%20l%27interpr%C3%A9teur%20d%27expressions%20IXP\";<\/script><script type=\"text\/javascript\" src=\"https:\/\/static.hupso.com\/share\/js\/counters.js\"><\/script><!-- Hupso Share Buttons --><\/div>","protected":false},"excerpt":{"rendered":"<p>IXP est un interpr\u00e9teur d\u2019expressions. Ce logiciel est con\u00e7u pour effectuer des calculs (\u00ab calculatrice \u00bb) des plus simples aux plus complexes. IXP est dot\u00e9 du langage d\u2019expressions LIXP qui assure le cha\u00eenage de calculs les uns derri\u00e8re les autres et l\u2019automatisation de t\u00e2ches telles que la pr\u00e9paration et le traitement de donn\u00e9es. IXP est &#8230;<\/p>\n<p><a href=\"https:\/\/www.auditsi.eu\/?page_id=12603\" class=\"more-link\">Continue reading &lsquo;Automatiser l&#8217;analyse de donn\u00e9es avec l&#8217;interpr\u00e9teur d&#8217;expressions IXP&rsquo; &raquo;<\/a><\/p>\n<div style=\"padding-bottom:20px; padding-top:10px;\" class=\"hupso-share-buttons\"><!-- Hupso Share Buttons - https:\/\/www.hupso.com\/share\/ --><a class=\"hupso_counters\" href=\"https:\/\/www.hupso.com\/share\/\"><img src=\"https:\/\/static.hupso.com\/share\/buttons\/lang\/fr\/share-small.png\" style=\"border:0px; padding-top:2px; float:left;\" alt=\"Share Button\"\/><\/a><script type=\"text\/javascript\">var hupso_services_c=new Array(\"twitter\",\"facebook_like\",\"facebook_send\",\"email\",\"print\",\"linkedin\");var hupso_counters_lang = \"fr_FR\";var hupso_image_folder_url = \"\";var hupso_twitter_via=\"BenoitRiviere14\";var hupso_url_c=\"\";var hupso_title_c=\"Automatiser%20l%27analyse%20de%20donn%C3%A9es%20avec%20l%27interpr%C3%A9teur%20d%27expressions%20IXP\";<\/script><script type=\"text\/javascript\" src=\"https:\/\/static.hupso.com\/share\/js\/counters.js\"><\/script><!-- Hupso Share Buttons --><\/div>","protected":false},"author":1,"featured_media":0,"parent":0,"menu_order":0,"comment_status":"closed","ping_status":"closed","template":"","meta":{"advanced_seo_description":"","jetpack_seo_html_title":"","jetpack_seo_noindex":false,"ngg_post_thumbnail":0,"footnotes":"","_links_to":"","_links_to_target":""},"class_list":["post-12603","page","type-page","status-publish","hentry"],"jetpack_sharing_enabled":true,"jetpack_likes_enabled":false,"_links":{"self":[{"href":"https:\/\/www.auditsi.eu\/index.php?rest_route=\/wp\/v2\/pages\/12603","targetHints":{"allow":["GET"]}}],"collection":[{"href":"https:\/\/www.auditsi.eu\/index.php?rest_route=\/wp\/v2\/pages"}],"about":[{"href":"https:\/\/www.auditsi.eu\/index.php?rest_route=\/wp\/v2\/types\/page"}],"author":[{"embeddable":true,"href":"https:\/\/www.auditsi.eu\/index.php?rest_route=\/wp\/v2\/users\/1"}],"replies":[{"embeddable":true,"href":"https:\/\/www.auditsi.eu\/index.php?rest_route=%2Fwp%2Fv2%2Fcomments&post=12603"}],"version-history":[{"count":7,"href":"https:\/\/www.auditsi.eu\/index.php?rest_route=\/wp\/v2\/pages\/12603\/revisions"}],"predecessor-version":[{"id":12699,"href":"https:\/\/www.auditsi.eu\/index.php?rest_route=\/wp\/v2\/pages\/12603\/revisions\/12699"}],"wp:attachment":[{"href":"https:\/\/www.auditsi.eu\/index.php?rest_route=%2Fwp%2Fv2%2Fmedia&parent=12603"}],"curies":[{"name":"wp","href":"https:\/\/api.w.org\/{rel}","templated":true}]}}