{"id":12574,"date":"2024-10-12T23:34:00","date_gmt":"2024-10-12T21:34:00","guid":{"rendered":"https:\/\/www.auditsi.eu\/?page_id=12574"},"modified":"2024-10-13T18:30:45","modified_gmt":"2024-10-13T16:30:45","slug":"interpreteur-de-formules-de-calcul-manuel-dutilisation-v1-0-2024-10","status":"publish","type":"page","link":"https:\/\/www.auditsi.eu\/?page_id=12574","title":{"rendered":"Interpr\u00e9teur de formules de calcul : Manuel d&#8217;utilisation (v1.0beta 2024\/10)"},"content":{"rendered":"<p style=\"text-align: justify;\">L\u2019application &#8220;<strong>Interpr\u00e9teur de formules de calcul<\/strong> avec variables et fonctions personnalis\u00e9es&#8221; est un outil permettant de <strong>r\u00e9aliser des calculs des plus simples au plus complexes<\/strong> en utilisant des formules, variables et fonctions personnalis\u00e9es d\u00e9finies par l&#8217;utilisateur.<\/p>\n<p style=\"text-align: justify;\"><strong><em>Pr\u00e9sentation de l&#8217;interface<\/em><\/strong><\/p>\n<p><img loading=\"lazy\" decoding=\"async\" class=\"aligncenter size-full wp-image-12581\" src=\"https:\/\/www.auditsi.eu\/wp-content\/uploads\/2024\/10\/Interpreteur-formules.png\" alt=\"Interpr\u00e9teur formules\" width=\"685\" height=\"564\" srcset=\"https:\/\/www.auditsi.eu\/wp-content\/uploads\/2024\/10\/Interpreteur-formules.png 685w, https:\/\/www.auditsi.eu\/wp-content\/uploads\/2024\/10\/Interpreteur-formules-300x247.png 300w\" sizes=\"auto, (max-width: 685px) 100vw, 685px\" \/><\/p>\n<p style=\"text-align: justify;\">L\u2019<strong>interface de l&#8217;application<\/strong> est divis\u00e9e en plusieurs sections principales :<\/p>\n<ul>\n<li style=\"text-align: justify;\"><strong>Zone de saisie de formule<\/strong> : Permet de saisir la formule \u00e0 \u00e9valuer. Le bouton <strong>RAZ formule<\/strong> efface la formule de calcul. Le bouton <strong>Ins\u00e9rer le dernier r\u00e9sultat<\/strong> ins\u00e8re le dernier r\u00e9sultat calcul\u00e9 dans la zone de saisie pour l&#8217;inclure dans un nouveau calcul.<\/li>\n<li style=\"text-align: justify;\">Bouton <strong>\u00c9valuer<\/strong> : Ex\u00e9cute la formule saisie et affiche le r\u00e9sultat ou un message d\u2019erreur.<\/li>\n<li style=\"text-align: justify;\">Zone <strong>affichage du R\u00e9sultat<\/strong> : Affiche le r\u00e9sultat du calcul ou un message d\u2019erreur en rouge si la formule est invalide.<\/li>\n<li style=\"text-align: justify;\">Combobox <strong>Variables et Fonctions<\/strong> : Affiche les variables et fonctions d\u00e9finies par l&#8217;utilisateur. Pour cr\u00e9er ou modifier les variables et fonctions, cliquer sur le <strong>bouton Editer les variables et fonctions personnalis\u00e9es<\/strong>. Les fonctions et variables peuvent \u00eatre ins\u00e9r\u00e9es dans la zone de saisie en les s\u00e9lectionnant.<\/li>\n<li style=\"text-align: justify;\">Boutons <strong>M\u00e9moire<\/strong> (M1 \u00e0 M5 et RM1 \u00e0 RM5) : Permettent de m\u00e9moriser (M) et de rappeler (RM) les r\u00e9sultats pr\u00e9c\u00e9dents. Le bouton <strong>RAZ M<\/strong> efface le contenu de toutes les m\u00e9moires.<\/li>\n<li style=\"text-align: justify;\">Boutons <strong>Copier le r\u00e9sultat<\/strong> : copie le r\u00e9sultat dans le presse-papier. Cette donn\u00e9e peut ensuite \u00eatre coll\u00e9e par exemple dans une cellule Excel.<\/li>\n<li style=\"text-align: justify;\">Bouton <strong>R\u00e9utiliser le r\u00e9sultat ()<\/strong> ajoute une parenth\u00e8se ouvrante en t\u00eate de formule de calcul et une fermante en queue pour r\u00e9utiliser le calcul (par exemple pour lancer une multiplication sur l&#8217;ensemble de la formule de calcul et non seulement sur sa derni\u00e8re composante.<\/li>\n<li style=\"text-align: justify;\">Options de <strong>format d&#8217;affichage<\/strong> : Vous pouvez ajuster l&#8217;affichage du r\u00e9sultat en choisissant entre &#8220;<strong>Deux d\u00e9cimales<\/strong>&#8221; et &#8220;<strong>S\u00e9parateur de milliers<\/strong>&#8220;.<\/li>\n<li style=\"text-align: justify;\">L&#8217;application g\u00e8re la <strong>journalisation<\/strong> des formules de calculs \u00e9valu\u00e9es et de leurs r\u00e9sultats. Pour visualiser les calculs (= bande machine de la calculatrice de bureau), cliquer sur <strong>Afficher le journal<\/strong>. Cliquer sur <strong>Effacer le journal<\/strong> pour effacer le contenu du journal. D\u00e9cocher Journalisation des calculs pour arr\u00eater l&#8217;enregistrement ponctuellement.<\/li>\n<\/ul>\n<p style=\"text-align: justify;\"><strong><em>Principales fonctionnalit\u00e9s<\/em><\/strong><\/p>\n<p style=\"text-align: justify;\"><em>Saisie de formules de calcul<br \/>\n<\/em><\/p>\n<p style=\"text-align: justify;\">La zone de saisie vous permet d\u2019entrer une formule contenant :<\/p>\n<ul>\n<li style=\"text-align: justify;\">des chiffres,<\/li>\n<li>des signes (+ et -) pour indiquer si un montant est positif ou n\u00e9gatif),<\/li>\n<li>des d\u00e9cimales mat\u00e9rialis\u00e9es indiff\u00e9remment par un point ou par une virgule,<\/li>\n<li style=\"text-align: justify;\">des parenth\u00e8ses (pour changer l&#8217;<a href=\"https:\/\/www.auditsi.eu\/?p=6458\">ordre d&#8217;ex\u00e9cution des calculs<\/a>),<\/li>\n<li style=\"text-align: justify;\">des <a href=\"https:\/\/www.auditsi.eu\/?p=6458\">op\u00e9rateurs math\u00e9matiques<\/a> +, -, *, \/ mais aussi ^ ou ** pour l&#8217;\u00e9l\u00e9vation \u00e0 la puissance, \\ pour le modulo (reste d&#8217;une division),<\/li>\n<li>des signes % pour d\u00e9signer un taux,<\/li>\n<li style=\"text-align: justify;\">des variables,<\/li>\n<li style=\"text-align: justify;\">ou encore des fonctions personnalis\u00e9es.<\/li>\n<\/ul>\n<p style=\"text-align: justify;\">Exemple de formule : (100*20%+200)*3-5 soit un r\u00e9sultat de 655.<\/p>\n<p style=\"text-align: justify;\"><em>\u00c9valuation des formules<\/em><\/p>\n<p style=\"text-align: justify;\">Cliquez sur le <strong>bouton \u00c9valuer<\/strong> pour calculer le r\u00e9sultat de la formule saisie.<\/p>\n<p style=\"text-align: justify;\">En cas d&#8217;erreur (probl\u00e8me de parenth\u00e8ses, variable inconnue, etc.), un message d\u2019erreur sera affich\u00e9 sous la zone de saisie et la partie erron\u00e9e sera surlign\u00e9e.<\/p>\n<p><img loading=\"lazy\" decoding=\"async\" class=\"aligncenter size-full wp-image-12588\" src=\"https:\/\/www.auditsi.eu\/wp-content\/uploads\/2024\/10\/Interpreteur-formules-Division-par-zero.png\" alt=\"Interpr\u00e9teur formules Division par z\u00e9ro\" width=\"682\" height=\"241\" srcset=\"https:\/\/www.auditsi.eu\/wp-content\/uploads\/2024\/10\/Interpreteur-formules-Division-par-zero.png 682w, https:\/\/www.auditsi.eu\/wp-content\/uploads\/2024\/10\/Interpreteur-formules-Division-par-zero-300x106.png 300w\" sizes=\"auto, (max-width: 682px) 100vw, 682px\" \/><\/p>\n<p style=\"text-align: justify;\"><em>Utilisation des variables<\/em><\/p>\n<p style=\"text-align: justify;\">Les <strong>variables<\/strong> d\u00e9finies peuvent \u00eatre utilis\u00e9es dans vos formules.<\/p>\n<p style=\"text-align: justify;\">Exemple : Si la variable TxTVA_TN=0.20 (taux de TVA au taux normal de 20 %), vous pouvez utiliser TxTVA_TN dans vos formules ; exemple : 100 * TxTVA_TN donne un r\u00e9sultat de 20.<\/p>\n<p style=\"text-align: justify;\"><em>Utilisation des fonctions<\/em><\/p>\n<p style=\"text-align: justify;\">Vous pouvez aussi utiliser des <strong>fonctions personnalis\u00e9es<\/strong> d\u00e9finies au format <strong>NomFonction[Param1;Param2&#8230;]=Formule<\/strong>.<\/p>\n<p style=\"text-align: justify;\">Exemple :<\/p>\n<p style=\"text-align: center;\">Calcul_TTC[Base;Taux]=Base*(1+Taux).<\/p>\n<p style=\"text-align: justify;\">Cette fonction calcul un montant TTC \u00e0 partir d&#8217;une base HT et d&#8217;un taux de TVA.<\/p>\n<p style=\"text-align: justify;\">Une fois d\u00e9finie, cette fonction peut \u00eatre utilis\u00e9e dans la zone de saisie (en saisie manuelle ou en s\u00e9lection dans le combobox Fonctions) avec les param\u00e8tres : Calcul_TTC[100;0.20].<\/p>\n<p style=\"text-align: justify;\"><em>Copier le r\u00e9sultat<\/em><\/p>\n<p style=\"text-align: justify;\">Le bouton Copier copie le r\u00e9sultat du calcul dans le presse-papier sans les s\u00e9parateurs de milliers et avec la virgule comme s\u00e9parateur de d\u00e9cimales.<\/p>\n<p style=\"text-align: justify;\"><strong><em>D\u00e9finition des variables et fonctions personnalis\u00e9es<\/em><\/strong><\/p>\n<p style=\"text-align: justify;\">Pour cr\u00e9er ou modifier les variables et fonctions, cliquer sur le <strong>bouton Editer les variables et fonctions personnalis\u00e9es<\/strong>.<\/p>\n<p style=\"text-align: justify;\"><em>D\u00e9claration des variables :<\/em><\/p>\n<p style=\"text-align: center;\">nom_variable=valeur ou calcul<\/p>\n<p style=\"text-align: justify;\">Exemples de variables :<\/p>\n<p style=\"text-align: justify;\">Taux de TVA au taux normal : TxTVA_TN=20%<\/p>\n<p style=\"text-align: justify;\">Taux de TVA au taux r\u00e9duit : TxTVA_TR=TxTVA_TN\/2<\/p>\n<p style=\"text-align: justify;\">Parit\u00e9 EUR \/ FRF (1 \u20ac x 6.55957 = 6.55957 FRF) : Parit\u00e9EUR_FRF = 6.55957<\/p>\n<p style=\"text-align: justify;\">PI : PI=3,141592653589793238462643383279<\/p>\n<p style=\"text-align: justify;\"><em>D\u00e9claration des fonctions :<\/em><\/p>\n<p style=\"text-align: center;\">NomFonction[Param1;Param2]=Formule pour les fonctions.<\/p>\n<p style=\"text-align: justify;\">Exemples de fonctions :<\/p>\n<p style=\"text-align: justify;\">Calcul montant TTC \u00e0 partir du HT et du taux de TVA : Calcul_TTC[Base;Taux]=Base*(1+Taux)<\/p>\n<p style=\"text-align: justify;\">Emprunts :<\/p>\n<p style=\"text-align: justify;\">Calcul Mensualit\u00e9 d&#8217;un emprunt amortissable :<\/p>\n<p style=\"text-align: center;\">Annuit\u00e9_m[Capital;Taux_Annuel;Nb_Mensualit\u00e9s]=(Capital*(Taux_Annuel\/12))\/(1-(1+Taux_Annuel\/12)**-Nb_Mensualit\u00e9s)<\/p>\n<p style=\"text-align: justify;\">Calcul des int\u00e9r\u00eats \u00e0 payer :<\/p>\n<p style=\"text-align: center;\">TotalInt\u00e9r\u00eats_m[Capital;Taux_Annuel;Nb_Mensualit\u00e9s]=Nb_Mensualit\u00e9s*Annuite_m[Capital;Taux_Annuel;Nb_Mensualit\u00e9s]-Capital<\/p>\n<p style=\"text-align: justify;\">Calcul de la <a href=\"https:\/\/www.auditsi.eu\/?p=11139\">R\u00e9serve Sp\u00e9ciale de Participation (RSP)<\/a> selon la formule l\u00e9gale :<\/p>\n<p style=\"text-align: center;\">RSP[B;R\u00e9mu;C;S;VA]=(B-R\u00e9mu*C)*.5*S\/VA<\/p>\n<p style=\"text-align: justify;\">Les lignes commen\u00e7ant par &#8216; (apostrophe) sont consid\u00e9r\u00e9es comme des commentaires et ne sont pas prises en compte.<\/p>\n<p><img loading=\"lazy\" decoding=\"async\" class=\"aligncenter size-full wp-image-12583\" src=\"https:\/\/www.auditsi.eu\/wp-content\/uploads\/2024\/10\/Interpreteur-formules-Var-Fonctions.png\" alt=\"Interpr\u00e9teur formules Var &amp; Fonctions\" width=\"978\" height=\"606\" srcset=\"https:\/\/www.auditsi.eu\/wp-content\/uploads\/2024\/10\/Interpreteur-formules-Var-Fonctions.png 978w, https:\/\/www.auditsi.eu\/wp-content\/uploads\/2024\/10\/Interpreteur-formules-Var-Fonctions-300x186.png 300w, https:\/\/www.auditsi.eu\/wp-content\/uploads\/2024\/10\/Interpreteur-formules-Var-Fonctions-768x476.png 768w, https:\/\/www.auditsi.eu\/wp-content\/uploads\/2024\/10\/Interpreteur-formules-Var-Fonctions-730x452.png 730w\" sizes=\"auto, (max-width: 978px) 100vw, 978px\" \/><\/p>\n<p style=\"text-align: justify;\"><em><strong>Journalisation des calculs<\/strong><\/em><\/p>\n<p style=\"text-align: justify;\">La journalisation enregistre tous les calculs ex\u00e9cut\u00e9s par l&#8217;application. Ceux-ci peuvent ensuite \u00eatre visualis\u00e9s, r\u00e9utilis\u00e9s voire import\u00e9s dans Excel.<\/p>\n<p style=\"text-align: justify;\"><img loading=\"lazy\" decoding=\"async\" class=\"aligncenter size-full wp-image-12584\" src=\"https:\/\/www.auditsi.eu\/wp-content\/uploads\/2024\/10\/Interpreteur-formules-Journalisation.png\" alt=\"Interpr\u00e9teur formules Journalisation\" width=\"629\" height=\"368\" srcset=\"https:\/\/www.auditsi.eu\/wp-content\/uploads\/2024\/10\/Interpreteur-formules-Journalisation.png 629w, https:\/\/www.auditsi.eu\/wp-content\/uploads\/2024\/10\/Interpreteur-formules-Journalisation-300x176.png 300w\" sizes=\"auto, (max-width: 629px) 100vw, 629px\" \/><\/p>\n<p style=\"text-align: justify;\"><em><strong>Boutons de m\u00e9morisation des r\u00e9sultats<\/strong><\/em><\/p>\n<p style=\"text-align: justify;\"><em>M\u00e9morisation des r\u00e9sultats<\/em><\/p>\n<p style=\"text-align: justify;\">Les boutons M1 \u00e0 M5 permettent de m\u00e9moriser le dernier r\u00e9sultat valide dans des emplacements m\u00e9moires. Ces boutons ne sont activ\u00e9s que lorsqu&#8217;un r\u00e9sultat valide est affich\u00e9.<\/p>\n<p style=\"text-align: justify;\"><em>R\u00e9utilisation des m\u00e9moires<\/em><\/p>\n<p style=\"text-align: justify;\">Les boutons RM1 \u00e0 RM5 permettent de r\u00e9utiliser les valeurs m\u00e9moris\u00e9es en les ins\u00e9rant \u00e0 l&#8217;emplacement du curseur dans la zone de saisie.<\/p>\n<p style=\"text-align: justify;\"><em>Effacement des m\u00e9moires<\/em><\/p>\n<p style=\"text-align: justify;\">Le bouton RAZ M permet d\u2019effacer toutes les m\u00e9moires M1 \u00e0 M5.<\/p>\n<p style=\"text-align: justify;\"><em><strong>Options d&#8217;affichage<\/strong><\/em><\/p>\n<p style=\"text-align: justify;\">Cases \u00e0 cocher :<\/p>\n<ul>\n<li style=\"text-align: justify;\"><strong>Deux d\u00e9cimales<\/strong> : Si cette option est coch\u00e9e, le r\u00e9sultat s&#8217;affiche avec deux d\u00e9cimales (cette option n&#8217;affecte pas la pr\u00e9cision des calculs ; l&#8217;ensemble des d\u00e9cimale sont conserv\u00e9es). Sinon, toutes les d\u00e9cimales seront affich\u00e9es.<\/li>\n<li style=\"text-align: justify;\"><strong>S\u00e9parateur de milliers<\/strong> : Si cette option est coch\u00e9e, un s\u00e9parateur de milliers sera appliqu\u00e9 \u00e0 l\u2019affichage du r\u00e9sultat.<\/li>\n<li style=\"text-align: justify;\"><strong>Affichage en premier plan<\/strong> : Par d\u00e9faut, l&#8217;application reste toujours en premier plan (case Afficher l&#8217;appli en premier plan coch\u00e9e). Vous pouvez d\u00e9cocher cette option pour permettre \u00e0 d&#8217;autres fen\u00eatres de passer devant l&#8217;application.<\/li>\n<\/ul>\n<p><strong><em>Gestion des erreurs<\/em><\/strong><\/p>\n<p style=\"text-align: justify;\">Si une variable ou une fonction utilis\u00e9e dans la formule n\u2019est pas d\u00e9finie ou en cas de probl\u00e8me dans la structure de la formule (parenth\u00e8ses d\u00e9s\u00e9quilibr\u00e9es, etc.), un message d\u2019erreur sera affich\u00e9 en rouge sous la formule, et la partie erron\u00e9e sera surlign\u00e9e.<\/p>\n<p style=\"text-align: justify;\"><strong><em>Assistance<\/em><\/strong><\/p>\n<p style=\"text-align: justify;\">Cette application est fournie gratuitement. Aucune assistance n&#8217;est fournie. En cas de bogue, vous pouvez laisser un commentaire ci-apr\u00e8s ; sans garantie de traitement.<\/p>\n<p style=\"text-align: justify;\"><strong><em>Avertissements<\/em><\/strong><\/p>\n<p style=\"text-align: justify;\">L&#8217;application est fournie en l&#8217;\u00e9tat sans garantie de bon fonctionnement. Il est conseill\u00e9 de toujours v\u00e9rifier les r\u00e9sultats des calculs avant de les utiliser dans des applications critiques.<\/p>\n<p style=\"text-align: justify;\"><em><strong>T\u00e9l\u00e9chargement<\/strong><\/em><\/p>\n<p style=\"text-align: justify;\">L&#8217;application est t\u00e9l\u00e9chargeable ci-apr\u00e8s sous forme d&#8217;un fichier Zip. Aucune installation n&#8217;est n\u00e9cessaire.<\/p>\n<p><img loading=\"lazy\" decoding=\"async\" class=\"aligncenter size-full wp-image-12601\" src=\"https:\/\/www.auditsi.eu\/wp-content\/uploads\/2024\/10\/Interpreteur-ZIP.png\" alt=\"Interpr\u00e9teur ZIP\" width=\"561\" height=\"105\" srcset=\"https:\/\/www.auditsi.eu\/wp-content\/uploads\/2024\/10\/Interpreteur-ZIP.png 561w, https:\/\/www.auditsi.eu\/wp-content\/uploads\/2024\/10\/Interpreteur-ZIP-300x56.png 300w\" sizes=\"auto, (max-width: 561px) 100vw, 561px\" \/><\/p>\n<p style=\"text-align: justify;\">D\u00e9zipper les quatre fichiers contenus le Zip dans un m\u00eame dossier puis double-cliquer sur le fichier INTERPRETEUR FORMULES.exe.<\/p>\n<div id=\"sconnect-is-installed\" style=\"display: none; text-align: justify;\">2.13.0.0<\/div>\n<div id=\"sconnect-is-installed\" style=\"display: none; text-align: justify;\">2.13.0.0<\/div>\n<div id=\"sconnect-is-installed\" style=\"display: none;\">2.13.0.0<\/div>\n<div id=\"sconnect-is-installed\" style=\"display: none;\">2.13.0.0<\/div>\n<div id=\"sconnect-is-installed\" style=\"display: none;\">2.13.0.0<\/div>\n<div id=\"sconnect-is-installed\" style=\"display: none;\">2.13.0.0<\/div>\n<div id=\"sconnect-is-installed\" style=\"display: none;\">2.13.0.0<\/div>\n<div id=\"sconnect-is-installed\" style=\"display: none;\">2.13.0.0<\/div>\n<div id=\"sconnect-is-installed\" style=\"display: none;\">2.13.0.0<\/div>\n<div id=\"sconnect-is-installed\" style=\"display: none;\">2.13.0.0<\/div>\n<div style=\"padding-bottom:20px; padding-top:10px;\" class=\"hupso-share-buttons\"><!-- Hupso Share Buttons - https:\/\/www.hupso.com\/share\/ --><a class=\"hupso_counters\" href=\"https:\/\/www.hupso.com\/share\/\"><img decoding=\"async\" src=\"https:\/\/static.hupso.com\/share\/buttons\/lang\/fr\/share-small.png\" style=\"border:0px; padding-top:2px; float:left;\" alt=\"Share Button\"\/><\/a><script type=\"text\/javascript\">var hupso_services_c=new Array(\"twitter\",\"facebook_like\",\"facebook_send\",\"email\",\"print\",\"linkedin\");var hupso_counters_lang = \"fr_FR\";var hupso_image_folder_url = \"\";var hupso_twitter_via=\"BenoitRiviere14\";var hupso_url_c=\"\";var hupso_title_c=\"Interpr%C3%A9teur%20de%20formules%20de%20calcul%20%3A%20Manuel%20d%27utilisation%20%28v1.0beta%202024%2F10%29\";<\/script><script type=\"text\/javascript\" src=\"https:\/\/static.hupso.com\/share\/js\/counters.js\"><\/script><!-- Hupso Share Buttons --><\/div>","protected":false},"excerpt":{"rendered":"<p>L\u2019application &#8220;Interpr\u00e9teur de formules de calcul avec variables et fonctions personnalis\u00e9es&#8221; est un outil permettant de r\u00e9aliser des calculs des plus simples au plus complexes en utilisant des formules, variables et fonctions personnalis\u00e9es d\u00e9finies par l&#8217;utilisateur. Pr\u00e9sentation de l&#8217;interface L\u2019interface de l&#8217;application est divis\u00e9e en plusieurs sections principales : Zone de saisie de formule : &#8230;<\/p>\n<p><a href=\"https:\/\/www.auditsi.eu\/?page_id=12574\" class=\"more-link\">Continue reading &lsquo;Interpr\u00e9teur de formules de calcul : Manuel d&#8217;utilisation (v1.0beta 2024\/10)&rsquo; &raquo;<\/a><\/p>\n<div style=\"padding-bottom:20px; padding-top:10px;\" class=\"hupso-share-buttons\"><!-- Hupso Share Buttons - https:\/\/www.hupso.com\/share\/ --><a class=\"hupso_counters\" href=\"https:\/\/www.hupso.com\/share\/\"><img src=\"https:\/\/static.hupso.com\/share\/buttons\/lang\/fr\/share-small.png\" style=\"border:0px; padding-top:2px; float:left;\" alt=\"Share Button\"\/><\/a><script type=\"text\/javascript\">var hupso_services_c=new Array(\"twitter\",\"facebook_like\",\"facebook_send\",\"email\",\"print\",\"linkedin\");var hupso_counters_lang = \"fr_FR\";var hupso_image_folder_url = \"\";var hupso_twitter_via=\"BenoitRiviere14\";var hupso_url_c=\"\";var hupso_title_c=\"Interpr%C3%A9teur%20de%20formules%20de%20calcul%20%3A%20Manuel%20d%27utilisation%20%28v1.0beta%202024%2F10%29\";<\/script><script type=\"text\/javascript\" src=\"https:\/\/static.hupso.com\/share\/js\/counters.js\"><\/script><!-- Hupso Share Buttons --><\/div>","protected":false},"author":1,"featured_media":0,"parent":0,"menu_order":0,"comment_status":"closed","ping_status":"closed","template":"","meta":{"advanced_seo_description":"","jetpack_seo_html_title":"","jetpack_seo_noindex":false,"ngg_post_thumbnail":0,"footnotes":"","_links_to":"","_links_to_target":""},"class_list":["post-12574","page","type-page","status-publish","hentry"],"jetpack_sharing_enabled":true,"jetpack_likes_enabled":false,"_links":{"self":[{"href":"https:\/\/www.auditsi.eu\/index.php?rest_route=\/wp\/v2\/pages\/12574","targetHints":{"allow":["GET"]}}],"collection":[{"href":"https:\/\/www.auditsi.eu\/index.php?rest_route=\/wp\/v2\/pages"}],"about":[{"href":"https:\/\/www.auditsi.eu\/index.php?rest_route=\/wp\/v2\/types\/page"}],"author":[{"embeddable":true,"href":"https:\/\/www.auditsi.eu\/index.php?rest_route=\/wp\/v2\/users\/1"}],"replies":[{"embeddable":true,"href":"https:\/\/www.auditsi.eu\/index.php?rest_route=%2Fwp%2Fv2%2Fcomments&post=12574"}],"version-history":[{"count":11,"href":"https:\/\/www.auditsi.eu\/index.php?rest_route=\/wp\/v2\/pages\/12574\/revisions"}],"predecessor-version":[{"id":12602,"href":"https:\/\/www.auditsi.eu\/index.php?rest_route=\/wp\/v2\/pages\/12574\/revisions\/12602"}],"wp:attachment":[{"href":"https:\/\/www.auditsi.eu\/index.php?rest_route=%2Fwp%2Fv2%2Fmedia&parent=12574"}],"curies":[{"name":"wp","href":"https:\/\/api.w.org\/{rel}","templated":true}]}}