{"id":11449,"date":"2023-07-12T10:26:36","date_gmt":"2023-07-12T08:26:36","guid":{"rendered":"https:\/\/www.auditsi.eu\/?page_id=11449"},"modified":"2023-07-13T11:29:24","modified_gmt":"2023-07-13T09:29:24","slug":"conversion-dun-nombre-en-lettres","status":"publish","type":"page","link":"https:\/\/www.auditsi.eu\/?page_id=11449","title":{"rendered":"Conversion d&#8217;un nombre en lettres"},"content":{"rendered":"<form method=\"post\">\n<p style=\"text-align: justify;\">Un ch\u00e8que \u00e0 remplir ? Un montant \u00e0 renseigner en toutes lettres dans un contrat ? Un doute sur l&#8217;orthographe du montant ?<\/p>\n<p style=\"text-align: justify;\">Pour convertir un nombre en lettres : saisir un nombre puis cliquer sur le bouton &#8220;Convertir en lettres&#8221;.<\/p>\n\n<p><label for=\"nombre\">Nombre : <\/label> <input min=\"0\" name=\"nombre\" required=\"\" step=\"0.01\" type=\"number\" value=\"999.99\"><\/p>\n<p><input name=\"submit\" type=\"submit\" value=\"Convertir en lettres\"><\/p>\n<\/form>\n<p style=\"text-align: justify;\">A noter :<\/p>\n<p style=\"text-align: justify;\">Le convertisseur utilise les expressions en vigueur g\u00e9n\u00e9ralement en France. 70, 80 et 90 peuvent s&#8217;\u00e9crire septante, octante (voire huitante) et nonante dans certaines r\u00e9gions francophones.<\/p>\n<p style=\"text-align: justify;\">D\u00e9finition :<\/p>\n<p style=\"text-align: justify;\">Le d\u00e9terminant num\u00e9ral cardinal (appel\u00e9 aussi adjectif num\u00e9ral cardinal) indique une quantit\u00e9, un nombre pr\u00e9cis.<\/p>\n<p style=\"text-align: justify;\">Quelques r\u00e8gles d&#8217;orthographe :<\/p>\n<ul>\n<li style=\"text-align: justify;\"><span style=\"text-decoration: underline;\">Nombres et trait d&#8217;union<\/span> (<a href=\"https:\/\/dictionnaire.lerobert.com\/guide\/nombres-et-trait-d-union\" target=\"_blank\" rel=\"noopener\">https:\/\/dictionnaire.lerobert.com\/guide\/nombres-et-trait-d-union<\/a>) :<\/li>\n<\/ul>\n<p style=\"text-align: justify;\">Le <strong>trait d&#8217;union<\/strong> est utilis\u00e9 uniquement entre les nombres qui sont inf\u00e9rieurs \u00e0 cent, quand ils ne sont pas d\u00e9j\u00e0 li\u00e9s entre eux par la conjonction et : dix-sept, quatre-vingt-dix-huit, trois mille neuf cent vingt-quatre, dix-huit mille cinq cents, trente et un, deux cent soixante, deux millions cinq cent mille. Les <strong>Rectifications de l&#8217;orthographe de 1990<\/strong> pr\u00e9conisent de mettre syst\u00e9matiquement le trait d&#8217;union entre tous les \u00e9l\u00e9ments d&#8217;un nombre compos\u00e9, qu&#8217;il soit inf\u00e9rieur ou sup\u00e9rieur \u00e0 cent, y compris s&#8217;il contient et. On peut donc \u00e9crire : trente-et-un, deux-cent-soixante, trois-mille-neuf-cent-vingt-quatre. Le <strong>convertisseur n&#8217;applique pas les pr\u00e9conisations<\/strong>.<\/p>\n<ul>\n<li style=\"text-align: justify;\"><span style=\"text-decoration: underline;\">Accords :<\/span><\/li>\n<\/ul>\n<p style=\"text-align: justify;\">\u00c0 l\u2019exception de un(e), vingt et cent, les <strong>d\u00e9terminants num\u00e9raux sont invariables<\/strong>.<\/p>\n<p style=\"text-align: justify;\">Vingt et cent <strong>s&#8217;accordent<\/strong> quand ils sont multipli\u00e9s par un nombre sans \u00eatre suivis par un autre nombre : quatre-vingts, quatre-vingt-cinq, neuf cents, neuf cent vingt et un. <strong>Exception<\/strong> : ils ne s&#8217;accordent pas lorsqu&#8217;ils ne d\u00e9signent qu&#8217;un seul \u00e9l\u00e9ment ; par exemple : place quatre-vingt, page deux cent&#8230;<\/p>\n<p style=\"text-align: justify;\">Mille est toujours invariable (mille peut s&#8217;\u00e9crire mil mais seulement dans une date).<\/p>\n<p style=\"text-align: justify;\">Millier, million et milliard sont des noms et non des adjectifs. Ils s&#8217;accordent.<\/p>\n<p style=\"text-align: justify;\">___<\/p>\n<p style=\"text-align: justify;\">Autres calculatrices en ligne : <a href=\"https:\/\/www.auditsi.eu\/?page_id=11211\">Toutes les calculatrices et simulateurs en ligne<\/a> \/ <a href=\"https:\/\/www.auditsi.eu\/?page_id=11096\">Calcul de la r\u00e9serve de participation des salari\u00e9s (RSP) avec forfait social<\/a> \/ <a href=\"https:\/\/www.auditsi.eu\/?p=1291\">Bar\u00e8me d\u2019heures de la CNCC : calculer la fourchette d\u2019heures en ligne<\/a><\/p>\n<div id=\"sconnect-is-installed\" style=\"display: none;\">2.13.0.0<\/div>\n<div id=\"sconnect-is-installed\" style=\"display: none;\">2.13.0.0<\/div>\n<div id=\"sconnect-is-installed\" style=\"display: none;\">2.13.0.0<\/div>\n<div id=\"sconnect-is-installed\" style=\"display: none;\">2.13.0.0<\/div>\n<div id=\"sconnect-is-installed\" style=\"display: none;\">2.13.0.0<\/div>\n<div id=\"sconnect-is-installed\" style=\"display: none;\">2.13.0.0<\/div>\n<div id=\"sconnect-is-installed\" style=\"display: none;\">2.13.0.0<\/div>\n<div id=\"sconnect-is-installed\" style=\"display: none;\">2.13.0.0<\/div>\n<div id=\"sconnect-is-installed\" style=\"display: none;\">2.13.0.0<\/div>\n<div id=\"sconnect-is-installed\" style=\"display: none;\">2.13.0.0<\/div>\n<div style=\"padding-bottom:20px; padding-top:10px;\" class=\"hupso-share-buttons\"><!-- Hupso Share Buttons - https:\/\/www.hupso.com\/share\/ --><a class=\"hupso_counters\" href=\"https:\/\/www.hupso.com\/share\/\"><img decoding=\"async\" src=\"https:\/\/static.hupso.com\/share\/buttons\/lang\/fr\/share-small.png\" style=\"border:0px; padding-top:2px; float:left;\" alt=\"Share Button\"\/><\/a><script type=\"text\/javascript\">var hupso_services_c=new Array(\"twitter\",\"facebook_like\",\"facebook_send\",\"email\",\"print\",\"linkedin\");var hupso_counters_lang = \"fr_FR\";var hupso_image_folder_url = \"\";var hupso_twitter_via=\"BenoitRiviere14\";var hupso_url_c=\"\";var hupso_title_c=\"Conversion%20d%27un%20nombre%20en%20lettres\";<\/script><script type=\"text\/javascript\" src=\"https:\/\/static.hupso.com\/share\/js\/counters.js\"><\/script><!-- Hupso Share Buttons --><\/div>","protected":false},"excerpt":{"rendered":"<p>Un ch\u00e8que \u00e0 remplir ? Un montant \u00e0 renseigner en toutes lettres dans un contrat ? Un doute sur l&#8217;orthographe du montant ? Pour convertir un nombre en lettres : saisir un nombre puis cliquer sur le bouton &#8220;Convertir en lettres&#8221;. Nombre : A noter : Le convertisseur utilise les expressions en vigueur g\u00e9n\u00e9ralement en &#8230;<\/p>\n<p><a href=\"https:\/\/www.auditsi.eu\/?page_id=11449\" class=\"more-link\">Continue reading &lsquo;Conversion d&#8217;un nombre en lettres&rsquo; &raquo;<\/a><\/p>\n<div style=\"padding-bottom:20px; padding-top:10px;\" class=\"hupso-share-buttons\"><!-- Hupso Share Buttons - https:\/\/www.hupso.com\/share\/ --><a class=\"hupso_counters\" href=\"https:\/\/www.hupso.com\/share\/\"><img src=\"https:\/\/static.hupso.com\/share\/buttons\/lang\/fr\/share-small.png\" style=\"border:0px; padding-top:2px; float:left;\" alt=\"Share Button\"\/><\/a><script type=\"text\/javascript\">var hupso_services_c=new Array(\"twitter\",\"facebook_like\",\"facebook_send\",\"email\",\"print\",\"linkedin\");var hupso_counters_lang = \"fr_FR\";var hupso_image_folder_url = \"\";var hupso_twitter_via=\"BenoitRiviere14\";var hupso_url_c=\"\";var hupso_title_c=\"Conversion%20d%27un%20nombre%20en%20lettres\";<\/script><script type=\"text\/javascript\" src=\"https:\/\/static.hupso.com\/share\/js\/counters.js\"><\/script><!-- Hupso Share Buttons --><\/div>","protected":false},"author":1,"featured_media":0,"parent":0,"menu_order":0,"comment_status":"closed","ping_status":"closed","template":"","meta":{"advanced_seo_description":"","jetpack_seo_html_title":"","jetpack_seo_noindex":false,"ngg_post_thumbnail":0,"footnotes":"","_links_to":"","_links_to_target":""},"class_list":["post-11449","page","type-page","status-publish","hentry"],"jetpack_sharing_enabled":true,"jetpack_likes_enabled":false,"_links":{"self":[{"href":"https:\/\/www.auditsi.eu\/index.php?rest_route=\/wp\/v2\/pages\/11449","targetHints":{"allow":["GET"]}}],"collection":[{"href":"https:\/\/www.auditsi.eu\/index.php?rest_route=\/wp\/v2\/pages"}],"about":[{"href":"https:\/\/www.auditsi.eu\/index.php?rest_route=\/wp\/v2\/types\/page"}],"author":[{"embeddable":true,"href":"https:\/\/www.auditsi.eu\/index.php?rest_route=\/wp\/v2\/users\/1"}],"replies":[{"embeddable":true,"href":"https:\/\/www.auditsi.eu\/index.php?rest_route=%2Fwp%2Fv2%2Fcomments&post=11449"}],"version-history":[{"count":10,"href":"https:\/\/www.auditsi.eu\/index.php?rest_route=\/wp\/v2\/pages\/11449\/revisions"}],"predecessor-version":[{"id":11451,"href":"https:\/\/www.auditsi.eu\/index.php?rest_route=\/wp\/v2\/pages\/11449\/revisions\/11451"}],"wp:attachment":[{"href":"https:\/\/www.auditsi.eu\/index.php?rest_route=%2Fwp%2Fv2%2Fmedia&parent=11449"}],"curies":[{"name":"wp","href":"https:\/\/api.w.org\/{rel}","templated":true}]}}