{"id":11304,"date":"2023-03-19T18:03:28","date_gmt":"2023-03-19T17:03:28","guid":{"rendered":"https:\/\/www.auditsi.eu\/?page_id=11304"},"modified":"2023-03-19T18:22:00","modified_gmt":"2023-03-19T17:22:00","slug":"rechercher-des-informations-sur-les-entreprises-francaises-recherche-en-ligne","status":"publish","type":"page","link":"https:\/\/www.auditsi.eu\/?page_id=11304","title":{"rendered":"Rechercher des informations sur les entreprises fran\u00e7aises (recherche en ligne)"},"content":{"rendered":"<form method=\"post\">\n<p style=\"text-align: justify;\"><strong>VERSION BETA 19\/03\/2023 EN COURS DE VALIDATION &#8211; Merci de remonter vos commentaires \u00e0 contact@auditsi.eu<\/strong><\/p>\n<p style=\"text-align: justify;\">S\u2019informer sur ses partenaires commerciaux ou financiers, actuels ou \u00e0 venir, est crucial avant de conclure un contrat important, d\u2019acqu\u00e9rir une entreprise ou encore pour documenter les fiches tiers (en conformit\u00e9 avec la PAF et la <a href=\"https:\/\/www.auditsi.eu\/?tag=loi-sapin-2\">loi SAPIN 2<\/a>). La collecte d&#8217;informations fiables est facilit\u00e9e par de nombreuses sources d\u2019informations disponibles. C&#8217;est l&#8217;objet de cette application en ligne. Les sources d&#8217;informations sont d\u00e9taill\u00e9es ci-apr\u00e8s.<\/p>\n<p style=\"text-align: justify;\">Pour rechercher des informations : renseigner le num\u00e9ro SIREN ou la d\u00e9nomination sociale puis cliquer sur le bouton &#8220;Rechercher&#8221;.<\/p>\n\n<p><em>Crit\u00e8res de recherche :<\/em><\/p>\n<p><label for=\"SIREN_INFOENT\">Num\u00e9ro SIREN : <\/label> <input max=\"999999999\" min=\"0\" name=\"SIREN_INFOENT\" type=\"number\"><\/p>\n<p style=\"text-align: justify;\">Ou<\/p>\n<p><label for=\"Denom_INFOENT\">D\u00e9nomination sociale : <\/label> <input name=\"Denom_INFOENT\" type=\"text\"><\/p>\n<p><input name=\"submit\" type=\"submit\" value=\"Rechercher\"><\/p>\n<\/form>\n<p style=\"text-align: justify;\">___<\/p>\n<p style=\"text-align: justify;\"><span style=\"text-decoration: underline;\"><em>Pr\u00e9cisions sur les sources d&#8217;information :<\/em><\/span><\/p>\n<p style=\"text-align: justify;\">Sources d&#8217;informations accessibles \u00e0 partir de la saisie du num\u00e9ro SIREN :<\/p>\n<ul>\n<li><strong>Pappers<\/strong> : acc\u00e8s \u00e0 toute la documentation juridique et comptable publi\u00e9e par les entreprises (<strong>comptes annuels, rapports des commissaires aux comptes statuts<\/strong>, Statuts, PV d\u2019assembl\u00e9es g\u00e9n\u00e9rales, avis de situation SIRENE, dirigeants, RBE&#8230;). Plus d&#8217;information sur ce service : <a href=\"https:\/\/www.auditsi.eu\/?p=9178\">suivre ce lien<\/a>.<\/li>\n<li><strong>Societe.Ninja<\/strong> : Le site renvoie de nombreuses informations communiqu\u00e9es aux greffes des tribunaux de commerce : comptes annuels, rapports des commissaires aux comptes statuts, PV d\u2019assembl\u00e9es g\u00e9n\u00e9rales, publicit\u00e9s au BODACC\u2026 Ces documents \u00e9tant t\u00e9l\u00e9chargeables librement au format PDF pour la plupart. Le site met \u00e9galement \u00e0 disposition les <strong>conventions collectives (CCN)<\/strong>, les <strong>accords d\u2019entreprise<\/strong> (par exemple : accords sur le temps de travail, la formation\u2026), les informations sur les <strong>marques, brevets, dessins et mod\u00e8les d\u00e9pos\u00e9s<\/strong>\u2026 Plus d&#8217;information sur ce service : <a href=\"https:\/\/www.auditsi.eu\/?p=9421\">suivre ce lien<\/a>.<\/li>\n<li><strong>PPLE (pour Portail de la Publicit\u00e9 L\u00e9gale des Entreprises)<\/strong> : ce site centralise la <strong>publicit\u00e9 l\u00e9gale des entreprises<\/strong> fran\u00e7aises \u00e0 partir des trois sites partenaires Actulegales.fr (site officiel des annonces l\u00e9gales d\u2019entreprises qui diffuse toutes les annonces publi\u00e9es dans les JAL), Infogreffe.fr (site des greffes des tribunaux de commerce) et <strong>Bodacc<\/strong>.fr (site du bulletin officiel des annonces civiles et commerciales). Plus d&#8217;information sur ce service : <a href=\"https:\/\/www.auditsi.eu\/?p=9269\">suivre ce lien<\/a>.<\/li>\n<li>Calcul du <strong>num\u00e9ro de TVA intracommunautaire<\/strong> : ce num\u00e9ro identifie les entreprises au niveau du march\u00e9 unique europ\u00e9en. Il permet aux assujettis \u00e0 la TVA, \u00e9tablis dans deux Etats membres de l\u2019UE diff\u00e9rents, d\u2019exon\u00e9rer de TVA les op\u00e9rations intracommunautaires qu\u2019ils r\u00e9alisent entre eux. Il appartient au vendeur de valider, entre autres, l\u2019existence du num\u00e9ro de TVA intracommunautaire de son client (sous peine d\u2019\u00eatre solidairement redevable, avec le client, du paiement de la TVA ind\u00fbment \u00e9lud\u00e9e en cas de fraude). Cette application calcule le num\u00e9ro de TVA intracommunautaire (r\u00e8gles de calcul : <a href=\"https:\/\/www.auditsi.eu\/?p=6739\">cf ce lien<\/a>). L&#8217;utilisateur doit <strong>obligatoirement v\u00e9rifier la validit\u00e9 de ce num\u00e9ro<\/strong> avant de l&#8217;utiliser sur le site <a href=\"http:\/\/V\u00e9rifier l\u2019existence d\u2019un num\u00e9ro&nbsp;: https:\/\/ec.europa.eu\/taxation_customs\/vies\/#\/vat-validation\">VIES (Commission europ\u00e9enne)<\/a>.<\/li>\n<\/ul>\n<p style=\"text-align: justify;\">Sources d&#8217;informations accessibles \u00e0 partir de la d\u00e9nomination sociale :<\/p>\n<ul>\n<li><strong>L\u00e9gifrance<\/strong> donne acc\u00e8s \u00e0 une large documentation jurisprudentielle (jurisprudence constitutionnelle, administrative, judiciaire, d\u00e9cisions de la CNIL) ainsi qu\u2019aux accords d\u2019entreprise, de branche et conventions collectives. Plus d&#8217;information sur ce service : <a href=\"https:\/\/www.auditsi.eu\/?p=10354\">suivre ce lien<\/a>.<\/li>\n<li><strong>Pappers Justice<\/strong> permet de rechercher les d\u00e9cisions du Conseil d\u2019\u00c9tat et de la Cour de cassation, des cours administratives d\u2019appel, des cours d\u2019appel en mati\u00e8re civile, sociale et commerciale et des tribunaux administratifs. Plus d&#8217;information sur ce service : <a href=\"https:\/\/www.auditsi.eu\/?p=10354\">suivre ce lien<\/a>.<\/li>\n<\/ul>\n<p style=\"text-align: justify;\">Autres sources d&#8217;informations dans le cadre de l&#8217;\u00e9valuation de l\u2019<strong>int\u00e9grit\u00e9 des tiers (Loi SAPIN 2)<\/strong> (listes nominatives de gel ou de restriction, ETNC, validation de num\u00e9ros douaniers EORI&#8230;) : <a href=\"https:\/\/www.auditsi.eu\/?p=11279\">suivre ce lien<\/a>.<\/p>\n<p style=\"text-align: justify;\">Pour rechercher des informations sur des associations, fondations ou fonds de dotation : <a href=\"https:\/\/www.auditsi.eu\/?p=9269\">suivre ce lien<\/a>.<\/p>\n<p style=\"text-align: justify;\">___<\/p>\n<p style=\"text-align: justify;\">Autres calculatrices en ligne : <a href=\"https:\/\/www.auditsi.eu\/?page_id=11211\">Toutes les calculatrices et simulateurs en ligne<\/a> \/&nbsp;<a href=\"https:\/\/www.auditsi.eu\/?page_id=11106\">Calcul d&#8217;un \u00e9ch\u00e9ancier d&#8217;emprunt<\/a> \/ <a href=\"https:\/\/www.auditsi.eu\/?p=1291\">Bar\u00e8me d\u2019heures de la CNCC : calculer la fourchette d\u2019heures en ligne<\/a><\/p>\n<div id=\"sconnect-is-installed\" style=\"display: none;\">2.13.0.0<\/div>\n<div id=\"sconnect-is-installed\" style=\"display: none;\">2.13.0.0<\/div>\n<div id=\"sconnect-is-installed\" style=\"display: none;\">2.13.0.0<\/div>\n<div id=\"sconnect-is-installed\" style=\"display: none;\">2.13.0.0<\/div>\n<div id=\"sconnect-is-installed\" style=\"display: none;\">2.13.0.0<\/div>\n<div id=\"sconnect-is-installed\" style=\"display: none;\">2.13.0.0<\/div>\n<div id=\"sconnect-is-installed\" style=\"display: none;\">2.13.0.0<\/div>\n<div id=\"sconnect-is-installed\" style=\"display: none;\">2.13.0.0<\/div>\n<div id=\"sconnect-is-installed\" style=\"display: none;\">2.13.0.0<\/div>\n<div id=\"sconnect-is-installed\" style=\"display: none;\">2.13.0.0<\/div>\n<div id=\"sconnect-is-installed\" style=\"display: none;\">2.13.0.0<\/div>\n<div id=\"sconnect-is-installed\" style=\"display: none;\">2.13.0.0<\/div>\n<div id=\"sconnect-is-installed\" style=\"display: none;\">2.13.0.0<\/div>\n<div id=\"sconnect-is-installed\" style=\"display: none;\">2.13.0.0<\/div>\n<div id=\"sconnect-is-installed\" style=\"display: none;\">2.13.0.0<\/div>\n<div id=\"sconnect-is-installed\" style=\"display: none;\">2.13.0.0<\/div>\n<div id=\"sconnect-is-installed\" style=\"display: none;\">2.13.0.0<\/div>\n<div id=\"sconnect-is-installed\" style=\"display: none;\">2.13.0.0<\/div>\n<div id=\"sconnect-is-installed\" style=\"display: none;\">2.13.0.0<\/div>\n<div id=\"sconnect-is-installed\" style=\"display: none;\">2.13.0.0<\/div>\n<div id=\"sconnect-is-installed\" style=\"display: none;\">2.13.0.0<\/div>\n<div id=\"sconnect-is-installed\" style=\"display: none;\">2.13.0.0<\/div>\n<div id=\"sconnect-is-installed\" style=\"display: none;\">2.13.0.0<\/div>\n<div id=\"sconnect-is-installed\" style=\"display: none;\">2.13.0.0<\/div>\n<div style=\"padding-bottom:20px; padding-top:10px;\" class=\"hupso-share-buttons\"><!-- Hupso Share Buttons - https:\/\/www.hupso.com\/share\/ --><a class=\"hupso_counters\" href=\"https:\/\/www.hupso.com\/share\/\"><img decoding=\"async\" src=\"https:\/\/static.hupso.com\/share\/buttons\/lang\/fr\/share-small.png\" style=\"border:0px; padding-top:2px; float:left;\" alt=\"Share Button\"\/><\/a><script type=\"text\/javascript\">var hupso_services_c=new Array(\"twitter\",\"facebook_like\",\"facebook_send\",\"email\",\"print\",\"linkedin\");var hupso_counters_lang = \"fr_FR\";var hupso_image_folder_url = \"\";var hupso_twitter_via=\"BenoitRiviere14\";var hupso_url_c=\"\";var hupso_title_c=\"Rechercher%20des%20informations%20sur%20les%20entreprises%20fran%C3%A7aises%20%28recherche%20en%20ligne%29\";<\/script><script type=\"text\/javascript\" src=\"https:\/\/static.hupso.com\/share\/js\/counters.js\"><\/script><!-- Hupso Share Buttons --><\/div>","protected":false},"excerpt":{"rendered":"<p>VERSION BETA 19\/03\/2023 EN COURS DE VALIDATION &#8211; Merci de remonter vos commentaires \u00e0 contact@auditsi.eu S\u2019informer sur ses partenaires commerciaux ou financiers, actuels ou \u00e0 venir, est crucial avant de conclure un contrat important, d\u2019acqu\u00e9rir une entreprise ou encore pour documenter les fiches tiers (en conformit\u00e9 avec la PAF et la loi SAPIN 2). La &#8230;<\/p>\n<p><a href=\"https:\/\/www.auditsi.eu\/?page_id=11304\" class=\"more-link\">Continue reading &lsquo;Rechercher des informations sur les entreprises fran\u00e7aises (recherche en ligne)&rsquo; &raquo;<\/a><\/p>\n<div style=\"padding-bottom:20px; padding-top:10px;\" class=\"hupso-share-buttons\"><!-- Hupso Share Buttons - https:\/\/www.hupso.com\/share\/ --><a class=\"hupso_counters\" href=\"https:\/\/www.hupso.com\/share\/\"><img src=\"https:\/\/static.hupso.com\/share\/buttons\/lang\/fr\/share-small.png\" style=\"border:0px; padding-top:2px; float:left;\" alt=\"Share Button\"\/><\/a><script type=\"text\/javascript\">var hupso_services_c=new Array(\"twitter\",\"facebook_like\",\"facebook_send\",\"email\",\"print\",\"linkedin\");var hupso_counters_lang = \"fr_FR\";var hupso_image_folder_url = \"\";var hupso_twitter_via=\"BenoitRiviere14\";var hupso_url_c=\"\";var hupso_title_c=\"Rechercher%20des%20informations%20sur%20les%20entreprises%20fran%C3%A7aises%20%28recherche%20en%20ligne%29\";<\/script><script type=\"text\/javascript\" src=\"https:\/\/static.hupso.com\/share\/js\/counters.js\"><\/script><!-- Hupso Share Buttons --><\/div>","protected":false},"author":1,"featured_media":0,"parent":0,"menu_order":0,"comment_status":"closed","ping_status":"closed","template":"","meta":{"advanced_seo_description":"","jetpack_seo_html_title":"","jetpack_seo_noindex":false,"ngg_post_thumbnail":0,"footnotes":"","_links_to":"","_links_to_target":""},"class_list":["post-11304","page","type-page","status-publish","hentry"],"jetpack_sharing_enabled":true,"jetpack_likes_enabled":false,"_links":{"self":[{"href":"https:\/\/www.auditsi.eu\/index.php?rest_route=\/wp\/v2\/pages\/11304","targetHints":{"allow":["GET"]}}],"collection":[{"href":"https:\/\/www.auditsi.eu\/index.php?rest_route=\/wp\/v2\/pages"}],"about":[{"href":"https:\/\/www.auditsi.eu\/index.php?rest_route=\/wp\/v2\/types\/page"}],"author":[{"embeddable":true,"href":"https:\/\/www.auditsi.eu\/index.php?rest_route=\/wp\/v2\/users\/1"}],"replies":[{"embeddable":true,"href":"https:\/\/www.auditsi.eu\/index.php?rest_route=%2Fwp%2Fv2%2Fcomments&post=11304"}],"version-history":[{"count":7,"href":"https:\/\/www.auditsi.eu\/index.php?rest_route=\/wp\/v2\/pages\/11304\/revisions"}],"predecessor-version":[{"id":11310,"href":"https:\/\/www.auditsi.eu\/index.php?rest_route=\/wp\/v2\/pages\/11304\/revisions\/11310"}],"wp:attachment":[{"href":"https:\/\/www.auditsi.eu\/index.php?rest_route=%2Fwp%2Fv2%2Fmedia&parent=11304"}],"curies":[{"name":"wp","href":"https:\/\/api.w.org\/{rel}","templated":true}]}}