{"id":11226,"date":"2023-03-13T13:52:23","date_gmt":"2023-03-13T12:52:23","guid":{"rendered":"https:\/\/www.auditsi.eu\/?page_id=11226"},"modified":"2023-03-18T11:58:48","modified_gmt":"2023-03-18T10:58:48","slug":"calcul-de-la-tva-sur-marge-globale-a-payer-calculette-en-ligne","status":"publish","type":"page","link":"https:\/\/www.auditsi.eu\/?page_id=11226","title":{"rendered":"Calcul de la TVA sur marge globale \u00e0 payer (calculette en ligne)"},"content":{"rendered":"<form method=\"post\">\n<p style=\"text-align: justify;\"><strong>VERSION BETA 13\/03\/2023 EN COURS DE VALIDATION &#8211; Merci de remonter vos commentaires \u00e0 contact@auditsi.eu<\/strong><\/p>\n<p style=\"text-align: justify;\">Ce simulateur calcule le montant de la TVA sur marge globale du mois \u00e0 comptabiliser et \u00e0 d\u00e9clarer sur CA3 par les assujettis-revendeurs de biens d&#8217;occasion.<\/p>\n<p style=\"text-align: justify;\">Pour utiliser cette calculatrice en ligne : renseigner ci-apr\u00e8s les crit\u00e8res de calcul puis cliquer sur le bouton &#8220;Calculer la TVA&#8221;.<\/p>\n<p style=\"text-align: justify;\">Calcul de la TVA sur marge globale<\/p>\n\n<p><em>Crit\u00e8res de calcul :<\/em><\/p>\n<p><label for=\"CA_MG\">Ventes factur\u00e9es du mois (en \u20ac) : <\/label> <input min=\"0\" name=\"CA_MG\" required=\"\" type=\"number\" value=\"894175\"><\/p>\n<p><label for=\"PAVtes_MG\">Prix d&#8217;achat des ventes (en \u20ac) : <\/label> <input min=\"0\" name=\"PAVtes_MG\" required=\"\" type=\"number\" value=\"849714\"><\/p>\n<p><label for=\"PA_MG\">Achat du mois (en \u20ac) : <\/label> <input min=\"0\" name=\"PA_MG\" required=\"\" type=\"number\" value=\"818527\"><\/p>\n<p><label for=\"ExcAchm1_MG\">Exc\u00e9dent d&#8217;achat \u00e0 fin m-1 (en \u20ac) : <\/label> <input min=\"0\" name=\"ExcAchm1_MG\" required=\"\" type=\"number\" value=\"640634\"><\/p>\n<p><label for=\"VarStockN1_MG\">Variation de stock N-1 (CA3 janvier N) (en \u20ac) : <\/label> <input name=\"VarStockN1_MG\" required=\"\" type=\"number\" value=\"67887\"><\/p>\n<p><label for=\"SoldeTVAm1_MG\">Solde de la TVA \u00e0 r\u00e9gulariser \u00e0 fin m-1 (en \u20ac) : <\/label> <input name=\"SoldeTVAm1_MG\" required=\"\" type=\"number\" value=\"118084\"><\/p>\n<p><label for=\"tx_TVA\">Taux de TVA (%) : <\/label> <input max=\"100\" min=\"0\" name=\"tx_TVA\" required=\"\" step=\"0.01\" type=\"number\" value=\"20\"><\/p>\n<p><input name=\"submit\" type=\"submit\" value=\"Calculer la TVA\"><\/p>\n<\/form>\n<p style=\"text-align: justify;\"><strong><em>Pr\u00e9cisions sur les crit\u00e8res de calcul de la TVA sur marge globale :<\/em><\/strong><\/p>\n<p style=\"text-align: justify;\">Le fonctionnement du r\u00e9gime de la TVA sur marge globale est d\u00e9crit dans la <a href=\"https:\/\/www.auditsi.eu\/?cat=2516\">s\u00e9rie d&#8217;articles sur la TVA sur marge<\/a> (cf <a href=\"https:\/\/www.auditsi.eu\/?p=9930\">exemples chiffr\u00e9s<\/a>).<\/p>\n<p style=\"text-align: justify;\"><label for=\"CA_MG\">Ventes factur\u00e9es du mois<\/label> : il s&#8217;agit du cumul des montants factur\u00e9s (chiffre d&#8217;affaires) taxables sur la marge durant le mois (hors <a href=\"https:\/\/www.auditsi.eu\/?p=9770\">ventes de VHU destin\u00e9s \u00e0 la casse<\/a>).<\/p>\n<p style=\"text-align: justify;\">Prix d&#8217;achat des ventes : il s&#8217;agit du cumul du prix d&#8217;achat des produits qui ont \u00e9t\u00e9 factur\u00e9s dans le mois (hors ventes de VHU).<\/p>\n<p style=\"text-align: justify;\">Achats du mois : il s&#8217;agit du cumul des achats taxables sur la marge r\u00e9alis\u00e9s dans le mois (que ces achats soient revendus dans le mois ou non) (hors VHU).<\/p>\n<p style=\"text-align: justify;\">Variation de stock N-1 (taxable sur la marge ; donc hors VHU) : <a href=\"https:\/\/www.auditsi.eu\/?p=9864\">r\u00e9gularisation annuelle des stocks<\/a> \u00e0 r\u00e9aliser en janvier (quelle que soit la date de cl\u00f4ture de l&#8217;exercice). La p\u00e9riode N-1 fait r\u00e9f\u00e9rence \u00e0 janvier N-1 \u00e0 d\u00e9cembre N-1 (le dispositif fiscal de la TVA sur marge globale est obligatoirement cal\u00e9 sur l&#8217;ann\u00e9e civile).<\/p>\n<p style=\"text-align: justify;\">Solde de la TVA \u00e0 r\u00e9gulariser \u00e0 fin m-1 : correspond au stock de TVA \u00e0 r\u00e9gulariser \u00e0 la fin du mois pr\u00e9c\u00e9dent (compte 44584x).<\/p>\n<p style=\"text-align: justify;\">Variation de stock N (taxable sur la marge ; donc hors VHU) : variation calcul\u00e9e du 1er janvier N \u00e0 la fin du mois en cours. Cette variation n&#8217;est pas prise en compte pour le calcul de la TVA \u00e0 payer (la r\u00e9gularisation annuelle des stocks n&#8217;\u00e9tant autoris\u00e9e qu&#8217;en janvier N+1). Elle est utilis\u00e9e \u00e0 des fins de justification de l&#8217;\u00e9cart entre la marge comptable (port\u00e9e en comptabilit\u00e9) et la marge fiscale (d\u00e9clar\u00e9e sur CA3).<\/p>\n<p style=\"text-align: justify;\">___<\/p>\n<p style=\"text-align: justify;\">Calculatrices en ligne : <a href=\"https:\/\/www.auditsi.eu\/?page_id=11211\">Toutes les calculatrices et simulateurs en ligne<\/a> \/&nbsp;<a href=\"https:\/\/www.auditsi.eu\/?page_id=11096\">Calcul de la r\u00e9serve de participation des salari\u00e9s (RSP) avec forfait social<\/a> \/ <a href=\"https:\/\/www.auditsi.eu\/?p=1291\">Bar\u00e8me d\u2019heures de la CNCC : calculer la fourchette d\u2019heures en ligne<\/a><\/p>\n<div id=\"sconnect-is-installed\" style=\"display: none; text-align: justify;\">2.13.0.0<\/div>\n<div id=\"sconnect-is-installed\" style=\"display: none;\">2.13.0.0<\/div>\n<div id=\"sconnect-is-installed\" style=\"display: none;\">2.13.0.0<\/div>\n<div id=\"sconnect-is-installed\" style=\"display: none;\">2.13.0.0<\/div>\n<div id=\"sconnect-is-installed\" style=\"display: none;\">2.13.0.0<\/div>\n<div id=\"sconnect-is-installed\" style=\"display: none;\">2.13.0.0<\/div>\n<div id=\"sconnect-is-installed\" style=\"display: none;\">2.13.0.0<\/div>\n<div id=\"sconnect-is-installed\" style=\"display: none;\">2.13.0.0<\/div>\n<div id=\"sconnect-is-installed\" style=\"display: none;\">2.13.0.0<\/div>\n<div id=\"sconnect-is-installed\" style=\"display: none;\">2.13.0.0<\/div>\n<div id=\"sconnect-is-installed\" style=\"display: none;\">2.13.0.0<\/div>\n<div id=\"sconnect-is-installed\" style=\"display: none;\">2.13.0.0<\/div>\n<div id=\"sconnect-is-installed\" style=\"display: none;\">2.13.0.0<\/div>\n<div id=\"sconnect-is-installed\" style=\"display: none;\">2.13.0.0<\/div>\n<div id=\"sconnect-is-installed\" style=\"display: none;\">2.13.0.0<\/div>\n<div id=\"sconnect-is-installed\" style=\"display: none;\">2.13.0.0<\/div>\n<div id=\"sconnect-is-installed\" style=\"display: none;\">2.13.0.0<\/div>\n<div id=\"sconnect-is-installed\" style=\"display: none;\">2.13.0.0<\/div>\n<div style=\"padding-bottom:20px; padding-top:10px;\" class=\"hupso-share-buttons\"><!-- Hupso Share Buttons - https:\/\/www.hupso.com\/share\/ --><a class=\"hupso_counters\" href=\"https:\/\/www.hupso.com\/share\/\"><img decoding=\"async\" src=\"https:\/\/static.hupso.com\/share\/buttons\/lang\/fr\/share-small.png\" style=\"border:0px; padding-top:2px; float:left;\" alt=\"Share Button\"\/><\/a><script type=\"text\/javascript\">var hupso_services_c=new Array(\"twitter\",\"facebook_like\",\"facebook_send\",\"email\",\"print\",\"linkedin\");var hupso_counters_lang = \"fr_FR\";var hupso_image_folder_url = \"\";var hupso_twitter_via=\"BenoitRiviere14\";var hupso_url_c=\"\";var hupso_title_c=\"Calcul%20de%20la%20TVA%20sur%20marge%20globale%20%C3%A0%20payer%20%28calculette%20en%20ligne%29\";<\/script><script type=\"text\/javascript\" src=\"https:\/\/static.hupso.com\/share\/js\/counters.js\"><\/script><!-- Hupso Share Buttons --><\/div>","protected":false},"excerpt":{"rendered":"<p>VERSION BETA 13\/03\/2023 EN COURS DE VALIDATION &#8211; Merci de remonter vos commentaires \u00e0 contact@auditsi.eu Ce simulateur calcule le montant de la TVA sur marge globale du mois \u00e0 comptabiliser et \u00e0 d\u00e9clarer sur CA3 par les assujettis-revendeurs de biens d&#8217;occasion. Pour utiliser cette calculatrice en ligne : renseigner ci-apr\u00e8s les crit\u00e8res de calcul puis &#8230;<\/p>\n<p><a href=\"https:\/\/www.auditsi.eu\/?page_id=11226\" class=\"more-link\">Continue reading &lsquo;Calcul de la TVA sur marge globale \u00e0 payer (calculette en ligne)&rsquo; &raquo;<\/a><\/p>\n<div style=\"padding-bottom:20px; padding-top:10px;\" class=\"hupso-share-buttons\"><!-- Hupso Share Buttons - https:\/\/www.hupso.com\/share\/ --><a class=\"hupso_counters\" href=\"https:\/\/www.hupso.com\/share\/\"><img src=\"https:\/\/static.hupso.com\/share\/buttons\/lang\/fr\/share-small.png\" style=\"border:0px; padding-top:2px; float:left;\" alt=\"Share Button\"\/><\/a><script type=\"text\/javascript\">var hupso_services_c=new Array(\"twitter\",\"facebook_like\",\"facebook_send\",\"email\",\"print\",\"linkedin\");var hupso_counters_lang = \"fr_FR\";var hupso_image_folder_url = \"\";var hupso_twitter_via=\"BenoitRiviere14\";var hupso_url_c=\"\";var hupso_title_c=\"Calcul%20de%20la%20TVA%20sur%20marge%20globale%20%C3%A0%20payer%20%28calculette%20en%20ligne%29\";<\/script><script type=\"text\/javascript\" src=\"https:\/\/static.hupso.com\/share\/js\/counters.js\"><\/script><!-- Hupso Share Buttons --><\/div>","protected":false},"author":1,"featured_media":0,"parent":0,"menu_order":0,"comment_status":"closed","ping_status":"closed","template":"","meta":{"advanced_seo_description":"","jetpack_seo_html_title":"","jetpack_seo_noindex":false,"ngg_post_thumbnail":0,"footnotes":"","_links_to":"","_links_to_target":""},"class_list":["post-11226","page","type-page","status-publish","hentry"],"jetpack_sharing_enabled":true,"jetpack_likes_enabled":false,"_links":{"self":[{"href":"https:\/\/www.auditsi.eu\/index.php?rest_route=\/wp\/v2\/pages\/11226","targetHints":{"allow":["GET"]}}],"collection":[{"href":"https:\/\/www.auditsi.eu\/index.php?rest_route=\/wp\/v2\/pages"}],"about":[{"href":"https:\/\/www.auditsi.eu\/index.php?rest_route=\/wp\/v2\/types\/page"}],"author":[{"embeddable":true,"href":"https:\/\/www.auditsi.eu\/index.php?rest_route=\/wp\/v2\/users\/1"}],"replies":[{"embeddable":true,"href":"https:\/\/www.auditsi.eu\/index.php?rest_route=%2Fwp%2Fv2%2Fcomments&post=11226"}],"version-history":[{"count":20,"href":"https:\/\/www.auditsi.eu\/index.php?rest_route=\/wp\/v2\/pages\/11226\/revisions"}],"predecessor-version":[{"id":11291,"href":"https:\/\/www.auditsi.eu\/index.php?rest_route=\/wp\/v2\/pages\/11226\/revisions\/11291"}],"wp:attachment":[{"href":"https:\/\/www.auditsi.eu\/index.php?rest_route=%2Fwp%2Fv2%2Fmedia&parent=11226"}],"curies":[{"name":"wp","href":"https:\/\/api.w.org\/{rel}","templated":true}]}}