{"id":11211,"date":"2023-03-09T23:36:37","date_gmt":"2023-03-09T22:36:37","guid":{"rendered":"https:\/\/www.auditsi.eu\/?page_id=11211"},"modified":"2025-07-28T19:35:04","modified_gmt":"2025-07-28T17:35:04","slug":"liste-des-calculatrices-et-simulateurs-disponibles-en-ligne","status":"publish","type":"page","link":"https:\/\/www.auditsi.eu\/?page_id=11211","title":{"rendered":"Calculatrices et simulateurs en ligne"},"content":{"rendered":"<p>Liste des calculatrices et simulateurs disponibles en ligne<\/p>\n<ul>\n<li><a href=\"https:\/\/www.auditsi.eu\/?page_id=12786\">Analyse de FEC en ligne<\/a> (extraction d&#8217;\u00e9critures, loi de Benford&#8230;)<\/li>\n<\/ul>\n<p style=\"text-align: justify;\">Informations juridiques :<\/p>\n<ul>\n<li><a href=\"https:\/\/www.auditsi.eu\/?page_id=11304\">Rechercher des informations sur les entreprises fran\u00e7aises<\/a> : informations juridiques et financi\u00e8res, publicit\u00e9 l\u00e9gale, d\u00e9cisions de justice, marques et brevets d\u00e9pos\u00e9s, accords d&#8217;entreprise, CCN&#8230;<\/li>\n<\/ul>\n<p style=\"text-align: justify;\">Social :<\/p>\n<ul>\n<li><a href=\"https:\/\/www.auditsi.eu\/?page_id=11096\">Calcul de la participation des salari\u00e9s (RSP) avec prise en compte du forfait social<\/a><\/li>\n<li><a href=\"https:\/\/mon-entreprise.urssaf.fr\/simulateurs\/salaire-brut-net\" target=\"_blank\" rel=\"noopener\">Calcul du salaire brut en net : estimer le co\u00fbt d&#8217;un salari\u00e9 (URSSAF)<\/a><\/li>\n<\/ul>\n<p style=\"text-align: justify;\">Amortissement et financement des investissements mobiliers et immobiliers (immeubles, travaux&#8230;) :<\/p>\n<ul>\n<li><a href=\"https:\/\/www.auditsi.eu\/?page_id=11106\">Calcul d\u2019\u00e9ch\u00e9ancier d\u2019emprunts<\/a><\/li>\n<li><a href=\"https:\/\/www.auditsi.eu\/?page_id=11203\">Calcul d\u2019un plan d\u2019amortissement d\u2019une immobilisation<\/a><\/li>\n<li>Autres outils de calcul : <a href=\"https:\/\/www.auditsi.eu\/?p=10910\">estimer la valeur d&#8217;un bien immobilier (\u00e0 acqu\u00e9rir ou en vue d&#8217;une cession), \u00e9valuer les frais d&#8217;acquisition (&#8220;frais de notaire&#8221;), ventiler le co\u00fbt d&#8217;acquisition d&#8217;un bien immobilier entre le terrain (non-amortissable) et la construction (amortissable)<\/a><\/li>\n<\/ul>\n<p style=\"text-align: justify;\">Imp\u00f4ts et taxes :<\/p>\n<ul>\n<li><a href=\"https:\/\/www.auditsi.eu\/?page_id=11226\">Calcul de la TVA sur marge globale \u00e0 comptabiliser et \u00e0 d\u00e9clarer sur CA3<\/a> (assujettis-revendeurs de biens d&#8217;occasion)<\/li>\n<li><a href=\"https:\/\/www.auditsi.eu\/?page_id=11219\">Calcul de la Contribution Sociale de Solidarit\u00e9 des Soci\u00e9t\u00e9s (C3S)<\/a><\/li>\n<li><a href=\"http:\/\/www2.impots.gouv.fr\/simulateur\/tascom\/index1.html\" target=\"_blank\" rel=\"noopener\">Calcul de la TAxe sur les Surfaces COMmerciales (TASCOM)<\/a><\/li>\n<\/ul>\n<p style=\"text-align: justify;\">Autres calculatrices :<\/p>\n<ul>\n<li><a href=\"https:\/\/www.auditsi.eu\/?page_id=11449\">Ecrire un nombre en toutes lettres (pour remplir un ch\u00e8que ou un contrat&#8230;) <\/a><\/li>\n<li><a href=\"https:\/\/www.auditsi.eu\/baremecncc.php\">Calcul de la fourchette d&#8217;heures du bar\u00e8me indicatif de la CNCC<\/a><\/li>\n<\/ul>\n<p><img loading=\"lazy\" decoding=\"async\" class=\"aligncenter size-full wp-image-11141\" src=\"https:\/\/www.auditsi.eu\/wp-content\/uploads\/2023\/02\/Simulateur-en-ligne-calcul-participation-salaries-avec-forfait-social.png\" alt=\"Simulateur en ligne calcul participation salari\u00e9s avec forfait social\" width=\"559\" height=\"553\" srcset=\"https:\/\/www.auditsi.eu\/wp-content\/uploads\/2023\/02\/Simulateur-en-ligne-calcul-participation-salaries-avec-forfait-social.png 559w, https:\/\/www.auditsi.eu\/wp-content\/uploads\/2023\/02\/Simulateur-en-ligne-calcul-participation-salaries-avec-forfait-social-300x297.png 300w, https:\/\/www.auditsi.eu\/wp-content\/uploads\/2023\/02\/Simulateur-en-ligne-calcul-participation-salaries-avec-forfait-social-120x120.png 120w\" sizes=\"auto, (max-width: 559px) 100vw, 559px\" \/><\/p>\n<p>Pour aller plus loin : <a href=\"https:\/\/www.auditsi.eu\/?page_id=1355\">Autres projets<\/a>.<\/p>\n<div id=\"sconnect-is-installed\" style=\"display: none;\">2.13.0.0<\/div>\n<div id=\"sconnect-is-installed\" style=\"display: none;\">2.13.0.0<\/div>\n<div id=\"sconnect-is-installed\" style=\"display: none;\">2.13.0.0<\/div>\n<div id=\"sconnect-is-installed\" style=\"display: none;\">2.13.0.0<\/div>\n<div id=\"sconnect-is-installed\" style=\"display: none;\">2.13.0.0<\/div>\n<div id=\"sconnect-is-installed\" style=\"display: none;\">2.13.0.0<\/div>\n<div id=\"sconnect-is-installed\" style=\"display: none;\">2.13.0.0<\/div>\n<div id=\"sconnect-is-installed\" style=\"display: none;\">2.13.0.0<\/div>\n<div id=\"sconnect-is-installed\" style=\"display: none;\">2.13.0.0<\/div>\n<div id=\"sconnect-is-installed\" style=\"display: none;\">2.13.0.0<\/div>\n<div id=\"sconnect-is-installed\" style=\"display: none;\">2.13.0.0<\/div>\n<div id=\"sconnect-is-installed\" style=\"display: none;\">2.13.0.0<\/div>\n<div id=\"sconnect-is-installed\" style=\"display: none;\">2.13.0.0<\/div>\n<div id=\"sconnect-is-installed\" style=\"display: none;\">2.13.0.0<\/div>\n<div id=\"sconnect-is-installed\" style=\"display: none;\">2.13.0.0<\/div>\n<div style=\"padding-bottom:20px; padding-top:10px;\" class=\"hupso-share-buttons\"><!-- Hupso Share Buttons - https:\/\/www.hupso.com\/share\/ --><a class=\"hupso_counters\" href=\"https:\/\/www.hupso.com\/share\/\"><img decoding=\"async\" src=\"https:\/\/static.hupso.com\/share\/buttons\/lang\/fr\/share-small.png\" style=\"border:0px; padding-top:2px; float:left;\" alt=\"Share Button\"\/><\/a><script type=\"text\/javascript\">var hupso_services_c=new Array(\"twitter\",\"facebook_like\",\"facebook_send\",\"email\",\"print\",\"linkedin\");var hupso_counters_lang = \"fr_FR\";var hupso_image_folder_url = \"\";var hupso_twitter_via=\"BenoitRiviere14\";var hupso_url_c=\"\";var hupso_title_c=\"Calculatrices%20et%20simulateurs%20en%20ligne\";<\/script><script type=\"text\/javascript\" src=\"https:\/\/static.hupso.com\/share\/js\/counters.js\"><\/script><!-- Hupso Share Buttons --><\/div>","protected":false},"excerpt":{"rendered":"<p>Liste des calculatrices et simulateurs disponibles en ligne Analyse de FEC en ligne (extraction d&#8217;\u00e9critures, loi de Benford&#8230;) Informations juridiques : Rechercher des informations sur les entreprises fran\u00e7aises : informations juridiques et financi\u00e8res, publicit\u00e9 l\u00e9gale, d\u00e9cisions de justice, marques et brevets d\u00e9pos\u00e9s, accords d&#8217;entreprise, CCN&#8230; Social : Calcul de la participation des salari\u00e9s (RSP) avec &#8230;<\/p>\n<p><a href=\"https:\/\/www.auditsi.eu\/?page_id=11211\" class=\"more-link\">Continue reading &lsquo;Calculatrices et simulateurs en ligne&rsquo; &raquo;<\/a><\/p>\n<div style=\"padding-bottom:20px; padding-top:10px;\" class=\"hupso-share-buttons\"><!-- Hupso Share Buttons - https:\/\/www.hupso.com\/share\/ --><a class=\"hupso_counters\" href=\"https:\/\/www.hupso.com\/share\/\"><img src=\"https:\/\/static.hupso.com\/share\/buttons\/lang\/fr\/share-small.png\" style=\"border:0px; padding-top:2px; float:left;\" alt=\"Share Button\"\/><\/a><script type=\"text\/javascript\">var hupso_services_c=new Array(\"twitter\",\"facebook_like\",\"facebook_send\",\"email\",\"print\",\"linkedin\");var hupso_counters_lang = \"fr_FR\";var hupso_image_folder_url = \"\";var hupso_twitter_via=\"BenoitRiviere14\";var hupso_url_c=\"\";var hupso_title_c=\"Calculatrices%20et%20simulateurs%20en%20ligne\";<\/script><script type=\"text\/javascript\" src=\"https:\/\/static.hupso.com\/share\/js\/counters.js\"><\/script><!-- Hupso Share Buttons --><\/div>","protected":false},"author":1,"featured_media":0,"parent":0,"menu_order":0,"comment_status":"closed","ping_status":"closed","template":"","meta":{"advanced_seo_description":"","jetpack_seo_html_title":"","jetpack_seo_noindex":false,"ngg_post_thumbnail":0,"footnotes":"","_links_to":"","_links_to_target":""},"class_list":["post-11211","page","type-page","status-publish","hentry"],"jetpack_sharing_enabled":true,"jetpack_likes_enabled":false,"_links":{"self":[{"href":"https:\/\/www.auditsi.eu\/index.php?rest_route=\/wp\/v2\/pages\/11211","targetHints":{"allow":["GET"]}}],"collection":[{"href":"https:\/\/www.auditsi.eu\/index.php?rest_route=\/wp\/v2\/pages"}],"about":[{"href":"https:\/\/www.auditsi.eu\/index.php?rest_route=\/wp\/v2\/types\/page"}],"author":[{"embeddable":true,"href":"https:\/\/www.auditsi.eu\/index.php?rest_route=\/wp\/v2\/users\/1"}],"replies":[{"embeddable":true,"href":"https:\/\/www.auditsi.eu\/index.php?rest_route=%2Fwp%2Fv2%2Fcomments&post=11211"}],"version-history":[{"count":17,"href":"https:\/\/www.auditsi.eu\/index.php?rest_route=\/wp\/v2\/pages\/11211\/revisions"}],"predecessor-version":[{"id":12801,"href":"https:\/\/www.auditsi.eu\/index.php?rest_route=\/wp\/v2\/pages\/11211\/revisions\/12801"}],"wp:attachment":[{"href":"https:\/\/www.auditsi.eu\/index.php?rest_route=%2Fwp%2Fv2%2Fmedia&parent=11211"}],"curies":[{"name":"wp","href":"https:\/\/api.w.org\/{rel}","templated":true}]}}