{"id":11203,"date":"2023-03-09T17:34:30","date_gmt":"2023-03-09T16:34:30","guid":{"rendered":"https:\/\/www.auditsi.eu\/?page_id=11203"},"modified":"2023-03-11T12:17:09","modified_gmt":"2023-03-11T11:17:09","slug":"calcul-dun-plan-damortissement-dune-immobilisation-calculette-en-ligne","status":"publish","type":"page","link":"https:\/\/www.auditsi.eu\/?page_id=11203","title":{"rendered":"Calcul d&#8217;un plan d&#8217;amortissement d&#8217;une immobilisation (calculette en ligne)"},"content":{"rendered":"<form method=\"post\">\n<p style=\"text-align: justify;\">Pour utiliser cette calculatrice en ligne : renseigner les crit\u00e8res de calcul puis cliquer sur le bouton &#8220;Calculer le plan d&#8217;amortissement&#8221;.<\/p>\n<p style=\"text-align: justify;\">Calcul d&#8217;un plan d&#8217;amortissement lin\u00e9aire<\/p>\n\n<p><em>Crit\u00e8res de calcul :<\/em><\/p>\n<p><label for=\"valeur_origine\">Valeur d&#8217;origine (en \u20ac) : <\/label> <input min=\"0\" name=\"valeur_origine\" required=\"\" type=\"number\" value=\"100000\"><\/p>\n<p><label for=\"duree_utilisation\">Dur\u00e9e d&#8217;utilisation (en ann\u00e9es) : <\/label> <input max=\"100\" min=\"0\" name=\"duree_utilisation\" required=\"\" type=\"number\" value=\"10\"><\/p>\n<p><label for=\"duree_usage\">Dur\u00e9e d&#8217;usage (en ann\u00e9es) : <\/label> <input max=\"100\" min=\"0\" name=\"duree_usage\" required=\"\" type=\"number\" value=\"10\"><\/p>\n<p><input name=\"submit\" type=\"submit\" value=\"Calculer le plan d'amortissement\"><\/p>\n<\/form>\n<p style=\"text-align: justify;\">A noter : en cas de dur\u00e9e d&#8217;utilisation (comptabilit\u00e9) &gt; dur\u00e9e d&#8217;usage (fiscalit\u00e9) : l&#8217;entreprise comptabilise un amortissement d\u00e9rogatoire (68725x ou 78725x \/ 145x) en plus de l&#8217;amortissement \u00e9conomique (6811x D \/ 28x C). Dans le cas o\u00f9 la dur\u00e9e d&#8217;utilisation (comptabilit\u00e9) est inf\u00e9rieure \u00e0 la dur\u00e9e d&#8217;usage (fiscalit\u00e9), une partie de la dotation aux amortissements doit \u00eatre r\u00e9int\u00e9gr\u00e9e fiscalement.<\/p>\n<p style=\"text-align: justify;\">___<\/p>\n<p style=\"text-align: justify;\">Autres calculatrices en ligne : <a href=\"https:\/\/www.auditsi.eu\/?page_id=11211\">Toutes les calculatrices et simulateurs en ligne<\/a> \/&nbsp;<a href=\"https:\/\/www.auditsi.eu\/?page_id=11106\">Calcul d&#8217;\u00e9ch\u00e9ancier d&#8217;emprunt<\/a> \/ <a href=\"https:\/\/www.auditsi.eu\/?page_id=11096\">Calcul de la r\u00e9serve de participation des salari\u00e9s (RSP) avec forfait social<\/a> \/ <a href=\"https:\/\/www.auditsi.eu\/?p=1291\">Bar\u00e8me d\u2019heures de la CNCC : calculer la fourchette d\u2019heures en ligne<\/a><\/p>\n<div id=\"sconnect-is-installed\" style=\"display: none;\">2.13.0.0<\/div>\n<div id=\"sconnect-is-installed\" style=\"display: none;\">2.13.0.0<\/div>\n<div id=\"sconnect-is-installed\" style=\"display: none;\">2.13.0.0<\/div>\n<div id=\"sconnect-is-installed\" style=\"display: none;\">2.13.0.0<\/div>\n<div id=\"sconnect-is-installed\" style=\"display: none;\">2.13.0.0<\/div>\n<div id=\"sconnect-is-installed\" style=\"display: none;\">2.13.0.0<\/div>\n<div style=\"padding-bottom:20px; padding-top:10px;\" class=\"hupso-share-buttons\"><!-- Hupso Share Buttons - https:\/\/www.hupso.com\/share\/ --><a class=\"hupso_counters\" href=\"https:\/\/www.hupso.com\/share\/\"><img decoding=\"async\" src=\"https:\/\/static.hupso.com\/share\/buttons\/lang\/fr\/share-small.png\" style=\"border:0px; padding-top:2px; float:left;\" alt=\"Share Button\"\/><\/a><script type=\"text\/javascript\">var hupso_services_c=new Array(\"twitter\",\"facebook_like\",\"facebook_send\",\"email\",\"print\",\"linkedin\");var hupso_counters_lang = \"fr_FR\";var hupso_image_folder_url = \"\";var hupso_twitter_via=\"BenoitRiviere14\";var hupso_url_c=\"\";var hupso_title_c=\"Calcul%20d%27un%20plan%20d%27amortissement%20d%27une%20immobilisation%20%28calculette%20en%20ligne%29\";<\/script><script type=\"text\/javascript\" src=\"https:\/\/static.hupso.com\/share\/js\/counters.js\"><\/script><!-- Hupso Share Buttons --><\/div>","protected":false},"excerpt":{"rendered":"<p>Pour utiliser cette calculatrice en ligne : renseigner les crit\u00e8res de calcul puis cliquer sur le bouton &#8220;Calculer le plan d&#8217;amortissement&#8221;. Calcul d&#8217;un plan d&#8217;amortissement lin\u00e9aire Crit\u00e8res de calcul : Valeur d&#8217;origine (en \u20ac) : Dur\u00e9e d&#8217;utilisation (en ann\u00e9es) : Dur\u00e9e d&#8217;usage (en ann\u00e9es) : A noter : en cas de dur\u00e9e d&#8217;utilisation (comptabilit\u00e9) &gt; &#8230;<\/p>\n<p><a href=\"https:\/\/www.auditsi.eu\/?page_id=11203\" class=\"more-link\">Continue reading &lsquo;Calcul d&#8217;un plan d&#8217;amortissement d&#8217;une immobilisation (calculette en ligne)&rsquo; &raquo;<\/a><\/p>\n<div style=\"padding-bottom:20px; padding-top:10px;\" class=\"hupso-share-buttons\"><!-- Hupso Share Buttons - https:\/\/www.hupso.com\/share\/ --><a class=\"hupso_counters\" href=\"https:\/\/www.hupso.com\/share\/\"><img src=\"https:\/\/static.hupso.com\/share\/buttons\/lang\/fr\/share-small.png\" style=\"border:0px; padding-top:2px; float:left;\" alt=\"Share Button\"\/><\/a><script type=\"text\/javascript\">var hupso_services_c=new Array(\"twitter\",\"facebook_like\",\"facebook_send\",\"email\",\"print\",\"linkedin\");var hupso_counters_lang = \"fr_FR\";var hupso_image_folder_url = \"\";var hupso_twitter_via=\"BenoitRiviere14\";var hupso_url_c=\"\";var hupso_title_c=\"Calcul%20d%27un%20plan%20d%27amortissement%20d%27une%20immobilisation%20%28calculette%20en%20ligne%29\";<\/script><script type=\"text\/javascript\" src=\"https:\/\/static.hupso.com\/share\/js\/counters.js\"><\/script><!-- Hupso Share Buttons --><\/div>","protected":false},"author":1,"featured_media":0,"parent":0,"menu_order":0,"comment_status":"closed","ping_status":"closed","template":"","meta":{"advanced_seo_description":"","jetpack_seo_html_title":"","jetpack_seo_noindex":false,"ngg_post_thumbnail":0,"footnotes":"","_links_to":"","_links_to_target":""},"class_list":["post-11203","page","type-page","status-publish","hentry"],"jetpack_sharing_enabled":true,"jetpack_likes_enabled":false,"_links":{"self":[{"href":"https:\/\/www.auditsi.eu\/index.php?rest_route=\/wp\/v2\/pages\/11203","targetHints":{"allow":["GET"]}}],"collection":[{"href":"https:\/\/www.auditsi.eu\/index.php?rest_route=\/wp\/v2\/pages"}],"about":[{"href":"https:\/\/www.auditsi.eu\/index.php?rest_route=\/wp\/v2\/types\/page"}],"author":[{"embeddable":true,"href":"https:\/\/www.auditsi.eu\/index.php?rest_route=\/wp\/v2\/users\/1"}],"replies":[{"embeddable":true,"href":"https:\/\/www.auditsi.eu\/index.php?rest_route=%2Fwp%2Fv2%2Fcomments&post=11203"}],"version-history":[{"count":7,"href":"https:\/\/www.auditsi.eu\/index.php?rest_route=\/wp\/v2\/pages\/11203\/revisions"}],"predecessor-version":[{"id":11207,"href":"https:\/\/www.auditsi.eu\/index.php?rest_route=\/wp\/v2\/pages\/11203\/revisions\/11207"}],"wp:attachment":[{"href":"https:\/\/www.auditsi.eu\/index.php?rest_route=%2Fwp%2Fv2%2Fmedia&parent=11203"}],"curies":[{"name":"wp","href":"https:\/\/api.w.org\/{rel}","templated":true}]}}