{"id":11106,"date":"2023-02-19T20:02:26","date_gmt":"2023-02-19T19:02:26","guid":{"rendered":"https:\/\/www.auditsi.eu\/?page_id=11106"},"modified":"2023-03-11T12:16:30","modified_gmt":"2023-03-11T11:16:30","slug":"echeancier-demprunt","status":"publish","type":"page","link":"https:\/\/www.auditsi.eu\/?page_id=11106","title":{"rendered":"Calcul d&#8217;un \u00e9ch\u00e9ancier d&#8217;emprunt (calculette en ligne)"},"content":{"rendered":"<form method=\"post\">\n<p style=\"text-align: justify;\">Pour utiliser cette calculatrice en ligne : renseigner les crit\u00e8res de calcul puis cliquer sur le bouton &#8220;Calculer l&#8217;\u00e9ch\u00e9ancier&#8221;.<\/p>\n<p style=\"text-align: justify;\">Calcul d&#8217;un \u00e9ch\u00e9ancier d&#8217;emprunt (remboursement mensuel avec \u00e9ch\u00e9ances constantes)<\/p>\n\n<p><em>Crit\u00e8res de calcul :<\/em><\/p>\n<p><label for=\"capital\">Capital emprunt\u00e9 (en \u20ac) : <\/label> <input min=\"0\" name=\"capital\" required=\"\" type=\"number\" value=\"100000\"><\/p>\n<p><label for=\"duree\">Dur\u00e9e (en ann\u00e9es) : <\/label> <input max=\"50\" min=\"0\" name=\"duree\" required=\"\" type=\"number\" value=\"10\"><\/p>\n<p><label for=\"tx_int\">Taux d&#8217;int\u00e9r\u00eat annuel (%) : <\/label> <input max=\"100\" min=\"0\" name=\"tx_int\" required=\"\" step=\"0.001\" type=\"number\" value=\"3.60\"><\/p>\n<p><input name=\"submit\" type=\"submit\" value=\"Calculer l'\u00e9ch\u00e9ancier\"><\/p>\n<\/form>\n<p style=\"text-align: justify;\">___<\/p>\n<p style=\"text-align: justify;\">Autres calculatrices en ligne : <a href=\"https:\/\/www.auditsi.eu\/?page_id=11211\">Toutes les calculatrices et simulateurs en ligne<\/a> \/ <a href=\"https:\/\/www.auditsi.eu\/?page_id=11096\">Calcul de la r\u00e9serve de participation des salari\u00e9s (RSP) avec forfait social<\/a> \/ <a href=\"https:\/\/www.auditsi.eu\/?p=1291\">Bar\u00e8me d\u2019heures de la CNCC : calculer la fourchette d\u2019heures en ligne<\/a><\/p>\n<div id=\"sconnect-is-installed\" style=\"display: none;\">2.13.0.0<\/div>\n<div id=\"sconnect-is-installed\" style=\"display: none;\">2.13.0.0<\/div>\n<div id=\"sconnect-is-installed\" style=\"display: none;\">2.13.0.0<\/div>\n<div id=\"sconnect-is-installed\" style=\"display: none;\">2.13.0.0<\/div>\n<div id=\"sconnect-is-installed\" style=\"display: none;\">2.13.0.0<\/div>\n<div id=\"sconnect-is-installed\" style=\"display: none;\">2.13.0.0<\/div>\n<div id=\"sconnect-is-installed\" style=\"display: none;\">2.13.0.0<\/div>\n<div style=\"padding-bottom:20px; padding-top:10px;\" class=\"hupso-share-buttons\"><!-- Hupso Share Buttons - https:\/\/www.hupso.com\/share\/ --><a class=\"hupso_counters\" href=\"https:\/\/www.hupso.com\/share\/\"><img decoding=\"async\" src=\"https:\/\/static.hupso.com\/share\/buttons\/lang\/fr\/share-small.png\" style=\"border:0px; padding-top:2px; float:left;\" alt=\"Share Button\"\/><\/a><script type=\"text\/javascript\">var hupso_services_c=new Array(\"twitter\",\"facebook_like\",\"facebook_send\",\"email\",\"print\",\"linkedin\");var hupso_counters_lang = \"fr_FR\";var hupso_image_folder_url = \"\";var hupso_twitter_via=\"BenoitRiviere14\";var hupso_url_c=\"\";var hupso_title_c=\"Calcul%20d%27un%20%C3%A9ch%C3%A9ancier%20d%27emprunt%20%28calculette%20en%20ligne%29\";<\/script><script type=\"text\/javascript\" src=\"https:\/\/static.hupso.com\/share\/js\/counters.js\"><\/script><!-- Hupso Share Buttons --><\/div>","protected":false},"excerpt":{"rendered":"<p>Pour utiliser cette calculatrice en ligne : renseigner les crit\u00e8res de calcul puis cliquer sur le bouton &#8220;Calculer l&#8217;\u00e9ch\u00e9ancier&#8221;. Calcul d&#8217;un \u00e9ch\u00e9ancier d&#8217;emprunt (remboursement mensuel avec \u00e9ch\u00e9ances constantes) Crit\u00e8res de calcul : Capital emprunt\u00e9 (en \u20ac) : Dur\u00e9e (en ann\u00e9es) : Taux d&#8217;int\u00e9r\u00eat annuel (%) : ___ Autres calculatrices en ligne : Toutes les calculatrices &#8230;<\/p>\n<p><a href=\"https:\/\/www.auditsi.eu\/?page_id=11106\" class=\"more-link\">Continue reading &lsquo;Calcul d&#8217;un \u00e9ch\u00e9ancier d&#8217;emprunt (calculette en ligne)&rsquo; &raquo;<\/a><\/p>\n<div style=\"padding-bottom:20px; padding-top:10px;\" class=\"hupso-share-buttons\"><!-- Hupso Share Buttons - https:\/\/www.hupso.com\/share\/ --><a class=\"hupso_counters\" href=\"https:\/\/www.hupso.com\/share\/\"><img src=\"https:\/\/static.hupso.com\/share\/buttons\/lang\/fr\/share-small.png\" style=\"border:0px; padding-top:2px; float:left;\" alt=\"Share Button\"\/><\/a><script type=\"text\/javascript\">var hupso_services_c=new Array(\"twitter\",\"facebook_like\",\"facebook_send\",\"email\",\"print\",\"linkedin\");var hupso_counters_lang = \"fr_FR\";var hupso_image_folder_url = \"\";var hupso_twitter_via=\"BenoitRiviere14\";var hupso_url_c=\"\";var hupso_title_c=\"Calcul%20d%27un%20%C3%A9ch%C3%A9ancier%20d%27emprunt%20%28calculette%20en%20ligne%29\";<\/script><script type=\"text\/javascript\" src=\"https:\/\/static.hupso.com\/share\/js\/counters.js\"><\/script><!-- Hupso Share Buttons --><\/div>","protected":false},"author":1,"featured_media":0,"parent":0,"menu_order":0,"comment_status":"closed","ping_status":"closed","template":"","meta":{"advanced_seo_description":"","jetpack_seo_html_title":"","jetpack_seo_noindex":false,"ngg_post_thumbnail":0,"footnotes":"","_links_to":"","_links_to_target":""},"class_list":["post-11106","page","type-page","status-publish","hentry"],"jetpack_sharing_enabled":true,"jetpack_likes_enabled":false,"_links":{"self":[{"href":"https:\/\/www.auditsi.eu\/index.php?rest_route=\/wp\/v2\/pages\/11106","targetHints":{"allow":["GET"]}}],"collection":[{"href":"https:\/\/www.auditsi.eu\/index.php?rest_route=\/wp\/v2\/pages"}],"about":[{"href":"https:\/\/www.auditsi.eu\/index.php?rest_route=\/wp\/v2\/types\/page"}],"author":[{"embeddable":true,"href":"https:\/\/www.auditsi.eu\/index.php?rest_route=\/wp\/v2\/users\/1"}],"replies":[{"embeddable":true,"href":"https:\/\/www.auditsi.eu\/index.php?rest_route=%2Fwp%2Fv2%2Fcomments&post=11106"}],"version-history":[{"count":8,"href":"https:\/\/www.auditsi.eu\/index.php?rest_route=\/wp\/v2\/pages\/11106\/revisions"}],"predecessor-version":[{"id":11112,"href":"https:\/\/www.auditsi.eu\/index.php?rest_route=\/wp\/v2\/pages\/11106\/revisions\/11112"}],"wp:attachment":[{"href":"https:\/\/www.auditsi.eu\/index.php?rest_route=%2Fwp%2Fv2%2Fmedia&parent=11106"}],"curies":[{"name":"wp","href":"https:\/\/api.w.org\/{rel}","templated":true}]}}