{"id":11096,"date":"2023-02-19T15:04:10","date_gmt":"2023-02-19T14:04:10","guid":{"rendered":"https:\/\/www.auditsi.eu\/?page_id=11096"},"modified":"2023-03-13T13:42:55","modified_gmt":"2023-03-13T12:42:55","slug":"rsp","status":"publish","type":"page","link":"https:\/\/www.auditsi.eu\/?page_id=11096","title":{"rendered":"Calcul de la r\u00e9serve sp\u00e9ciale de participation (RSP) des salari\u00e9s avec prise en compte du forfait social (calculette en ligne)"},"content":{"rendered":"<form method=\"post\">\n<p style=\"text-align: justify;\"><strong>VERSION BETA 13\/03\/2023 EN COURS DE VALIDATION &#8211; Merci de remonter vos commentaires \u00e0 contact@auditsi.eu<\/strong><\/p>\n<p style=\"text-align: justify;\">Pour utiliser cette calculatrice en ligne : renseigner les crit\u00e8res de calcul puis cliquer sur le bouton &#8220;Calculer la RSP&#8221;.<\/p>\n<p style=\"text-align: justify;\">Calcul de la r\u00e9serve sp\u00e9ciale de participation (RSP) selon la formule l\u00e9gale<\/p>\n<p style=\"text-align: center;\">Formule l\u00e9gale : (B \u2013 5 % C) x 50 % x S \/ VA<\/p>\n\n<p><em>Crit\u00e8res de calcul :<\/em><\/p>\n<p><label for=\"benefice_net\">B\u00e9n\u00e9fice net (avant forfait social sur RSP) (B) : <\/label> <input name=\"benefice_net\" required=\"\" type=\"number\" value=\"50000\"><\/p>\n<p><label for=\"capitaux_propres\">Capitaux propres (C) : <\/label> <input name=\"capitaux_propres\" required=\"\" type=\"number\" value=\"400000\"><\/p>\n<p><label for=\"remu_capitaux_propres\">R\u00e9mun\u00e9ration des capitaux propres (%) : <\/label> <input max=\"100\" min=\"0\" name=\"remu_capitaux_propres\" required=\"\" step=\"0.001\" type=\"number\" value=\"5\"><\/p>\n<p><label for=\"salaires\">Salaires (S) : <\/label> <input min=\"0\" name=\"salaires\" required=\"\" type=\"number\" value=\"300000\"><\/p>\n<p><label for=\"valeur_ajoutee\">Valeur ajout\u00e9e (VA) : <\/label> <input min=\"0\" name=\"valeur_ajoutee\" required=\"\" type=\"number\" value=\"600000\"><\/p>\n<p><label for=\"taux_forfait_social\">Taux forfait social (%) : <\/label> <input max=\"100\" min=\"0.00\" name=\"taux_forfait_social\" required=\"\" step=\"0.01\" type=\"number\" value=\"20\"><\/p>\n<p><label for=\"taux_IS\">Taux IS (%) : <\/label> <input max=\"100\" min=\"0.00\" name=\"taux_IS\" required=\"\" step=\"0.01\" type=\"number\" value=\"25\"><\/p>\n<p><input name=\"submit\" type=\"submit\" value=\"Calculer la RSP\"><\/p>\n<\/form>\n<p style=\"text-align: justify;\">___<\/p>\n<p style=\"text-align: justify;\">Pr\u00e9cisions sur les composantes de la formule de calcul de la RSP :<\/p>\n<ul>\n<li>Composante <strong>B\u00e9n\u00e9fice (B)<\/strong> = r\u00e9sultat fiscal net de l&#8217;IS th\u00e9orique\n<ul>\n<li>R\u00e9sultat fiscal apr\u00e8s imputation des d\u00e9ficits ant\u00e9rieurs figurant sur l&#8217;\u00e9tat 2058-Bbis (soci\u00e9t\u00e9 int\u00e9gr\u00e9e fiscalement) ou 2058-B (soci\u00e9t\u00e9 non int\u00e9gr\u00e9e fiscalement)<\/li>\n<li>IS th\u00e9orique calcul\u00e9 au taux normal et, le cas \u00e9ch\u00e9ant, \u00e0 taux r\u00e9duit (15 %) sur le r\u00e9sultat fiscal avant <a href=\"https:\/\/www.auditsi.eu\/?p=6796\">imputation des cr\u00e9dits et r\u00e9ductions d&#8217;imp\u00f4t<\/a> ; les contributions additionnelles sont exclues ; l&#8217;IS aff\u00e9rent aux PVNLT est \u00e9galement exclu.<\/li>\n<\/ul>\n<\/li>\n<li>Composante <strong>Capitaux propres (C)<\/strong> : cases de l&#8217;\u00e9tat 2051 (bilan passif) \u00e0 reprendre :\n<ul>\n<li>Capital social (case DA) et primes li\u00e9es au capital (case DB)\n<ul>\n<li>En cas d&#8217;augmentation de capital (par apports nouveaux), le montant du capital et des primes li\u00e9es est pris en compte prorata temporis<\/li>\n<\/ul>\n<\/li>\n<li>Provisions ayant support\u00e9 l&#8217;imp\u00f4t\n<ul>\n<li>Provisions r\u00e9int\u00e9gr\u00e9es fiscalement (provision pour perte de change, provision pour imp\u00f4t, provision pour engagement de retraite) (hors d\u00e9pr\u00e9ciations des titres de participation relevant du r\u00e9gime des PVNLT) hors dotations de l&#8217;exercice)<\/li>\n<\/ul>\n<\/li>\n<li>Provisions r\u00e9glement\u00e9es constat\u00e9es en franchise d&#8217;imp\u00f4t (case DK)\n<ul>\n<li>Sauf amortissements d\u00e9rogatoires (compte 145x) et la r\u00e9serve sp\u00e9ciale de r\u00e9\u00e9valuation (compte 146x)<\/li>\n<\/ul>\n<\/li>\n<li>Comptes exclus de C : r\u00e9sultat de l&#8217;exercice (compte 12x), subvention d&#8217;investissement (comptes 13x), \u00e9carts de r\u00e9\u00e9valuation (compte 105x)<\/li>\n<\/ul>\n<\/li>\n<li><strong>R\u00e9mun\u00e9ration des capitaux propres (%)<\/strong> : 5 %\n<ul>\n<li>A proratiser en fonction de la dur\u00e9e de l\u2019exercice<\/li>\n<\/ul>\n<\/li>\n<li>Composante <strong>Salaires (S)<\/strong> : R\u00e9mun\u00e9rations assujetties aux cotisations de S\u00e9curit\u00e9 Sociale (Art. L 242-1 C. S\u00e9c. Sociale)\n<ul>\n<li>S\u2019y ajoutent, le cas \u00e9ch\u00e9ant :\n<ul>\n<li>les indemnit\u00e9s de cong\u00e9s pay\u00e9s vers\u00e9es pour le compte de l\u2019employeur par des caisses agr\u00e9\u00e9es ;<\/li>\n<li>le montant des salaires correspondant \u00e0 leur activit\u00e9 dans l\u2019entreprise utilisatrice des salari\u00e9s de groupements d\u2019employeurs mis \u00e0 disposition de l\u2019entreprise (ce montant est communiqu\u00e9 \u00e0 l\u2019entreprise par le groupement d\u2019employeurs) ;<\/li>\n<li>dans le cas o\u00f9 l\u2019employeur ne maintient pas int\u00e9gralement les salaires, les r\u00e9mun\u00e9rations qu\u2019auraient per\u00e7ues les salari\u00e9s pour certaines p\u00e9riodes d\u2019absence (cong\u00e9 de maternit\u00e9, cong\u00e9 d\u2019adoption, accident du travail ou maladie professionnelle).<\/li>\n<li>Plus d&#8217;informations sur le <a href=\"https:\/\/www.urssaf.fr\/portail\/home\/employeur\/calculer-les-cotisations\/les-elements-a-prendre-en-compte\/lepargne-salariale\/la-participation-des-salaries-au\/la-formule-de-calcul.html\" target=\"_blank\" rel=\"noopener\">site de l&#8217;URSSAF<\/a><\/li>\n<li><strong>Indemnit\u00e9s d\u2019activit\u00e9 partielle<\/strong> : le Conseil sup\u00e9rieur de l\u2019Ordre des Experts-Comptables a interrog\u00e9 le minist\u00e8re du Travail qui a apport\u00e9, le 24 mars 2021, la r\u00e9ponse suivante :\n<ul>\n<li>\u00ab Nous vous confirmons que les indemnit\u00e9s d\u2019activit\u00e9 partielle qui ne sont pas assujetties aux cotisations sociales et consid\u00e9r\u00e9es comme des revenus de remplacement ne doivent pas \u00eatre prises en compte pour le calcul de la limite de l\u2019int\u00e9ressement et de la participation.<\/li>\n<li>En effet [\u2026] Pour la participation : la formule l\u00e9gale de calcul de la r\u00e9serve sp\u00e9ciale de participation pr\u00e9voit \u00e9galement de prendre en compte les revenus d&#8217;activit\u00e9 tels qu&#8217;ils sont pris en compte pour la d\u00e9termination de l&#8217;assiette des cotisations d\u00e9finie \u00e0 l&#8217;article L. 242-1.<\/li>\n<li>\u00c0 noter qu\u2019une distinction doit \u00eatre op\u00e9r\u00e9e pour la part des indemnit\u00e9s compl\u00e9mentaires d\u2019activit\u00e9 partielle assujettie aux cotisations sociales (part sup\u00e9rieure \u00e0 3,15 SMIC), qui en application des textes doivent \u00eatre prises en compte [\u2026] dans le calcul de la participation. \u00bb<\/li>\n<\/ul>\n<\/li>\n<\/ul>\n<\/li>\n<\/ul>\n<\/li>\n<li><strong>Valeur ajout\u00e9e (VA)<\/strong> : La valeur ajout\u00e9e calcul\u00e9e pour la RSP est diff\u00e9rente de la VA calcul\u00e9e pour les SIG (soldes interm\u00e9diaires de gestion) ; cases de l&#8217;\u00e9tat 2052 (compte de r\u00e9sultat) :\n<ul>\n<li>Charges de personnel (cases FY, FZ)<\/li>\n<li>Imp\u00f4ts, taxes et versements assimil\u00e9s (case FX)<\/li>\n<li>Charges financi\u00e8res (case GU)<\/li>\n<li>Dotations aux amortissements et aux provisions (cases GA, GB, GC, GD)<\/li>\n<li>R\u00e9sultat courant avant imp\u00f4ts (case GW)<\/li>\n<\/ul>\n<\/li>\n<\/ul>\n<p style=\"text-align: justify;\"><strong>Cotisations sociales<\/strong> : La RSP est soumise au forfait social au taux de 20 % (part patronale) et \u00e0 CSG \/ CRDS (part salariale). La RSP des entreprises de moins de 50 salari\u00e9s est exon\u00e9r\u00e9e de forfait social depuis le 1\/01\/2019. Plus d&#8217;informations sur le <a href=\"https:\/\/www.auditsi.eu\/?p=8944\">calcul de la RSP avec prise en compte du forfait social<\/a>.<\/p>\n<p style=\"text-align: justify;\"><strong>R\u00e9gime fiscal de la provision de RSP<\/strong> : non d\u00e9ductible (\u00e0 r\u00e9int\u00e9grer sur 2058-B) ; la provision devient d\u00e9ductible l&#8217;ann\u00e9e suivant sa dotation ; par contre, la provision de forfait social est d\u00e9ductible.<\/p>\n<p style=\"text-align: justify;\"><strong>Comptabilisation de la RSP :<\/strong><\/p>\n<ul>\n<li>Fin N : RSP : 691000x D \/ 4284000x C<\/li>\n<li>Fin N : Forfait social : 645830x D \/ 438690x C<\/li>\n<li>Lors du versement de la RSP, la CSG et la CRDS sont d\u00e9duites de la RSP : 428400x D \/ 431000x C<\/li>\n<\/ul>\n<p style=\"text-align: justify;\">La RSP doit \u00eatre <strong>vers\u00e9e au plus tard le 31\/05\/N+1<\/strong> (cl\u00f4ture 31\/12).<\/p>\n<p style=\"text-align: justify;\">___<\/p>\n<p style=\"text-align: justify;\">Autres calculatrices en ligne : <a href=\"https:\/\/www.auditsi.eu\/?page_id=11211\">Toutes les calculatrices et simulateurs en ligne<\/a> \/&nbsp;<a href=\"https:\/\/www.auditsi.eu\/?page_id=11106\">Calcul d&#8217;un \u00e9ch\u00e9ancier d&#8217;emprunt<\/a> \/ <a href=\"https:\/\/www.auditsi.eu\/?p=1291\">Bar\u00e8me d\u2019heures de la CNCC : calculer la fourchette d\u2019heures en ligne<\/a><\/p>\n<div id=\"sconnect-is-installed\" style=\"display: none;\">2.13.0.0<\/div>\n<div id=\"sconnect-is-installed\" style=\"display: none;\">2.13.0.0<\/div>\n<div id=\"sconnect-is-installed\" style=\"display: none;\">2.13.0.0<\/div>\n<div id=\"sconnect-is-installed\" style=\"display: none;\">2.13.0.0<\/div>\n<div id=\"sconnect-is-installed\" style=\"display: none;\">2.13.0.0<\/div>\n<div id=\"sconnect-is-installed\" style=\"display: none;\">2.13.0.0<\/div>\n<div id=\"sconnect-is-installed\" style=\"display: none;\">2.13.0.0<\/div>\n<div id=\"sconnect-is-installed\" style=\"display: none;\">2.13.0.0<\/div>\n<div id=\"sconnect-is-installed\" style=\"display: none;\">2.13.0.0<\/div>\n<div id=\"sconnect-is-installed\" style=\"display: none;\">2.13.0.0<\/div>\n<div id=\"sconnect-is-installed\" style=\"display: none;\">2.13.0.0<\/div>\n<div id=\"sconnect-is-installed\" style=\"display: none;\">2.13.0.0<\/div>\n<div id=\"sconnect-is-installed\" style=\"display: none;\">2.13.0.0<\/div>\n<div id=\"sconnect-is-installed\" style=\"display: none;\">2.13.0.0<\/div>\n<div id=\"sconnect-is-installed\" style=\"display: none;\">2.13.0.0<\/div>\n<div id=\"sconnect-is-installed\" style=\"display: none;\">2.13.0.0<\/div>\n<div id=\"sconnect-is-installed\" style=\"display: none;\">2.13.0.0<\/div>\n<div id=\"sconnect-is-installed\" style=\"display: none;\">2.13.0.0<\/div>\n<div style=\"padding-bottom:20px; padding-top:10px;\" class=\"hupso-share-buttons\"><!-- Hupso Share Buttons - https:\/\/www.hupso.com\/share\/ --><a class=\"hupso_counters\" href=\"https:\/\/www.hupso.com\/share\/\"><img decoding=\"async\" src=\"https:\/\/static.hupso.com\/share\/buttons\/lang\/fr\/share-small.png\" style=\"border:0px; padding-top:2px; float:left;\" alt=\"Share Button\"\/><\/a><script type=\"text\/javascript\">var hupso_services_c=new Array(\"twitter\",\"facebook_like\",\"facebook_send\",\"email\",\"print\",\"linkedin\");var hupso_counters_lang = \"fr_FR\";var hupso_image_folder_url = \"\";var hupso_twitter_via=\"BenoitRiviere14\";var hupso_url_c=\"\";var hupso_title_c=\"Calcul%20de%20la%20r%C3%A9serve%20sp%C3%A9ciale%20de%20participation%20%28RSP%29%20des%20salari%C3%A9s%20avec%20prise%20en%20compte%20du%20forfait%20social%20%28calculette%20en%20ligne%29\";<\/script><script type=\"text\/javascript\" src=\"https:\/\/static.hupso.com\/share\/js\/counters.js\"><\/script><!-- Hupso Share Buttons --><\/div>","protected":false},"excerpt":{"rendered":"<p>VERSION BETA 13\/03\/2023 EN COURS DE VALIDATION &#8211; Merci de remonter vos commentaires \u00e0 contact@auditsi.eu Pour utiliser cette calculatrice en ligne : renseigner les crit\u00e8res de calcul puis cliquer sur le bouton &#8220;Calculer la RSP&#8221;. Calcul de la r\u00e9serve sp\u00e9ciale de participation (RSP) selon la formule l\u00e9gale Formule l\u00e9gale : (B \u2013 5 % C) &#8230;<\/p>\n<p><a href=\"https:\/\/www.auditsi.eu\/?page_id=11096\" class=\"more-link\">Continue reading &lsquo;Calcul de la r\u00e9serve sp\u00e9ciale de participation (RSP) des salari\u00e9s avec prise en compte du forfait social (calculette en ligne)&rsquo; &raquo;<\/a><\/p>\n<div style=\"padding-bottom:20px; padding-top:10px;\" class=\"hupso-share-buttons\"><!-- Hupso Share Buttons - https:\/\/www.hupso.com\/share\/ --><a class=\"hupso_counters\" href=\"https:\/\/www.hupso.com\/share\/\"><img src=\"https:\/\/static.hupso.com\/share\/buttons\/lang\/fr\/share-small.png\" style=\"border:0px; padding-top:2px; float:left;\" alt=\"Share Button\"\/><\/a><script type=\"text\/javascript\">var hupso_services_c=new Array(\"twitter\",\"facebook_like\",\"facebook_send\",\"email\",\"print\",\"linkedin\");var hupso_counters_lang = \"fr_FR\";var hupso_image_folder_url = \"\";var hupso_twitter_via=\"BenoitRiviere14\";var hupso_url_c=\"\";var hupso_title_c=\"Calcul%20de%20la%20r%C3%A9serve%20sp%C3%A9ciale%20de%20participation%20%28RSP%29%20des%20salari%C3%A9s%20avec%20prise%20en%20compte%20du%20forfait%20social%20%28calculette%20en%20ligne%29\";<\/script><script type=\"text\/javascript\" src=\"https:\/\/static.hupso.com\/share\/js\/counters.js\"><\/script><!-- Hupso Share Buttons --><\/div>","protected":false},"author":1,"featured_media":0,"parent":0,"menu_order":0,"comment_status":"closed","ping_status":"closed","template":"","meta":{"advanced_seo_description":"","jetpack_seo_html_title":"","jetpack_seo_noindex":false,"ngg_post_thumbnail":0,"footnotes":"","_links_to":"","_links_to_target":""},"class_list":["post-11096","page","type-page","status-publish","hentry"],"jetpack_sharing_enabled":true,"jetpack_likes_enabled":false,"_links":{"self":[{"href":"https:\/\/www.auditsi.eu\/index.php?rest_route=\/wp\/v2\/pages\/11096","targetHints":{"allow":["GET"]}}],"collection":[{"href":"https:\/\/www.auditsi.eu\/index.php?rest_route=\/wp\/v2\/pages"}],"about":[{"href":"https:\/\/www.auditsi.eu\/index.php?rest_route=\/wp\/v2\/types\/page"}],"author":[{"embeddable":true,"href":"https:\/\/www.auditsi.eu\/index.php?rest_route=\/wp\/v2\/users\/1"}],"replies":[{"embeddable":true,"href":"https:\/\/www.auditsi.eu\/index.php?rest_route=%2Fwp%2Fv2%2Fcomments&post=11096"}],"version-history":[{"count":10,"href":"https:\/\/www.auditsi.eu\/index.php?rest_route=\/wp\/v2\/pages\/11096\/revisions"}],"predecessor-version":[{"id":11305,"href":"https:\/\/www.auditsi.eu\/index.php?rest_route=\/wp\/v2\/pages\/11096\/revisions\/11305"}],"wp:attachment":[{"href":"https:\/\/www.auditsi.eu\/index.php?rest_route=%2Fwp%2Fv2%2Fmedia&parent=11096"}],"curies":[{"name":"wp","href":"https:\/\/api.w.org\/{rel}","templated":true}]}}