{"id":11012,"date":"2023-02-12T16:02:27","date_gmt":"2023-02-12T15:02:27","guid":{"rendered":"https:\/\/www.auditsi.eu\/?page_id=11012"},"modified":"2023-10-26T00:27:09","modified_gmt":"2023-10-25T22:27:09","slug":"formation-analyse-de-donnees-et-automatisation","status":"publish","type":"page","link":"https:\/\/www.auditsi.eu\/?page_id=11012","title":{"rendered":"Formation \u00e0 l&#8217;analyse de donn\u00e9es et l&#8217;automatisation des t\u00e2ches"},"content":{"rendered":"<p style=\"text-align: justify;\">Les professionnels du chiffre (directeurs comptables, CAC, experts-comptables&#8230;) sont en pr\u00e9sence d&#8217;<strong>environnements<\/strong> de plus en <strong>plus informatis\u00e9s<\/strong>, de plus en <strong>plus complexes<\/strong>, produisant de plus en <strong>plus de donn\u00e9es<\/strong> et interfa\u00e7ant des syst\u00e8mes toujours plus nombreux. Les besoins d\u2019analyse de <strong><a href=\"https:\/\/www.auditsi.eu\/?tag=conformite\">conformit\u00e9<\/a> de la donn\u00e9e<\/strong> (arr\u00eat\u00e9s comptables et fiscaux, pr\u00e9vention de la fraude et des erreurs, <a href=\"https:\/\/www.auditsi.eu\/?tag=paf\">PAF<\/a>, <a href=\"https:\/\/www.auditsi.eu\/?tag=loi-sapin-2\">Loi Sapin 2<\/a>, pr\u00e9paration des contr\u00f4les fiscaux informatis\u00e9s et des audits l\u00e9gaux\u2026) et des r\u00e9sultats d\u2019exploitation sont <strong>plus pr\u00e9gnants<\/strong>.<\/p>\n<p style=\"text-align: justify;\">D&#8217;o\u00f9 la n\u00e9cessit\u00e9 de rationaliser le contr\u00f4le des comptes et des process.<\/p>\n<p style=\"text-align: justify;\">La formation propos\u00e9e ici, sous forme d&#8217;un document PDF <strong>t\u00e9l\u00e9chargeable gratuitement<\/strong>, se veut une introduction \u00e0 l&#8217;<strong>analyse de donn\u00e9es et \u00e0 l&#8217;automatisation des t\u00e2ches<\/strong> avec Excel et Access. De <strong>nombreux exemples<\/strong> et fichiers t\u00e9l\u00e9chargeables illustrent le propos. Il s&#8217;agit d&#8217;un v\u00e9ritable concentr\u00e9 de mes comp\u00e9tences en mati\u00e8re d\u2019analyse de donn\u00e9es et d\u2019automatisation acquises et mises en \u0153uvre tout au long de ma carri\u00e8re&#8230; et bien avant.<\/p>\n<p style=\"text-align: justify;\">De la simple formule Excel au tableau crois\u00e9 dynamique le plus \u00e9labor\u00e9, de la requ\u00eate SQL plus ou moins complexe au programme VBA le plus pointu, sans oublier les apports de l&#8217;intelligence artificielle comme <a href=\"https:\/\/www.auditsi.eu\/?tag=chatgpt\">ChatGPT<\/a>, cette formation a vocation a fournir les <strong>principales clefs<\/strong> pour acqu\u00e9rir ou conforter les principales comp\u00e9tences n\u00e9cessaires \u00e0 la mise en oeuvre de l&#8217;<strong>analyse de donn\u00e9es sur de gros volumes<\/strong>. Cette formation passe en revue la panoplie d\u2019outils et de m\u00e9thodes pratiques permettant de mettre en \u00e9vidence de mani\u00e8re fiable l\u2019information pertinente voire dissonante parmi la masse.<\/p>\n<p style=\"text-align: justify;\">Cette formation s&#8217;articule autour de plusieurs volets th\u00e9matiques compl\u00e9mentaires :<\/p>\n<p style=\"text-align: justify;\"><strong><a href=\"https:\/\/www.auditsi.eu\/?p=10413\">1er volet<\/a> : introduction de la formation, processus ETL, conformit\u00e9 des donn\u00e9es, formalisation des contr\u00f4les et int\u00e9gration de donn\u00e9es<\/strong><\/p>\n<p><img loading=\"lazy\" decoding=\"async\" class=\"aligncenter size-full wp-image-10414\" src=\"https:\/\/www.auditsi.eu\/wp-content\/uploads\/2022\/11\/Formation-analyse-donnees-volet-1.png\" alt=\"Formation analyse donn\u00e9es volet 1\" width=\"1070\" height=\"807\" srcset=\"https:\/\/www.auditsi.eu\/wp-content\/uploads\/2022\/11\/Formation-analyse-donnees-volet-1.png 1070w, https:\/\/www.auditsi.eu\/wp-content\/uploads\/2022\/11\/Formation-analyse-donnees-volet-1-300x226.png 300w, https:\/\/www.auditsi.eu\/wp-content\/uploads\/2022\/11\/Formation-analyse-donnees-volet-1-1024x772.png 1024w, https:\/\/www.auditsi.eu\/wp-content\/uploads\/2022\/11\/Formation-analyse-donnees-volet-1-768x579.png 768w, https:\/\/www.auditsi.eu\/wp-content\/uploads\/2022\/11\/Formation-analyse-donnees-volet-1-730x551.png 730w\" sizes=\"auto, (max-width: 1070px) 100vw, 1070px\" \/><\/p>\n<p>&nbsp;<\/p>\n<p style=\"text-align: justify;\"><a href=\"https:\/\/www.auditsi.eu\/?p=10419\"><strong>2\u00e8me volet<\/strong><\/a><strong> : Excel (conversion de donn\u00e9es, formatage, dates, op\u00e9rateurs arithm\u00e9tiques et r\u00e8gles de priorit\u00e9, recherche de donn\u00e9es&#8230;)<\/strong><\/p>\n<p><img loading=\"lazy\" decoding=\"async\" class=\"aligncenter size-full wp-image-10518\" src=\"https:\/\/www.auditsi.eu\/wp-content\/uploads\/2022\/11\/Formation-analyse-donnees-volet-2.png\" alt=\"Formation analyse donn\u00e9es volet 2\" width=\"1022\" height=\"785\" srcset=\"https:\/\/www.auditsi.eu\/wp-content\/uploads\/2022\/11\/Formation-analyse-donnees-volet-2.png 1022w, https:\/\/www.auditsi.eu\/wp-content\/uploads\/2022\/11\/Formation-analyse-donnees-volet-2-300x230.png 300w, https:\/\/www.auditsi.eu\/wp-content\/uploads\/2022\/11\/Formation-analyse-donnees-volet-2-768x590.png 768w, https:\/\/www.auditsi.eu\/wp-content\/uploads\/2022\/11\/Formation-analyse-donnees-volet-2-730x561.png 730w\" sizes=\"auto, (max-width: 1022px) 100vw, 1022px\" \/><\/p>\n<p>&nbsp;<\/p>\n<p style=\"text-align: justify;\"><strong><a href=\"https:\/\/www.auditsi.eu\/?p=10572\">3\u00e8me volet<\/a> : Excel (alg\u00e8bre de Boole, recherche multicrit\u00e8res, nouvelles fonctions, personnalisation de l&#8217;affichage, fiabilisation des donn\u00e9es, filtres, mode tableau&#8230;)<\/strong><\/p>\n<p><img loading=\"lazy\" decoding=\"async\" class=\"aligncenter size-full wp-image-10573\" src=\"https:\/\/www.auditsi.eu\/wp-content\/uploads\/2022\/11\/Formation-analyse-donnees-volet-3.png\" alt=\"Formation analyse donn\u00e9es volet 3\" width=\"1212\" height=\"888\" srcset=\"https:\/\/www.auditsi.eu\/wp-content\/uploads\/2022\/11\/Formation-analyse-donnees-volet-3.png 1212w, https:\/\/www.auditsi.eu\/wp-content\/uploads\/2022\/11\/Formation-analyse-donnees-volet-3-300x220.png 300w, https:\/\/www.auditsi.eu\/wp-content\/uploads\/2022\/11\/Formation-analyse-donnees-volet-3-1024x750.png 1024w, https:\/\/www.auditsi.eu\/wp-content\/uploads\/2022\/11\/Formation-analyse-donnees-volet-3-768x563.png 768w, https:\/\/www.auditsi.eu\/wp-content\/uploads\/2022\/11\/Formation-analyse-donnees-volet-3-730x535.png 730w\" sizes=\"auto, (max-width: 1212px) 100vw, 1212px\" \/><\/p>\n<p>&nbsp;<\/p>\n<p style=\"text-align: justify;\"><strong><a href=\"https:\/\/www.auditsi.eu\/?p=10653\">4\u00e8me volet<\/a> : Excel (suppression des doublons, tableaux crois\u00e9s dynamiques, calculs it\u00e9ratifs, travail en r\u00e9seau, r\u00e9cup\u00e9ration d&#8217;un classeur non enregistr\u00e9&#8230;)<\/strong><\/p>\n<p><img loading=\"lazy\" decoding=\"async\" class=\"aligncenter size-full wp-image-10655\" src=\"https:\/\/www.auditsi.eu\/wp-content\/uploads\/2022\/11\/Volet-4-TCD.png\" alt=\"Volet 4 - TCD\" width=\"1060\" height=\"787\" srcset=\"https:\/\/www.auditsi.eu\/wp-content\/uploads\/2022\/11\/Volet-4-TCD.png 1060w, https:\/\/www.auditsi.eu\/wp-content\/uploads\/2022\/11\/Volet-4-TCD-300x223.png 300w, https:\/\/www.auditsi.eu\/wp-content\/uploads\/2022\/11\/Volet-4-TCD-1024x760.png 1024w, https:\/\/www.auditsi.eu\/wp-content\/uploads\/2022\/11\/Volet-4-TCD-768x570.png 768w, https:\/\/www.auditsi.eu\/wp-content\/uploads\/2022\/11\/Volet-4-TCD-730x542.png 730w\" sizes=\"auto, (max-width: 1060px) 100vw, 1060px\" \/><\/p>\n<p>&nbsp;<\/p>\n<p style=\"text-align: justify;\"><strong><a href=\"https:\/\/www.auditsi.eu\/?p=10890\">5\u00e8me volet<\/a> : langage VBA (introduction \u00e0 la programmation, lecture et \u00e9criture de donn\u00e9es dans une feuille de calcul, manipulation des cha\u00eenes de caract\u00e8res, variables&#8230;)<\/strong><\/p>\n<p><img loading=\"lazy\" decoding=\"async\" class=\"aligncenter size-full wp-image-10894\" src=\"https:\/\/www.auditsi.eu\/wp-content\/uploads\/2023\/01\/Volet-5-VBA.png\" alt=\"Volet 5 VBA\" width=\"1172\" height=\"879\" srcset=\"https:\/\/www.auditsi.eu\/wp-content\/uploads\/2023\/01\/Volet-5-VBA.png 1172w, https:\/\/www.auditsi.eu\/wp-content\/uploads\/2023\/01\/Volet-5-VBA-300x225.png 300w, https:\/\/www.auditsi.eu\/wp-content\/uploads\/2023\/01\/Volet-5-VBA-1024x768.png 1024w, https:\/\/www.auditsi.eu\/wp-content\/uploads\/2023\/01\/Volet-5-VBA-768x576.png 768w, https:\/\/www.auditsi.eu\/wp-content\/uploads\/2023\/01\/Volet-5-VBA-730x548.png 730w\" sizes=\"auto, (max-width: 1172px) 100vw, 1172px\" \/><\/p>\n<p>&nbsp;<\/p>\n<p style=\"text-align: justify;\"><strong><a href=\"https:\/\/www.auditsi.eu\/?p=10892\">6\u00e8me volet<\/a> : langage VBA (afficher de messages , entr\u00e9e de donn\u00e9es, calculs, cr\u00e9ation de fonctions Excel, boucles compteur, manipulation de plages de cellules avec des variables tableaux&#8230;)<\/strong><\/p>\n<p>&nbsp;<\/p>\n<p><img loading=\"lazy\" decoding=\"async\" class=\"aligncenter size-full wp-image-10922\" src=\"https:\/\/www.auditsi.eu\/wp-content\/uploads\/2023\/01\/Volet-6-VBA-fonction.png\" alt=\"Volet 6 VBA fonction\" width=\"1055\" height=\"775\" srcset=\"https:\/\/www.auditsi.eu\/wp-content\/uploads\/2023\/01\/Volet-6-VBA-fonction.png 1055w, https:\/\/www.auditsi.eu\/wp-content\/uploads\/2023\/01\/Volet-6-VBA-fonction-300x220.png 300w, https:\/\/www.auditsi.eu\/wp-content\/uploads\/2023\/01\/Volet-6-VBA-fonction-1024x752.png 1024w, https:\/\/www.auditsi.eu\/wp-content\/uploads\/2023\/01\/Volet-6-VBA-fonction-768x564.png 768w, https:\/\/www.auditsi.eu\/wp-content\/uploads\/2023\/01\/Volet-6-VBA-fonction-730x536.png 730w\" sizes=\"auto, (max-width: 1055px) 100vw, 1055px\" \/><\/p>\n<p>&nbsp;<\/p>\n<p style=\"text-align: justify;\"><strong><a href=\"https:\/\/www.auditsi.eu\/?p=10938\">7\u00e8me volet<\/a> : Langage VBA (fonction Split, alg\u00e8bre de Boole, structures de tests conditionnels If\u2026 Then\u2026 ElseIf\u2026 Else:\u2026 End If et Select Case\u2026 End Select, formatage de cellules&#8230;)<\/strong><\/p>\n<p><img loading=\"lazy\" decoding=\"async\" class=\"aligncenter size-full wp-image-10940\" src=\"https:\/\/www.auditsi.eu\/wp-content\/uploads\/2023\/01\/Volet-7-VBA-cas-complexe.png\" alt=\"Volet 7 VBA cas complexe\" width=\"1385\" height=\"999\" srcset=\"https:\/\/www.auditsi.eu\/wp-content\/uploads\/2023\/01\/Volet-7-VBA-cas-complexe.png 1385w, https:\/\/www.auditsi.eu\/wp-content\/uploads\/2023\/01\/Volet-7-VBA-cas-complexe-300x216.png 300w, https:\/\/www.auditsi.eu\/wp-content\/uploads\/2023\/01\/Volet-7-VBA-cas-complexe-1024x739.png 1024w, https:\/\/www.auditsi.eu\/wp-content\/uploads\/2023\/01\/Volet-7-VBA-cas-complexe-768x554.png 768w, https:\/\/www.auditsi.eu\/wp-content\/uploads\/2023\/01\/Volet-7-VBA-cas-complexe-730x527.png 730w\" sizes=\"auto, (max-width: 1385px) 100vw, 1385px\" \/><\/p>\n<p>&nbsp;<\/p>\n<p style=\"text-align: justify;\"><strong><a href=\"https:\/\/www.auditsi.eu\/?p=10984\">8\u00e8me volet<\/a> : Access (introduction \u00e0 ACCESS, recherche de donn\u00e9es dans une table ou le r\u00e9sultat d\u2019une requ\u00eate, cr\u00e9ation de requ\u00eates, exportation de donn\u00e9es vers Excel&#8230;)<\/strong><\/p>\n<p><img loading=\"lazy\" decoding=\"async\" class=\"aligncenter size-full wp-image-10995\" src=\"https:\/\/www.auditsi.eu\/wp-content\/uploads\/2023\/01\/Volet-8-ACCESS.png\" alt=\"Volet 8 ACCESS\" width=\"1058\" height=\"780\" srcset=\"https:\/\/www.auditsi.eu\/wp-content\/uploads\/2023\/01\/Volet-8-ACCESS.png 1058w, https:\/\/www.auditsi.eu\/wp-content\/uploads\/2023\/01\/Volet-8-ACCESS-300x221.png 300w, https:\/\/www.auditsi.eu\/wp-content\/uploads\/2023\/01\/Volet-8-ACCESS-1024x755.png 1024w, https:\/\/www.auditsi.eu\/wp-content\/uploads\/2023\/01\/Volet-8-ACCESS-768x566.png 768w, https:\/\/www.auditsi.eu\/wp-content\/uploads\/2023\/01\/Volet-8-ACCESS-730x538.png 730w\" sizes=\"auto, (max-width: 1058px) 100vw, 1058px\" \/><\/p>\n<p>&nbsp;<\/p>\n<p style=\"text-align: justify;\"><strong><a href=\"https:\/\/www.auditsi.eu\/?p=10986\">9\u00e8me volet<\/a> : Requ\u00eates SQL (d\u00e9finition, les diff\u00e9rents types de requ\u00eates, le clauses SELECT, FROM, WHERE, ORDER BY et INTO, les sous-requ\u00eates)<\/strong><br \/>\n<img loading=\"lazy\" decoding=\"async\" class=\"aligncenter size-full wp-image-11029\" src=\"https:\/\/www.auditsi.eu\/wp-content\/uploads\/2023\/02\/Volet-9-SQL.png\" alt=\"Volet 9 SQL\" width=\"1020\" height=\"780\" srcset=\"https:\/\/www.auditsi.eu\/wp-content\/uploads\/2023\/02\/Volet-9-SQL.png 1020w, https:\/\/www.auditsi.eu\/wp-content\/uploads\/2023\/02\/Volet-9-SQL-300x229.png 300w, https:\/\/www.auditsi.eu\/wp-content\/uploads\/2023\/02\/Volet-9-SQL-768x587.png 768w, https:\/\/www.auditsi.eu\/wp-content\/uploads\/2023\/02\/Volet-9-SQL-730x558.png 730w\" sizes=\"auto, (max-width: 1020px) 100vw, 1020px\" \/><\/p>\n<p style=\"text-align: justify;\"><strong><a href=\"https:\/\/www.auditsi.eu\/?p=10987\">10\u00e8me volet<\/a> : Requ\u00eates SQL (jointures)<\/strong><\/p>\n<p><img loading=\"lazy\" decoding=\"async\" class=\"aligncenter size-full wp-image-11036\" src=\"https:\/\/www.auditsi.eu\/wp-content\/uploads\/2023\/02\/Volet-10-SQL-Jointures.png\" alt=\"Volet 10 SQL Jointures\" width=\"1032\" height=\"791\" srcset=\"https:\/\/www.auditsi.eu\/wp-content\/uploads\/2023\/02\/Volet-10-SQL-Jointures.png 1032w, https:\/\/www.auditsi.eu\/wp-content\/uploads\/2023\/02\/Volet-10-SQL-Jointures-300x230.png 300w, https:\/\/www.auditsi.eu\/wp-content\/uploads\/2023\/02\/Volet-10-SQL-Jointures-1024x785.png 1024w, https:\/\/www.auditsi.eu\/wp-content\/uploads\/2023\/02\/Volet-10-SQL-Jointures-768x589.png 768w, https:\/\/www.auditsi.eu\/wp-content\/uploads\/2023\/02\/Volet-10-SQL-Jointures-730x560.png 730w\" sizes=\"auto, (max-width: 1032px) 100vw, 1032px\" \/><\/p>\n<p style=\"text-align: justify;\"><strong><a href=\"https:\/\/www.auditsi.eu\/?p=11880\">11\u00e8me volet<\/a> : Requ\u00eates SQL (champs calcul\u00e9s, tests conditionnels, calculs), analyse de donn\u00e9es comptables (projet PADoCC_Ecritures)<br \/>\n<\/strong><\/p>\n<p style=\"text-align: justify;\"><img loading=\"lazy\" decoding=\"async\" class=\"aligncenter size-full wp-image-11881\" src=\"https:\/\/www.auditsi.eu\/wp-content\/uploads\/2023\/10\/Volet-11-SQL-IIF.png\" alt=\"Volet 11 SQL IIF\" width=\"1046\" height=\"757\" srcset=\"https:\/\/www.auditsi.eu\/wp-content\/uploads\/2023\/10\/Volet-11-SQL-IIF.png 1046w, https:\/\/www.auditsi.eu\/wp-content\/uploads\/2023\/10\/Volet-11-SQL-IIF-300x217.png 300w, https:\/\/www.auditsi.eu\/wp-content\/uploads\/2023\/10\/Volet-11-SQL-IIF-1024x741.png 1024w, https:\/\/www.auditsi.eu\/wp-content\/uploads\/2023\/10\/Volet-11-SQL-IIF-768x556.png 768w, https:\/\/www.auditsi.eu\/wp-content\/uploads\/2023\/10\/Volet-11-SQL-IIF-730x528.png 730w\" sizes=\"auto, (max-width: 1046px) 100vw, 1046px\" \/><\/p>\n<p style=\"text-align: justify;\">___<\/p>\n<p style=\"text-align: justify;\">Retrouver tous les volets de la formation <a href=\"https:\/\/www.auditsi.eu\/?cat=2765\">en cliquant ici<\/a>.<\/p>\n<div id=\"sconnect-is-installed\" style=\"display: none; text-align: justify;\">2.13.0.0<\/div>\n<div id=\"sconnect-is-installed\" style=\"display: none; text-align: justify;\">2.13.0.0<\/div>\n<div id=\"sconnect-is-installed\" style=\"display: none; text-align: justify;\">2.13.0.0<\/div>\n<div id=\"sconnect-is-installed\" style=\"display: none;\">2.13.0.0<\/div>\n<div id=\"sconnect-is-installed\" style=\"display: none;\">2.13.0.0<\/div>\n<div id=\"sconnect-is-installed\" style=\"display: none;\">2.13.0.0<\/div>\n<div id=\"sconnect-is-installed\" style=\"display: none;\">2.13.0.0<\/div>\n<div style=\"padding-bottom:20px; padding-top:10px;\" class=\"hupso-share-buttons\"><!-- Hupso Share Buttons - https:\/\/www.hupso.com\/share\/ --><a class=\"hupso_counters\" href=\"https:\/\/www.hupso.com\/share\/\"><img decoding=\"async\" src=\"https:\/\/static.hupso.com\/share\/buttons\/lang\/fr\/share-small.png\" style=\"border:0px; padding-top:2px; float:left;\" alt=\"Share Button\"\/><\/a><script type=\"text\/javascript\">var hupso_services_c=new Array(\"twitter\",\"facebook_like\",\"facebook_send\",\"email\",\"print\",\"linkedin\");var hupso_counters_lang = \"fr_FR\";var hupso_image_folder_url = \"\";var hupso_twitter_via=\"BenoitRiviere14\";var hupso_url_c=\"\";var hupso_title_c=\"Formation%20%C3%A0%20l%27analyse%20de%20donn%C3%A9es%20et%20l%27automatisation%20des%20t%C3%A2ches\";<\/script><script type=\"text\/javascript\" src=\"https:\/\/static.hupso.com\/share\/js\/counters.js\"><\/script><!-- Hupso Share Buttons --><\/div>","protected":false},"excerpt":{"rendered":"<p>Les professionnels du chiffre (directeurs comptables, CAC, experts-comptables&#8230;) sont en pr\u00e9sence d&#8217;environnements de plus en plus informatis\u00e9s, de plus en plus complexes, produisant de plus en plus de donn\u00e9es et interfa\u00e7ant des syst\u00e8mes toujours plus nombreux. Les besoins d\u2019analyse de conformit\u00e9 de la donn\u00e9e (arr\u00eat\u00e9s comptables et fiscaux, pr\u00e9vention de la fraude et des erreurs, &#8230;<\/p>\n<p><a href=\"https:\/\/www.auditsi.eu\/?page_id=11012\" class=\"more-link\">Continue reading &lsquo;Formation \u00e0 l&#8217;analyse de donn\u00e9es et l&#8217;automatisation des t\u00e2ches&rsquo; &raquo;<\/a><\/p>\n<div style=\"padding-bottom:20px; padding-top:10px;\" class=\"hupso-share-buttons\"><!-- Hupso Share Buttons - https:\/\/www.hupso.com\/share\/ --><a class=\"hupso_counters\" href=\"https:\/\/www.hupso.com\/share\/\"><img src=\"https:\/\/static.hupso.com\/share\/buttons\/lang\/fr\/share-small.png\" style=\"border:0px; padding-top:2px; float:left;\" alt=\"Share Button\"\/><\/a><script type=\"text\/javascript\">var hupso_services_c=new Array(\"twitter\",\"facebook_like\",\"facebook_send\",\"email\",\"print\",\"linkedin\");var hupso_counters_lang = \"fr_FR\";var hupso_image_folder_url = \"\";var hupso_twitter_via=\"BenoitRiviere14\";var hupso_url_c=\"\";var hupso_title_c=\"Formation%20%C3%A0%20l%27analyse%20de%20donn%C3%A9es%20et%20l%27automatisation%20des%20t%C3%A2ches\";<\/script><script type=\"text\/javascript\" src=\"https:\/\/static.hupso.com\/share\/js\/counters.js\"><\/script><!-- Hupso Share Buttons --><\/div>","protected":false},"author":1,"featured_media":0,"parent":0,"menu_order":0,"comment_status":"closed","ping_status":"closed","template":"","meta":{"advanced_seo_description":"","jetpack_seo_html_title":"","jetpack_seo_noindex":false,"ngg_post_thumbnail":0,"footnotes":"","_links_to":"","_links_to_target":""},"class_list":["post-11012","page","type-page","status-publish","hentry"],"jetpack_sharing_enabled":true,"jetpack_likes_enabled":false,"_links":{"self":[{"href":"https:\/\/www.auditsi.eu\/index.php?rest_route=\/wp\/v2\/pages\/11012","targetHints":{"allow":["GET"]}}],"collection":[{"href":"https:\/\/www.auditsi.eu\/index.php?rest_route=\/wp\/v2\/pages"}],"about":[{"href":"https:\/\/www.auditsi.eu\/index.php?rest_route=\/wp\/v2\/types\/page"}],"author":[{"embeddable":true,"href":"https:\/\/www.auditsi.eu\/index.php?rest_route=\/wp\/v2\/users\/1"}],"replies":[{"embeddable":true,"href":"https:\/\/www.auditsi.eu\/index.php?rest_route=%2Fwp%2Fv2%2Fcomments&post=11012"}],"version-history":[{"count":7,"href":"https:\/\/www.auditsi.eu\/index.php?rest_route=\/wp\/v2\/pages\/11012\/revisions"}],"predecessor-version":[{"id":11061,"href":"https:\/\/www.auditsi.eu\/index.php?rest_route=\/wp\/v2\/pages\/11012\/revisions\/11061"}],"wp:attachment":[{"href":"https:\/\/www.auditsi.eu\/index.php?rest_route=%2Fwp%2Fv2%2Fmedia&parent=11012"}],"curies":[{"name":"wp","href":"https:\/\/api.w.org\/{rel}","templated":true}]}}